{"id":51074,"date":"2026-03-18T22:56:22","date_gmt":"2026-03-18T22:56:22","guid":{"rendered":"https:\/\/soydeaqui.ddns.net\/pachuca\/index.php\/producto\/sim-syscom-de-25mb-mensuales-multi-carriertelcel-movistar-1-ano-de-servicio-activacion-en-segundos-especial-para-trackers-gps-intrusion\/"},"modified":"2026-03-18T22:56:25","modified_gmt":"2026-03-18T22:56:25","slug":"sim-syscom-de-25mb-mensuales-multi-carriertelcel-movistar-1-ano-de-servicio-activacion-en-segundos-especial-para-trackers-gps-intrusion","status":"publish","type":"product","link":"https:\/\/soydeaqui.ddns.net\/pachuca\/index.php\/producto\/sim-syscom-de-25mb-mensuales-multi-carriertelcel-movistar-1-ano-de-servicio-activacion-en-segundos-especial-para-trackers-gps-intrusion\/","title":{"rendered":"SIM SYSCOM de 25Mb Mensuales\/ MULTI-CARRIER(Telcel\/Movistar) \/ 1 A\u00f1o de Servicio \/ Activaci\u00f3n en Segundos \/ Especial Para Trackers GPS \/ Intrusi\u00f3n"},"content":{"rendered":"<div style='width: 100%; max-width: 1200px; margin: 0 auto; font-family: sans-serif; line-height: 1.6; color: inherit; background-color: transparent;'> <!-- Secci\u00f3n de descripci\u00f3n principal --> <\/p>\n<div style='margin-bottom: 30px; font-size: 15px;'>\n<p style='margin-top: 0; color: inherit;'>Este SIM \u00fanico de SYSCOM permite enlazarse con las compa\u00f1\u00edas telef\u00f3nicas m\u00e1s populares de M\u00e9xico asegurando la mayor cobertura&comma; soporta redes Movistar y Telcel (Multi-Carrier)<\/p>\n<p style='color: inherit;'>La activaci\u00f3n se puede realizar en nuestro sitio web&comma; toma unos cuantos segundos:<\/p>\n<\/p><\/div>\n<p> <!-- Secci\u00f3n de caracter\u00edsticas --> <\/p>\n<div style='display: flex; flex-wrap: wrap; gap: 30px; margin-bottom: 30px;'>\n<div style='flex: 1 1 300px; min-width: 280px;'>\n<h3 style='font-size: 22px; border-bottom: 2px solid currentColor; padding-bottom: 5px; margin-top: 0; color: inherit; opacity: 0.8;'>Caracter\u00edsticas Principales<\/h3>\n<ul style='padding-left: 20px; font-size: 15px; color: inherit;'>\n<li style='margin-bottom: 5px;'>Multi-Carrier &#8211; Reporta a <strong style='color: inherit;'>TELCEL y Movistar para M\u00c1XIMA Cobertura<\/strong><\/li>\n<li style='margin-bottom: 5px;'>Cuenta con 25Mb&comma; cobertura en M\u00e9xico y el costo es por a\u00f1o<\/li>\n<\/ul><\/div>\n<\/p><\/div>\n<p> <!-- Secci\u00f3n de informaci\u00f3n importante --> <\/p>\n<div style='margin-bottom: 30px; font-size: 15px; color: inherit;'>\n<p style='margin-top: 0; margin-bottom: 5px;'><strong style='color: inherit;'>No cuenta con opci\u00f3n de audio ni mensajes SMS de salida<\/strong>. <strong style='color: inherit;'>Funcionan solo en Mexico&comma; para enviar mensajes SMS al numero de SIM&comma; es necesario que tenga mensajes activados el resto del mundo<\/strong><\/p>\n<\/p><\/div>\n<p> <!-- Separador --> <\/p>\n<hr style='border: 0; border-top: 1px solid rgba(150&comma; 150&comma; 150&comma; 0.3); margin: 30px 0;'> <\/div>\n","protected":false},"excerpt":{"rendered":"<p>SIM SYSCOM de 25Mb Mensuales\/ MULTI-CARRIER(Telcel\/Movistar) \/ 1 A\u00f1o de Servicio \/ Activaci\u00f3n en Segundos \/ Especial Para Trackers GPS \/ Intrusi\u00f3n<\/p>\n","protected":false},"featured_media":51073,"comment_status":"open","ping_status":"closed","template":"","meta":[],"product_brand":[],"product_cat":[1348,1346],"product_tag":[93,1350,1349,63],"class_list":{"0":"post-51074","1":"product","2":"type-product","3":"status-publish","4":"has-post-thumbnail","6":"product_cat-accesorios-gps-y-telematica","7":"product_cat-iot","8":"product_tag-accesorios","9":"product_tag-gps-y-telematica","10":"product_tag-iot","11":"product_tag-syscom","13":"first","14":"outofstock","15":"sale","16":"shipping-taxable","17":"purchasable","18":"product-type-simple"},"_links":{"self":[{"href":"https:\/\/soydeaqui.ddns.net\/pachuca\/index.php\/wp-json\/wp\/v2\/product\/51074","targetHints":{"allow":["GET"]}}],"collection":[{"href":"https:\/\/soydeaqui.ddns.net\/pachuca\/index.php\/wp-json\/wp\/v2\/product"}],"about":[{"href":"https:\/\/soydeaqui.ddns.net\/pachuca\/index.php\/wp-json\/wp\/v2\/types\/product"}],"replies":[{"embeddable":true,"href":"https:\/\/soydeaqui.ddns.net\/pachuca\/index.php\/wp-json\/wp\/v2\/comments?post=51074"}],"wp:featuredmedia":[{"embeddable":true,"href":"https:\/\/soydeaqui.ddns.net\/pachuca\/index.php\/wp-json\/wp\/v2\/media\/51073"}],"wp:attachment":[{"href":"https:\/\/soydeaqui.ddns.net\/pachuca\/index.php\/wp-json\/wp\/v2\/media?parent=51074"}],"wp:term":[{"taxonomy":"product_brand","embeddable":true,"href":"https:\/\/soydeaqui.ddns.net\/pachuca\/index.php\/wp-json\/wp\/v2\/product_brand?post=51074"},{"taxonomy":"product_cat","embeddable":true,"href":"https:\/\/soydeaqui.ddns.net\/pachuca\/index.php\/wp-json\/wp\/v2\/product_cat?post=51074"},{"taxonomy":"product_tag","embeddable":true,"href":"https:\/\/soydeaqui.ddns.net\/pachuca\/index.php\/wp-json\/wp\/v2\/product_tag?post=51074"}],"curies":[{"name":"wp","href":"https:\/\/api.w.org\/{rel}","templated":true}]}}