{"id":51070,"date":"2026-03-18T22:56:17","date_gmt":"2026-03-18T22:56:17","guid":{"rendered":"https:\/\/soydeaqui.ddns.net\/pachuca\/index.php\/producto\/arnes-de-alimentacion-y-io-compatible-con-modelos-tco4-y-pro4-14-pines\/"},"modified":"2026-03-18T22:56:17","modified_gmt":"2026-03-18T22:56:17","slug":"arnes-de-alimentacion-y-io-compatible-con-modelos-tco4-y-pro4-14-pines","status":"publish","type":"product","link":"https:\/\/soydeaqui.ddns.net\/pachuca\/index.php\/producto\/arnes-de-alimentacion-y-io-compatible-con-modelos-tco4-y-pro4-14-pines\/","title":{"rendered":"Arnes de alimentacion y IO compatible con modelos Tco4 y Pro4, 14 pines"},"content":{"rendered":"<div style='width: 100%; max-width: 1200px; margin: 0 auto; font-family: sans-serif; line-height: 1.6; color: inherit; background-color: transparent;'> <!-- Secci\u00f3n de caracter\u00edsticas principales --> <\/p>\n<div style='display: flex; flex-wrap: wrap; gap: 30px; margin-bottom: 30px;'>\n<div style='flex: 1 1 300px; min-width: 280px;'>\n<h3 style='font-size: 22px; border-bottom: 2px solid currentColor; padding-bottom: 5px; margin-top: 0; color: inherit; opacity: 0.8;'>Caracter\u00edsticas Principales<\/h3>\n<ul style='padding-left: 20px; font-size: 15px; color: inherit;'>\n<li style='margin-bottom: 5px;'>Arn\u00e9s de 14 pines para conexiones seguras<\/li>\n<li style='margin-bottom: 5px;'>Compatible con modelos TCO4&comma; PRO4 y PRO43G<\/li>\n<li style='margin-bottom: 5px;'>Longitud de 1 metro para alcance \u00f3ptimo<\/li>\n<li style='margin-bottom: 5px;'>Cable calibre 20 maneja hasta 32V<\/li>\n<li style='margin-bottom: 5px;'>Rango de temperatura de -35 a +70\u00b0C<\/li>\n<\/ul><\/div>\n<\/p><\/div>\n<p> <!-- Secci\u00f3n de especificaciones t\u00e9cnicas --> <\/p>\n<div style='display: flex; flex-wrap: wrap; gap: 20px; margin-bottom: 30px;'>\n<div style='flex: 1 1 250px; border: 1px solid rgba(150&comma; 150&comma; 150&comma; 0.4); border-radius: 8px; overflow: hidden; display: flex; flex-direction: column;'>\n<div style='padding: 15px; border-bottom: 1px solid rgba(150&comma; 150&comma; 150&comma; 0.2); font-weight: bold; font-size: 18px; color: inherit;'>Especificaciones T\u00e9cnicas<\/div>\n<div style='padding: 15px; color: inherit;'>\n<ul style='padding-left: 20px; margin: 0; font-size: 14px; list-style-type: disc;'>\n<li style='margin-bottom: 5px;'><strong>Longitud:<\/strong> 1 metro<\/li>\n<li style='margin-bottom: 5px;'><strong>Calibre:<\/strong> 20 AWG (0.5 mm\u00b2)<\/li>\n<li style='margin-bottom: 5px;'><strong>Voltaje:<\/strong> Hasta 32V DC<\/li>\n<li style='margin-bottom: 5px;'><strong>Rango de Temperatura:<\/strong> -35 a +70\u00b0C<\/li>\n<li style='margin-bottom: 5px;'><strong>Fusible:<\/strong> ATO&comma; 1A<\/li>\n<\/ul><\/div>\n<\/p><\/div>\n<p> <!-- Secci\u00f3n de compatibilidad --> <\/p>\n<div style='flex: 1 1 250px; border: 1px solid rgba(150&comma; 150&comma; 150&comma; 0.4); border-radius: 8px; overflow: hidden; display: flex; flex-direction: column;'>\n<div style='padding: 15px; border-bottom: 1px solid rgba(150&comma; 150&comma; 150&comma; 0.2); font-weight: bold; font-size: 18px; color: inherit;'>Compatibilidad<\/div>\n<div style='padding: 15px; color: inherit;'>\n<ul style='padding-left: 20px; margin: 0; font-size: 14px; list-style-type: disc;'>\n<li style='margin-bottom: 5px;'>FM-Tco4 LCV<\/li>\n<li style='margin-bottom: 5px;'>FM-Pro4<\/li>\n<\/ul><\/div>\n<\/p><\/div>\n<p> <!-- Secci\u00f3n de conexiones --> <\/p>\n<div style='flex: 1 1 250px; border: 1px solid rgba(150&comma; 150&comma; 150&comma; 0.4); border-radius: 8px; overflow: hidden; display: flex; flex-direction: column;'>\n<div style='padding: 15px; border-bottom: 1px solid rgba(150&comma; 150&comma; 150&comma; 0.2); font-weight: bold; font-size: 18px; color: inherit;'>Conexiones<\/div>\n<div style='padding: 15px; color: inherit;'>\n<ul style='padding-left: 20px; margin: 0; font-size: 14px; list-style-type: disc;'>\n<li style='margin-bottom: 5px;'>Conector de 14 pines<\/li>\n<li style='margin-bottom: 5px;'>Entradas digitales (DIN1&comma; DIN2&comma; DIN3&comma; DIN4)<\/li>\n<li style='margin-bottom: 5px;'>Salidas digitales (DOUT1&comma; DOUT2)<\/li>\n<li style='margin-bottom: 5px;'>Interfaz CAN (CAN High&comma; CAN Low)<\/li>\n<li style='margin-bottom: 5px;'>Interfaz RS-485<\/li>\n<\/ul><\/div>\n<\/p><\/div>\n<\/p><\/div>\n<p> <!-- Tabla de identificaci\u00f3n de pines --> <\/p>\n<div style='margin-bottom: 30px;'>\n<h3 style='font-size: 22px; border-bottom: 2px solid currentColor; padding-bottom: 5px; margin-top: 0; color: inherit; opacity: 0.8;'>Identificaci\u00f3n de Pines<\/h3>\n<div style='overflow-x: auto;'>\n<table style='width: 100%; border-collapse: collapse; font-size: 14px; color: inherit;'>\n<thead>\n<tr style='background-color: rgba(150&comma; 150&comma; 150&comma; 0.1);'>\n<th style='padding: 10px; border: 1px solid rgba(150&comma; 150&comma; 150&comma; 0.3);'>Pin<\/th>\n<th style='padding: 10px; border: 1px solid rgba(150&comma; 150&comma; 150&comma; 0.3);'>Color<\/th>\n<th style='padding: 10px; border: 1px solid rgba(150&comma; 150&comma; 150&comma; 0.3);'>Funci\u00f3n<\/th>\n<\/tr>\n<\/thead>\n<tbody>\n<tr>\n<td style='padding: 8px; border: 1px solid rgba(150&comma; 150&comma; 150&comma; 0.2);'>1<\/td>\n<td style='padding: 8px; border: 1px solid rgba(150&comma; 150&comma; 150&comma; 0.2);'>Yellow<\/td>\n<td style='padding: 8px; border: 1px solid rgba(150&comma; 150&comma; 150&comma; 0.2);'>PortB-232 RX<\/td>\n<\/tr>\n<tr>\n<td style='padding: 8px; border: 1px solid rgba(150&comma; 150&comma; 150&comma; 0.2);'>2<\/td>\n<td style='padding: 8px; border: 1px solid rgba(150&comma; 150&comma; 150&comma; 0.2);'>Black<\/td>\n<td style='padding: 8px; border: 1px solid rgba(150&comma; 150&comma; 150&comma; 0.2);'>Ground<\/td>\n<\/tr>\n<tr>\n<td style='padding: 8px; border: 1px solid rgba(150&comma; 150&comma; 150&comma; 0.2);'>3<\/td>\n<td style='padding: 8px; border: 1px solid rgba(150&comma; 150&comma; 150&comma; 0.2);'>Orange<\/td>\n<td style='padding: 8px; border: 1px solid rgba(150&comma; 150&comma; 150&comma; 0.2);'>PortB-232 TX<\/td>\n<\/tr>\n<tr>\n<td style='padding: 8px; border: 1px solid rgba(150&comma; 150&comma; 150&comma; 0.2);'>4<\/td>\n<td style='padding: 8px; border: 1px solid rgba(150&comma; 150&comma; 150&comma; 0.2);'>Red<\/td>\n<td style='padding: 8px; border: 1px solid rgba(150&comma; 150&comma; 150&comma; 0.2);'>1-Wire power<\/td>\n<\/tr>\n<tr>\n<td style='padding: 8px; border: 1px solid rgba(150&comma; 150&comma; 150&comma; 0.2);'>5<\/td>\n<td style='padding: 8px; border: 1px solid rgba(150&comma; 150&comma; 150&comma; 0.2);'>Purple<\/td>\n<td style='padding: 8px; border: 1px solid rgba(150&comma; 150&comma; 150&comma; 0.2);'>PortA-232 RX<\/td>\n<\/tr>\n<tr>\n<td style='padding: 8px; border: 1px solid rgba(150&comma; 150&comma; 150&comma; 0.2);'>6<\/td>\n<td style='padding: 8px; border: 1px solid rgba(150&comma; 150&comma; 150&comma; 0.2);'>Green\/Yellow<\/td>\n<td style='padding: 8px; border: 1px solid rgba(150&comma; 150&comma; 150&comma; 0.2);'>1-Wire data<\/td>\n<\/tr>\n<tr>\n<td style='padding: 8px; border: 1px solid rgba(150&comma; 150&comma; 150&comma; 0.2);'>7<\/td>\n<td style='padding: 8px; border: 1px solid rgba(150&comma; 150&comma; 150&comma; 0.2);'>Pink<\/td>\n<td style='padding: 8px; border: 1px solid rgba(150&comma; 150&comma; 150&comma; 0.2);'>PortA-232 TX<\/td>\n<\/tr>\n<tr>\n<td style='padding: 8px; border: 1px solid rgba(150&comma; 150&comma; 150&comma; 0.2);'>8<\/td>\n<td style='padding: 8px; border: 1px solid rgba(150&comma; 150&comma; 150&comma; 0.2);'>White<\/td>\n<td style='padding: 8px; border: 1px solid rgba(150&comma; 150&comma; 150&comma; 0.2);'>CAN High<\/td>\n<\/tr>\n<tr>\n<td style='padding: 8px; border: 1px solid rgba(150&comma; 150&comma; 150&comma; 0.2);'>9<\/td>\n<td style='padding: 8px; border: 1px solid rgba(150&comma; 150&comma; 150&comma; 0.2);'>Green<\/td>\n<td style='padding: 8px; border: 1px solid rgba(150&comma; 150&comma; 150&comma; 0.2);'>L-Line<\/td>\n<\/tr>\n<tr>\n<td style='padding: 8px; border: 1px solid rgba(150&comma; 150&comma; 150&comma; 0.2);'>10<\/td>\n<td style='padding: 8px; border: 1px solid rgba(150&comma; 150&comma; 150&comma; 0.2);'>Blue<\/td>\n<td style='padding: 8px; border: 1px solid rgba(150&comma; 150&comma; 150&comma; 0.2);'>CAN Low<\/td>\n<\/tr>\n<tr>\n<td style='padding: 8px; border: 1px solid rgba(150&comma; 150&comma; 150&comma; 0.2);'>11<\/td>\n<td style='padding: 8px; border: 1px solid rgba(150&comma; 150&comma; 150&comma; 0.2);'>Brown<\/td>\n<td style='padding: 8px; border: 1px solid rgba(150&comma; 150&comma; 150&comma; 0.2);'>K-Line<\/td>\n<\/tr>\n<tr>\n<td style='padding: 8px; border: 1px solid rgba(150&comma; 150&comma; 150&comma; 0.2);'>12<\/td>\n<td style='padding: 8px; border: 1px solid rgba(150&comma; 150&comma; 150&comma; 0.2);'>Black<\/td>\n<td style='padding: 8px; border: 1px solid rgba(150&comma; 150&comma; 150&comma; 0.2);'>Ground<\/td>\n<\/tr>\n<tr>\n<td style='padding: 8px; border: 1px solid rgba(150&comma; 150&comma; 150&comma; 0.2);'>13<\/td>\n<td style='padding: 8px; border: 1px solid rgba(150&comma; 150&comma; 150&comma; 0.2);'>White\/Red<\/td>\n<td style='padding: 8px; border: 1px solid rgba(150&comma; 150&comma; 150&comma; 0.2);'>RS-485 A<\/td>\n<\/tr>\n<tr>\n<td style='padding: 8px; border: 1px solid rgba(150&comma; 150&comma; 150&comma; 0.2);'>14<\/td>\n<td style='padding: 8px; border: 1px solid rgba(150&comma; 150&comma; 150&comma; 0.2);'>Yellow\/Brown<\/td>\n<td style='padding: 8px; border: 1px solid rgba(150&comma; 150&comma; 150&comma; 0.2);'>RS-485 B<\/td>\n<\/tr>\n<\/tbody>\n<\/table><\/div>\n<\/p><\/div>\n<p> <!-- Secci\u00f3n de informaci\u00f3n legal --> <\/p>\n<div style='margin-bottom: 30px;'>\n<h3 style='font-size: 22px; border-bottom: 2px solid currentColor; padding-bottom: 5px; margin-top: 0; color: inherit; opacity: 0.8;'>Informaci\u00f3n Legal<\/h3>\n<p style='font-size: 14px; color: inherit; margin-bottom: 15px;'>Este producto debe ser llevado a puntos de recolecci\u00f3n separados al final de su vida \u00fatil. Las especificaciones aplican solo a la versi\u00f3n m\u00e1s reciente del hardware del producto.<\/p>\n<p style='font-size: 14px; color: inherit; margin-bottom: 15px;'>Todos los derechos reservados. La reproducci\u00f3n total o parcial sin permiso escrito de Ruptela est\u00e1 prohibida. Marcas y nombres comerciales son propiedad de sus respectivos due\u00f1os.<\/p>\n<\/p><\/div>\n<p> <!-- Separador final --> <\/p>\n<hr style='border: 0; border-top: 1px solid rgba(150&comma; 150&comma; 150&comma; 0.3); margin: 30px 0;'> <\/div>\n","protected":false},"excerpt":{"rendered":"<p>Arnes de alimentacion y IO compatible con modelos Tco4 y Pro4, 14 pines<\/p>\n","protected":false},"featured_media":51069,"comment_status":"open","ping_status":"closed","template":"","meta":[],"product_brand":[],"product_cat":[1348,1346],"product_tag":[93,1350,1349,1351],"class_list":{"0":"post-51070","1":"product","2":"type-product","3":"status-publish","4":"has-post-thumbnail","6":"product_cat-accesorios-gps-y-telematica","7":"product_cat-iot","8":"product_tag-accesorios","9":"product_tag-gps-y-telematica","10":"product_tag-iot","11":"product_tag-ruptela","13":"first","14":"instock","15":"sale","16":"shipping-taxable","17":"purchasable","18":"product-type-simple"},"_links":{"self":[{"href":"https:\/\/soydeaqui.ddns.net\/pachuca\/index.php\/wp-json\/wp\/v2\/product\/51070","targetHints":{"allow":["GET"]}}],"collection":[{"href":"https:\/\/soydeaqui.ddns.net\/pachuca\/index.php\/wp-json\/wp\/v2\/product"}],"about":[{"href":"https:\/\/soydeaqui.ddns.net\/pachuca\/index.php\/wp-json\/wp\/v2\/types\/product"}],"replies":[{"embeddable":true,"href":"https:\/\/soydeaqui.ddns.net\/pachuca\/index.php\/wp-json\/wp\/v2\/comments?post=51070"}],"wp:featuredmedia":[{"embeddable":true,"href":"https:\/\/soydeaqui.ddns.net\/pachuca\/index.php\/wp-json\/wp\/v2\/media\/51069"}],"wp:attachment":[{"href":"https:\/\/soydeaqui.ddns.net\/pachuca\/index.php\/wp-json\/wp\/v2\/media?parent=51070"}],"wp:term":[{"taxonomy":"product_brand","embeddable":true,"href":"https:\/\/soydeaqui.ddns.net\/pachuca\/index.php\/wp-json\/wp\/v2\/product_brand?post=51070"},{"taxonomy":"product_cat","embeddable":true,"href":"https:\/\/soydeaqui.ddns.net\/pachuca\/index.php\/wp-json\/wp\/v2\/product_cat?post=51070"},{"taxonomy":"product_tag","embeddable":true,"href":"https:\/\/soydeaqui.ddns.net\/pachuca\/index.php\/wp-json\/wp\/v2\/product_tag?post=51070"}],"curies":[{"name":"wp","href":"https:\/\/api.w.org\/{rel}","templated":true}]}}