{"id":5107,"date":"2026-03-18T06:27:06","date_gmt":"2026-03-18T06:27:06","guid":{"rendered":"https:\/\/soydeaqui.ddns.net\/pachuca\/index.php\/producto\/grafik-eye-qs-unidad-de-control-para-6-zonas-control-de-multiples-grupos-de-luminarias-o-cortinas-integrelo-con-un-rrmain-o-independiente\/"},"modified":"2026-03-18T06:27:09","modified_gmt":"2026-03-18T06:27:09","slug":"grafik-eye-qs-unidad-de-control-para-6-zonas-control-de-multiples-grupos-de-luminarias-o-cortinas-integrelo-con-un-rrmain-o-independiente","status":"publish","type":"product","link":"https:\/\/soydeaqui.ddns.net\/pachuca\/index.php\/producto\/grafik-eye-qs-unidad-de-control-para-6-zonas-control-de-multiples-grupos-de-luminarias-o-cortinas-integrelo-con-un-rrmain-o-independiente\/","title":{"rendered":"Grafik Eye Qs Unidad de control para 6 zonas. control de m\u00faltiples grupos de luminarias o cortinas. Integrelo con un RRMAIN o independiente."},"content":{"rendered":"<div style='width: 100%; max-width: 1200px; margin: 0 auto; font-family: sans-serif; line-height: 1.6; color: inherit;'>\n<div style='display: flex; flex-wrap: wrap; gap: 30px; margin-bottom: 30px;'>\n<div style='flex: 1 1 300px; min-width: 280px;'> <a style='display: inline-block; padding: 10px 20px; background-color: #208ff6; color: #ffffff; text-decoration: none; border-radius: 4px; font-weight: bold; margin-bottom: 20px;' href='https:\/\/www.syscom.mx\/singlepage\/lutron_radiora' target='_blank' rel='noopener'>Ver Single Page<\/a> <\/p>\n<h3 style='font-size: 22px; border-bottom: 2px solid currentColor; padding-bottom: 5px; margin-top: 0; color: inherit; opacity: 0.8;'>Caracter\u00edsticas principales<\/h3>\n<ul style='padding-left: 20px; font-size: 15px; color: inherit;'>\n<li style='margin-bottom: 5px;'>Grafik Eye Qs Unidad de control para 6 zonas<\/li>\n<li style='margin-bottom: 5px;'>Control de m\u00faltiples grupos de luminarias o cortinas<\/li>\n<li style='margin-bottom: 5px;'>Puede integrarse con un RRMAIN o funcionar de forma independiente<\/li>\n<li style='margin-bottom: 5px;'>Para control de iluminaci\u00f3n LED&comma; complementar con modelo PHPM-PA-120-WH<\/li>\n<\/ul><\/div>\n<\/p><\/div>\n<div style='display: flex; flex-wrap: wrap; gap: 30px; margin-bottom: 30px;'>\n<div style='flex: 1 1 300px; min-width: 280px;'>\n<h3 style='font-size: 22px; border-bottom: 2px solid currentColor; padding-bottom: 5px; margin-top: 0; color: inherit; opacity: 0.8;'>Sistema RadioRA\u00ae 2<\/h3>\n<p style='color: inherit;'>RadioRA 2 es un sistema inal\u00e1mbrico de control total del hogar que permite el control conveniente e intuitivo de luces&comma; cortinas&comma; electrodom\u00e9sticos y temperatura en una habitaci\u00f3n sencilla o en una casa entera. Se instala con facilidad&comma; se programa con rapidez y se opera de manera confiable gracias a la Tecnolog\u00eda RF Clear Connect\u2122.<\/p>\n<\/p><\/div>\n<\/p><\/div>\n<div style='display: flex; flex-wrap: wrap; gap: 20px; margin-bottom: 30px;'>\n<div style='flex: 1 1 250px; border: 1px solid rgba(150&comma; 150&comma; 150&comma; 0.4); border-radius: 8px; overflow: hidden; display: flex; flex-direction: column;'>\n<div style='padding: 15px; border-bottom: 1px solid rgba(150&comma; 150&comma; 150&comma; 0.2); font-weight: bold; font-size: 18px; color: inherit;'>Beneficios<\/div>\n<div style='padding: 15px; color: inherit;'>\n<ul style='padding-left: 20px; margin: 0; font-size: 14px; list-style-type: disc;'>\n<li style='margin-bottom: 5px;'><strong>Ahorra energ\u00eda<\/strong><br \/>Los propietarios de hoy quieren reducir los costos&comma; tener seguridad y proteger el planeta. Con RadioRA 2&comma; pueden lograr ambos objetivos.<\/li>\n<li style='margin-bottom: 5px;'><strong>Integraci\u00f3n abierta con terceros<\/strong><br \/>Man\u00e9jelo con controles remotos&comma; sistemas de automatizaci\u00f3n del hogar&comma; dispositivos m\u00f3viles y m\u00e1s; todo desde un repetidor. El protocolo de integraci\u00f3n p\u00fablica con RS232 o IP.<\/li>\n<li style='margin-bottom: 5px;'><strong>F\u00e1cil de instalar y programar<\/strong><br \/>La configuraci\u00f3n por computadora ahorra tiempo durante el dise\u00f1o y la programaci\u00f3n. Para aplicaciones sencillas&comma; la configuraci\u00f3n mediante la botonera no requiere de una computadora.<\/li>\n<li style='margin-bottom: 5px;'><strong>Flexible&comma; expandible y confiable<\/strong><br \/>Elija entre una variedad de componentes inal\u00e1mbricos para personalizar un sistema que quepa en cualquier espacio soporte de 2 a 200 dispositivos.<\/li>\n<\/ul><\/div>\n<\/p><\/div>\n<\/p><\/div>\n<div style='width: 100%; max-width: 800px; margin: 0 auto; margin-bottom: 30px;'> <img style='width: 100%; height: auto; border: 1px solid rgba(150&comma;150&comma;150&comma;0.3); border-radius: 8px;' src='http:\/\/ftp3.syscom.mx\/usuarios\/yhermosillo\/LUTRON\/RadioRa2\/SystemOverview.jpg' alt=''><\/div>\n<hr style='border: 0; border-top: 1px solid rgba(150&comma; 150&comma; 150&comma; 0.3); margin: 30px 0;'> <\/div>\n","protected":false},"excerpt":{"rendered":"<p>Grafik Eye Qs Unidad de control para 6 zonas. control de m\u00faltiples grupos de luminarias o cortinas. Integrelo con un RRMAIN o independiente.<\/p>\n","protected":false},"featured_media":5106,"comment_status":"open","ping_status":"closed","template":"","meta":[],"product_brand":[],"product_cat":[34],"product_tag":[30,35,36],"class_list":{"0":"post-5107","1":"product","2":"type-product","3":"status-publish","4":"has-post-thumbnail","6":"product_cat-lutron","7":"product_tag-automatizacion-casa-inteligente","8":"product_tag-lutron","9":"product_tag-lutron-electronics","11":"first","12":"outofstock","13":"sale","14":"shipping-taxable","15":"purchasable","16":"product-type-simple"},"_links":{"self":[{"href":"https:\/\/soydeaqui.ddns.net\/pachuca\/index.php\/wp-json\/wp\/v2\/product\/5107","targetHints":{"allow":["GET"]}}],"collection":[{"href":"https:\/\/soydeaqui.ddns.net\/pachuca\/index.php\/wp-json\/wp\/v2\/product"}],"about":[{"href":"https:\/\/soydeaqui.ddns.net\/pachuca\/index.php\/wp-json\/wp\/v2\/types\/product"}],"replies":[{"embeddable":true,"href":"https:\/\/soydeaqui.ddns.net\/pachuca\/index.php\/wp-json\/wp\/v2\/comments?post=5107"}],"wp:featuredmedia":[{"embeddable":true,"href":"https:\/\/soydeaqui.ddns.net\/pachuca\/index.php\/wp-json\/wp\/v2\/media\/5106"}],"wp:attachment":[{"href":"https:\/\/soydeaqui.ddns.net\/pachuca\/index.php\/wp-json\/wp\/v2\/media?parent=5107"}],"wp:term":[{"taxonomy":"product_brand","embeddable":true,"href":"https:\/\/soydeaqui.ddns.net\/pachuca\/index.php\/wp-json\/wp\/v2\/product_brand?post=5107"},{"taxonomy":"product_cat","embeddable":true,"href":"https:\/\/soydeaqui.ddns.net\/pachuca\/index.php\/wp-json\/wp\/v2\/product_cat?post=5107"},{"taxonomy":"product_tag","embeddable":true,"href":"https:\/\/soydeaqui.ddns.net\/pachuca\/index.php\/wp-json\/wp\/v2\/product_tag?post=5107"}],"curies":[{"name":"wp","href":"https:\/\/api.w.org\/{rel}","templated":true}]}}