{"id":51064,"date":"2026-03-18T22:56:07","date_gmt":"2026-03-18T22:56:07","guid":{"rendered":"https:\/\/soydeaqui.ddns.net\/pachuca\/index.php\/producto\/localizador-gps-3g-especial-para-contenedores-con-proteccion-contra-agua-ip66-antenas-internas-y-bateria-de-larga-duracion\/"},"modified":"2026-03-18T22:56:15","modified_gmt":"2026-03-18T22:56:15","slug":"localizador-gps-3g-especial-para-contenedores-con-proteccion-contra-agua-ip66-antenas-internas-y-bateria-de-larga-duracion","status":"publish","type":"product","link":"https:\/\/soydeaqui.ddns.net\/pachuca\/index.php\/producto\/localizador-gps-3g-especial-para-contenedores-con-proteccion-contra-agua-ip66-antenas-internas-y-bateria-de-larga-duracion\/","title":{"rendered":"Localizador (GPS)  3G especial para contenedores con proteccion contra agua IP66, antenas internas y bateria de larga duracion"},"content":{"rendered":"<div style='width: 100%; max-width: 1200px; margin: 0 auto; font-family: sans-serif; line-height: 1.6; color: inherit; background-color: transparent;'>\n<div style='display: flex; flex-direction: column; gap: 20px;'>\n<div style='text-align: center;'>\n<h2 style='font-size: 24px; margin: 0; padding: 0; color: inherit; opacity: 0.9;'>Rastreador GPS de Activos 3G Meitrack T355G<\/h2>\n<\/p><\/div>\n<div style='display: flex; flex-direction: column; gap: 15px;'>\n<h3 style='font-size: 20px; border-bottom: 2px solid currentColor; padding-bottom: 5px; margin-top: 0; color: inherit; opacity: 0.8;'>Introducci\u00f3n<\/h3>\n<p style='font-size: 15px; color: inherit; margin: 0; padding: 0;'>El <strong>Meitrack T355G<\/strong> es el rastreador GPS definitivo para la gesti\u00f3n de activos&comma; ofreciendo hasta 4 a\u00f1os de operaci\u00f3n en modo de espera. Este dispositivo combina una instalaci\u00f3n magn\u00e9tica sencilla con una resistencia al agua certificada IP66&comma; lo que lo hace ideal para condiciones exigentes. Su avanzada bater\u00eda de alta capacidad garantiza una eficiencia energ\u00e9tica extraordinaria&comma; mientras que su carcasa dura y resistente asegura que sea completamente a prueba de golpes y extremadamente duradero.<\/p>\n<p style='font-size: 15px; color: inherit; margin: 0; padding: 0;'>Este rastreador ofrece una amplia gama de alertas y reportes&comma; incluidas alertas de exceso de velocidad&comma; ca\u00edda&comma; geocercas y m\u00e1s&comma; asegurando que sus activos siempre est\u00e9n protegidos y monitoreados en tiempo real.<\/p>\n<\/p><\/div>\n<div style='display: flex; flex-wrap: wrap; gap: 30px;'>\n<div style='flex: 1 1 300px; min-width: 280px;'>\n<h3 style='font-size: 20px; border-bottom: 2px solid currentColor; padding-bottom: 5px; margin-top: 0; color: inherit; opacity: 0.8;'>Especificaciones T\u00e9cnicas<\/h3>\n<ul style='padding-left: 20px; font-size: 15px; color: inherit; list-style-type: disc; margin: 0; padding: 0;'>\n<li style='margin-bottom: 5px;'><strong>Dimensiones:<\/strong> 105 mm x 75 mm x 45 mm<\/li>\n<li style='margin-bottom: 5px;'><strong>Material de la carcasa:<\/strong> ABS<\/li>\n<li style='margin-bottom: 5px;'><strong>Resistencia al agua:<\/strong> IP66<\/li>\n<li style='margin-bottom: 5px;'><strong>Voltaje de trabajo:<\/strong> 3.7 V<\/li>\n<li style='margin-bottom: 5px;'><strong>Corriente promedio:<\/strong> 50 mA<\/li>\n<li style='margin-bottom: 5px;'><strong>Corriente en modo de espera:<\/strong> 50 \u03bcA<\/li>\n<li style='margin-bottom: 5px;'><strong>Bater\u00eda interna:<\/strong> 7400 mAh\/3.7 V<\/li>\n<li style='margin-bottom: 5px;'><strong>Horas de trabajo consecutivas:<\/strong> > 120 horas<\/li>\n<li style='margin-bottom: 5px;'><strong>Duraci\u00f3n en modo de espera:<\/strong> > 4 a\u00f1os (a temperatura ambiente de 20\u00b0C)<\/li>\n<\/ul><\/div>\n<div style='flex: 1 1 300px; min-width: 280px;'>\n<h3 style='font-size: 20px; border-bottom: 2px solid currentColor; padding-bottom: 5px; margin-top: 0; color: inherit; opacity: 0.8;'>Caracter\u00edsticas de Operaci\u00f3n<\/h3>\n<ul style='padding-left: 20px; font-size: 15px; color: inherit; list-style-type: disc; margin: 0; padding: 0;'>\n<li style='margin-bottom: 5px;'><strong>Precisi\u00f3n de posicionamiento:<\/strong> 2.5 metros<\/li>\n<li style='margin-bottom: 5px;'><strong>Sensibilidad GPS:<\/strong> -162 dBm<\/li>\n<li style='margin-bottom: 5px;'><strong>Tiempo de posicionamiento GPS:<\/strong><\/li>\n<li style='margin-bottom: 5px; margin-left: 20px;'>Arranque en fr\u00edo: < 42 segundos<\/li>\n<li style='margin-bottom: 5px; margin-left: 20px;'>Arranque en caliente: < 3 segundos<\/li>\n<li style='margin-bottom: 5px; margin-left: 20px;'>Tiempo de recaptura: < 2 segundos<\/li>\n<li style='margin-bottom: 5px;'><strong>Canales de recepci\u00f3n satelital:<\/strong> 56 canales<\/li>\n<li style='margin-bottom: 5px;'><strong>Antena:<\/strong> Antena interna y posibilidad de antena externa<\/li>\n<li style='margin-bottom: 5px;'><strong>Sensores:<\/strong> Aceler\u00f3metro de 3 ejes incorporado para determinar movimiento&comma; inmovilidad y vibraci\u00f3n<\/li>\n<li style='margin-bottom: 5px;'><strong>Memoria:<\/strong> 8 MB de buffer (almacena hasta 8&comma;192 registros GPRS\/UMTS y 100 registros SMS)<\/li>\n<\/ul><\/div>\n<div style='flex: 1 1 300px; min-width: 280px;'>\n<h3 style='font-size: 20px; border-bottom: 2px solid currentColor; padding-bottom: 5px; margin-top: 0; color: inherit; opacity: 0.8;'>Accesorios Incluidos<\/h3>\n<ul style='padding-left: 20px; font-size: 15px; color: inherit; list-style-type: disc; margin: 0; padding: 0;'>\n<li style='margin-bottom: 5px;'>Adaptador de viaje<\/li>\n<li style='margin-bottom: 5px;'>Cable Mini USB<\/li>\n<li style='margin-bottom: 5px;'>Adhesivo para interruptor<\/li>\n<\/ul><\/div>\n<div style='flex: 1 1 300px; min-width: 280px;'>\n<h3 style='font-size: 20px; border-bottom: 2px solid currentColor; padding-bottom: 5px; margin-top: 0; color: inherit; opacity: 0.8;'>Frecuencias Operativas<\/h3>\n<ul style='padding-left: 20px; font-size: 15px; color: inherit; list-style-type: disc; margin: 0; padding: 0;'>\n<li style='margin-bottom: 5px;'><strong>Banda GSM:<\/strong> 850\/900\/1800\/1900 MHz<\/li>\n<li style='margin-bottom: 5px;'><strong>Banda de frecuencia global:<\/strong> 800\/850\/900\/1900\/2100 MHz<\/li>\n<li style='margin-bottom: 5px;'><strong>Banda de frecuencia para Am\u00e9rica (T355G-A):<\/strong> 850\/1900 MHz<\/li>\n<\/ul><\/div>\n<div style='flex: 1 1 300px; min-width: 280px;'>\n<h3 style='font-size: 20px; border-bottom: 2px solid currentColor; padding-bottom: 5px; margin-top: 0; color: inherit; opacity: 0.8;'>Entorno de Operaci\u00f3n<\/h3>\n<ul style='padding-left: 20px; font-size: 15px; color: inherit; list-style-type: disc; margin: 0; padding: 0;'>\n<li style='margin-bottom: 5px;'><strong>Temperatura de operaci\u00f3n:<\/strong> -15\u00b0C a 65\u00b0C<\/li>\n<li style='margin-bottom: 5px;'><strong>Temperatura de almacenamiento:<\/strong> -25\u00b0C a 70\u00b0C<\/li>\n<li style='margin-bottom: 5px;'><strong>Humedad de operaci\u00f3n:<\/strong> 5% \u2013 95% sin condensaci\u00f3n<\/li>\n<li style='margin-bottom: 5px;'><strong>Peso:<\/strong> 322g<\/li>\n<\/ul><\/div>\n<\/p><\/div>\n<\/p><\/div>\n<\/p><\/div>\n","protected":false},"excerpt":{"rendered":"<p>Localizador (GPS)  3G especial para contenedores con proteccion contra agua IP66, antenas internas y bateria de larga duracion<\/p>\n","protected":false},"featured_media":51063,"comment_status":"open","ping_status":"closed","template":"","meta":[],"product_brand":[],"product_cat":[1346,1388],"product_tag":[1350,1349,1390,1389],"class_list":{"0":"post-51064","1":"product","2":"type-product","3":"status-publish","4":"has-post-thumbnail","6":"product_cat-iot","7":"product_cat-trackers-gps","8":"product_tag-gps-y-telematica","9":"product_tag-iot","10":"product_tag-meitrack","11":"product_tag-trackers-gps","13":"first","14":"outofstock","15":"sale","16":"shipping-taxable","17":"purchasable","18":"product-type-simple"},"_links":{"self":[{"href":"https:\/\/soydeaqui.ddns.net\/pachuca\/index.php\/wp-json\/wp\/v2\/product\/51064","targetHints":{"allow":["GET"]}}],"collection":[{"href":"https:\/\/soydeaqui.ddns.net\/pachuca\/index.php\/wp-json\/wp\/v2\/product"}],"about":[{"href":"https:\/\/soydeaqui.ddns.net\/pachuca\/index.php\/wp-json\/wp\/v2\/types\/product"}],"replies":[{"embeddable":true,"href":"https:\/\/soydeaqui.ddns.net\/pachuca\/index.php\/wp-json\/wp\/v2\/comments?post=51064"}],"wp:featuredmedia":[{"embeddable":true,"href":"https:\/\/soydeaqui.ddns.net\/pachuca\/index.php\/wp-json\/wp\/v2\/media\/51063"}],"wp:attachment":[{"href":"https:\/\/soydeaqui.ddns.net\/pachuca\/index.php\/wp-json\/wp\/v2\/media?parent=51064"}],"wp:term":[{"taxonomy":"product_brand","embeddable":true,"href":"https:\/\/soydeaqui.ddns.net\/pachuca\/index.php\/wp-json\/wp\/v2\/product_brand?post=51064"},{"taxonomy":"product_cat","embeddable":true,"href":"https:\/\/soydeaqui.ddns.net\/pachuca\/index.php\/wp-json\/wp\/v2\/product_cat?post=51064"},{"taxonomy":"product_tag","embeddable":true,"href":"https:\/\/soydeaqui.ddns.net\/pachuca\/index.php\/wp-json\/wp\/v2\/product_tag?post=51064"}],"curies":[{"name":"wp","href":"https:\/\/api.w.org\/{rel}","templated":true}]}}