{"id":50988,"date":"2026-03-18T22:53:53","date_gmt":"2026-03-18T22:53:53","guid":{"rendered":"https:\/\/soydeaqui.ddns.net\/pachuca\/index.php\/producto\/barra-de-luces-de-emergencia-vision-con-diseno-unico-en-forma-de-v-2\/"},"modified":"2026-03-18T22:53:58","modified_gmt":"2026-03-18T22:53:58","slug":"barra-de-luces-de-emergencia-vision-con-diseno-unico-en-forma-de-v-2","status":"publish","type":"product","link":"https:\/\/soydeaqui.ddns.net\/pachuca\/index.php\/producto\/barra-de-luces-de-emergencia-vision-con-diseno-unico-en-forma-de-v-2\/","title":{"rendered":"Barra de luces de emergencia VISION con dise\u00f1o \u00fanico en forma de &#8220;V&#8221;"},"content":{"rendered":"<div style='width: 100%; max-width: 1200px; margin: 0 auto; font-family: sans-serif; line-height: 1.6; color: inherit; background-color: transparent;'>\n<div style='display: flex; flex-wrap: wrap; gap: 30px; margin-bottom: 30px;'>\n<div style='flex: 1 1 300px; min-width: 280px;'>\n<h3 style='font-size: 22px; border-bottom: 2px solid currentColor; padding-bottom: 5px; margin-top: 0; color: inherit; opacity: 0.8;'>Descripci\u00f3n<\/h3>\n<p style='font-size: 15px; color: inherit; margin-bottom: 15px;'>El dise\u00f1o en forma de \u201cV\u201d proyecta m\u00e1s luz hacia el frente y los costados del veh\u00edculo que las barras convencionales. Maximiza la salida de luz para ayudar a despejar el camino en puntos cr\u00edticos.<\/p>\n<p style='font-size: 15px; color: inherit; margin-bottom: 15px;'><strong>Vision SLR<\/strong> est\u00e1 disponible con la nueva tecnolog\u00eda LED multicolor de SpectraLux \u2122 de Federal Signal. SpectraLux permite que una \u00fanica fuente de luz cambie de cualquier combinaci\u00f3n de colores de rojo&comma; azul&comma; \u00e1mbar o blanco. Esto permite el cumplimiento de NFPA ya que la luz blanca en la ruta puede cambiar a Rojo o Azul.<\/p>\n<p style='font-size: 15px; color: inherit; margin-bottom: 15px;'>VISION cuenta con la red de convergencia FS que permite la conexi\u00f3n &#8216;plug-n-play&#8217; reduciendo cables extensos para un tiempo de instalaci\u00f3n m\u00e1s r\u00e1pido.<\/p>\n<p style='font-size: 15px; color: inherit; margin-bottom: 15px;'>Para las vistas a\u00e9reas&comma; cada reflector cuenta con dos LED que proyectan la luz hacia arriba para facilitar la ubicaci\u00f3n a\u00e9rea de las escenas de emergencia.<\/p>\n<\/p><\/div>\n<\/p><\/div>\n<div style='display: flex; flex-wrap: wrap; gap: 30px; margin-bottom: 30px;'>\n<div style='flex: 1 1 300px; min-width: 280px;'>\n<h3 style='font-size: 22px; border-bottom: 2px solid currentColor; padding-bottom: 5px; margin-top: 0; color: inherit; opacity: 0.8;'>Configuraci\u00f3n<\/h3>\n<p style='font-size: 15px; color: inherit; margin-bottom: 15px;'>Con 2 m\u00f3dulos rotativos de LED en color Azul&comma; 2 m\u00f3dulos rotativos de LED multicolor (Rojo&comma; Azul&comma; \u00c1mbar&comma; Blanco)&comma; 2 m\u00f3dulos rotativos de LED en color Rojo&comma; 1 m\u00f3dulo rotativo LED en color Claro. Incluye montaje de gancho.<\/p>\n<\/p><\/div>\n<\/p><\/div>\n<div style='display: flex; flex-wrap: wrap; gap: 20px; margin-bottom: 30px;'>\n<div style='flex: 1 1 250px; border: 1px solid rgba(150&comma; 150&comma; 150&comma; 0.4); border-radius: 8px; overflow: hidden; display: flex; flex-direction: column;'>\n<div style='padding: 15px; border-bottom: 1px solid rgba(150&comma; 150&comma; 150&comma; 0.2); font-weight: bold; font-size: 18px; color: inherit;'>Caracter\u00edsticas<\/div>\n<div style='padding: 15px; color: inherit;'>\n<ul style='padding-left: 20px; margin: 0; font-size: 14px; list-style-type: disc;'>\n<li style='margin-bottom: 5px;'>Tecnolog\u00eda de LED multicolor disponible en \u00e1mbar&comma; azul&comma; rojo y blanco.<\/li>\n<li style='margin-bottom: 5px;'>F\u00e1cil mantenimiento y reemplazo de domos.<\/li>\n<li style='margin-bottom: 5px;'>Requiere sirena y bocina<\/li>\n<li style='margin-bottom: 5px;'>Cumplimiento SAE y NFPA1901<\/li>\n<li style='margin-bottom: 5px;'>Alimentaci\u00f3n 12 Vcc<\/li>\n<li style='margin-bottom: 5px;'><strong>5 A\u00f1os de garant\u00eda<\/strong><\/li>\n<\/ul><\/div>\n<\/p><\/div>\n<\/p><\/div>\n<div style='display: flex; flex-wrap: wrap; gap: 30px; margin-bottom: 30px;'>\n<div style='flex: 1 1 300px; min-width: 280px;'>\n<h3 style='font-size: 22px; border-bottom: 2px solid currentColor; padding-bottom: 5px; margin-top: 0; color: inherit; opacity: 0.8;'>Informaci\u00f3n adicional<\/h3>\n<p style='font-size: 15px; color: inherit; margin-bottom: 15px;'><strong>*Producto sobre pedido.<\/strong><\/p>\n<\/p><\/div>\n<\/p><\/div>\n<div style='display: flex; flex-wrap: wrap; gap: 30px; margin-bottom: 30px;'>\n<div style='flex: 1 1 300px; min-width: 280px;'>\n<h3 style='font-size: 22px; border-bottom: 2px solid currentColor; padding-bottom: 5px; margin-top: 0; color: inherit; opacity: 0.8;'>Videos<\/h3>\n<div style='display: flex; flex-direction: column; gap: 30px;'>\n<div style='position: relative; padding-bottom: 56.25%; height: 0; overflow: hidden; margin-bottom: 30px;'>   <\/div>\n<div style='position: relative; padding-bottom: 56.25%; height: 0; overflow: hidden; margin-bottom: 30px;'>   <\/div>\n<div style='position: relative; padding-bottom: 56.25%; height: 0; overflow: hidden; margin-bottom: 30px;'>   <\/div>\n<div style='position: relative; padding-bottom: 56.25%; height: 0; overflow: hidden; margin-bottom: 30px;'>   <\/div>\n<div style='position: relative; padding-bottom: 56.25%; height: 0; overflow: hidden; margin-bottom: 30px;'>   <\/div>\n<\/p><\/div>\n<\/p><\/div>\n<\/p><\/div>\n<hr style='border: 0; border-top: 1px solid rgba(150&comma; 150&comma; 150&comma; 0.3); margin: 30px 0;'> <\/div>\n","protected":false},"excerpt":{"rendered":"<p>Barra de luces de emergencia VISION con dise\u00f1o \u00fanico en forma de &#8220;V&#8221;<\/p>\n","protected":false},"featured_media":50987,"comment_status":"open","ping_status":"closed","template":"","meta":[],"product_brand":[],"product_cat":[1358],"product_tag":[1356,1360,1359],"class_list":{"0":"post-50988","1":"product","2":"type-product","3":"status-publish","4":"has-post-thumbnail","6":"product_cat-rojo-azul","7":"product_tag-barras-de-luz-torretas-vehiculares","8":"product_tag-federal-signal","9":"product_tag-rojo-azul","11":"first","12":"outofstock","13":"sale","14":"shipping-taxable","15":"purchasable","16":"product-type-simple"},"_links":{"self":[{"href":"https:\/\/soydeaqui.ddns.net\/pachuca\/index.php\/wp-json\/wp\/v2\/product\/50988","targetHints":{"allow":["GET"]}}],"collection":[{"href":"https:\/\/soydeaqui.ddns.net\/pachuca\/index.php\/wp-json\/wp\/v2\/product"}],"about":[{"href":"https:\/\/soydeaqui.ddns.net\/pachuca\/index.php\/wp-json\/wp\/v2\/types\/product"}],"replies":[{"embeddable":true,"href":"https:\/\/soydeaqui.ddns.net\/pachuca\/index.php\/wp-json\/wp\/v2\/comments?post=50988"}],"wp:featuredmedia":[{"embeddable":true,"href":"https:\/\/soydeaqui.ddns.net\/pachuca\/index.php\/wp-json\/wp\/v2\/media\/50987"}],"wp:attachment":[{"href":"https:\/\/soydeaqui.ddns.net\/pachuca\/index.php\/wp-json\/wp\/v2\/media?parent=50988"}],"wp:term":[{"taxonomy":"product_brand","embeddable":true,"href":"https:\/\/soydeaqui.ddns.net\/pachuca\/index.php\/wp-json\/wp\/v2\/product_brand?post=50988"},{"taxonomy":"product_cat","embeddable":true,"href":"https:\/\/soydeaqui.ddns.net\/pachuca\/index.php\/wp-json\/wp\/v2\/product_cat?post=50988"},{"taxonomy":"product_tag","embeddable":true,"href":"https:\/\/soydeaqui.ddns.net\/pachuca\/index.php\/wp-json\/wp\/v2\/product_tag?post=50988"}],"curies":[{"name":"wp","href":"https:\/\/api.w.org\/{rel}","templated":true}]}}