{"id":50982,"date":"2026-03-18T22:53:44","date_gmt":"2026-03-18T22:53:44","guid":{"rendered":"https:\/\/soydeaqui.ddns.net\/pachuca\/index.php\/producto\/novedosa-barra-de-luces-navigator-2\/"},"modified":"2026-03-18T22:53:44","modified_gmt":"2026-03-18T22:53:44","slug":"novedosa-barra-de-luces-navigator-2","status":"publish","type":"product","link":"https:\/\/soydeaqui.ddns.net\/pachuca\/index.php\/producto\/novedosa-barra-de-luces-navigator-2\/","title":{"rendered":"Novedosa Barra de Luces NAVIGATOR"},"content":{"rendered":"<div style='width: 100%; max-width: 1200px; margin: 0 auto; font-family: sans-serif; line-height: 1.6; color: inherit; background-color: transparent;'>\n<div style='display: flex; flex-wrap: wrap; gap: 30px; margin-bottom: 30px;'>\n<div style='flex: 1 1 300px; min-width: 280px;'>\n<h3 style='font-size: 22px; border-bottom: 2px solid currentColor; padding-bottom: 5px; margin-top: 0; color: inherit; opacity: 0.8;'>Descripci\u00f3n<\/h3>\n<p style='font-size: 15px; color: inherit; margin-bottom: 20px;'>Navigator\u00ae es una barra de luces LED lineal de alto perfil que ofrece una opci\u00f3n \u00fanica de usar reflectores LED y rotores LED en una misma plataforma. Dise\u00f1ada para adaptarse a las necesidades de m\u00faltiples agencias&comma; las opciones que ofrece y la flexibilidad general con las que cuenta Navigator se pueden utilizar en los equipos contra incendios&comma; veh\u00edculos de comando\/flota&comma; polic\u00eda o camiones de trabajo.<\/p>\n<div style='margin: 25px 0;'> <img style='width: 100%; height: auto; border: 1px solid rgba(150&comma;150&comma;150&comma;0.3); border-radius: 8px;' src='https:\/\/ftp3.syscom.mx\/usuarios\/ftp\/web_img\/NVG45Z-02.jpg' alt=''> <\/div>\n<\/p><\/div>\n<div style='flex: 1 1 300px; min-width: 280px;'>\n<h3 style='font-size: 22px; border-bottom: 2px solid currentColor; padding-bottom: 5px; margin-top: 0; color: inherit; opacity: 0.8;'>Configuraci\u00f3n<\/h3>\n<ul style='padding-left: 20px; font-size: 15px; color: inherit;'>\n<li style='margin-bottom: 5px;'>3 M\u00f3dulos led en color rojo<\/li>\n<li style='margin-bottom: 5px;'>2 M\u00f3dulos led en color rojo\/\u00e1mbar<\/li>\n<li style='margin-bottom: 5px;'>3 M\u00f3dulos led en color azul<\/li>\n<li style='margin-bottom: 5px;'>2 M\u00f3dulos led en color azul\/\u00e1mbar<\/li>\n<li style='margin-bottom: 5px;'>2 M\u00f3dulos led frontales en color blanco como luces de penetraci\u00f3n<\/li>\n<li style='margin-bottom: 5px;'>2 M\u00f3dulos led laterales en color blanco como luces callejoneras<\/li>\n<\/ul><\/div>\n<\/p><\/div>\n<div style='display: flex; flex-wrap: wrap; gap: 20px; margin-bottom: 30px;'>\n<div style='flex: 1 1 250px; border: 1px solid rgba(150&comma; 150&comma; 150&comma; 0.4); border-radius: 8px; overflow: hidden; display: flex; flex-direction: column;'>\n<div style='padding: 15px; border-bottom: 1px solid rgba(150&comma; 150&comma; 150&comma; 0.2); font-weight: bold; font-size: 18px; color: inherit;'>Caracter\u00edsticas<\/div>\n<div style='padding: 15px; color: inherit;'>\n<ul style='padding-left: 20px; margin: 0; font-size: 14px; list-style-type: disc;'>\n<li style='margin-bottom: 5px;'>Tecnolog\u00eda de rotores con led<\/li>\n<li style='margin-bottom: 5px;'>Disponible en varias longitudes<\/li>\n<li style='margin-bottom: 5px;'>Certificaciones: NFPA1901&comma; SAE J845 Class I&comma; CAC Title 13<\/li>\n<li style='margin-bottom: 5px;'>Capacidad de led bicolor<\/li>\n<li style='margin-bottom: 5px;'>Montaje de Gancho<\/li>\n<li style='margin-bottom: 5px;'>Longitud de 45&#8242;<\/li>\n<li style='margin-bottom: 5px;'>Domos de policarbonato color claro<\/li>\n<li style='margin-bottom: 5px;'><strong>Capacidad de Signal Master en color \u00e1mbar<\/strong><\/li>\n<\/ul><\/div>\n<\/p><\/div>\n<div style='flex: 1 1 250px; border: 1px solid rgba(150&comma; 150&comma; 150&comma; 0.4); border-radius: 8px; overflow: hidden; display: flex; flex-direction: column;'>\n<div style='padding: 15px; border-bottom: 1px solid rgba(150&comma; 150&comma; 150&comma; 0.2); font-weight: bold; font-size: 18px; color: inherit;'>Especificaciones<\/div>\n<div style='padding: 15px; color: inherit;'>\n<ul style='padding-left: 20px; margin: 0; font-size: 14px; list-style-type: disc;'>\n<li style='margin-bottom: 5px;'><strong>Voltaje:<\/strong> 12Vcc<\/li>\n<li style='margin-bottom: 5px;'><strong>Consumo:<\/strong> 1.5 Amp por m\u00f3dulo<\/li>\n<\/ul><\/div>\n<\/p><\/div>\n<\/p><\/div>\n<div style='text-align: center; margin: 30px 0 0 0; font-weight: bold; font-size: 16px; color: inherit;'> *Pregunte por disponibilidad <\/div>\n<\/p><\/div>\n","protected":false},"excerpt":{"rendered":"<p>Novedosa Barra de Luces NAVIGATOR<\/p>\n","protected":false},"featured_media":50981,"comment_status":"open","ping_status":"closed","template":"","meta":[],"product_brand":[],"product_cat":[1358],"product_tag":[1356,1360,1359],"class_list":{"0":"post-50982","1":"product","2":"type-product","3":"status-publish","4":"has-post-thumbnail","6":"product_cat-rojo-azul","7":"product_tag-barras-de-luz-torretas-vehiculares","8":"product_tag-federal-signal","9":"product_tag-rojo-azul","11":"first","12":"outofstock","13":"sale","14":"shipping-taxable","15":"purchasable","16":"product-type-simple"},"_links":{"self":[{"href":"https:\/\/soydeaqui.ddns.net\/pachuca\/index.php\/wp-json\/wp\/v2\/product\/50982","targetHints":{"allow":["GET"]}}],"collection":[{"href":"https:\/\/soydeaqui.ddns.net\/pachuca\/index.php\/wp-json\/wp\/v2\/product"}],"about":[{"href":"https:\/\/soydeaqui.ddns.net\/pachuca\/index.php\/wp-json\/wp\/v2\/types\/product"}],"replies":[{"embeddable":true,"href":"https:\/\/soydeaqui.ddns.net\/pachuca\/index.php\/wp-json\/wp\/v2\/comments?post=50982"}],"wp:featuredmedia":[{"embeddable":true,"href":"https:\/\/soydeaqui.ddns.net\/pachuca\/index.php\/wp-json\/wp\/v2\/media\/50981"}],"wp:attachment":[{"href":"https:\/\/soydeaqui.ddns.net\/pachuca\/index.php\/wp-json\/wp\/v2\/media?parent=50982"}],"wp:term":[{"taxonomy":"product_brand","embeddable":true,"href":"https:\/\/soydeaqui.ddns.net\/pachuca\/index.php\/wp-json\/wp\/v2\/product_brand?post=50982"},{"taxonomy":"product_cat","embeddable":true,"href":"https:\/\/soydeaqui.ddns.net\/pachuca\/index.php\/wp-json\/wp\/v2\/product_cat?post=50982"},{"taxonomy":"product_tag","embeddable":true,"href":"https:\/\/soydeaqui.ddns.net\/pachuca\/index.php\/wp-json\/wp\/v2\/product_tag?post=50982"}],"curies":[{"name":"wp","href":"https:\/\/api.w.org\/{rel}","templated":true}]}}