{"id":50942,"date":"2026-03-18T22:52:29","date_gmt":"2026-03-18T22:52:29","guid":{"rendered":"https:\/\/soydeaqui.ddns.net\/pachuca\/index.php\/producto\/mini-burbuja-led-serie-x6262-color-ambar\/"},"modified":"2026-03-18T22:52:45","modified_gmt":"2026-03-18T22:52:45","slug":"mini-burbuja-led-serie-x6262-color-ambar","status":"publish","type":"product","link":"https:\/\/soydeaqui.ddns.net\/pachuca\/index.php\/producto\/mini-burbuja-led-serie-x6262-color-ambar\/","title":{"rendered":"Mini Burbuja LED Serie X6262, Color \u00c1mbar"},"content":{"rendered":"<div style='width: 100%; max-width: 1200px; margin: 0 auto; font-family: sans-serif; line-height: 1.6; color: inherit; background-color: transparent;'> <!-- Secci\u00f3n de descripci\u00f3n general --> <\/p>\n<div style='margin-bottom: 30px;'>\n<h2 style='font-size: 24px; margin-top: 0; color: inherit; opacity: 0.9;'>Mini Burbuja LED Serie X6262<\/h2>\n<p style='font-size: 15px; color: inherit; margin-top: 10px; margin-bottom: 20px;'>Esta mini burbuja econ\u00f3mica tiene un amplio rango de voltaje operativo&comma; por lo que puede ser empleada en varias soluciones industriales. Dise\u00f1ada para ofrecer una se\u00f1al de advertencia altamente visible con tecnolog\u00eda LED de \u00faltima generaci\u00f3n.<\/p>\n<\/p><\/div>\n<p> <!-- Secci\u00f3n de caracter\u00edsticas principales --> <\/p>\n<div style='display: flex; flex-wrap: wrap; gap: 30px; margin-bottom: 30px;'>\n<div style='flex: 1 1 300px; min-width: 280px;'>\n<h3 style='font-size: 22px; border-bottom: 2px solid currentColor; padding-bottom: 5px; margin-top: 0; color: inherit; opacity: 0.8;'>Caracter\u00edsticas Principales<\/h3>\n<ul style='padding-left: 20px; font-size: 15px; color: inherit;'>\n<li style='margin-bottom: 5px;'>Domo de policarbonato resistente y duradero<\/li>\n<li style='margin-bottom: 5px;'>Larga vida \u00fatil y bajo consumo<\/li>\n<li style='margin-bottom: 5px;'>3 potentes LEDs de \u00faltima generaci\u00f3n<\/li>\n<li style='margin-bottom: 5px;'>Protecci\u00f3n contra picos de voltaje<\/li>\n<li style='margin-bottom: 5px;'>8 destellos por ciclo (70 FPM)<\/li>\n<li style='margin-bottom: 5px;'>Montaje permanente<\/li>\n<li style='margin-bottom: 5px;'>Cumple con SAE J845 Clase III&comma; UL&comma; CE&comma; R10<\/li>\n<li style='margin-bottom: 5px;'>Protecci\u00f3n IP66\/67<\/li>\n<li style='margin-bottom: 5px;'>Garant\u00eda de 3 a\u00f1os<\/li>\n<\/ul><\/div>\n<p> <!-- Secci\u00f3n de especificaciones t\u00e9cnicas --> <\/p>\n<div style='flex: 1 1 300px; min-width: 280px;'>\n<h3 style='font-size: 22px; border-bottom: 2px solid currentColor; padding-bottom: 5px; margin-top: 0; color: inherit; opacity: 0.8;'>Especificaciones T\u00e9cnicas<\/h3>\n<ul style='padding-left: 20px; font-size: 15px; color: inherit;'>\n<li style='margin-bottom: 5px;'><strong>Voltaje:<\/strong> 12 &#8211; 80 VCC<\/li>\n<li style='margin-bottom: 5px;'><strong>Consumo:<\/strong> 0.5 Amperios<\/li>\n<li style='margin-bottom: 5px;'><strong>Dimensiones:<\/strong> 3.9&#8242; x 4.9&#8242; (Base x Altura)<\/li>\n<li style='margin-bottom: 5px;'><strong>Temperatura de operaci\u00f3n:<\/strong> -22\u00b0F a +122\u00b0F (-30\u00b0C a +50\u00b0C)<\/li>\n<li style='margin-bottom: 5px;'><strong>Protecci\u00f3n:<\/strong> IP66\/67<\/li>\n<li style='margin-bottom: 5px;'><strong>Tipo de montaje:<\/strong> Montaje permanente<\/li>\n<li style='margin-bottom: 5px;'><strong>Flashes:<\/strong> 8 por ciclo (70 FPM)<\/li>\n<li style='margin-bottom: 5px;'><strong>Conexi\u00f3n el\u00e9ctrica:<\/strong> 2 tornillos laterales<\/li>\n<\/ul><\/div>\n<\/p><\/div>\n<p> <!-- Secci\u00f3n de beneficios --> <\/p>\n<div style='margin-bottom: 30px;'>\n<h3 style='font-size: 22px; border-bottom: 2px solid currentColor; padding-bottom: 5px; margin-top: 0; color: inherit; opacity: 0.8;'>Beneficios<\/h3>\n<ul style='padding-left: 20px; font-size: 15px; color: inherit;'>\n<li style='margin-bottom: 5px;'>Dise\u00f1o compacto y eficiente para aplicaciones industriales<\/li>\n<li style='margin-bottom: 5px;'>Alta visibilidad con tecnolog\u00eda LED de \u00faltima generaci\u00f3n<\/li>\n<li style='margin-bottom: 5px;'>Funcionamiento confiable en una amplia gama de voltajes<\/li>\n<li style='margin-bottom: 5px;'>Bajo mantenimiento y larga vida \u00fatil<\/li>\n<li style='margin-bottom: 5px;'>F\u00e1cil instalaci\u00f3n con montaje permanente<\/li>\n<li style='margin-bottom: 5px;'>Resistente a condiciones ambientales extremas<\/li>\n<\/ul><\/div>\n<p> <!-- Secci\u00f3n de aplicaciones --> <\/p>\n<div style='margin-bottom: 30px;'>\n<h3 style='font-size: 22px; border-bottom: 2px solid currentColor; padding-bottom: 5px; margin-top: 0; color: inherit; opacity: 0.8;'>Aplicaciones<\/h3>\n<ul style='padding-left: 20px; font-size: 15px; color: inherit;'>\n<li style='margin-bottom: 5px;'>Veh\u00edculos el\u00e9ctricos<\/li>\n<li style='margin-bottom: 5px;'>Maquinaria industrial<\/li>\n<li style='margin-bottom: 5px;'>Equipos de seguridad<\/li>\n<li style='margin-bottom: 5px;'>Sistemas de advertencia visual<\/li>\n<li style='margin-bottom: 5px;'>Sustituci\u00f3n de balizas rotativas o de destello<\/li>\n<\/ul><\/div>\n<p> <!-- Separador final --> <\/p>\n<hr style='border: 0; border-top: 1px solid rgba(150&comma; 150&comma; 150&comma; 0.3); margin: 30px 0;'> <\/div>\n","protected":false},"excerpt":{"rendered":"<p>Mini Burbuja LED Serie X6262, Color \u00c1mbar<\/p>\n","protected":false},"featured_media":50941,"comment_status":"open","ping_status":"closed","template":"","meta":[],"product_brand":[],"product_cat":[1379],"product_tag":[950,502,500],"class_list":{"0":"post-50942","1":"product","2":"type-product","3":"status-publish","4":"has-post-thumbnail","6":"product_cat-ambar-estrobos-burbujas-vehiculares","7":"product_tag-ambar","8":"product_tag-ecco","9":"product_tag-estrobos-burbujas-vehiculares","11":"first","12":"instock","13":"sale","14":"shipping-taxable","15":"purchasable","16":"product-type-simple"},"_links":{"self":[{"href":"https:\/\/soydeaqui.ddns.net\/pachuca\/index.php\/wp-json\/wp\/v2\/product\/50942","targetHints":{"allow":["GET"]}}],"collection":[{"href":"https:\/\/soydeaqui.ddns.net\/pachuca\/index.php\/wp-json\/wp\/v2\/product"}],"about":[{"href":"https:\/\/soydeaqui.ddns.net\/pachuca\/index.php\/wp-json\/wp\/v2\/types\/product"}],"replies":[{"embeddable":true,"href":"https:\/\/soydeaqui.ddns.net\/pachuca\/index.php\/wp-json\/wp\/v2\/comments?post=50942"}],"wp:featuredmedia":[{"embeddable":true,"href":"https:\/\/soydeaqui.ddns.net\/pachuca\/index.php\/wp-json\/wp\/v2\/media\/50941"}],"wp:attachment":[{"href":"https:\/\/soydeaqui.ddns.net\/pachuca\/index.php\/wp-json\/wp\/v2\/media?parent=50942"}],"wp:term":[{"taxonomy":"product_brand","embeddable":true,"href":"https:\/\/soydeaqui.ddns.net\/pachuca\/index.php\/wp-json\/wp\/v2\/product_brand?post=50942"},{"taxonomy":"product_cat","embeddable":true,"href":"https:\/\/soydeaqui.ddns.net\/pachuca\/index.php\/wp-json\/wp\/v2\/product_cat?post=50942"},{"taxonomy":"product_tag","embeddable":true,"href":"https:\/\/soydeaqui.ddns.net\/pachuca\/index.php\/wp-json\/wp\/v2\/product_tag?post=50942"}],"curies":[{"name":"wp","href":"https:\/\/api.w.org\/{rel}","templated":true}]}}