{"id":50910,"date":"2026-03-18T22:51:35","date_gmt":"2026-03-18T22:51:35","guid":{"rendered":"https:\/\/soydeaqui.ddns.net\/pachuca\/index.php\/producto\/par-de-lamparas-ultra-brillantes-con-6-leds-cada-una-color-azul-claro-ideales-para-vehiculos-encubierto\/"},"modified":"2026-03-18T22:51:45","modified_gmt":"2026-03-18T22:51:45","slug":"par-de-lamparas-ultra-brillantes-con-6-leds-cada-una-color-azul-claro-ideales-para-vehiculos-encubierto","status":"publish","type":"product","link":"https:\/\/soydeaqui.ddns.net\/pachuca\/index.php\/producto\/par-de-lamparas-ultra-brillantes-con-6-leds-cada-una-color-azul-claro-ideales-para-vehiculos-encubierto\/","title":{"rendered":"Par de L\u00e1mparas Ultra Brillantes con 6 LEDs cada una, Color Azul\/Claro, Ideales para Veh\u00edculos Encubierto"},"content":{"rendered":"<div style='width: 100%; max-width: 1200px; margin: 0 auto; font-family: sans-serif; line-height: 1.6; color: inherit; background-color: transparent;'>\n<div style='display: flex; flex-wrap: wrap; gap: 30px; margin-bottom: 30px;'>\n<div style='flex: 1 1 300px; min-width: 280px;'>\n<h3 style='font-size: 22px; border-bottom: 2px solid currentColor; padding-bottom: 5px; margin-top: 0; color: inherit; opacity: 0.8;'>Caracter\u00edsticas principales<\/h3>\n<ul style='padding-left: 20px; font-size: 15px; color: inherit;'>\n<li style='margin-bottom: 5px;'>Par de L\u00e1mparas Ocultas adopta la novedosa tecnolog\u00eda Gen III como fuente de luz<\/li>\n<li style='margin-bottom: 5px;'>Alto brillo con baja intensidad de trabajo<\/li>\n<li style='margin-bottom: 5px;'>F\u00e1cil instalaci\u00f3n y larga vida \u00fatil<\/li>\n<li style='margin-bottom: 5px;'>Dise\u00f1adas para veh\u00edculos de emergencia<\/li>\n<\/ul><\/div>\n<div style='flex: 1 1 300px; min-width: 280px;'>\n<h3 style='font-size: 22px; border-bottom: 2px solid currentColor; padding-bottom: 5px; margin-top: 0; color: inherit; opacity: 0.8;'>Especificaciones t\u00e9cnicas<\/h3>\n<ul style='padding-left: 20px; font-size: 15px; color: inherit;'>\n<li style='margin-bottom: 5px;'>2 L\u00e1mparas con 6 LED cada una (3 Claros\/3 Azules)<\/li>\n<li style='margin-bottom: 5px;'>Rango de voltaje: 10 Vcc &#8211; 24 Vcc<\/li>\n<li style='margin-bottom: 5px;'>12 patrones de destello<\/li>\n<li style='margin-bottom: 5px;'>Consumo m\u00e1ximo: 1 A<\/li>\n<li style='margin-bottom: 5px;'>Tipo de montaje: Permanente<\/li>\n<li style='margin-bottom: 5px;'>Dimensiones: 3.2 x 1.8 cm<\/li>\n<\/ul><\/div>\n<\/p><\/div>\n<div style='display: flex; flex-wrap: wrap; gap: 20px; margin-bottom: 30px;'>\n<div style='flex: 1 1 250px; border: 1px solid rgba(150&comma; 150&comma; 150&comma; 0.4); border-radius: 8px; overflow: hidden; display: flex; flex-direction: column;'>\n<div style='padding: 15px; border-bottom: 1px solid rgba(150&comma; 150&comma; 150&comma; 0.2); font-weight: bold; font-size: 18px; color: inherit;'>Funcionalidades<\/div>\n<div style='padding: 15px; color: inherit;'>\n<ul style='padding-left: 20px; margin: 0; font-size: 14px; list-style-type: disc;'>\n<li style='margin-bottom: 5px;'>Tecnolog\u00eda Gen III con aspecto \u00fanico<\/li>\n<li style='margin-bottom: 5px;'>Estructura compacta para f\u00e1cil integraci\u00f3n<\/li>\n<li style='margin-bottom: 5px;'>Funci\u00f3n WIG WAG (consultar instructivo de configuraci\u00f3n)<\/li>\n<\/ul><\/div>\n<\/p><\/div>\n<\/p><\/div>\n<\/p><\/div>\n","protected":false},"excerpt":{"rendered":"<p>Par de L\u00e1mparas Ultra Brillantes con 6 LEDs cada una, Color Azul\/Claro, Ideales para Veh\u00edculos Encubierto<\/p>\n","protected":false},"featured_media":50909,"comment_status":"open","ping_status":"closed","template":"","meta":[],"product_brand":[],"product_cat":[1376],"product_tag":[1237,500,1377],"class_list":{"0":"post-50910","1":"product","2":"type-product","3":"status-publish","4":"has-post-thumbnail","6":"product_cat-estrobos-ocultos","7":"product_tag-epcom-industrial-signaling","8":"product_tag-estrobos-burbujas-vehiculares","9":"product_tag-estrobos-ocultos","11":"first","12":"instock","13":"sale","14":"shipping-taxable","15":"purchasable","16":"product-type-simple"},"_links":{"self":[{"href":"https:\/\/soydeaqui.ddns.net\/pachuca\/index.php\/wp-json\/wp\/v2\/product\/50910","targetHints":{"allow":["GET"]}}],"collection":[{"href":"https:\/\/soydeaqui.ddns.net\/pachuca\/index.php\/wp-json\/wp\/v2\/product"}],"about":[{"href":"https:\/\/soydeaqui.ddns.net\/pachuca\/index.php\/wp-json\/wp\/v2\/types\/product"}],"replies":[{"embeddable":true,"href":"https:\/\/soydeaqui.ddns.net\/pachuca\/index.php\/wp-json\/wp\/v2\/comments?post=50910"}],"wp:featuredmedia":[{"embeddable":true,"href":"https:\/\/soydeaqui.ddns.net\/pachuca\/index.php\/wp-json\/wp\/v2\/media\/50909"}],"wp:attachment":[{"href":"https:\/\/soydeaqui.ddns.net\/pachuca\/index.php\/wp-json\/wp\/v2\/media?parent=50910"}],"wp:term":[{"taxonomy":"product_brand","embeddable":true,"href":"https:\/\/soydeaqui.ddns.net\/pachuca\/index.php\/wp-json\/wp\/v2\/product_brand?post=50910"},{"taxonomy":"product_cat","embeddable":true,"href":"https:\/\/soydeaqui.ddns.net\/pachuca\/index.php\/wp-json\/wp\/v2\/product_cat?post=50910"},{"taxonomy":"product_tag","embeddable":true,"href":"https:\/\/soydeaqui.ddns.net\/pachuca\/index.php\/wp-json\/wp\/v2\/product_tag?post=50910"}],"curies":[{"name":"wp","href":"https:\/\/api.w.org\/{rel}","templated":true}]}}