{"id":50889,"date":"2026-03-18T22:51:02","date_gmt":"2026-03-18T22:51:02","guid":{"rendered":"https:\/\/soydeaqui.ddns.net\/pachuca\/index.php\/producto\/con-2-modulos-azules-2-modulos-claros-alternados-b-w-b-w\/"},"modified":"2026-03-18T22:51:03","modified_gmt":"2026-03-18T22:51:03","slug":"con-2-modulos-azules-2-modulos-claros-alternados-b-w-b-w","status":"publish","type":"product","link":"https:\/\/soydeaqui.ddns.net\/pachuca\/index.php\/producto\/con-2-modulos-azules-2-modulos-claros-alternados-b-w-b-w\/","title":{"rendered":"Con 2 m\u00f3dulos Azules, 2 m\u00f3dulos Claros alternados (B-W-B-W)"},"content":{"rendered":"<div style='width: 100%; max-width: 1200px; margin: 0 auto; font-family: sans-serif; line-height: 1.6; color: inherit; background-color: transparent;'>\n<div style='display: flex; flex-wrap: wrap; gap: 30px; margin-bottom: 30px;'>\n<div style='flex: 1 1 300px; min-width: 280px;'>\n<h3 style='font-size: 22px; border-bottom: 2px solid currentColor; padding-bottom: 5px; margin-top: 0; color: inherit; opacity: 0.8;'>Caracter\u00edsticas<\/h3>\n<ul style='padding-left: 20px; font-size: 15px; color: inherit;'>\n<li style='margin-bottom: 5px;'>10 Patrones de direccionamiento<\/li>\n<li style='margin-bottom: 5px;'>4 M\u00f3dulos (B-W-B-W)<\/li>\n<li style='margin-bottom: 5px;'>Certificaci\u00f3n SAE J595&comma; Class 1<\/li>\n<li style='margin-bottom: 5px;'>Certificaci\u00f3n SAE J845<\/li>\n<li style='margin-bottom: 5px;'>Montaje Permanente<\/li>\n<\/ul><\/div>\n<\/p><\/div>\n<div style='display: flex; flex-wrap: wrap; gap: 20px; margin-bottom: 30px;'>\n<div style='flex: 1 1 250px; border: 1px solid rgba(150&comma; 150&comma; 150&comma; 0.4); border-radius: 8px; overflow: hidden; display: flex; flex-direction: column;'>\n<div style='padding: 15px; border-bottom: 1px solid rgba(150&comma; 150&comma; 150&comma; 0.2); font-weight: bold; font-size: 18px; color: inherit;'>Especificaciones T\u00e9cnicas<\/div>\n<div style='padding: 15px; color: inherit;'>\n<ul style='padding-left: 20px; margin: 0; font-size: 14px; list-style-type: disc;'>\n<li style='margin-bottom: 5px;'><strong>Voltaje:<\/strong> 12.8 Vcc<\/li>\n<li style='margin-bottom: 5px;'><strong>Consumo:<\/strong> 2 A<\/li>\n<li style='margin-bottom: 5px;'><strong>Dimensiones:<\/strong> 42.9 X 2.86 X 6.67 cm<\/li>\n<\/ul><\/div>\n<\/p><\/div>\n<\/p><\/div>\n<div style='margin-bottom: 30px;'>\n<p style='margin: 0; color: inherit;'><em>FEDERAL SIGNAL<\/em> introduce la luz de advertencia de la serie Latitude. La Latitude est\u00e1 construida con 3 LEDs por m\u00f3dulo con dise\u00f1o de reflectores Solaris de FEDERAL SIGNAL para brindar una mayor eficiencia \u00f3ptica brillante para la seguridad del operador.<\/p>\n<\/p><\/div>\n<hr style='border: 0; border-top: 1px solid rgba(150&comma; 150&comma; 150&comma; 0.3); margin: 30px 0;'>\n<div style='margin-bottom: 30px;'>\n<p style='margin: 0; color: inherit;'><strong>*Pregunte por tiempo de entrega<\/strong><\/p>\n<\/p><\/div>\n<\/p><\/div>\n","protected":false},"excerpt":{"rendered":"<p>Con 2 m\u00f3dulos Azules, 2 m\u00f3dulos Claros alternados (B-W-B-W)<\/p>\n","protected":false},"featured_media":32,"comment_status":"open","ping_status":"closed","template":"","meta":[],"product_brand":[],"product_cat":[1365],"product_tag":[1366,1360,1367],"class_list":{"0":"post-50889","1":"product","2":"type-product","3":"status-publish","4":"has-post-thumbnail","6":"product_cat-ver-todas","7":"product_tag-barras-de-luz-para-interior-vehiculares","8":"product_tag-federal-signal","9":"product_tag-ver-todas","11":"first","12":"outofstock","13":"sale","14":"shipping-taxable","15":"purchasable","16":"product-type-simple"},"_links":{"self":[{"href":"https:\/\/soydeaqui.ddns.net\/pachuca\/index.php\/wp-json\/wp\/v2\/product\/50889","targetHints":{"allow":["GET"]}}],"collection":[{"href":"https:\/\/soydeaqui.ddns.net\/pachuca\/index.php\/wp-json\/wp\/v2\/product"}],"about":[{"href":"https:\/\/soydeaqui.ddns.net\/pachuca\/index.php\/wp-json\/wp\/v2\/types\/product"}],"replies":[{"embeddable":true,"href":"https:\/\/soydeaqui.ddns.net\/pachuca\/index.php\/wp-json\/wp\/v2\/comments?post=50889"}],"wp:featuredmedia":[{"embeddable":true,"href":"https:\/\/soydeaqui.ddns.net\/pachuca\/index.php\/wp-json\/wp\/v2\/media\/32"}],"wp:attachment":[{"href":"https:\/\/soydeaqui.ddns.net\/pachuca\/index.php\/wp-json\/wp\/v2\/media?parent=50889"}],"wp:term":[{"taxonomy":"product_brand","embeddable":true,"href":"https:\/\/soydeaqui.ddns.net\/pachuca\/index.php\/wp-json\/wp\/v2\/product_brand?post=50889"},{"taxonomy":"product_cat","embeddable":true,"href":"https:\/\/soydeaqui.ddns.net\/pachuca\/index.php\/wp-json\/wp\/v2\/product_cat?post=50889"},{"taxonomy":"product_tag","embeddable":true,"href":"https:\/\/soydeaqui.ddns.net\/pachuca\/index.php\/wp-json\/wp\/v2\/product_tag?post=50889"}],"curies":[{"name":"wp","href":"https:\/\/api.w.org\/{rel}","templated":true}]}}