{"id":50884,"date":"2026-03-18T22:50:54","date_gmt":"2026-03-18T22:50:54","guid":{"rendered":"https:\/\/soydeaqui.ddns.net\/pachuca\/index.php\/producto\/barra-de-luces-integrity-ideal-para-equipar-vehiculos-oficialessignal-master-ambar-todo-el-frente-enciende-en-blanco-como-luz-de-trabajo\/"},"modified":"2026-03-18T22:50:55","modified_gmt":"2026-03-18T22:50:55","slug":"barra-de-luces-integrity-ideal-para-equipar-vehiculos-oficialessignal-master-ambar-todo-el-frente-enciende-en-blanco-como-luz-de-trabajo","status":"publish","type":"product","link":"https:\/\/soydeaqui.ddns.net\/pachuca\/index.php\/producto\/barra-de-luces-integrity-ideal-para-equipar-vehiculos-oficialessignal-master-ambar-todo-el-frente-enciende-en-blanco-como-luz-de-trabajo\/","title":{"rendered":"Barra de Luces INTEGRITY, ideal para equipar Veh\u00edculos Oficiales,Signal Master \u00e1mbar, todo el frente enciende en blanco como luz de trabajo"},"content":{"rendered":"<div style='width: 100%; max-width: 1200px; margin: 0 auto; font-family: sans-serif; line-height: 1.6; color: inherit; background-color: transparent;'>\n<div style='display: flex; flex-wrap: wrap; gap: 30px; margin-bottom: 30px;'>\n<div style='flex: 1 1 300px; min-width: 280px;'>\n<h3 style='font-size: 22px; border-bottom: 2px solid currentColor; padding-bottom: 5px; margin-top: 0; color: inherit; opacity: 0.8;'>Descripci\u00f3n<\/h3>\n<p style='font-size: 15px; color: inherit; margin-bottom: 15px;'>La barra de luces Integrity de FEDERAL SIGNAL es una barra de luces lineal moderna con tecnolog\u00eda LED multicolor.<\/p>\n<p style='font-size: 15px; color: inherit; margin-bottom: 15px;'>SpectraLux permite que una sola cabeza de luz cambie de color cuando est\u00e1 en funcionamiento&comma; ofreciendo 360 grados de salida de luz continua&comma; adem\u00e1s de sus luces callejoneras y de penetraci\u00f3n con una caracter\u00edstica de iluminaci\u00f3n impresionante.<\/p>\n<\/div>\n<\/div>\n<div style='display: flex; flex-wrap: wrap; gap: 20px; margin-bottom: 30px;'>\n<div style='flex: 1 1 250px; border: 1px solid rgba(150&comma; 150&comma; 150&comma; 0.4); border-radius: 8px; overflow: hidden; display: flex; flex-direction: column;'>\n<div style='padding: 15px; border-bottom: 1px solid rgba(150&comma; 150&comma; 150&comma; 0.2); font-weight: bold; font-size: 18px; color: inherit;'>Configuraci\u00f3n<\/div>\n<div style='padding: 15px; color: inherit;'>\n<ul style='padding-left: 20px; margin: 0; font-size: 14px; list-style-type: disc;'>\n<li style='margin-bottom: 5px;'>6 m\u00f3dulos de LED en color rojo\/blanco en la parte frontal<\/li>\n<li style='margin-bottom: 5px;'>6 m\u00f3dulos de LED en color azul\/blanco en la parte frontal<\/li>\n<li style='margin-bottom: 5px;'>1 m\u00f3dulo de LED en color rojo en la parte posterior<\/li>\n<li style='margin-bottom: 5px;'>1 m\u00f3dulo LED en color azul en la parte posterior<\/li>\n<li style='margin-bottom: 5px;'>4 m\u00f3dulos de LED rojo\/\u00e1mbar por la parte posterior<\/li>\n<li style='margin-bottom: 5px;'>4 m\u00f3dulos de LED azul\/\u00e1mbar por la parte posterior<\/li>\n<\/ul>\n<\/div>\n<\/div>\n<div style='flex: 1 1 250px; border: 1px solid rgba(150&comma; 150&comma; 150&comma; 0.4); border-radius: 8px; overflow: hidden; display: flex; flex-direction: column;'>\n<div style='padding: 15px; border-bottom: 1px solid rgba(150&comma; 150&comma; 150&comma; 0.2); font-weight: bold; font-size: 18px; color: inherit;'>Caracter\u00edsticas<\/div>\n<div style='padding: 15px; color: inherit;'>\n<ul style='padding-left: 20px; margin: 0; font-size: 14px; list-style-type: disc;'>\n<li style='margin-bottom: 5px;'>Montaje de Gancho<\/li>\n<li style='margin-bottom: 5px;'>Cumplimiento SAE<\/li>\n<li style='margin-bottom: 5px; font-weight: bold;'>Por la parte frontal tiene la capacidad de prender en rojo\/azul y adem\u00e1s prende todo el frente en color claro como luz de trabajo<\/li>\n<li style='margin-bottom: 5px;'>Luces Callejoneras<\/li>\n<li style='margin-bottom: 5px;'>Luces de Penetraci\u00f3n<\/li>\n<li style='margin-bottom: 5px; font-weight: bold;'>Capacidad de Signal Master Interconstruido en color \u00e1mbar<\/li>\n<li style='margin-bottom: 5px;'>Voltaje de Alimentaci\u00f3n: 12 Vcc<\/li>\n<li style='margin-bottom: 5px;'>Dimensiones: 111 x 5 x 24.5 cm<\/li>\n<\/ul>\n<\/div>\n<\/div>\n<\/div>\n<hr style='border: 0; border-top: 1px solid rgba(150&comma; 150&comma; 150&comma; 0.3); margin: 30px 0;'>\n<div style='display: flex; flex-wrap: wrap; gap: 30px; margin-bottom: 30px;'>\n<div style='flex: 1 1 300px; min-width: 280px;'>\n<h3 style='font-size: 22px; border-bottom: 2px solid currentColor; padding-bottom: 5px; margin-top: 0; color: inherit; opacity: 0.8;'>Informaci\u00f3n Adicional<\/h3>\n<ul style='padding-left: 20px; font-size: 15px; color: inherit; list-style-type: disc;'>\n<li style='margin-bottom: 5px; font-weight: bold;'>5 A\u00f1os de Garant\u00eda en m\u00f3dulos LED<\/li>\n<li style='margin-bottom: 5px; font-weight: bold;'>Producto bajo pedido<\/li>\n<\/ul>\n<\/div>\n<\/div>\n<div style='display: flex; flex-wrap: wrap; gap: 30px; justify-content: center; margin-top: 30px;'>\n<div style='position: relative; padding-bottom: 56.25%; height: 0; overflow: hidden; margin-bottom: 30px; flex: 1 1 640px; min-width: 300px;'> <\/div>\n<div style='position: relative; padding-bottom: 56.25%; height: 0; overflow: hidden; margin-bottom: 30px; flex: 1 1 640px; min-width: 300px;'> <\/div>\n<div style='position: relative; padding-bottom: 56.25%; height: 0; overflow: hidden; margin-bottom: 30px; flex: 1 1 640px; min-width: 300px;'> <\/div>\n<\/div>\n<\/div>\n","protected":false},"excerpt":{"rendered":"<p>Barra de Luces INTEGRITY, ideal para equipar Veh\u00edculos Oficiales,Signal Master \u00e1mbar, todo el frente enciende en blanco como luz de trabajo<\/p>\n","protected":false},"featured_media":50883,"comment_status":"open","ping_status":"closed","template":"","meta":[],"product_brand":[],"product_cat":[1358],"product_tag":[1356,1360,1359],"class_list":{"0":"post-50884","1":"product","2":"type-product","3":"status-publish","4":"has-post-thumbnail","6":"product_cat-rojo-azul","7":"product_tag-barras-de-luz-torretas-vehiculares","8":"product_tag-federal-signal","9":"product_tag-rojo-azul","11":"first","12":"outofstock","13":"sale","14":"shipping-taxable","15":"purchasable","16":"product-type-simple"},"_links":{"self":[{"href":"https:\/\/soydeaqui.ddns.net\/pachuca\/index.php\/wp-json\/wp\/v2\/product\/50884","targetHints":{"allow":["GET"]}}],"collection":[{"href":"https:\/\/soydeaqui.ddns.net\/pachuca\/index.php\/wp-json\/wp\/v2\/product"}],"about":[{"href":"https:\/\/soydeaqui.ddns.net\/pachuca\/index.php\/wp-json\/wp\/v2\/types\/product"}],"replies":[{"embeddable":true,"href":"https:\/\/soydeaqui.ddns.net\/pachuca\/index.php\/wp-json\/wp\/v2\/comments?post=50884"}],"wp:featuredmedia":[{"embeddable":true,"href":"https:\/\/soydeaqui.ddns.net\/pachuca\/index.php\/wp-json\/wp\/v2\/media\/50883"}],"wp:attachment":[{"href":"https:\/\/soydeaqui.ddns.net\/pachuca\/index.php\/wp-json\/wp\/v2\/media?parent=50884"}],"wp:term":[{"taxonomy":"product_brand","embeddable":true,"href":"https:\/\/soydeaqui.ddns.net\/pachuca\/index.php\/wp-json\/wp\/v2\/product_brand?post=50884"},{"taxonomy":"product_cat","embeddable":true,"href":"https:\/\/soydeaqui.ddns.net\/pachuca\/index.php\/wp-json\/wp\/v2\/product_cat?post=50884"},{"taxonomy":"product_tag","embeddable":true,"href":"https:\/\/soydeaqui.ddns.net\/pachuca\/index.php\/wp-json\/wp\/v2\/product_tag?post=50884"}],"curies":[{"name":"wp","href":"https:\/\/api.w.org\/{rel}","templated":true}]}}