{"id":50836,"date":"2026-03-18T22:49:34","date_gmt":"2026-03-18T22:49:34","guid":{"rendered":"https:\/\/soydeaqui.ddns.net\/pachuca\/index.php\/producto\/controlador-solar-pwm-12-24-v-10-a-salida-usb\/"},"modified":"2026-03-18T22:49:40","modified_gmt":"2026-03-18T22:49:40","slug":"controlador-solar-pwm-12-24-v-10-a-salida-usb","status":"publish","type":"product","link":"https:\/\/soydeaqui.ddns.net\/pachuca\/index.php\/producto\/controlador-solar-pwm-12-24-v-10-a-salida-usb\/","title":{"rendered":"Controlador Solar PWM 12\/24 V 10 A, Salida USB"},"content":{"rendered":"<div style='width: 100%; max-width: 1200px; margin: 0 auto; font-family: sans-serif; line-height: 1.6; color: inherit; background-color: transparent;'> <!-- Secci\u00f3n de caracter\u00edsticas principales --> <\/p>\n<div style='display: flex; flex-wrap: wrap; gap: 30px; margin-bottom: 30px;'>\n<div style='flex: 1 1 300px; min-width: 280px;'>\n<h3 style='font-size: 22px; border-bottom: 2px solid currentColor; padding-bottom: 5px; margin-top: 0; color: inherit; opacity: 0.8;'>Caracter\u00edsticas Principales<\/h3>\n<ul style='padding-left: 20px; font-size: 15px; color: inherit; list-style-type: disc;'>\n<li style='margin-bottom: 5px;'>Controlador de carga PWM inteligente con tierra positivo<\/li>\n<li style='margin-bottom: 5px;'>Indicador LED para estado de bater\u00eda<\/li>\n<li style='margin-bottom: 5px;'>Puerto USB para carga de dispositivos<\/li>\n<li style='margin-bottom: 5px;'>Protecci\u00f3n electr\u00f3nica amplia y segura<\/li>\n<li style='margin-bottom: 5px;'>Ideal para uso en sistemas solares<\/li>\n<\/ul><\/div>\n<\/p><\/div>\n<p> <!-- Secci\u00f3n de especificaciones t\u00e9cnicas --> <\/p>\n<div style='display: flex; flex-wrap: wrap; gap: 20px; margin-bottom: 30px;'>\n<div style='flex: 1 1 250px; border: 1px solid rgba(150&comma; 150&comma; 150&comma; 0.4); border-radius: 8px; overflow: hidden; display: flex; flex-direction: column;'>\n<div style='padding: 15px; border-bottom: 1px solid rgba(150&comma; 150&comma; 150&comma; 0.2); font-weight: bold; font-size: 18px; color: inherit;'>Especificaciones T\u00e9cnicas<\/div>\n<div style='padding: 15px; color: inherit;'>\n<ul style='padding-left: 20px; margin: 0; font-size: 14px; list-style-type: disc;'>\n<li style='margin-bottom: 5px;'><strong>Voltaje del sistema nominal:<\/strong> 12\/24 VDC (Auto)<\/li>\n<li style='margin-bottom: 5px;'><strong>Corriente de carga nominal:<\/strong> 10 A<\/li>\n<li style='margin-bottom: 5px;'><strong>Rango de voltaje de bater\u00eda:<\/strong> 8V\uff5e32V<\/li>\n<li style='margin-bottom: 5px;'><strong>Voltaje m\u00e1ximo de circuito abierto:<\/strong> 50 V<\/li>\n<li style='margin-bottom: 5px;'><strong>Consumo propio:<\/strong> 24V \u2264 7mA<\/li>\n<li style='margin-bottom: 5px;'><strong>Ca\u00edda de voltaje en carga:<\/strong> \u22640.13V<\/li>\n<li style='margin-bottom: 5px;'><strong>Ca\u00edda de voltaje en descarga:<\/strong> \u22640.17V<\/li>\n<li style='margin-bottom: 5px;'><strong>Interfaz USB:<\/strong> 5VDC\/2A<\/li>\n<li style='margin-bottom: 5px;'><strong>Coeficiente de compensaci\u00f3n de temperatura:<\/strong> -5mV\/\u2103\/2V<\/li>\n<li style='margin-bottom: 5px;'><strong>Rango de temperatura de operaci\u00f3n:<\/strong> -35\u2103 \uff5e +55\u2103<\/li>\n<li style='margin-bottom: 5px;'><strong>Humedad:<\/strong> \u226495% (N.C.)<\/li>\n<li style='margin-bottom: 5px;'><strong>Grado de protecci\u00f3n:<\/strong> IP20<\/li>\n<li style='margin-bottom: 5px;'><strong>Conexi\u00f3n a tierra:<\/strong> Com\u00fan positivo<\/li>\n<\/ul><\/div>\n<\/p><\/div>\n<p> <!-- Secci\u00f3n de dimensiones y peso --> <\/p>\n<div style='flex: 1 1 250px; border: 1px solid rgba(150&comma; 150&comma; 150&comma; 0.4); border-radius: 8px; overflow: hidden; display: flex; flex-direction: column;'>\n<div style='padding: 15px; border-bottom: 1px solid rgba(150&comma; 150&comma; 150&comma; 0.2); font-weight: bold; font-size: 18px; color: inherit;'>Dimensiones y Peso<\/div>\n<div style='padding: 15px; color: inherit;'>\n<ul style='padding-left: 20px; margin: 0; font-size: 14px; list-style-type: disc;'>\n<li style='margin-bottom: 5px;'><strong>Dimensiones:<\/strong> 120.3 x 67 x 21.8 mm<\/li>\n<li style='margin-bottom: 5px;'><strong>Dimensiones de montaje:<\/strong> 111.5 mm<\/li>\n<li style='margin-bottom: 5px;'><strong>Tama\u00f1o de orificios de montaje:<\/strong> \u03a64.5 mm<\/li>\n<li style='margin-bottom: 5px;'><strong>Secci\u00f3n de terminales:<\/strong> 12 AWG \/ 4 mm\u00b2<\/li>\n<li style='margin-bottom: 5px;'><strong>Peso neto:<\/strong> 0.10 kg<\/li>\n<\/ul><\/div>\n<\/p><\/div>\n<p> <!-- Secci\u00f3n de protecci\u00f3n y seguridad --> <\/p>\n<div style='flex: 1 1 250px; border: 1px solid rgba(150&comma; 150&comma; 150&comma; 0.4); border-radius: 8px; overflow: hidden; display: flex; flex-direction: column;'>\n<div style='padding: 15px; border-bottom: 1px solid rgba(150&comma; 150&comma; 150&comma; 0.2); font-weight: bold; font-size: 18px; color: inherit;'>Protecci\u00f3n y Seguridad<\/div>\n<div style='padding: 15px; color: inherit;'>\n<ul style='padding-left: 20px; margin: 0; font-size: 14px; list-style-type: disc;'>\n<li style='margin-bottom: 5px;'>Protecci\u00f3n contra sobre carga<\/li>\n<li style='margin-bottom: 5px;'>Protecci\u00f3n contra cortocircuito<\/li>\n<li style='margin-bottom: 5px;'>Protecci\u00f3n contra inversi\u00f3n de polaridad<\/li>\n<li style='margin-bottom: 5px;'>Protecci\u00f3n contra sobrevoltaje<\/li>\n<li style='margin-bottom: 5px;'>Protecci\u00f3n contra subtensi\u00f3n<\/li>\n<\/ul><\/div>\n<\/p><\/div>\n<\/p><\/div>\n<p> <!-- Secci\u00f3n de modo de carga --> <\/p>\n<div style='display: flex; flex-wrap: wrap; gap: 30px; margin-bottom: 30px;'>\n<div style='flex: 1 1 300px; min-width: 280px;'>\n<h3 style='font-size: 22px; border-bottom: 2px solid currentColor; padding-bottom: 5px; margin-top: 0; color: inherit; opacity: 0.8;'>Modos de Carga<\/h3>\n<ul style='padding-left: 20px; font-size: 15px; color: inherit; list-style-type: disc;'>\n<li style='margin-bottom: 5px;'>Carga PWM de 3 etapas: Carga r\u00e1pida&comma; Absorci\u00f3n\/Igualaci\u00f3n&comma; Flotaci\u00f3n<\/li>\n<li style='margin-bottom: 5px;'>Soporta 3 opciones de carga: Sellado&comma; Gel y H\u00famedo<\/li>\n<li style='margin-bottom: 5px;'>Funci\u00f3n de compensaci\u00f3n de temperatura de la bater\u00eda<\/li>\n<li style='margin-bottom: 5px;'>Configuraci\u00f3n mediante botones de tipo de bater\u00eda y salida de carga<\/li>\n<\/ul><\/div>\n<\/p><\/div>\n<p> <!-- Secci\u00f3n de aplicaciones --> <\/p>\n<div style='display: flex; flex-wrap: wrap; gap: 30px; margin-bottom: 30px;'>\n<div style='flex: 1 1 300px; min-width: 280px;'>\n<h3 style='font-size: 22px; border-bottom: 2px solid currentColor; padding-bottom: 5px; margin-top: 0; color: inherit; opacity: 0.8;'>Aplicaciones<\/h3>\n<ul style='padding-left: 20px; font-size: 15px; color: inherit; list-style-type: disc;'>\n<li style='margin-bottom: 5px;'>Sistemas solares para viviendas<\/li>\n<li style='margin-bottom: 5px;'>Cargadores solares para autom\u00f3viles<\/li>\n<li style='margin-bottom: 5px;'>Sistemas solares para embarcaciones<\/li>\n<li style='margin-bottom: 5px;'>Iluminaci\u00f3n solar de calles<\/li>\n<li style='margin-bottom: 5px;'>Generadores solares<\/li>\n<li style='margin-bottom: 5px;'>Mochilas solares<\/li>\n<\/ul><\/div>\n<\/p><\/div>\n<p> <!-- Separador --> <\/p>\n<hr style='border: 0; border-top: 1px solid rgba(150&comma; 150&comma; 150&comma; 0.3); margin: 30px 0;'> <\/div>\n","protected":false},"excerpt":{"rendered":"<p>Controlador Solar PWM 12\/24 V 10 A, Salida USB<\/p>\n","protected":false},"featured_media":50835,"comment_status":"open","ping_status":"closed","template":"","meta":[],"product_brand":[],"product_cat":[1242],"product_tag":[1243,964,1182],"class_list":{"0":"post-50836","1":"product","2":"type-product","3":"status-publish","4":"has-post-thumbnail","6":"product_cat-controladores-de-carga-pwm","7":"product_tag-controladores-de-carga-pwm","8":"product_tag-energia-solar","9":"product_tag-epever","11":"first","12":"instock","13":"sale","14":"shipping-taxable","15":"purchasable","16":"product-type-simple"},"_links":{"self":[{"href":"https:\/\/soydeaqui.ddns.net\/pachuca\/index.php\/wp-json\/wp\/v2\/product\/50836","targetHints":{"allow":["GET"]}}],"collection":[{"href":"https:\/\/soydeaqui.ddns.net\/pachuca\/index.php\/wp-json\/wp\/v2\/product"}],"about":[{"href":"https:\/\/soydeaqui.ddns.net\/pachuca\/index.php\/wp-json\/wp\/v2\/types\/product"}],"replies":[{"embeddable":true,"href":"https:\/\/soydeaqui.ddns.net\/pachuca\/index.php\/wp-json\/wp\/v2\/comments?post=50836"}],"wp:featuredmedia":[{"embeddable":true,"href":"https:\/\/soydeaqui.ddns.net\/pachuca\/index.php\/wp-json\/wp\/v2\/media\/50835"}],"wp:attachment":[{"href":"https:\/\/soydeaqui.ddns.net\/pachuca\/index.php\/wp-json\/wp\/v2\/media?parent=50836"}],"wp:term":[{"taxonomy":"product_brand","embeddable":true,"href":"https:\/\/soydeaqui.ddns.net\/pachuca\/index.php\/wp-json\/wp\/v2\/product_brand?post=50836"},{"taxonomy":"product_cat","embeddable":true,"href":"https:\/\/soydeaqui.ddns.net\/pachuca\/index.php\/wp-json\/wp\/v2\/product_cat?post=50836"},{"taxonomy":"product_tag","embeddable":true,"href":"https:\/\/soydeaqui.ddns.net\/pachuca\/index.php\/wp-json\/wp\/v2\/product_tag?post=50836"}],"curies":[{"name":"wp","href":"https:\/\/api.w.org\/{rel}","templated":true}]}}