{"id":50831,"date":"2026-03-18T22:49:24","date_gmt":"2026-03-18T22:49:24","guid":{"rendered":"https:\/\/soydeaqui.ddns.net\/pachuca\/index.php\/producto\/controlador-solar-pwm-12-24-v-20-a-salida-usb\/"},"modified":"2026-03-18T22:49:30","modified_gmt":"2026-03-18T22:49:30","slug":"controlador-solar-pwm-12-24-v-20-a-salida-usb","status":"publish","type":"product","link":"https:\/\/soydeaqui.ddns.net\/pachuca\/index.php\/producto\/controlador-solar-pwm-12-24-v-20-a-salida-usb\/","title":{"rendered":"Controlador Solar PWM 12\/24 V 20 A, Salida USB"},"content":{"rendered":"<div style='width: 100%; max-width: 1200px; margin: 0 auto; font-family: sans-serif; line-height: 1.6; color: inherit; background-color: transparent;'> <!-- Secci\u00f3n de caracter\u00edsticas principales --> <\/p>\n<div style='display: flex; flex-wrap: wrap; gap: 30px; margin-bottom: 30px;'>\n<div style='flex: 1 1 300px; min-width: 280px;'>\n<h3 style='font-size: 22px; border-bottom: 2px solid currentColor; padding-bottom: 5px; margin-top: 0; color: inherit; opacity: 0.8;'>Caracter\u00edsticas Principales<\/h3>\n<ul style='padding-left: 20px; font-size: 15px; color: inherit;'>\n<li style='margin-bottom: 5px;'>Controlador de carga PWM inteligente<\/li>\n<li style='margin-bottom: 5px;'>Indicador LED para estado de bater\u00eda<\/li>\n<li style='margin-bottom: 5px;'>Salida USB para carga de dispositivos<\/li>\n<li style='margin-bottom: 5px;'>Protecci\u00f3n electr\u00f3nica amplia incorporada<\/li>\n<li style='margin-bottom: 5px;'>Tierra positivo com\u00fan para f\u00e1cil instalaci\u00f3n<\/li>\n<\/ul><\/div>\n<\/p><\/div>\n<p> <!-- Secci\u00f3n de especificaciones t\u00e9cnicas --> <\/p>\n<div style='display: flex; flex-wrap: wrap; gap: 20px; margin-bottom: 30px;'>\n<div style='flex: 1 1 250px; border: 1px solid rgba(150&comma; 150&comma; 150&comma; 0.4); border-radius: 8px; overflow: hidden; display: flex; flex-direction: column;'>\n<div style='padding: 15px; border-bottom: 1px solid rgba(150&comma; 150&comma; 150&comma; 0.2); font-weight: bold; font-size: 18px; color: inherit;'>Especificaciones El\u00e9ctricas<\/div>\n<div style='padding: 15px; color: inherit;'>\n<ul style='padding-left: 20px; margin: 0; font-size: 14px; list-style-type: disc;'>\n<li style='margin-bottom: 5px;'><strong>Voltaje del sistema nominal:<\/strong> 12\/24VDC Auto<\/li>\n<li style='margin-bottom: 5px;'><strong>Corriente de carga nominal:<\/strong> 20A<\/li>\n<li style='margin-bottom: 5px;'><strong>Corriente de descarga nominal:<\/strong> 20A<\/li>\n<li style='margin-bottom: 5px;'><strong>Rango de voltaje de bater\u00eda:<\/strong> 8V\uff5e32V<\/li>\n<li style='margin-bottom: 5px;'><strong>Voltaje m\u00e1ximo circuito abierto del panel solar:<\/strong> 50V<\/li>\n<li style='margin-bottom: 5px;'><strong>Consumo propio:<\/strong> 24V \u22647mA<\/li>\n<li style='margin-bottom: 5px;'><strong>Tensi\u00f3n de ca\u00edda en carga:<\/strong> \u22640.13V<\/li>\n<li style='margin-bottom: 5px;'><strong>Tensi\u00f3n de ca\u00edda en descarga:<\/strong> \u22640.17V<\/li>\n<li style='margin-bottom: 5px;'><strong>Salida USB:<\/strong> 5VDC\/1.2A<\/li>\n<\/ul><\/div>\n<\/p><\/div>\n<div style='flex: 1 1 250px; border: 1px solid rgba(150&comma; 150&comma; 150&comma; 0.4); border-radius: 8px; overflow: hidden; display: flex; flex-direction: column;'>\n<div style='padding: 15px; border-bottom: 1px solid rgba(150&comma; 150&comma; 150&comma; 0.2); font-weight: bold; font-size: 18px; color: inherit;'>Caracter\u00edsticas F\u00edsicas<\/div>\n<div style='padding: 15px; color: inherit;'>\n<ul style='padding-left: 20px; margin: 0; font-size: 14px; list-style-type: disc;'>\n<li style='margin-bottom: 5px;'><strong>Compensaci\u00f3n de temperatura:<\/strong> -5mV\/\u2103\/2V<\/li>\n<li style='margin-bottom: 5px;'><strong>Rango de temperatura de operaci\u00f3n:<\/strong> -35\u2103 \uff5e +55\u2103<\/li>\n<li style='margin-bottom: 5px;'><strong>Humedad de operaci\u00f3n:<\/strong> \u226495% (sin condensaci\u00f3n)<\/li>\n<li style='margin-bottom: 5px;'><strong>Grado de protecci\u00f3n:<\/strong> IP20<\/li>\n<li style='margin-bottom: 5px;'><strong>Conexi\u00f3n a tierra:<\/strong> Positivo com\u00fan<\/li>\n<li style='margin-bottom: 5px;'><strong>Dimensiones:<\/strong> 120.3x67x21.8mm<\/li>\n<li style='margin-bottom: 5px;'><strong>Peso neto:<\/strong> 0.10kg<\/li>\n<\/ul><\/div>\n<\/p><\/div>\n<div style='flex: 1 1 250px; border: 1px solid rgba(150&comma; 150&comma; 150&comma; 0.4); border-radius: 8px; overflow: hidden; display: flex; flex-direction: column;'>\n<div style='padding: 15px; border-bottom: 1px solid rgba(150&comma; 150&comma; 150&comma; 0.2); font-weight: bold; font-size: 18px; color: inherit;'>Conexiones y Terminales<\/div>\n<div style='padding: 15px; color: inherit;'>\n<ul style='padding-left: 20px; margin: 0; font-size: 14px; list-style-type: disc;'>\n<li style='margin-bottom: 5px;'><strong>Tama\u00f1o de terminales:<\/strong> 12AWG\/4mm\u00b2<\/li>\n<li style='margin-bottom: 5px;'><strong>Tama\u00f1o de orificios de montaje:<\/strong> \u03a64.5mm<\/li>\n<li style='margin-bottom: 5px;'><strong>Distancia entre orificios de montaje:<\/strong> 111.5mm<\/li>\n<\/ul><\/div>\n<\/p><\/div>\n<\/p><\/div>\n<p> <!-- Secci\u00f3n de funciones y aplicaciones --> <\/p>\n<div style='display: flex; flex-wrap: wrap; gap: 30px; margin-bottom: 30px;'>\n<div style='flex: 1 1 300px; min-width: 280px;'>\n<h3 style='font-size: 22px; border-bottom: 2px solid currentColor; padding-bottom: 5px; margin-top: 0; color: inherit; opacity: 0.8;'>Funciones Adicionales<\/h3>\n<ul style='padding-left: 20px; font-size: 15px; color: inherit;'>\n<li style='margin-bottom: 5px;'>Carga inteligente de 3 etapas: Bulk&comma; Boost\/Equalize&comma; Float<\/li>\n<li style='margin-bottom: 5px;'>Soporta 3 opciones de bater\u00eda: Sellada&comma; Gel y Flooded<\/li>\n<li style='margin-bottom: 5px;'>Funci\u00f3n de compensaci\u00f3n de temperatura de bater\u00eda<\/li>\n<li style='margin-bottom: 5px;'>Configuraci\u00f3n mediante botones de tipo de bater\u00eda y salida de carga<\/li>\n<\/ul><\/div>\n<div style='flex: 1 1 300px; min-width: 280px;'>\n<h3 style='font-size: 22px; border-bottom: 2px solid currentColor; padding-bottom: 5px; margin-top: 0; color: inherit; opacity: 0.8;'>Aplicaciones<\/h3>\n<ul style='padding-left: 20px; font-size: 15px; color: inherit;'>\n<li style='margin-bottom: 5px;'>Sistemas solares residenciales<\/li>\n<li style='margin-bottom: 5px;'>Sistemas solares para embarcaciones<\/li>\n<li style='margin-bottom: 5px;'>Sistemas de iluminaci\u00f3n solar<\/li>\n<li style='margin-bottom: 5px;'>Generadores solares port\u00e1tiles<\/li>\n<li style='margin-bottom: 5px;'>Sistemas solares para mochilas<\/li>\n<li style='margin-bottom: 5px;'>Autom\u00f3viles solares<\/li>\n<\/ul><\/div>\n<\/p><\/div>\n<p> <!-- Separador --> <\/p>\n<hr style='border: 0; border-top: 1px solid rgba(150&comma; 150&comma; 150&comma; 0.3); margin: 30px 0;'> <\/div>\n","protected":false},"excerpt":{"rendered":"<p>Controlador Solar PWM 12\/24 V 20 A, Salida USB<\/p>\n","protected":false},"featured_media":50830,"comment_status":"open","ping_status":"closed","template":"","meta":[],"product_brand":[],"product_cat":[1242],"product_tag":[1243,964,1182],"class_list":{"0":"post-50831","1":"product","2":"type-product","3":"status-publish","4":"has-post-thumbnail","6":"product_cat-controladores-de-carga-pwm","7":"product_tag-controladores-de-carga-pwm","8":"product_tag-energia-solar","9":"product_tag-epever","11":"first","12":"instock","13":"sale","14":"shipping-taxable","15":"purchasable","16":"product-type-simple"},"_links":{"self":[{"href":"https:\/\/soydeaqui.ddns.net\/pachuca\/index.php\/wp-json\/wp\/v2\/product\/50831","targetHints":{"allow":["GET"]}}],"collection":[{"href":"https:\/\/soydeaqui.ddns.net\/pachuca\/index.php\/wp-json\/wp\/v2\/product"}],"about":[{"href":"https:\/\/soydeaqui.ddns.net\/pachuca\/index.php\/wp-json\/wp\/v2\/types\/product"}],"replies":[{"embeddable":true,"href":"https:\/\/soydeaqui.ddns.net\/pachuca\/index.php\/wp-json\/wp\/v2\/comments?post=50831"}],"wp:featuredmedia":[{"embeddable":true,"href":"https:\/\/soydeaqui.ddns.net\/pachuca\/index.php\/wp-json\/wp\/v2\/media\/50830"}],"wp:attachment":[{"href":"https:\/\/soydeaqui.ddns.net\/pachuca\/index.php\/wp-json\/wp\/v2\/media?parent=50831"}],"wp:term":[{"taxonomy":"product_brand","embeddable":true,"href":"https:\/\/soydeaqui.ddns.net\/pachuca\/index.php\/wp-json\/wp\/v2\/product_brand?post=50831"},{"taxonomy":"product_cat","embeddable":true,"href":"https:\/\/soydeaqui.ddns.net\/pachuca\/index.php\/wp-json\/wp\/v2\/product_cat?post=50831"},{"taxonomy":"product_tag","embeddable":true,"href":"https:\/\/soydeaqui.ddns.net\/pachuca\/index.php\/wp-json\/wp\/v2\/product_tag?post=50831"}],"curies":[{"name":"wp","href":"https:\/\/api.w.org\/{rel}","templated":true}]}}