{"id":50812,"date":"2026-03-18T22:48:49","date_gmt":"2026-03-18T22:48:49","guid":{"rendered":"https:\/\/soydeaqui.ddns.net\/pachuca\/index.php\/producto\/supresor-de-descargas-electricas-trifasico-de-50-ka-para-120-208-vac-con-modos-de-proteccion-l-n-l-l-l-g-y-n-g-con-tecnologia-mov-termica-coordinada\/"},"modified":"2026-03-18T22:48:50","modified_gmt":"2026-03-18T22:48:50","slug":"supresor-de-descargas-electricas-trifasico-de-50-ka-para-120-208-vac-con-modos-de-proteccion-l-n-l-l-l-g-y-n-g-con-tecnologia-mov-termica-coordinada","status":"publish","type":"product","link":"https:\/\/soydeaqui.ddns.net\/pachuca\/index.php\/producto\/supresor-de-descargas-electricas-trifasico-de-50-ka-para-120-208-vac-con-modos-de-proteccion-l-n-l-l-l-g-y-n-g-con-tecnologia-mov-termica-coordinada\/","title":{"rendered":"Supresor de Descargas El\u00e9ctricas Trif\u00e1sico de 50 kA Para 120\/208 Vac Con Modos de Protecci\u00f3n L-N, L-L, L-G y N-G Con Tecnolog\u00eda MOV T\u00e9rmica Coordinada"},"content":{"rendered":"<div style='width: 100%; max-width: 1200px; margin: 0 auto; font-family: sans-serif; line-height: 1.6; color: inherit; background-color: transparent;'> <!-- Logo --> <\/p>\n<div style='text-align: center; margin-bottom: 30px;'> <img style='width: 200px; height: auto; border: 1px solid rgba(150&comma;150&comma;150&comma;0.3); border-radius: 8px;' src='http:\/\/www.mercado-ideal.com\/logos\/logosl\/LEA-INTERNATIONAL.jpg' alt='LEA International Logo'> <\/div>\n<p> <!-- Caracter\u00edsticas Generales --> <\/p>\n<div style='display: flex; flex-wrap: wrap; gap: 30px; margin-bottom: 30px;'>\n<div style='flex: 1 1 300px; min-width: 280px;'>\n<h3 style='font-size: 22px; border-bottom: 2px solid currentColor; padding-bottom: 5px; margin-top: 0; color: inherit; opacity: 0.8;'>Caracter\u00edsticas Generales<\/h3>\n<ul style='padding-left: 20px; font-size: 15px; color: inherit;'>\n<li style='margin-bottom: 5px;'>Voltaje de operaci\u00f3n nominal: 120\/208 Vac<\/li>\n<li style='margin-bottom: 5px;'>Modos de protecci\u00f3n: L-L&comma; L-N&comma; L-G y N-G<\/li>\n<li style='margin-bottom: 5px;'>Capacidad de sobrecorriente por modo\/fase: 50 kA<\/li>\n<li style='margin-bottom: 5px;'>M\u00e1xima disipaci\u00f3n de sobrecorriente por fase: 50 kA<\/li>\n<li style='margin-bottom: 5px;'>Fault rating (SCCR): 200 kAIC<\/li>\n<li style='margin-bottom: 5px;'>Locaci\u00f3n IEEE: C-High&comma; B-Medium<\/li>\n<li style='margin-bottom: 5px;'>Locaci\u00f3n UL: Tipo 1 o tipo 2<\/li>\n<li style='margin-bottom: 5px;'>Tiempo de respuesta: <1 ns<\/li>\n<li style='margin-bottom: 5px;'>Calibre para cable: #12<\/li>\n<li style='margin-bottom: 5px;'>Tipo de gabinete: NEMA 4X<\/li>\n<li style='margin-bottom: 5px;'>Conexi\u00f3n de breaker recomendado: 30 A<\/li>\n<li style='margin-bottom: 5px;'>Certificaciones: UL 1449 4ta Edici\u00f3n Listada<\/li>\n<\/ul><\/div>\n<p> <!-- Caracter\u00edsticas T\u00e9cnicas --> <\/p>\n<div style='flex: 1 1 300px; min-width: 280px;'>\n<h3 style='font-size: 22px; border-bottom: 2px solid currentColor; padding-bottom: 5px; margin-top: 0; color: inherit; opacity: 0.8;'>Caracter\u00edsticas T\u00e9cnicas<\/h3>\n<ul style='padding-left: 20px; font-size: 15px; color: inherit;'>\n<li style='margin-bottom: 5px;'>Conexi\u00f3n: Paralelo<\/li>\n<li style='margin-bottom: 5px;'>Frecuencia de operaci\u00f3n: 50 \/ 60 Hz<\/li>\n<li style='margin-bottom: 5px;'>Capacidad de sobretensi\u00f3n por modo: 50 kA<\/li>\n<li style='margin-bottom: 5px;'>Corriente m\u00e1xima de descarga: 50 kA<\/li>\n<li style='margin-bottom: 5px;'>Indicaci\u00f3n de estado LED<\/li>\n<li style='margin-bottom: 5px;'>Tecnolog\u00eda: MOV con protecci\u00f3n t\u00e9rmica<\/li>\n<li style='margin-bottom: 5px;'>Configuraciones: 120 Vac a 600 Vac<\/li>\n<li style='margin-bottom: 5px;'>Sin protecci\u00f3n externa requerida (fusibles)<\/li>\n<li style='margin-bottom: 5px;'>Dise\u00f1o compacto y construcci\u00f3n robusta<\/li>\n<li style='margin-bottom: 5px;'>Instalaci\u00f3n r\u00e1pida para uso interior y exterior<\/li>\n<\/ul><\/div>\n<p> <!-- Condiciones Ambientales --> <\/p>\n<div style='flex: 1 1 300px; min-width: 280px;'>\n<h3 style='font-size: 22px; border-bottom: 2px solid currentColor; padding-bottom: 5px; margin-top: 0; color: inherit; opacity: 0.8;'>Condiciones Ambientales<\/h3>\n<ul style='padding-left: 20px; font-size: 15px; color: inherit;'>\n<li style='margin-bottom: 5px;'>Humedad (no condensante): 5% a 95%<\/li>\n<li style='margin-bottom: 5px;'>Temperatura de operaci\u00f3n: -40\u00b0C a +85\u00b0C<\/li>\n<li style='margin-bottom: 5px;'>Altitud de operaci\u00f3n: Hasta 12&comma;000 pies<\/li>\n<\/ul><\/div>\n<p> <!-- Dimensiones --> <\/p>\n<div style='flex: 1 1 300px; min-width: 280px;'>\n<h3 style='font-size: 22px; border-bottom: 2px solid currentColor; padding-bottom: 5px; margin-top: 0; color: inherit; opacity: 0.8;'>Dimensiones<\/h3>\n<ul style='padding-left: 20px; font-size: 15px; color: inherit;'>\n<li style='margin-bottom: 5px;'>Tama\u00f1o: 4.5&#8242; x 3.6&#8242; x 2.5&#8242; (11.43 cm x 9.14 cm x 6.17 cm)<\/li>\n<li style='margin-bottom: 5px;'>Peso m\u00e1ximo: 1.3 lbs \/ 0.59 kg<\/li>\n<li style='margin-bottom: 5px;'>Longitud de cables: \u2264 1.5&#8242; (recomendado)<\/li>\n<\/ul><\/div>\n<\/p><\/div>\n<p> <!-- Separador --> <\/p>\n<hr style='border: 0; border-top: 1px solid rgba(150&comma; 150&comma; 150&comma; 0.3); margin: 30px 0;'> <!-- Aplicaciones --> <\/p>\n<div style='margin-bottom: 30px;'>\n<h3 style='font-size: 22px; border-bottom: 2px solid currentColor; padding-bottom: 5px; margin-top: 0; color: inherit; opacity: 0.8;'>Aplicaciones<\/h3>\n<p style='font-size: 15px; color: inherit; margin-bottom: 15px;'>El Supresor de Descargas El\u00e9ctricas Trif\u00e1sico de 50 kA est\u00e1 dise\u00f1ado para proteger equipos sensibles en aplicaciones industriales y comerciales. Ofrece protecci\u00f3n integral en modos L-N&comma; L-L&comma; L-G y N-G&comma; adecuado para configuraciones monof\u00e1sicas&comma; bif\u00e1sicas&comma; trif\u00e1sicas tipo Wye y Delta.<\/p>\n<p style='font-size: 15px; color: inherit; margin-bottom: 15px;'>Cumple con los est\u00e1ndares UL 1449 4ta Edici\u00f3n y NEMA 4X&comma; lo que garantiza su uso en ambientes exigentes. Ideal para la protecci\u00f3n de paneles el\u00e9ctricos&comma; equipos de telecomunicaciones&comma; sistemas de control industrial y dispositivos electr\u00f3nicos cr\u00edticos.<\/p>\n<\/p><\/div>\n<p> <!-- Est\u00e1ndares --> <\/p>\n<div style='margin-bottom: 30px;'>\n<h3 style='font-size: 22px; border-bottom: 2px solid currentColor; padding-bottom: 5px; margin-top: 0; color: inherit; opacity: 0.8;'>Est\u00e1ndares<\/h3>\n<ul style='padding-left: 20px; font-size: 15px; color: inherit;'>\n<li style='margin-bottom: 5px;'>UL 1449 4ta Edici\u00f3n&comma; Listed<\/li>\n<li style='margin-bottom: 5px;'>NEC Art\u00edculo 100\/285<\/li>\n<li style='margin-bottom: 5px;'>NEMA 4 y NEMA 4X<\/li>\n<\/ul><\/div>\n<\/p><\/div>\n","protected":false},"excerpt":{"rendered":"<p>Supresor de Descargas El\u00e9ctricas Trif\u00e1sico de 50 kA Para 120\/208 Vac Con Modos de Protecci\u00f3n L-N, L-L, L-G y N-G Con Tecnolog\u00eda MOV T\u00e9rmica Coordinada<\/p>\n","protected":false},"featured_media":50811,"comment_status":"open","ping_status":"closed","template":"","meta":[],"product_brand":[],"product_cat":[967],"product_tag":[968,1341,898],"class_list":{"0":"post-50812","1":"product","2":"type-product","3":"status-publish","4":"has-post-thumbnail","6":"product_cat-corriente-alterna","7":"product_tag-corriente-alterna","8":"product_tag-lea-international","9":"product_tag-proteccion-contra-descargas","11":"first","12":"outofstock","13":"sale","14":"shipping-taxable","15":"purchasable","16":"product-type-simple"},"_links":{"self":[{"href":"https:\/\/soydeaqui.ddns.net\/pachuca\/index.php\/wp-json\/wp\/v2\/product\/50812","targetHints":{"allow":["GET"]}}],"collection":[{"href":"https:\/\/soydeaqui.ddns.net\/pachuca\/index.php\/wp-json\/wp\/v2\/product"}],"about":[{"href":"https:\/\/soydeaqui.ddns.net\/pachuca\/index.php\/wp-json\/wp\/v2\/types\/product"}],"replies":[{"embeddable":true,"href":"https:\/\/soydeaqui.ddns.net\/pachuca\/index.php\/wp-json\/wp\/v2\/comments?post=50812"}],"wp:featuredmedia":[{"embeddable":true,"href":"https:\/\/soydeaqui.ddns.net\/pachuca\/index.php\/wp-json\/wp\/v2\/media\/50811"}],"wp:attachment":[{"href":"https:\/\/soydeaqui.ddns.net\/pachuca\/index.php\/wp-json\/wp\/v2\/media?parent=50812"}],"wp:term":[{"taxonomy":"product_brand","embeddable":true,"href":"https:\/\/soydeaqui.ddns.net\/pachuca\/index.php\/wp-json\/wp\/v2\/product_brand?post=50812"},{"taxonomy":"product_cat","embeddable":true,"href":"https:\/\/soydeaqui.ddns.net\/pachuca\/index.php\/wp-json\/wp\/v2\/product_cat?post=50812"},{"taxonomy":"product_tag","embeddable":true,"href":"https:\/\/soydeaqui.ddns.net\/pachuca\/index.php\/wp-json\/wp\/v2\/product_tag?post=50812"}],"curies":[{"name":"wp","href":"https:\/\/api.w.org\/{rel}","templated":true}]}}