{"id":508,"date":"2026-03-18T05:40:18","date_gmt":"2026-03-18T05:40:18","guid":{"rendered":"https:\/\/soydeaqui.ddns.net\/pachuca\/index.php\/producto\/ax-home-kit-de-alarma-ax-home-incluye-1-hub-con-bateria-de-respaldo-1-llavero-1-pir-2-contactos-magneticos-1-sirena-wi-fi-compatible-con-hik-connect-p2p-y-hik-partner-pro\/"},"modified":"2026-03-18T05:40:18","modified_gmt":"2026-03-18T05:40:18","slug":"ax-home-kit-de-alarma-ax-home-incluye-1-hub-con-bateria-de-respaldo-1-llavero-1-pir-2-contactos-magneticos-1-sirena-wi-fi-compatible-con-hik-connect-p2p-y-hik-partner-pro","status":"publish","type":"product","link":"https:\/\/soydeaqui.ddns.net\/pachuca\/index.php\/producto\/ax-home-kit-de-alarma-ax-home-incluye-1-hub-con-bateria-de-respaldo-1-llavero-1-pir-2-contactos-magneticos-1-sirena-wi-fi-compatible-con-hik-connect-p2p-y-hik-partner-pro\/","title":{"rendered":"(AX HOME) KIT de Alarma AX HOME \/ Incluye: 1 Hub con bater\u00eda de respaldo \/ 1 Llavero \/ 1 PIR \/ 2 Contactos Magn\u00e9ticos \/ 1 Sirena \/ Wi-Fi \/ Compatible con Hik-Connect P2P y Hik-Partner PRO"},"content":{"rendered":"<div style='width: 100%; max-width: 1200px; margin: 0 auto; font-family: sans-serif; line-height: 1.6; color: inherit; background-color: transparent;'> <!-- Logo --> <\/p>\n<div style='text-align: center; margin: 30px 0;'> <img style='width: 45%; height: auto; border: 1px solid rgba(150&comma;150&comma;150&comma;0.3); border-radius: 8px;' src='https:\/\/ftp3.syscom.mx\/usuarios\/jsosa\/HIKVISION\/imagenes\/logo\/hikvision%20see%20far.png' alt='Logo Hikvision'> <\/div>\n<p> <!-- Video principal --> <\/p>\n<div style='margin-bottom: 30px;'>\n<div style='position: relative; padding-bottom: 56.25%; height: 0; overflow: hidden; margin-bottom: 30px;'>   <\/div>\n<div style='text-align: center; font-weight: bold; font-size: 18px; color: #ff0000; border-bottom: 2px solid #ff0000; padding-bottom: 10px; margin-bottom: 20px;'> AX HOME: Tu guardi\u00e1n de confianza para el Hogar <\/div>\n<\/p><\/div>\n<p> <!-- Consideraciones --> <\/p>\n<div style='margin-bottom: 30px;'>\n<h3 style='font-size: 18px; color: #ff0000; border-bottom: 2px solid #ff0000; padding-bottom: 5px; margin-top: 0; margin-bottom: 15px;'>Consideraciones:<\/h3>\n<ul style='padding-left: 20px; font-size: 14px; color: inherit;'>\n<li style='margin-bottom: 5px;'>Conexi\u00f3n Wi-Fi para comunicaci\u00f3n en la nube<\/li>\n<li style='margin-bottom: 5px;'>Alcance de transmisi\u00f3n de se\u00f1al de radio de hasta 1200 metros en espacio abierto.<\/li>\n<li style='margin-bottom: 5px;'><strong>NOTA: Esta distancia puede variar por diferentes condiciones&comma; obst\u00e1culos&comma; ruido digital&comma; clima&comma; etc.<\/strong><\/li>\n<\/ul><\/div>\n<hr style='border: 0; border-top: 1px solid rgba(150&comma; 150&comma; 150&comma; 0.3); margin: 30px 0;'> <!-- Videos adicionales --> <\/p>\n<div style='display: flex; flex-wrap: wrap; gap: 30px; margin-bottom: 30px;'>\n<div style='flex: 1 1 400px; min-width: 280px;'>\n<div style='position: relative; padding-bottom: 56.25%; height: 0; overflow: hidden; margin-bottom: 15px;'>   <\/div>\n<div style='text-align: center; font-weight: bold; font-size: 18px; color: #ff0000; border-bottom: 2px solid #ff0000; padding-bottom: 10px;'> Protecci\u00f3n sin Fronteras <\/div>\n<\/p><\/div>\n<div style='flex: 1 1 400px; min-width: 280px;'>\n<div style='position: relative; padding-bottom: 56.25%; height: 0; overflow: hidden; margin-bottom: 15px;'>   <\/div>\n<div style='text-align: center; font-weight: bold; font-size: 18px; color: #ff0000; border-bottom: 2px solid #ff0000; padding-bottom: 10px;'> Unboxing AX HOME <\/div>\n<\/p><\/div>\n<\/p><\/div>\n<hr style='border: 0; border-top: 1px solid rgba(150&comma; 150&comma; 150&comma; 0.3); margin: 30px 0;'> <!-- Contenido del kit --> <\/p>\n<div style='margin-bottom: 30px;'>\n<h1 style='text-align: center; font-size: 24px; color: inherit; margin-bottom: 10px;'>AXHOME-KIT-WIFI<\/h1>\n<h3 style='text-align: center; font-size: 20px; color: inherit; margin-bottom: 20px;'>KIT Alarma Hikvision&comma; Incluye:<\/h3>\n<div style='display: flex; flex-wrap: wrap; justify-content: center; gap: 15px;'>\n<div style='flex: 1 1 300px; min-width: 200px; text-align: center; padding: 10px;'> 1 x <strong><a href='https:\/\/www.syscom.mx\/producto\/DS-PA201P-16WB-HIKVISION-230619.html' target='_blank' rel='noopener' style='color: inherit; text-decoration: underline;'>DS-PA201P-16WB<\/a><\/strong> <\/div>\n<div style='flex: 1 1 300px; min-width: 200px; text-align: center; padding: 10px;'> 1 x <strong><a href='https:\/\/www.syscom.mx\/producto\/DS-PKF201-WB-HIKVISION-230621.html' target='_blank' rel='noopener' style='color: inherit; text-decoration: underline;'>DS-PKF201-WB<\/a><\/strong> <\/div>\n<div style='flex: 1 1 300px; min-width: 200px; text-align: center; padding: 10px;'> 1 x <strong><a href='https:\/\/www.syscom.mx\/producto\/DS-PD201P10-WB-HIKVISION-230625.html' target='_blank' rel='noopener' style='color: inherit; text-decoration: underline;'>DS-PD201P10-WB<\/a><\/strong> <\/div>\n<div style='flex: 1 1 300px; min-width: 200px; text-align: center; padding: 10px;'> 2 x <strong><a href='https:\/\/www.syscom.mx\/producto\/DS-PD201MC-WB-HIKVISION-230626.html' target='_blank' rel='noopener' style='color: inherit; text-decoration: underline;'>DS-PD201MC-WB<\/a><\/strong> <\/div>\n<div style='flex: 1 1 300px; min-width: 200px; text-align: center; padding: 10px;'> 1 x <strong><a href='https:\/\/www.syscom.mx\/producto\/DS-PS201-WB-HIKVISION-230624.html' target='_blank' rel='noopener' style='color: inherit; text-decoration: underline;'>DS-PS201-WB<\/a><\/strong> <\/div>\n<\/p><\/div>\n<\/p><\/div>\n<p> <!-- Componentes del kit --> <\/p>\n<div style='display: flex; flex-wrap: wrap; gap: 30px; margin-bottom: 30px;'> <!-- Panel --> <\/p>\n<div style='flex: 1 1 300px; min-width: 280px;'>\n<div style='text-align: center; margin-bottom: 15px;'> <a href='https:\/\/www.syscom.mx\/producto\/DS-PA201P-16WB-HIKVISION-230619.html' target='_blank' rel='noopener'> <img style='width: 100%; max-width: 200px; height: auto; border: 1px solid rgba(150&comma;150&comma;150&comma;0.3); border-radius: 8px;' src='https:\/\/ftp3.syscom.mx\/usuarios\/fotos\/BancoFotografiasSyscom\/HIKVISION\/DSPA201P16WB\/DSPA201P16WB-p.PNG' alt='Panel DS-PA201P-16WB'> <\/a> <\/div>\n<h3 style='font-size: 18px; border-bottom: 2px solid currentColor; padding-bottom: 5px; margin-top: 0; margin-bottom: 15px; color: inherit; opacity: 0.8;'>1 x <a href='https:\/\/www.syscom.mx\/producto\/DS-PA201P-16WB-HIKVISION-230619.html' target='_blank' rel='noopener' style='color: inherit; text-decoration: underline;'>DS-PA201P-16WB<\/a><\/h3>\n<ul style='padding-left: 20px; font-size: 14px; color: inherit;'>\n<li style='margin-bottom: 5px;'>Soporta hasta 16 zonas o salidas de alarma (permite combinar entre salidas y zonas)<\/li>\n<li style='margin-bottom: 5px;'>Soporta hasta 4 teclados (<a href='https:\/\/www.syscom.mx\/producto\/hikvision-ds-pk201b-wb-230622.html' target='_blank' rel='noopener' style='color: inherit; text-decoration: underline;'><strong>DS-PK201B-WB<\/strong><\/a>)<\/li>\n<li style='margin-bottom: 5px;'>Soporta hasta 4 sirenas (<a href='https:\/\/www.syscom.mx\/producto\/hikvision-ds-ps201-wb-230624.html' target='_blank' rel='noopener' style='color: inherit; text-decoration: underline;'><strong>DS-PS201-WB<\/strong><\/a>)<\/li>\n<li style='margin-bottom: 5px;'>Soporta hasta 16 llaveros (<a href='https:\/\/www.syscom.mx\/producto\/hikvision-ds-pkf201-wb-230621.html' target='_blank' rel='noopener' style='color: inherit; text-decoration: underline;'><strong>DS-PKF201-WB<\/strong><\/a>)<\/li>\n<\/ul><\/div>\n<p> <!-- Llavero --> <\/p>\n<div style='flex: 1 1 300px; min-width: 280px;'>\n<div style='text-align: center; margin-bottom: 15px;'> <a href='https:\/\/www.syscom.mx\/producto\/DS-PKF201-WB-HIKVISION-230621.html' target='_blank' rel='noopener'> <img style='width: 100%; max-width: 400px; height: auto; border: 1px solid rgba(150&comma;150&comma;150&comma;0.3); border-radius: 8px;' src='https:\/\/ftp3.syscom.mx\/usuarios\/fotos\/BancoFotografiasSyscom\/HIKVISION\/DSPKF201WB\/DSPKF201WB-p.PNG' alt='Llavero DS-PKF201-WB'> <\/a> <\/div>\n<h3 style='font-size: 18px; border-bottom: 2px solid currentColor; padding-bottom: 5px; margin-top: 0; margin-bottom: 15px; color: inherit; opacity: 0.8;'>1 x <a href='https:\/\/www.syscom.mx\/producto\/DS-PKF201-WB-HIKVISION-230621.html' target='_blank' rel='noopener' style='color: inherit; text-decoration: underline;'>DS-PKF201-WB<\/a><\/h3>\n<ul style='padding-left: 20px; font-size: 14px; color: inherit;'>\n<li style='margin-bottom: 5px;'>Tecnolog\u00eda inal\u00e1mbrica por radiofrecuencia.<\/li>\n<li style='margin-bottom: 5px;'>Permite realizar operaciones de armado&comma; desarmado.<\/li>\n<li style='margin-bottom: 5px;'>Botones configurables<\/li>\n<li style='margin-bottom: 5px;'>Bater\u00eda reemplazable<\/li>\n<\/ul><\/div>\n<p> <!-- Sensor PIR --> <\/p>\n<div style='flex: 1 1 300px; min-width: 280px;'>\n<div style='text-align: center; margin-bottom: 15px;'> <a href='https:\/\/www.syscom.mx\/producto\/DS-PD201P10-WB-HIKVISION-230625.html' target='_blank' rel='noopener'> <img style='width: 100%; max-width: 400px; height: auto; border: 1px solid rgba(150&comma;150&comma;150&comma;0.3); border-radius: 8px;' src='https:\/\/ftp3.syscom.mx\/usuarios\/fotos\/BancoFotografiasSyscom\/HIKVISION\/DSPD201P10WB\/DSPD201P10WB-p.PNG' alt='Sensor PIR DS-PD201P10-WB'> <\/a> <\/div>\n<h3 style='font-size: 18px; border-bottom: 2px solid currentColor; padding-bottom: 5px; margin-top: 0; margin-bottom: 15px; color: inherit; opacity: 0.8;'>1 x <a href='https:\/\/www.syscom.mx\/producto\/DS-PD201P10-WB-HIKVISION-230625.html' target='_blank' rel='noopener' style='color: inherit; text-decoration: underline;'>DS-PD201P10-WB<\/a><\/h3>\n<ul style='padding-left: 20px; font-size: 14px; color: inherit;'>\n<li style='margin-bottom: 5px;'>Rango de detecci\u00f3n: 10 metros.<\/li>\n<li style='margin-bottom: 5px;'>\u00c1ngulo de detecci\u00f3n: 90\u00b0.<\/li>\n<li style='margin-bottom: 5px;'>NO incluye el montaje (cotizar el modelo DS-PDB-IN-U)<\/li>\n<li style='margin-bottom: 5px;'>Altura de instalaci\u00f3n: 2 a 2.4 metros.<\/li>\n<\/ul><\/div>\n<p> <!-- Contacto magn\u00e9tico --> <\/p>\n<div style='flex: 1 1 300px; min-width: 280px;'>\n<div style='text-align: center; margin-bottom: 15px;'> <a href='https:\/\/www.syscom.mx\/producto\/DS-PD201MC-WB-HIKVISION-230626.html' target='_blank' rel='noopener'> <img style='width: 100%; max-width: 400px; height: auto; border: 1px solid rgba(150&comma;150&comma;150&comma;0.3); border-radius: 8px;' src='https:\/\/ftp3.syscom.mx\/usuarios\/fotos\/BancoFotografiasSyscom\/HIKVISION\/DSPD201MCWB\/DSPD201MCWB-p.PNG' alt='Contacto magn\u00e9tico DS-PD201MC-WB'> <\/a> <\/div>\n<h3 style='font-size: 18px; border-bottom: 2px solid currentColor; padding-bottom: 5px; margin-top: 0; margin-bottom: 15px; color: inherit; opacity: 0.8;'>2 x <a href='https:\/\/www.syscom.mx\/producto\/DS-PD201MC-WB-HIKVISION-230626.html' target='_blank' rel='noopener' style='color: inherit; text-decoration: underline;'>DS-PD201MC-WB<\/a><\/h3>\n<ul style='padding-left: 20px; font-size: 14px; color: inherit;'>\n<li style='margin-bottom: 5px;'>Tecnolog\u00eda inal\u00e1mbrica por radiofrecuencia.<\/li>\n<li style='margin-bottom: 5px;'>Contiene indicador LED.<\/li>\n<li style='margin-bottom: 5px;'>Espacio m\u00e1ximo de apertura antes de la alerta: 25mm.<\/li>\n<\/ul><\/div>\n<p> <!-- Sirena --> <\/p>\n<div style='flex: 1 1 300px; min-width: 280px;'>\n<div style='text-align: center; margin-bottom: 15px;'> <a href='https:\/\/www.syscom.mx\/producto\/DS-PS201-WB-HIKVISION-230624.html' target='_blank' rel='noopener'> <img style='width: 100%; max-width: 400px; height: auto; border: 1px solid rgba(150&comma;150&comma;150&comma;0.3); border-radius: 8px;' src='https:\/\/ftp3.syscom.mx\/usuarios\/fotos\/BancoFotografiasSyscom\/HIKVISION\/DSPS201WB\/DSPS201WB-p.PNG' alt='Sirena DS-PS201-WB'> <\/a> <\/div>\n<h3 style='font-size: 18px; border-bottom: 2px solid currentColor; padding-bottom: 5px; margin-top: 0; margin-bottom: 15px; color: inherit; opacity: 0.8;'>1 x <a href='https:\/\/www.syscom.mx\/producto\/DS-PS201-WB-HIKVISION-230624.html' target='_blank' rel='noopener' style='color: inherit; text-decoration: underline;'>DS-PS201-WB<\/a><\/h3>\n<ul style='padding-left: 20px; font-size: 14px; color: inherit;'>\n<li style='margin-bottom: 5px;'>Buzzer 95 db a 1 metro de distancia (Ajustable entre 80-95 dB).<\/li>\n<li style='margin-bottom: 5px;'>4 tipos de sonidos de alarma: alarma de fuego&comma; alarma de p\u00e1nico&comma; alarma m\u00e9dica y alarma de intrusi\u00f3n.<\/li>\n<li style='margin-bottom: 5px;'>Duraci\u00f3n de la alarma: Ajustable entre 10 segundos a 15 minutos<\/li>\n<\/ul><\/div>\n<\/p><\/div>\n<p> <!-- Compatibilidad con AX PRO --> <\/p>\n<div style='margin-bottom: 30px;'>\n<h3 style='font-size: 18px; border-bottom: 2px solid #ff0000; padding-bottom: 5px; margin-top: 0; margin-bottom: 15px; color: #ff0000; opacity: 0.8;'>Compatibilidad con detectores AX PRO:<\/h3>\n<p style='font-size: 14px; color: inherit;'>A partir de la actualizaci\u00f3n 1.2.50 el panel AX HOME es compatible con los siguientes detectores de AX PRO:<\/p>\n<ul style='padding-left: 20px; font-size: 14px; color: inherit;'>\n<li style='margin-bottom: 5px;'><a href='https:\/\/www.syscom.pro\/products\/189894' target='_blank' rel='noopener' style='color: inherit; text-decoration: underline;'>DS-PS1-E-WB\/R<\/a><\/li>\n<li style='margin-bottom: 5px;'><a href='https:\/\/www.syscom.pro\/products\/189895' target='_blank' rel='noopener' style='color: inherit; text-decoration: underline;'>DS-PS1-E-WB\/B<\/a><\/li>\n<li style='margin-bottom: 5px;'><a href='https:\/\/www.syscom.pro\/products\/213570' target='_blank' rel='noopener' style='color: inherit; text-decoration: underline;'>DS-PDP18-HM-WB<\/a><\/li>\n<li style='margin-bottom: 5px;'><a href='https:\/\/www.syscom.pro\/products\/207681' target='_blank' rel='noopener' style='color: inherit; text-decoration: underline;'>DS-PDEB1-EG2-WB(B)<\/a><\/li>\n<li style='margin-bottom: 5px;'><a href='https:\/\/www.syscom.pro\/products\/207788' target='_blank' rel='noopener' style='color: inherit; text-decoration: underline;'>DS-PDEB2-EG2-WB(B)<\/a><\/li>\n<li style='margin-bottom: 5px;'><a href='https:\/\/www.syscom.pro\/products\/191819' target='_blank' rel='noopener' style='color: inherit; text-decoration: underline;'>DS-PM1-O1L-WB<\/a><\/li>\n<li style='margin-bottom: 5px;'><a href='https:\/\/www.syscom.pro\/products\/229632' target='_blank' rel='noopener' style='color: inherit; text-decoration: underline;'>DS-PDMCK-EG2-WB(B)<\/a><\/li>\n<li style='margin-bottom: 5px;'><a href='https:\/\/www.syscom.pro\/products\/189648' target='_blank' rel='noopener' style='color: inherit; text-decoration: underline;'>DS-PDEBP1-EG2-WB<\/a><\/li>\n<li style='margin-bottom: 5px;'><a href='https:\/\/www.syscom.pro\/products\/189747' target='_blank' rel='noopener' style='color: inherit; text-decoration: underline;'>DS-PDEBP2-EG2-WB<\/a><\/li>\n<\/ul>\n<div style='margin-top: 15px; font-size: 14px; color: inherit;'> <strong>NOTA:<\/strong> Los detectores de AX PRO que se agreguen a un panel de AX HOME no podr\u00e1n ser agregados nuevamente a un panel AX PRO. <\/div>\n<\/p><\/div>\n<p> <!-- Imagen de compatibilidad --> <\/p>\n<div style='text-align: center; margin: 30px 0;'> <img style='width: 100%; border: 1px solid rgba(150&comma;150&comma;150&comma;0.3); border-radius: 8px;' src='https:\/\/ftp3.syscom.mx\/usuarios\/jsosa\/HIKVISION\/alarmas\/AXHOME\/imagenes\/Compatibilidad%20AX%20HOME.png' alt='Compatibilidad AX HOME'> <\/div>\n<p> <!-- Banner final --> <\/p>\n<div style='text-align: center; margin: 30px 0;'> <a href='https:\/\/www.syscom.mx\/principal\/listadoproductosazul\/intrusion-hikvision-paneles-de-alarma-y-accesorios-ax-home-series-66704.html?ordenar=Precio_de_Menor_a_Mayor&#038;pag=1' target='_blank' rel='noopener'> <img style='width: 100%; border: 1px solid rgba(150&comma;150&comma;150&comma;0.3); border-radius: 8px;' src='https:\/\/ftp3.syscom.mx\/usuarios\/jsosa\/HIKVISION\/alarmas\/AXHOME\/imagenes\/LINKEDIN%201200%20x%20627%20-%20Campana%20Regional%20AX%20HOME.png' alt='Banner AX HOME'> <\/a> <\/div>\n<\/p><\/div>\n","protected":false},"excerpt":{"rendered":"<p>(AX HOME) KIT de Alarma AX HOME \/ Incluye: 1 Hub con bater\u00eda de respaldo \/ 1 Llavero \/ 1 PIR \/ 2 Contactos Magn\u00e9ticos \/ 1 Sirena \/ Wi-Fi \/ Compatible con Hik-Connect P2P y Hik-Partner PRO<\/p>\n","protected":false},"featured_media":507,"comment_status":"open","ping_status":"closed","template":"","meta":[],"product_brand":[],"product_cat":[161],"product_tag":[162,54,69],"class_list":{"0":"post-508","1":"product","2":"type-product","3":"status-publish","4":"has-post-thumbnail","6":"product_cat-ax-home-series","7":"product_tag-ax-home-series","8":"product_tag-hikvision","9":"product_tag-paneles-de-alarma-y-accesorios-hikvision","11":"first","12":"instock","13":"sale","14":"shipping-taxable","15":"purchasable","16":"product-type-simple"},"_links":{"self":[{"href":"https:\/\/soydeaqui.ddns.net\/pachuca\/index.php\/wp-json\/wp\/v2\/product\/508","targetHints":{"allow":["GET"]}}],"collection":[{"href":"https:\/\/soydeaqui.ddns.net\/pachuca\/index.php\/wp-json\/wp\/v2\/product"}],"about":[{"href":"https:\/\/soydeaqui.ddns.net\/pachuca\/index.php\/wp-json\/wp\/v2\/types\/product"}],"replies":[{"embeddable":true,"href":"https:\/\/soydeaqui.ddns.net\/pachuca\/index.php\/wp-json\/wp\/v2\/comments?post=508"}],"wp:featuredmedia":[{"embeddable":true,"href":"https:\/\/soydeaqui.ddns.net\/pachuca\/index.php\/wp-json\/wp\/v2\/media\/507"}],"wp:attachment":[{"href":"https:\/\/soydeaqui.ddns.net\/pachuca\/index.php\/wp-json\/wp\/v2\/media?parent=508"}],"wp:term":[{"taxonomy":"product_brand","embeddable":true,"href":"https:\/\/soydeaqui.ddns.net\/pachuca\/index.php\/wp-json\/wp\/v2\/product_brand?post=508"},{"taxonomy":"product_cat","embeddable":true,"href":"https:\/\/soydeaqui.ddns.net\/pachuca\/index.php\/wp-json\/wp\/v2\/product_cat?post=508"},{"taxonomy":"product_tag","embeddable":true,"href":"https:\/\/soydeaqui.ddns.net\/pachuca\/index.php\/wp-json\/wp\/v2\/product_tag?post=508"}],"curies":[{"name":"wp","href":"https:\/\/api.w.org\/{rel}","templated":true}]}}