{"id":50788,"date":"2026-03-18T22:48:02","date_gmt":"2026-03-18T22:48:02","guid":{"rendered":"https:\/\/soydeaqui.ddns.net\/pachuca\/index.php\/producto\/controlador-de-carga-mppt-de-60a-12-24-36-48-v-maximo-voltaje-de-circuito-abierto-voc-150vcc-con-display\/"},"modified":"2026-03-18T22:48:11","modified_gmt":"2026-03-18T22:48:11","slug":"controlador-de-carga-mppt-de-60a-12-24-36-48-v-maximo-voltaje-de-circuito-abierto-voc-150vcc-con-display","status":"publish","type":"product","link":"https:\/\/soydeaqui.ddns.net\/pachuca\/index.php\/producto\/controlador-de-carga-mppt-de-60a-12-24-36-48-v-maximo-voltaje-de-circuito-abierto-voc-150vcc-con-display\/","title":{"rendered":"Controlador de Carga MPPT de 60A 12\/24\/36\/48 V, M\u00e1ximo Voltaje de Circuito Abierto Voc 150Vcc con Display"},"content":{"rendered":"<div style='width: 100%; max-width: 1200px; margin: 0 auto; font-family: sans-serif; line-height: 1.6; color: inherit; background-color: transparent;'>\n<div style='display: flex; flex-wrap: wrap; gap: 30px; margin-bottom: 30px;'>\n<div style='flex: 1 1 300px; min-width: 280px;'>\n<h3 style='font-size: 22px; border-bottom: 2px solid currentColor; padding-bottom: 5px; margin-top: 0; color: inherit; opacity: 0.8;'>Descripci\u00f3n<\/h3>\n<p style='font-size: 15px; color: inherit; margin-top: 15px;'> Avanzado controlador de paneles solares de carga de bater\u00edas con capacidad de detecci\u00f3n del punto de m\u00e1xima potencia (MPPT) para paneles fotovoltaicos independientes de la red el\u00e9ctrica&comma; de hasta 3 KW de potencia. <\/p>\n<\/p><\/div>\n<\/p><\/div>\n<div style='display: flex; flex-wrap: wrap; gap: 20px; margin-bottom: 30px;'>\n<div style='flex: 1 1 250px; border: 1px solid rgba(150&comma; 150&comma; 150&comma; 0.4); border-radius: 8px; overflow: hidden; display: flex; flex-direction: column;'>\n<div style='padding: 15px; border-bottom: 1px solid rgba(150&comma; 150&comma; 150&comma; 0.2); font-weight: bold; font-size: 18px; color: inherit;'>Caracter\u00edsticas<\/div>\n<div style='padding: 15px; color: inherit;'>\n<ul style='padding-left: 20px; margin: 0; font-size: 14px; list-style-type: disc;'>\n<li style='margin-bottom: 5px;'>Detecci\u00f3n del punto de potencia pico superior al de otros controladores MPPT<\/li>\n<li style='margin-bottom: 5px;'>Reconocimiento de varios picos de potencia durante per\u00edodos de sombra o en instalaciones combinadas de grupos de paneles fotovoltaicos<\/li>\n<li style='margin-bottom: 5px;'>Excelente respuesta a la salida del sol y con bajo nivel de irradiaci\u00f3n solar<\/li>\n<li style='margin-bottom: 5px;'>Factor t\u00e9rmico de alto margen&comma; sin ventiladores de enfriamiento<\/li>\n<li style='margin-bottom: 5px;'>Sin rel\u00e9s mec\u00e1nicos<\/li>\n<li style='margin-bottom: 5px;'>Tiene protecci\u00f3n contra cortocircuito en el panel<\/li>\n<li style='margin-bottom: 5px;'>Rendimiento pico del 99%<\/li>\n<li style='margin-bottom: 5px;'>Algoritmo exclusivo de seguimiento de carga que reduce al m\u00ednimo las p\u00e9rdidas de energ\u00eda<\/li>\n<li style='margin-bottom: 5px;'>Bajo consumo energ\u00e9tico<\/li>\n<li style='margin-bottom: 5px;'>Servicio continuo a plena carga a 45 \u00b0C sin p\u00e9rdida de capacidad nominal<\/li>\n<li style='margin-bottom: 5px;'>Conexi\u00f3n serie RS-232: Para conectar a una computadora personal<\/li>\n<li style='margin-bottom: 5px;'>Encapsulado de epoxi. Revestimiento normalizado. Terminales para atm\u00f3sfera marina<\/li>\n<\/ul><\/div>\n<\/p><\/div>\n<div style='flex: 1 1 250px; border: 1px solid rgba(150&comma; 150&comma; 150&comma; 0.4); border-radius: 8px; overflow: hidden; display: flex; flex-direction: column;'>\n<div style='padding: 15px; border-bottom: 1px solid rgba(150&comma; 150&comma; 150&comma; 0.2); font-weight: bold; font-size: 18px; color: inherit;'>Especificaciones T\u00e9cnicas<\/div>\n<div style='padding: 15px; color: inherit;'>\n<ul style='padding-left: 20px; margin: 0; font-size: 14px; list-style-type: disc;'>\n<li style='margin-bottom: 5px;'><strong>Voltaje nominal del sistema:<\/strong> 12&comma; 24&comma; 36 \u00f3 48 Vcc<\/li>\n<li style='margin-bottom: 5px;'><strong>Voltaje m\u00e1ximo a circuito abierto:<\/strong> 150 Vcc<\/li>\n<li style='margin-bottom: 5px;'><strong>Temperatura ambiente:<\/strong> -40 a 45 \u00b0C<\/li>\n<li style='margin-bottom: 5px;'><strong>Humedad:<\/strong> 100% sin condensaci\u00f3n<\/li>\n<li style='margin-bottom: 5px;'><strong>Dimensiones:<\/strong> 291 x 130 x 142 mm<\/li>\n<li style='margin-bottom: 5px;'><strong>Peso:<\/strong> 4.2 kg<\/li>\n<\/ul><\/div>\n<\/p><\/div>\n<\/p><\/div>\n<hr style='border: 0; border-top: 1px solid rgba(150&comma; 150&comma; 150&comma; 0.3); margin: 30px 0;'> <\/div>\n","protected":false},"excerpt":{"rendered":"<p>Controlador de Carga MPPT de 60A 12\/24\/36\/48 V, M\u00e1ximo Voltaje de Circuito Abierto Voc 150Vcc con Display<\/p>\n","protected":false},"featured_media":50787,"comment_status":"open","ping_status":"closed","template":"","meta":[],"product_brand":[],"product_cat":[1117],"product_tag":[1118,964,1119],"class_list":{"0":"post-50788","1":"product","2":"type-product","3":"status-publish","4":"has-post-thumbnail","6":"product_cat-controladores-de-carga-mppt","7":"product_tag-controladores-de-carga-mppt","8":"product_tag-energia-solar","9":"product_tag-morningstar","11":"first","12":"outofstock","13":"sale","14":"shipping-taxable","15":"purchasable","16":"product-type-simple"},"_links":{"self":[{"href":"https:\/\/soydeaqui.ddns.net\/pachuca\/index.php\/wp-json\/wp\/v2\/product\/50788","targetHints":{"allow":["GET"]}}],"collection":[{"href":"https:\/\/soydeaqui.ddns.net\/pachuca\/index.php\/wp-json\/wp\/v2\/product"}],"about":[{"href":"https:\/\/soydeaqui.ddns.net\/pachuca\/index.php\/wp-json\/wp\/v2\/types\/product"}],"replies":[{"embeddable":true,"href":"https:\/\/soydeaqui.ddns.net\/pachuca\/index.php\/wp-json\/wp\/v2\/comments?post=50788"}],"wp:featuredmedia":[{"embeddable":true,"href":"https:\/\/soydeaqui.ddns.net\/pachuca\/index.php\/wp-json\/wp\/v2\/media\/50787"}],"wp:attachment":[{"href":"https:\/\/soydeaqui.ddns.net\/pachuca\/index.php\/wp-json\/wp\/v2\/media?parent=50788"}],"wp:term":[{"taxonomy":"product_brand","embeddable":true,"href":"https:\/\/soydeaqui.ddns.net\/pachuca\/index.php\/wp-json\/wp\/v2\/product_brand?post=50788"},{"taxonomy":"product_cat","embeddable":true,"href":"https:\/\/soydeaqui.ddns.net\/pachuca\/index.php\/wp-json\/wp\/v2\/product_cat?post=50788"},{"taxonomy":"product_tag","embeddable":true,"href":"https:\/\/soydeaqui.ddns.net\/pachuca\/index.php\/wp-json\/wp\/v2\/product_tag?post=50788"}],"curies":[{"name":"wp","href":"https:\/\/api.w.org\/{rel}","templated":true}]}}