{"id":50780,"date":"2026-03-18T22:47:48","date_gmt":"2026-03-18T22:47:48","guid":{"rendered":"https:\/\/soydeaqui.ddns.net\/pachuca\/index.php\/producto\/convertidor-cd-cd-1000-w-ent-72-144vcc-sal-48v-21a\/"},"modified":"2026-03-18T22:47:49","modified_gmt":"2026-03-18T22:47:49","slug":"convertidor-cd-cd-1000-w-ent-72-144vcc-sal-48v-21a","status":"publish","type":"product","link":"https:\/\/soydeaqui.ddns.net\/pachuca\/index.php\/producto\/convertidor-cd-cd-1000-w-ent-72-144vcc-sal-48v-21a\/","title":{"rendered":"Convertidor CD-CD 1000 W, Ent: 72-144Vcc, Sal: 48V, 21A"},"content":{"rendered":"<div style='width: 100%; max-width: 1200px; margin: 0 auto; font-family: sans-serif; line-height: 1.6; color: inherit; background-color: transparent;'> <!-- Caracter\u00edsticas principales --> <\/p>\n<div style='display: flex; flex-wrap: wrap; gap: 30px; margin-bottom: 30px;'>\n<div style='flex: 1 1 300px; min-width: 280px;'>\n<h3 style='font-size: 22px; border-bottom: 2px solid currentColor; padding-bottom: 5px; margin-top: 0; color: inherit; opacity: 0.8;'>Caracter\u00edsticas Principales<\/h3>\n<ul style='padding-left: 20px; font-size: 15px; color: inherit;'>\n<li style='margin-bottom: 5px;'>Convertidor CD-CD de 1000 W<\/li>\n<li style='margin-bottom: 5px;'>Voltaje de entrada: 72-144 Vcc<\/li>\n<li style='margin-bottom: 5px;'>Voltaje de salida: 48 V<\/li>\n<li style='margin-bottom: 5px;'>Corriente de salida: 0-21 A<\/li>\n<li style='margin-bottom: 5px;'>1U low profile (41 mm de altura)<\/li>\n<li style='margin-bottom: 5px;'>Alta densidad de potencia: 10.7 W\/pulg\u00b3<\/li>\n<li style='margin-bottom: 5px;'>Aislamiento de 2000VAC entre entrada\/salida<\/li>\n<\/ul><\/div>\n<\/p><\/div>\n<p> <!-- Protecciones --> <\/p>\n<div style='display: flex; flex-wrap: wrap; gap: 30px; margin-bottom: 30px;'>\n<div style='flex: 1 1 300px; min-width: 280px;'>\n<h3 style='font-size: 22px; border-bottom: 2px solid currentColor; padding-bottom: 5px; margin-top: 0; color: inherit; opacity: 0.8;'>Protecciones<\/h3>\n<ul style='padding-left: 20px; font-size: 15px; color: inherit;'>\n<li style='margin-bottom: 5px;'>Protecci\u00f3n contra cortocircuito<\/li>\n<li style='margin-bottom: 5px;'>Protecci\u00f3n contra sobrecarga<\/li>\n<li style='margin-bottom: 5px;'>Protecci\u00f3n contra sobrevoltaje<\/li>\n<li style='margin-bottom: 5px;'>Protecci\u00f3n contra sobrecalentamiento<\/li>\n<li style='margin-bottom: 5px;'>Protecci\u00f3n t\u00e9rmica con recuperaci\u00f3n autom\u00e1tica<\/li>\n<\/ul><\/div>\n<\/p><\/div>\n<p> <!-- Caracter\u00edsticas adicionales --> <\/p>\n<div style='display: flex; flex-wrap: wrap; gap: 30px; margin-bottom: 30px;'>\n<div style='flex: 1 1 300px; min-width: 280px;'>\n<h3 style='font-size: 22px; border-bottom: 2px solid currentColor; padding-bottom: 5px; margin-top: 0; color: inherit; opacity: 0.8;'>Caracter\u00edsticas Adicionales<\/h3>\n<ul style='padding-left: 20px; font-size: 15px; color: inherit;'>\n<li style='margin-bottom: 5px;'>Salida auxiliar de 12V\/0.25A<\/li>\n<li style='margin-bottom: 5px;'>Control remoto ON-OFF incorporado<\/li>\n<li style='margin-bottom: 5px;'>Funci\u00f3n de sensado remoto incorporada<\/li>\n<li style='margin-bottom: 5px;'>Refrigeraci\u00f3n forzada con ventilador DC con control de velocidad<\/li>\n<li style='margin-bottom: 5px;'>3 a\u00f1os de garant\u00eda<\/li>\n<\/ul><\/div>\n<\/p><\/div>\n<p> <!-- Especificaciones t\u00e9cnicas --> <\/p>\n<div style='display: flex; flex-wrap: wrap; gap: 20px; margin-bottom: 30px;'>\n<div style='flex: 1 1 250px; border: 1px solid rgba(150&comma; 150&comma; 150&comma; 0.4); border-radius: 8px; overflow: hidden; display: flex; flex-direction: column;'>\n<div style='padding: 15px; border-bottom: 1px solid rgba(150&comma; 150&comma; 150&comma; 0.2); font-weight: bold; font-size: 18px; color: inherit;'>Especificaciones El\u00e9ctricas<\/div>\n<div style='padding: 15px; color: inherit;'>\n<ul style='padding-left: 20px; margin: 0; font-size: 14px; list-style-type: disc;'>\n<li style='margin-bottom: 5px;'><strong>Rizado y ruido:<\/strong> \u2264150mVp-p<\/li>\n<li style='margin-bottom: 5px;'><strong>Tolerancia de voltaje:<\/strong> \u00b11.0%<\/li>\n<li style='margin-bottom: 5px;'><strong>Regulaci\u00f3n de l\u00ednea:<\/strong> \u00b10.5%<\/li>\n<li style='margin-bottom: 5px;'><strong>Regulaci\u00f3n de carga:<\/strong> \u00b10.5%<\/li>\n<li style='margin-bottom: 5px;'><strong>Eficiencia (t\u00edpica):<\/strong> 92%<\/li>\n<\/ul><\/div>\n<\/p><\/div>\n<div style='flex: 1 1 250px; border: 1px solid rgba(150&comma; 150&comma; 150&comma; 0.4); border-radius: 8px; overflow: hidden; display: flex; flex-direction: column;'>\n<div style='padding: 15px; border-bottom: 1px solid rgba(150&comma; 150&comma; 150&comma; 0.2); font-weight: bold; font-size: 18px; color: inherit;'>Especificaciones de Entrada<\/div>\n<div style='padding: 15px; color: inherit;'>\n<ul style='padding-left: 20px; margin: 0; font-size: 14px; list-style-type: disc;'>\n<li style='margin-bottom: 5px;'><strong>Voltaje de entrada:<\/strong> 72-144 Vcc<\/li>\n<li style='margin-bottom: 5px;'><strong>Corriente de entrada (t\u00edpica):<\/strong> 11.6A\/96Vcc<\/li>\n<li style='margin-bottom: 5px;'><strong>Corriente de entrada pico (t\u00edpica):<\/strong> 100A\/96Vcc<\/li>\n<\/ul><\/div>\n<\/p><\/div>\n<div style='flex: 1 1 250px; border: 1px solid rgba(150&comma; 150&comma; 150&comma; 0.4); border-radius: 8px; overflow: hidden; display: flex; flex-direction: column;'>\n<div style='padding: 15px; border-bottom: 1px solid rgba(150&comma; 150&comma; 150&comma; 0.2); font-weight: bold; font-size: 18px; color: inherit;'>Especificaciones Mec\u00e1nicas<\/div>\n<div style='padding: 15px; color: inherit;'>\n<ul style='padding-left: 20px; margin: 0; font-size: 14px; list-style-type: disc;'>\n<li style='margin-bottom: 5px;'><strong>Dimensiones:<\/strong> 295 x 127 x 41 mm<\/li>\n<li style='margin-bottom: 5px;'><strong>Peso:<\/strong> 1.94 kg<\/li>\n<\/ul><\/div>\n<\/p><\/div>\n<div style='flex: 1 1 250px; border: 1px solid rgba(150&comma; 150&comma; 150&comma; 0.4); border-radius: 8px; overflow: hidden; display: flex; flex-direction: column;'>\n<div style='padding: 15px; border-bottom: 1px solid rgba(150&comma; 150&comma; 150&comma; 0.2); font-weight: bold; font-size: 18px; color: inherit;'>Especificaciones Ambientales<\/div>\n<div style='padding: 15px; color: inherit;'>\n<ul style='padding-left: 20px; margin: 0; font-size: 14px; list-style-type: disc;'>\n<li style='margin-bottom: 5px;'><strong>Temperatura de operaci\u00f3n:<\/strong> -20 a +60\u00b0C<\/li>\n<li style='margin-bottom: 5px;'><strong>Humedad de operaci\u00f3n:<\/strong> 20-90% RH sin condensaci\u00f3n<\/li>\n<li style='margin-bottom: 5px;'><strong>Temperatura de almacenamiento:<\/strong> -40 a +85\u00b0C<\/li>\n<li style='margin-bottom: 5px;'><strong>Coeficiente t\u00e9rmico:<\/strong> \u00b10.02%\/\u00b0C (0-50\u00b0C)<\/li>\n<\/ul><\/div>\n<\/p><\/div>\n<div style='flex: 1 1 250px; border: 1px solid rgba(150&comma; 150&comma; 150&comma; 0.4); border-radius: 8px; overflow: hidden; display: flex; flex-direction: column;'>\n<div style='padding: 15px; border-bottom: 1px solid rgba(150&comma; 150&comma; 150&comma; 0.2); font-weight: bold; font-size: 18px; color: inherit;'>Especificaciones de Seguridad<\/div>\n<div style='padding: 15px; color: inherit;'>\n<ul style='padding-left: 20px; margin: 0; font-size: 14px; list-style-type: disc;'>\n<li style='margin-bottom: 5px;'><strong>Normas de seguridad:<\/strong> IEC60950-1&comma; CB aprobado por TUV<\/li>\n<li style='margin-bottom: 5px;'><strong>Tensi\u00f3n de aislamiento:<\/strong> I\/P-O\/P: 2kVAC&comma; I\/P-FG: 1.5kVAC&comma; O\/P-FG: 0.5kVAC<\/li>\n<li style='margin-bottom: 5px;'><strong>Resistencia de aislamiento:<\/strong> 100M\u03a9 \/ 500VDC \/ 25\u00b0C \/ 70% RH<\/li>\n<\/ul><\/div>\n<\/p><\/div>\n<div style='flex: 1 1 250px; border: 1px solid rgba(150&comma; 150&comma; 150&comma; 0.4); border-radius: 8px; overflow: hidden; display: flex; flex-direction: column;'>\n<div style='padding: 15px; border-bottom: 1px solid rgba(150&comma; 150&comma; 150&comma; 0.2); font-weight: bold; font-size: 18px; color: inherit;'>Compatibilidad Electromagn\u00e9tica<\/div>\n<div style='padding: 15px; color: inherit;'>\n<ul style='padding-left: 20px; margin: 0; font-size: 14px; list-style-type: disc;'>\n<li style='margin-bottom: 5px;'><strong>EMC emisi\u00f3n:<\/strong> Conforme a EN55022 (CISPR22)<\/li>\n<li style='margin-bottom: 5px;'><strong>EMC inmunidad:<\/strong> Conforme a EN61000-4-2&comma;3&comma;4&comma;6&comma;8&comma; nivel industrial ligero&comma; criterio A<\/li>\n<\/ul><\/div>\n<\/p><\/div>\n<div style='flex: 1 1 250px; border: 1px solid rgba(150&comma; 150&comma; 150&comma; 0.4); border-radius: 8px; overflow: hidden; display: flex; flex-direction: column;'>\n<div style='padding: 15px; border-bottom: 1px solid rgba(150&comma; 150&comma; 150&comma; 0.2); font-weight: bold; font-size: 18px; color: inherit;'>Confiabilidad<\/div>\n<div style='padding: 15px; color: inherit;'>\n<ul style='padding-left: 20px; margin: 0; font-size: 14px; list-style-type: disc;'>\n<li style='margin-bottom: 5px;'><strong>MTBF:<\/strong> 106.7K horas m\u00ednimo (MIL-HDBK-217F a 25\u00b0C)<\/li>\n<\/ul><\/div>\n<\/p><\/div>\n<\/p><\/div>\n<p> <!-- Separador --> <\/p>\n<hr style='border: 0; border-top: 1px solid rgba(150&comma; 150&comma; 150&comma; 0.3); margin: 30px 0;'> <\/div>\n","protected":false},"excerpt":{"rendered":"<p>Convertidor CD-CD 1000 W, Ent: 72-144Vcc, Sal: 48V, 21A<\/p>\n","protected":false},"featured_media":50779,"comment_status":"open","ping_status":"closed","template":"","meta":[],"product_brand":[],"product_cat":[1256],"product_tag":[1257,405,876],"class_list":{"0":"post-50780","1":"product","2":"type-product","3":"status-publish","4":"has-post-thumbnail","6":"product_cat-convertidores-vcc-a-vcc","7":"product_tag-convertidores-vcc-a-vcc","8":"product_tag-fuentes-de-poder","9":"product_tag-meanwell","11":"first","12":"outofstock","13":"sale","14":"shipping-taxable","15":"purchasable","16":"product-type-simple"},"_links":{"self":[{"href":"https:\/\/soydeaqui.ddns.net\/pachuca\/index.php\/wp-json\/wp\/v2\/product\/50780","targetHints":{"allow":["GET"]}}],"collection":[{"href":"https:\/\/soydeaqui.ddns.net\/pachuca\/index.php\/wp-json\/wp\/v2\/product"}],"about":[{"href":"https:\/\/soydeaqui.ddns.net\/pachuca\/index.php\/wp-json\/wp\/v2\/types\/product"}],"replies":[{"embeddable":true,"href":"https:\/\/soydeaqui.ddns.net\/pachuca\/index.php\/wp-json\/wp\/v2\/comments?post=50780"}],"wp:featuredmedia":[{"embeddable":true,"href":"https:\/\/soydeaqui.ddns.net\/pachuca\/index.php\/wp-json\/wp\/v2\/media\/50779"}],"wp:attachment":[{"href":"https:\/\/soydeaqui.ddns.net\/pachuca\/index.php\/wp-json\/wp\/v2\/media?parent=50780"}],"wp:term":[{"taxonomy":"product_brand","embeddable":true,"href":"https:\/\/soydeaqui.ddns.net\/pachuca\/index.php\/wp-json\/wp\/v2\/product_brand?post=50780"},{"taxonomy":"product_cat","embeddable":true,"href":"https:\/\/soydeaqui.ddns.net\/pachuca\/index.php\/wp-json\/wp\/v2\/product_cat?post=50780"},{"taxonomy":"product_tag","embeddable":true,"href":"https:\/\/soydeaqui.ddns.net\/pachuca\/index.php\/wp-json\/wp\/v2\/product_tag?post=50780"}],"curies":[{"name":"wp","href":"https:\/\/api.w.org\/{rel}","templated":true}]}}