{"id":50770,"date":"2026-03-18T22:47:31","date_gmt":"2026-03-18T22:47:31","guid":{"rendered":"https:\/\/soydeaqui.ddns.net\/pachuca\/index.php\/producto\/controlador-solar-12-24-vcc-de-30-amp-sin-pantalla-de-medicion\/"},"modified":"2026-03-18T22:47:39","modified_gmt":"2026-03-18T22:47:39","slug":"controlador-solar-12-24-vcc-de-30-amp-sin-pantalla-de-medicion","status":"publish","type":"product","link":"https:\/\/soydeaqui.ddns.net\/pachuca\/index.php\/producto\/controlador-solar-12-24-vcc-de-30-amp-sin-pantalla-de-medicion\/","title":{"rendered":"Controlador solar 12\/24 Vcc de 30 Amp. Sin pantalla de medici\u00f3n."},"content":{"rendered":"<div style='width: 100%; max-width: 1200px; margin: 0 auto; font-family: sans-serif; line-height: 1.6; color: inherit; background-color: transparent;'> <!-- Secci\u00f3n de descripci\u00f3n --> <\/p>\n<div style='margin-bottom: 30px;'>\n<p style='color: inherit; margin-bottom: 15px;'>El EcoPulse es un controlador de carga solar de modulaci\u00f3n de ancho de pulso (PWM) dentro de los productos Essential Series \u2122 de Morningstar que proporciona funciones b\u00e1sicas de regulaci\u00f3n para sistemas fuera de la red el\u00e9ctrica.<\/p>\n<\/p><\/div>\n<p> <!-- Secci\u00f3n de caracter\u00edsticas el\u00e9ctricas --> <\/p>\n<div style='display: flex; flex-wrap: wrap; gap: 30px; margin-bottom: 30px;'>\n<div style='flex: 1 1 300px; min-width: 280px;'>\n<h3 style='font-size: 22px; border-bottom: 2px solid currentColor; padding-bottom: 5px; margin-top: 0; color: inherit; opacity: 0.8;'>Caracter\u00edsticas El\u00e9ctricas<\/h3>\n<ul style='padding-left: 20px; font-size: 15px; color: inherit;'>\n<li style='margin-bottom: 5px;'><strong>Voltaje Nominal de la Bater\u00eda:<\/strong> Detecci\u00f3n Autom\u00e1tica de 12V o 24V<\/li>\n<li style='margin-bottom: 5px;'><strong>Rango de voltaje de la bater\u00eda:<\/strong> 10-35V<\/li>\n<li style='margin-bottom: 5px;'><strong>Precisi\u00f3n de voltaje:<\/strong> <= 0.1% +\/- 50mV<\/li>\n<li style='margin-bottom: 5px;'><strong>Corriente m\u00e1xima de la bater\u00eda:<\/strong> 10A&comma; 20A o 30A<\/li>\n<li style='margin-bottom: 5px;'><strong>Tensi\u00f3n de circuito abierto PV m\u00e1xima:<\/strong> 60V<\/li>\n<li style='margin-bottom: 5px;'><strong>Corriente nominal de carga:<\/strong> 10A&comma; 20A o 30A<\/li>\n<li style='margin-bottom: 5px;'><strong>Autoconsumo:<\/strong> <15mA; <20mA (metro)<\/li>\n<li style='margin-bottom: 5px;'><strong>Indicaciones de LED:<\/strong> (1) estado&comma; (3) Estado de carga de la bater\u00eda<\/li>\n<li style='margin-bottom: 5px;'><strong>Protecci\u00f3n contra sobretensiones transitorias:<\/strong> 1500 watts (solar&comma; bater\u00eda&comma; carga)<\/li>\n<\/ul><\/div>\n<\/p><\/div>\n<p> <!-- Separador --> <\/p>\n<hr style='border: 0; border-top: 1px solid rgba(150&comma; 150&comma; 150&comma; 0.3); margin: 30px 0;'> <\/div>\n","protected":false},"excerpt":{"rendered":"<p>Controlador solar 12\/24 Vcc de 30 Amp. Sin pantalla de medici\u00f3n.<\/p>\n","protected":false},"featured_media":50769,"comment_status":"open","ping_status":"closed","template":"","meta":[],"product_brand":[],"product_cat":[1242],"product_tag":[1243,964,1119],"class_list":{"0":"post-50770","1":"product","2":"type-product","3":"status-publish","4":"has-post-thumbnail","6":"product_cat-controladores-de-carga-pwm","7":"product_tag-controladores-de-carga-pwm","8":"product_tag-energia-solar","9":"product_tag-morningstar","11":"first","12":"instock","13":"sale","14":"shipping-taxable","15":"purchasable","16":"product-type-simple"},"_links":{"self":[{"href":"https:\/\/soydeaqui.ddns.net\/pachuca\/index.php\/wp-json\/wp\/v2\/product\/50770","targetHints":{"allow":["GET"]}}],"collection":[{"href":"https:\/\/soydeaqui.ddns.net\/pachuca\/index.php\/wp-json\/wp\/v2\/product"}],"about":[{"href":"https:\/\/soydeaqui.ddns.net\/pachuca\/index.php\/wp-json\/wp\/v2\/types\/product"}],"replies":[{"embeddable":true,"href":"https:\/\/soydeaqui.ddns.net\/pachuca\/index.php\/wp-json\/wp\/v2\/comments?post=50770"}],"wp:featuredmedia":[{"embeddable":true,"href":"https:\/\/soydeaqui.ddns.net\/pachuca\/index.php\/wp-json\/wp\/v2\/media\/50769"}],"wp:attachment":[{"href":"https:\/\/soydeaqui.ddns.net\/pachuca\/index.php\/wp-json\/wp\/v2\/media?parent=50770"}],"wp:term":[{"taxonomy":"product_brand","embeddable":true,"href":"https:\/\/soydeaqui.ddns.net\/pachuca\/index.php\/wp-json\/wp\/v2\/product_brand?post=50770"},{"taxonomy":"product_cat","embeddable":true,"href":"https:\/\/soydeaqui.ddns.net\/pachuca\/index.php\/wp-json\/wp\/v2\/product_cat?post=50770"},{"taxonomy":"product_tag","embeddable":true,"href":"https:\/\/soydeaqui.ddns.net\/pachuca\/index.php\/wp-json\/wp\/v2\/product_tag?post=50770"}],"curies":[{"name":"wp","href":"https:\/\/api.w.org\/{rel}","templated":true}]}}