{"id":50762,"date":"2026-03-18T22:47:19","date_gmt":"2026-03-18T22:47:19","guid":{"rendered":"https:\/\/soydeaqui.ddns.net\/pachuca\/index.php\/producto\/controlador-solar-12-24-vcc-de-20-amp-con-pantalla-de-medicion\/"},"modified":"2026-03-18T22:47:20","modified_gmt":"2026-03-18T22:47:20","slug":"controlador-solar-12-24-vcc-de-20-amp-con-pantalla-de-medicion","status":"publish","type":"product","link":"https:\/\/soydeaqui.ddns.net\/pachuca\/index.php\/producto\/controlador-solar-12-24-vcc-de-20-amp-con-pantalla-de-medicion\/","title":{"rendered":"Controlador solar 12\/24 Vcc de 20 Amp. Con pantalla de medici\u00f3n."},"content":{"rendered":"<div style='width: 100%; max-width: 1200px; margin: 0 auto; font-family: sans-serif; line-height: 1.6; color: inherit; background-color: transparent;'>\n<div style='display: flex; flex-wrap: wrap; gap: 30px; margin-bottom: 30px;'>\n<div style='flex: 1 1 300px; min-width: 280px;'>\n<h3 style='font-size: 22px; border-bottom: 2px solid currentColor; padding-bottom: 5px; margin-top: 0; color: inherit; opacity: 0.8;'>Descripci\u00f3n<\/h3>\n<p style='font-size: 15px; color: inherit; margin: 0 0 15px 0;'>El EcoPulse es un regulador de carga solar con modulaci\u00f3n de la magnitud del impulso (PWM) perteneciente a la gama de productos Morningstar Essentials\u2122&comma; que ofrece funciones esenciales de regulaci\u00f3n aut\u00f3noma de la bater\u00eda. Este controlador es f\u00e1cil de usar y se ha dise\u00f1ado para aplicaciones de consumo dom\u00e9sticas y recreativas. Las versiones con y sin medidor de este producto se venden con corrientes m\u00e1ximas de carga de 10&comma; 20 o 30 amperios para sistemas de bater\u00eda de 12 o 24 voltios.<\/p>\n<\/p><\/div>\n<\/p><\/div>\n<div style='display: flex; flex-wrap: wrap; gap: 20px; margin-bottom: 30px;'>\n<div style='flex: 1 1 250px; border: 1px solid rgba(150&comma; 150&comma; 150&comma; 0.4); border-radius: 8px; overflow: hidden; display: flex; flex-direction: column;'>\n<div style='padding: 15px; border-bottom: 1px solid rgba(150&comma; 150&comma; 150&comma; 0.2); font-weight: bold; font-size: 18px; color: inherit;'>Caracter\u00edsticas El\u00e9ctricas<\/div>\n<div style='padding: 15px; color: inherit;'>\n<ul style='padding-left: 20px; margin: 0; font-size: 14px; list-style-type: disc;'>\n<li style='margin-bottom: 5px;'><strong>Voltaje de la bater\u00eda nominal:<\/strong> detecci\u00f3n autom\u00e1tica de 12 V o 24 V.<\/li>\n<li style='margin-bottom: 5px;'><strong>Rango del voltaje de la bater\u00eda:<\/strong> 10 V-35 V.<\/li>\n<li style='margin-bottom: 5px;'><strong>Precisi\u00f3n del voltaje:<\/strong> &lt;= 0&comma;1% +\/- 50 mV.<\/li>\n<li style='margin-bottom: 5px;'><strong>Corriente m\u00e1xima de la bater\u00eda:<\/strong> 10 A&comma; 20 A o 30 A.<\/li>\n<li style='margin-bottom: 5px;'><strong>Voltaje m\u00e1ximo del circuito abierto solar FV:<\/strong> 60V.<\/li>\n<li style='margin-bottom: 5px;'><strong>Corriente de carga nominal:<\/strong> 10 A o 30 A.<\/li>\n<li style='margin-bottom: 5px;'><strong>Autoconsumo:<\/strong> &lt; 15 mA; &lt; 20mA (medidor).<\/li>\n<li style='margin-bottom: 5px;'><strong>Indicadores LED:<\/strong> (1) estado&comma; (3) nivel de carga de la bater\u00eda.<\/li>\n<li style='margin-bottom: 5px;'><strong>Protector de sobretensi\u00f3n transitoria:<\/strong> 1500 W (solar&comma; bater\u00eda&comma; carga).<\/li>\n<\/ul><\/div>\n<\/p><\/div>\n<\/p><\/div>\n<div style='display: flex; flex-wrap: wrap; gap: 30px; margin-bottom: 30px;'>\n<div style='flex: 1 1 300px; min-width: 280px;'>\n<h3 style='font-size: 22px; border-bottom: 2px solid currentColor; padding-bottom: 5px; margin-top: 0; color: inherit; opacity: 0.8;'>Imagen del producto<\/h3>\n<p> <img style='width: 100%; height: auto; border: 1px solid rgba(150&comma;150&comma;150&comma;0.3); border-radius: 8px;' src='https:\/\/www.morningstarcorp.com\/wp-content\/uploads\/2017\/02\/EcoPulse-Controller-10A-metered-dark-green-caption-MM.png' alt=''> <\/div>\n<\/p><\/div>\n<hr style='border: 0; border-top: 1px solid rgba(150&comma; 150&comma; 150&comma; 0.3); margin: 30px 0;'> <\/div>\n","protected":false},"excerpt":{"rendered":"<p>Controlador solar 12\/24 Vcc de 20 Amp. Con pantalla de medici\u00f3n.<\/p>\n","protected":false},"featured_media":50761,"comment_status":"open","ping_status":"closed","template":"","meta":[],"product_brand":[],"product_cat":[1242],"product_tag":[1243,964,1119],"class_list":{"0":"post-50762","1":"product","2":"type-product","3":"status-publish","4":"has-post-thumbnail","6":"product_cat-controladores-de-carga-pwm","7":"product_tag-controladores-de-carga-pwm","8":"product_tag-energia-solar","9":"product_tag-morningstar","11":"first","12":"instock","13":"sale","14":"shipping-taxable","15":"purchasable","16":"product-type-simple"},"_links":{"self":[{"href":"https:\/\/soydeaqui.ddns.net\/pachuca\/index.php\/wp-json\/wp\/v2\/product\/50762","targetHints":{"allow":["GET"]}}],"collection":[{"href":"https:\/\/soydeaqui.ddns.net\/pachuca\/index.php\/wp-json\/wp\/v2\/product"}],"about":[{"href":"https:\/\/soydeaqui.ddns.net\/pachuca\/index.php\/wp-json\/wp\/v2\/types\/product"}],"replies":[{"embeddable":true,"href":"https:\/\/soydeaqui.ddns.net\/pachuca\/index.php\/wp-json\/wp\/v2\/comments?post=50762"}],"wp:featuredmedia":[{"embeddable":true,"href":"https:\/\/soydeaqui.ddns.net\/pachuca\/index.php\/wp-json\/wp\/v2\/media\/50761"}],"wp:attachment":[{"href":"https:\/\/soydeaqui.ddns.net\/pachuca\/index.php\/wp-json\/wp\/v2\/media?parent=50762"}],"wp:term":[{"taxonomy":"product_brand","embeddable":true,"href":"https:\/\/soydeaqui.ddns.net\/pachuca\/index.php\/wp-json\/wp\/v2\/product_brand?post=50762"},{"taxonomy":"product_cat","embeddable":true,"href":"https:\/\/soydeaqui.ddns.net\/pachuca\/index.php\/wp-json\/wp\/v2\/product_cat?post=50762"},{"taxonomy":"product_tag","embeddable":true,"href":"https:\/\/soydeaqui.ddns.net\/pachuca\/index.php\/wp-json\/wp\/v2\/product_tag?post=50762"}],"curies":[{"name":"wp","href":"https:\/\/api.w.org\/{rel}","templated":true}]}}