{"id":50756,"date":"2026-03-18T22:47:08","date_gmt":"2026-03-18T22:47:08","guid":{"rendered":"https:\/\/soydeaqui.ddns.net\/pachuca\/index.php\/producto\/controlador-solar-12-24-vcc-de-20-amp-sin-pantalla-de-medicion\/"},"modified":"2026-03-18T22:47:16","modified_gmt":"2026-03-18T22:47:16","slug":"controlador-solar-12-24-vcc-de-20-amp-sin-pantalla-de-medicion","status":"publish","type":"product","link":"https:\/\/soydeaqui.ddns.net\/pachuca\/index.php\/producto\/controlador-solar-12-24-vcc-de-20-amp-sin-pantalla-de-medicion\/","title":{"rendered":"Controlador solar 12\/24 Vcc   de 20 Amp. Sin pantalla de medici\u00f3n."},"content":{"rendered":"<div style='width: 100%; max-width: 1200px; margin: 0 auto; font-family: sans-serif; line-height: 1.6; color: inherit; background-color: transparent;'>\n<div style='display: flex; flex-wrap: wrap; gap: 30px; margin-bottom: 30px;'>\n<div style='flex: 1 1 300px; min-width: 280px;'>\n<h3 style='font-size: 22px; border-bottom: 2px solid currentColor; padding-bottom: 5px; margin-top: 0; color: inherit; opacity: 0.8;'>Caracter\u00edsticas El\u00e9ctricas<\/h3>\n<ul style='padding-left: 20px; font-size: 15px; color: inherit;'>\n<li style='margin-bottom: 5px;'>Voltaje Nominal de la Bater\u00eda: Detecci\u00f3n Autom\u00e1tica de 12V o 24V<\/li>\n<li style='margin-bottom: 5px;'>Rango de voltaje de la bater\u00eda: 10-35V<\/li>\n<li style='margin-bottom: 5px;'>Precisi\u00f3n de voltaje: <= 0.1% +\/- 50mV<\/li>\n<li style='margin-bottom: 5px;'>Corriente m\u00e1xima de la bater\u00eda: 10A&comma; 20A o 30A<\/li>\n<li style='margin-bottom: 5px;'>Tensi\u00f3n de circuito abierto PV m\u00e1xima: 60V<\/li>\n<li style='margin-bottom: 5px;'>Corriente nominal de carga: 10A&comma; 20A o 30A<\/li>\n<li style='margin-bottom: 5px;'>Autoconsumo: <15mA; <20mA (metro)<\/li>\n<li style='margin-bottom: 5px;'>Indicaciones de LED: (1) estado&comma; (3) Estado de carga de la bater\u00eda<\/li>\n<li style='margin-bottom: 5px;'>Protecci\u00f3n contra sobretensiones transitorias: 1500 watts (solar&comma; bater\u00eda&comma; carga)<\/li>\n<\/ul><\/div>\n<\/p><\/div>\n<hr style='border: 0; border-top: 1px solid rgba(150&comma; 150&comma; 150&comma; 0.3); margin: 30px 0;'> <\/div>\n","protected":false},"excerpt":{"rendered":"<p>Controlador solar 12\/24 Vcc   de 20 Amp. Sin pantalla de medici\u00f3n.<\/p>\n","protected":false},"featured_media":50755,"comment_status":"open","ping_status":"closed","template":"","meta":[],"product_brand":[],"product_cat":[1242],"product_tag":[1243,964,1119],"class_list":{"0":"post-50756","1":"product","2":"type-product","3":"status-publish","4":"has-post-thumbnail","6":"product_cat-controladores-de-carga-pwm","7":"product_tag-controladores-de-carga-pwm","8":"product_tag-energia-solar","9":"product_tag-morningstar","11":"first","12":"instock","13":"sale","14":"shipping-taxable","15":"purchasable","16":"product-type-simple"},"_links":{"self":[{"href":"https:\/\/soydeaqui.ddns.net\/pachuca\/index.php\/wp-json\/wp\/v2\/product\/50756","targetHints":{"allow":["GET"]}}],"collection":[{"href":"https:\/\/soydeaqui.ddns.net\/pachuca\/index.php\/wp-json\/wp\/v2\/product"}],"about":[{"href":"https:\/\/soydeaqui.ddns.net\/pachuca\/index.php\/wp-json\/wp\/v2\/types\/product"}],"replies":[{"embeddable":true,"href":"https:\/\/soydeaqui.ddns.net\/pachuca\/index.php\/wp-json\/wp\/v2\/comments?post=50756"}],"wp:featuredmedia":[{"embeddable":true,"href":"https:\/\/soydeaqui.ddns.net\/pachuca\/index.php\/wp-json\/wp\/v2\/media\/50755"}],"wp:attachment":[{"href":"https:\/\/soydeaqui.ddns.net\/pachuca\/index.php\/wp-json\/wp\/v2\/media?parent=50756"}],"wp:term":[{"taxonomy":"product_brand","embeddable":true,"href":"https:\/\/soydeaqui.ddns.net\/pachuca\/index.php\/wp-json\/wp\/v2\/product_brand?post=50756"},{"taxonomy":"product_cat","embeddable":true,"href":"https:\/\/soydeaqui.ddns.net\/pachuca\/index.php\/wp-json\/wp\/v2\/product_cat?post=50756"},{"taxonomy":"product_tag","embeddable":true,"href":"https:\/\/soydeaqui.ddns.net\/pachuca\/index.php\/wp-json\/wp\/v2\/product_tag?post=50756"}],"curies":[{"name":"wp","href":"https:\/\/api.w.org\/{rel}","templated":true}]}}