{"id":50750,"date":"2026-03-18T22:46:57","date_gmt":"2026-03-18T22:46:57","guid":{"rendered":"https:\/\/soydeaqui.ddns.net\/pachuca\/index.php\/producto\/controlador-solar-12-24-vcc-de-10-amp-sin-pantalla-de-medicion\/"},"modified":"2026-03-18T22:47:06","modified_gmt":"2026-03-18T22:47:06","slug":"controlador-solar-12-24-vcc-de-10-amp-sin-pantalla-de-medicion","status":"publish","type":"product","link":"https:\/\/soydeaqui.ddns.net\/pachuca\/index.php\/producto\/controlador-solar-12-24-vcc-de-10-amp-sin-pantalla-de-medicion\/","title":{"rendered":"Controlador solar 12\/24 Vcc de 10 Amp. Sin pantalla de medici\u00f3n."},"content":{"rendered":"<div style='width: 100%; max-width: 1200px; margin: 0 auto; font-family: sans-serif; line-height: 1.6; color: inherit; background-color: transparent;'>\n<div style='display: flex; flex-wrap: wrap; gap: 30px; margin-bottom: 30px;'>\n<div style='flex: 1 1 300px; min-width: 280px;'>\n<h3 style='font-size: 22px; border-bottom: 2px solid currentColor; padding-bottom: 5px; margin-top: 0; color: inherit; opacity: 0.8;'>Caracter\u00edsticas Principales<\/h3>\n<ul style='padding-left: 20px; font-size: 15px; color: inherit;'>\n<li style='margin-bottom: 5px;'>Detecci\u00f3n autom\u00e1tica de voltaje 12V o 24V<\/li>\n<li style='margin-bottom: 5px;'>Corriente m\u00e1xima de bater\u00eda: 10A&comma; 20A o 30A<\/li>\n<li style='margin-bottom: 5px;'>Precisi\u00f3n de voltaje: 0.1% \u00b1 50mV<\/li>\n<li style='margin-bottom: 5px;'>Protecci\u00f3n contra sobretensiones de 1500 watts<\/li>\n<li style='margin-bottom: 5px;'>Consumo propio reducido a 15mA<\/li>\n<\/ul><\/div>\n<div style='flex: 1 1 300px; min-width: 280px;'>\n<h3 style='font-size: 22px; border-bottom: 2px solid currentColor; padding-bottom: 5px; margin-top: 0; color: inherit; opacity: 0.8;'>Aplicaciones<\/h3>\n<ul style='padding-left: 20px; font-size: 15px; color: inherit;'>\n<li style='margin-bottom: 5px;'>Uso residencial<\/li>\n<li style='margin-bottom: 5px;'>Electrificaci\u00f3n rural<\/li>\n<li style='margin-bottom: 5px;'>Embarcaciones<\/li>\n<li style='margin-bottom: 5px;'>Autocaravanas<\/li>\n<\/ul><\/div>\n<\/p><\/div>\n<div style='display: flex; flex-wrap: wrap; gap: 20px; margin-bottom: 30px;'>\n<div style='flex: 1 1 250px; border: 1px solid rgba(150&comma; 150&comma; 150&comma; 0.4); border-radius: 8px; overflow: hidden; display: flex; flex-direction: column;'>\n<div style='padding: 15px; border-bottom: 1px solid rgba(150&comma; 150&comma; 150&comma; 0.2); font-weight: bold; font-size: 18px; color: inherit;'>Caracter\u00edsticas El\u00e9ctricas<\/div>\n<div style='padding: 15px; color: inherit;'>\n<ul style='padding-left: 20px; margin: 0; font-size: 14px; list-style-type: disc;'>\n<li style='margin-bottom: 5px;'><strong>Voltaje Nominal de la Bater\u00eda:<\/strong> Detecci\u00f3n Autom\u00e1tica de 12V o 24V<\/li>\n<li style='margin-bottom: 5px;'><strong>Rango de voltaje de la bater\u00eda:<\/strong> 10-35V<\/li>\n<li style='margin-bottom: 5px;'><strong>Precisi\u00f3n de voltaje:<\/strong> \u2264 0.1% \u00b1 50 mV<\/li>\n<li style='margin-bottom: 5px;'><strong>Corriente m\u00e1xima de la bater\u00eda:<\/strong> 10A&comma; 20A o 30A<\/li>\n<li style='margin-bottom: 5px;'><strong>Tensi\u00f3n de circuito abierto PV m\u00e1xima:<\/strong> 60V<\/li>\n<li style='margin-bottom: 5px;'><strong>Corriente nominal de carga:<\/strong> 10A&comma; 20A o 30A<\/li>\n<li style='margin-bottom: 5px;'><strong>Autoconsumo:<\/strong> &lt;15mA; &lt;20mA (medidor)<\/li>\n<li style='margin-bottom: 5px;'><strong>Protecci\u00f3n contra sobretensiones transitorias:<\/strong> 1500 watts<\/li>\n<\/ul><\/div>\n<\/p><\/div>\n<div style='flex: 1 1 250px; border: 1px solid rgba(150&comma; 150&comma; 150&comma; 0.4); border-radius: 8px; overflow: hidden; display: flex; flex-direction: column;'>\n<div style='padding: 15px; border-bottom: 1px solid rgba(150&comma; 150&comma; 150&comma; 0.2); font-weight: bold; font-size: 18px; color: inherit;'>Protecciones Electr\u00f3nicas<\/div>\n<div style='padding: 15px; color: inherit;'>\n<ul style='padding-left: 20px; margin: 0; font-size: 14px; list-style-type: disc;'>\n<li style='margin-bottom: 5px;'><strong>Entrada solar:<\/strong> sobrecarga&comma; cortocircuito&comma; sobrevoltaje&comma; polaridad inversa&comma; sobretemperatura&comma; corriente inversa por la noche<\/li>\n<li style='margin-bottom: 5px;'><strong>Gasto de carga:<\/strong> sobrecarga&comma; cortocircuito&comma; sobretemperatura&comma; polaridad inversa<\/li>\n<li style='margin-bottom: 5px;'><strong>Bater\u00eda:<\/strong> polaridad inversa (sin extraer la bater\u00eda)<\/li>\n<\/ul><\/div>\n<\/p><\/div>\n<div style='flex: 1 1 250px; border: 1px solid rgba(150&comma; 150&comma; 150&comma; 0.4); border-radius: 8px; overflow: hidden; display: flex; flex-direction: column;'>\n<div style='padding: 15px; border-bottom: 1px solid rgba(150&comma; 150&comma; 150&comma; 0.2); font-weight: bold; font-size: 18px; color: inherit;'>Caracter\u00edsticas Ambientales<\/div>\n<div style='padding: 15px; color: inherit;'>\n<ul style='padding-left: 20px; margin: 0; font-size: 14px; list-style-type: disc;'>\n<li style='margin-bottom: 5px;'><strong>Temperatura de funcionamiento:<\/strong> -40 \u00b0C a +45 \u00b0C<\/li>\n<li style='margin-bottom: 5px;'><strong>Temperatura de almacenaje:<\/strong> -40 \u00b0C a +80 \u00b0C<\/li>\n<li style='margin-bottom: 5px;'><strong>Humedad:<\/strong> 100% sin condensaci\u00f3n<\/li>\n<\/ul><\/div>\n<\/p><\/div>\n<div style='flex: 1 1 250px; border: 1px solid rgba(150&comma; 150&comma; 150&comma; 0.4); border-radius: 8px; overflow: hidden; display: flex; flex-direction: column;'>\n<div style='padding: 15px; border-bottom: 1px solid rgba(150&comma; 150&comma; 150&comma; 0.2); font-weight: bold; font-size: 18px; color: inherit;'>Caracter\u00edsticas Mec\u00e1nicas<\/div>\n<div style='padding: 15px; color: inherit;'>\n<ul style='padding-left: 20px; margin: 0; font-size: 14px; list-style-type: disc;'>\n<li style='margin-bottom: 5px;'><strong>Dimensiones:<\/strong> 15&comma;3 x 10&comma;5 x 5&comma;5 cm (6&comma;0 x 4&comma;1 x 2&comma;2 pulgadas)<\/li>\n<li style='margin-bottom: 5px;'><strong>Peso:<\/strong> 0&comma;4 kg\/1 lb<\/li>\n<li style='margin-bottom: 5px;'><strong>Rango de tama\u00f1o de cable:<\/strong> Terminales de potencia: 2&comma;5 mm\u00b2-16 mm\u00b2\/14-6 AWG<\/li>\n<\/ul><\/div>\n<\/p><\/div>\n<div style='flex: 1 1 250px; border: 1px solid rgba(150&comma; 150&comma; 150&comma; 0.4); border-radius: 8px; overflow: hidden; display: flex; flex-direction: column;'>\n<div style='padding: 15px; border-bottom: 1px solid rgba(150&comma; 150&comma; 150&comma; 0.2); font-weight: bold; font-size: 18px; color: inherit;'>Caracter\u00edsticas Adicionales<\/div>\n<div style='padding: 15px; color: inherit;'>\n<ul style='padding-left: 20px; margin: 0; font-size: 14px; list-style-type: disc;'>\n<li style='margin-bottom: 5px;'><strong>Carga en 4 etapas:<\/strong> en masa&comma; absorci\u00f3n&comma; flotaci\u00f3n&comma; ecualizaci\u00f3n<\/li>\n<li style='margin-bottom: 5px;'><strong>Coeficiente de compensaci\u00f3n de temperatura:<\/strong> -30mV\/\u00b0C\/12 voltios<\/li>\n<li style='margin-bottom: 5px;'><strong>Indicadores LED:<\/strong> (1) estado&comma; (3) nivel de carga de la bater\u00eda<\/li>\n<li style='margin-bottom: 5px;'><strong>Control de iluminaci\u00f3n solar autom\u00e1tico:<\/strong> ajuste de anochecer hasta amanecer<\/li>\n<\/ul><\/div>\n<\/p><\/div>\n<\/p><\/div>\n<hr style='border: 0; border-top: 1px solid rgba(150&comma; 150&comma; 150&comma; 0.3); margin: 30px 0;'>\n<div style='display: flex; flex-wrap: wrap; gap: 30px; margin-bottom: 30px;'>\n<div style='flex: 1 1 300px; min-width: 280px;'>\n<h3 style='font-size: 22px; border-bottom: 2px solid currentColor; padding-bottom: 5px; margin-top: 0; color: inherit; opacity: 0.8;'>Certificaciones<\/h3>\n<ul style='padding-left: 20px; font-size: 15px; color: inherit;'>\n<li style='margin-bottom: 5px;'>CE<\/li>\n<li style='margin-bottom: 5px;'>T\u00dcV: IEC 62109<\/li>\n<\/ul><\/div>\n<div style='flex: 1 1 300px; min-width: 280px;'>\n<h3 style='font-size: 22px; border-bottom: 2px solid currentColor; padding-bottom: 5px; margin-top: 0; color: inherit; opacity: 0.8;'>Garant\u00eda<\/h3>\n<ul style='padding-left: 20px; font-size: 15px; color: inherit;'>\n<li style='margin-bottom: 5px;'>2 a\u00f1os<\/li>\n<\/ul><\/div>\n<\/p><\/div>\n<\/p><\/div>\n","protected":false},"excerpt":{"rendered":"<p>Controlador solar 12\/24 Vcc de 10 Amp. Sin pantalla de medici\u00f3n.<\/p>\n","protected":false},"featured_media":50749,"comment_status":"open","ping_status":"closed","template":"","meta":[],"product_brand":[],"product_cat":[1242],"product_tag":[1243,964,1119],"class_list":{"0":"post-50750","1":"product","2":"type-product","3":"status-publish","4":"has-post-thumbnail","6":"product_cat-controladores-de-carga-pwm","7":"product_tag-controladores-de-carga-pwm","8":"product_tag-energia-solar","9":"product_tag-morningstar","11":"first","12":"outofstock","13":"sale","14":"shipping-taxable","15":"purchasable","16":"product-type-simple"},"_links":{"self":[{"href":"https:\/\/soydeaqui.ddns.net\/pachuca\/index.php\/wp-json\/wp\/v2\/product\/50750","targetHints":{"allow":["GET"]}}],"collection":[{"href":"https:\/\/soydeaqui.ddns.net\/pachuca\/index.php\/wp-json\/wp\/v2\/product"}],"about":[{"href":"https:\/\/soydeaqui.ddns.net\/pachuca\/index.php\/wp-json\/wp\/v2\/types\/product"}],"replies":[{"embeddable":true,"href":"https:\/\/soydeaqui.ddns.net\/pachuca\/index.php\/wp-json\/wp\/v2\/comments?post=50750"}],"wp:featuredmedia":[{"embeddable":true,"href":"https:\/\/soydeaqui.ddns.net\/pachuca\/index.php\/wp-json\/wp\/v2\/media\/50749"}],"wp:attachment":[{"href":"https:\/\/soydeaqui.ddns.net\/pachuca\/index.php\/wp-json\/wp\/v2\/media?parent=50750"}],"wp:term":[{"taxonomy":"product_brand","embeddable":true,"href":"https:\/\/soydeaqui.ddns.net\/pachuca\/index.php\/wp-json\/wp\/v2\/product_brand?post=50750"},{"taxonomy":"product_cat","embeddable":true,"href":"https:\/\/soydeaqui.ddns.net\/pachuca\/index.php\/wp-json\/wp\/v2\/product_cat?post=50750"},{"taxonomy":"product_tag","embeddable":true,"href":"https:\/\/soydeaqui.ddns.net\/pachuca\/index.php\/wp-json\/wp\/v2\/product_tag?post=50750"}],"curies":[{"name":"wp","href":"https:\/\/api.w.org\/{rel}","templated":true}]}}