{"id":50733,"date":"2026-03-18T22:46:27","date_gmt":"2026-03-18T22:46:27","guid":{"rendered":"https:\/\/soydeaqui.ddns.net\/pachuca\/index.php\/producto\/ups-de-900-va-480-w-topologia-linea-interactiva-entrada-120-vca-nema-5-15p-tipo-gabinete-compacto-con-12-tomas-nema-5-15r\/"},"modified":"2026-03-18T22:46:35","modified_gmt":"2026-03-18T22:46:35","slug":"ups-de-900-va-480-w-topologia-linea-interactiva-entrada-120-vca-nema-5-15p-tipo-gabinete-compacto-con-12-tomas-nema-5-15r","status":"publish","type":"product","link":"https:\/\/soydeaqui.ddns.net\/pachuca\/index.php\/producto\/ups-de-900-va-480-w-topologia-linea-interactiva-entrada-120-vca-nema-5-15p-tipo-gabinete-compacto-con-12-tomas-nema-5-15r\/","title":{"rendered":"UPS de 900 VA\/480 W, Topolog\u00eda L\u00ednea Interactiva, Entrada 120 Vca NEMA 5-15P, Tipo Gabinete Compacto, Con 12 Tomas NEMA 5-15R"},"content":{"rendered":"<div style='width: 100%; max-width: 1200px; margin: 0 auto; font-family: sans-serif; line-height: 1.6; color: inherit; background-color: transparent;'>\n<div style='display: flex; flex-wrap: wrap; gap: 30px; margin-bottom: 30px;'>\n<div style='flex: 1 1 300px; min-width: 280px;'>\n<h3 style='font-size: 22px; border-bottom: 2px solid currentColor; padding-bottom: 5px; margin-top: 0; color: inherit; opacity: 0.8;'>Descripci\u00f3n<\/h3>\n<p style='margin: 0 0 15px; font-size: 15px; color: inherit;'> <img style='width: 100%; height: auto; border: 1px solid rgba(150&comma;150&comma;150&comma;0.3); border-radius: 8px;' src='http:\/\/ftp3.syscom.mx\/usuarios\/fotos\/CP1000PFCLCD\/80782-cyber-power.jpg' alt=''> <\/p>\n<p style='margin: 0 0 15px; font-size: 15px; color: inherit;'>CyberPower AVRG900LCD garantiza protecci\u00f3n de respaldo de energ\u00eda para dispositivos multimedia&comma; equipos de TI&comma; computadoras&comma; dispositivos NAS \/ almacenamiento&comma; dispositivos de telecomunicaciones&comma; dispositivos de red&comma; sistemas de seguridad \/ emergencia y sistemas de vigilancia. El producto adopta una topolog\u00eda interactiva de l\u00ednea con funci\u00f3n de regulaci\u00f3n autom\u00e1tica de voltaje (AVR) para ofrecer una potencia de salida de CA estabilizada. El producto tambi\u00e9n cuenta con calificaci\u00f3n Energy Star con tecnolog\u00eda de ahorro de energ\u00eda para ahorrar costos de electricidad.<\/p>\n<p style='margin: 0 0 15px; font-size: 15px; color: inherit;'>El UPS proporciona respaldo de bater\u00eda&comma; tomacorrientes protegidos contra sobretensiones y filtro EMI para proteger sus dispositivos. Su puerto incluido RJ11 \/ RJ45 puede proporcionar protecci\u00f3n de l\u00ednea de datos contra sobretensiones y picos. El indicador LED muestra el estado del UPS. Otras caracter\u00edsticas incluyen bater\u00eda reemplazable por el usuario y puerto de carga USB. Tambi\u00e9n es compatible con PowerPanel\u00ae Power Management Software para realizar un apagado ordenado de la PC.<\/p>\n<\/p><\/div>\n<\/p><\/div>\n<div style='display: flex; flex-wrap: wrap; gap: 20px; margin-bottom: 30px;'>\n<div style='flex: 1 1 250px; border: 1px solid rgba(150&comma; 150&comma; 150&comma; 0.4); border-radius: 8px; overflow: hidden; display: flex; flex-direction: column;'>\n<div style='padding: 15px; border-bottom: 1px solid rgba(150&comma; 150&comma; 150&comma; 0.2); font-weight: bold; font-size: 18px; color: inherit;'>Especificaciones T\u00e9cnicas<\/div>\n<div style='padding: 15px; color: inherit;'>\n<ul style='padding-left: 20px; margin: 0; font-size: 14px; list-style-type: disc;'>\n<li style='margin-bottom: 5px; color: inherit;'><strong style='color: inherit;'>Voltaje de entrada:<\/strong> 90 &#8211; 148V<\/li>\n<li style='margin-bottom: 5px; color: inherit;'><strong style='color: inherit;'>Frecuencia de entrada:<\/strong> 60Hz \u00b1 3Hz<\/li>\n<li style='margin-bottom: 5px; color: inherit;'><strong style='color: inherit;'>Forma de Onda:<\/strong> modificada<\/li>\n<li style='margin-bottom: 5px; color: inherit;'><strong style='color: inherit;'>Tipo de enchufe de entrada:<\/strong> NEMA 5-15P <img style='width: 40px; height: 40px; border: 1px solid rgba(150&comma;150&comma;150&comma;0.3); border-radius: 4px; vertical-align: middle; margin-left: 8px;' src='https:\/\/www.cyberpower.com\/mx\/es\/File\/GetImageByDocId\/GeneralAttribute-235' alt=''> <\/li>\n<li style='margin-bottom: 5px; color: inherit;'><strong style='color: inherit;'>Longitud del cable:<\/strong> 1.5 m<\/li>\n<li style='margin-bottom: 5px; color: inherit;'><strong style='color: inherit;'>Salida VA:<\/strong> 900<\/li>\n<li style='margin-bottom: 5px; color: inherit;'><strong style='color: inherit;'>Salida Watts:<\/strong> 480<\/li>\n<li style='margin-bottom: 5px; color: inherit;'><strong style='color: inherit;'>Factor de potencia:<\/strong> 0.53<\/li>\n<li style='margin-bottom: 5px; color: inherit;'><strong style='color: inherit;'>Total de tomas:<\/strong> 12 (6 respaldo y protecci\u00f3n&comma; y 6 protecci\u00f3n)<\/li>\n<li style='margin-bottom: 5px; color: inherit;'><strong style='color: inherit;'>Tipo de tomas:<\/strong> 9 NEMA 5-15R <img style='width: 40px; height: 40px; border: 1px solid rgba(150&comma;150&comma;150&comma;0.3); border-radius: 4px; vertical-align: middle; margin-left: 8px;' src='https:\/\/www.cyberpower.com\/mx\/es\/File\/GetImageByDocId\/GeneralAttribute-238' alt=''> <\/li>\n<li style='margin-bottom: 5px; color: inherit;'><strong style='color: inherit;'>Especificaciones de bater\u00eda:<\/strong> 1 x 12V\/9Ah<\/li>\n<li style='margin-bottom: 5px; color: inherit;'><strong style='color: inherit;'>Tiempo de respaldo con media carga (240 W):<\/strong> 10 Minutos<\/li>\n<li style='margin-bottom: 5px; color: inherit;'><strong style='color: inherit;'>Tiempo de respaldo con carga completa (480 W):<\/strong> 2 Minutos<\/li>\n<li style='margin-bottom: 5px; color: inherit;'><strong style='color: inherit;'>Tiempo de transferencia:<\/strong> 4 milisegundos<\/li>\n<li style='margin-bottom: 5px; color: inherit;'><strong style='color: inherit;'>Protecci\u00f3n de picos:<\/strong> 1030 Joules<\/li>\n<li style='margin-bottom: 5px; color: inherit;'><strong style='color: inherit;'>Protecci\u00f3n RJ11<\/strong><\/li>\n<li style='margin-bottom: 5px; color: inherit;'><strong style='color: inherit;'>Indicadores:<\/strong> Pantalla LCD de lectura<\/li>\n<li style='margin-bottom: 5px; color: inherit;'><strong style='color: inherit;'>Dimensiones:<\/strong> 311 x 180 x 90 mm (Ancho x Alto x Profundidad)<\/li>\n<li style='margin-bottom: 5px; color: inherit;'><strong style='color: inherit;'>Peso:<\/strong> 5.6 kg<\/li>\n<li style='margin-bottom: 5px; color: inherit;'><strong style='color: inherit;'>Certificaciones:<\/strong> FCC Clase B &comma; UL &comma; NOM<\/li>\n<li style='margin-bottom: 5px; color: inherit;'><strong style='color: inherit;'>(incluye bater\u00edas)<\/strong><\/li>\n<li style='color: inherit;'><strong style='color: inherit;'>NO es compatible con generador de energ\u00eda (plantas de respaldo)<\/strong><\/li>\n<\/ul><\/div>\n<\/p><\/div>\n<\/p><\/div>\n<hr style='border: 0; border-top: 1px solid rgba(150&comma; 150&comma; 150&comma; 0.3); margin: 30px 0;'> <\/div>\n","protected":false},"excerpt":{"rendered":"<p>UPS de 900 VA\/480 W, Topolog\u00eda L\u00ednea Interactiva, Entrada 120 Vca NEMA 5-15P, Tipo Gabinete Compacto, Con 12 Tomas NEMA 5-15R<\/p>\n","protected":false},"featured_media":50732,"comment_status":"open","ping_status":"closed","template":"","meta":[],"product_brand":[],"product_cat":[1231],"product_tag":[677,142,1232],"class_list":{"0":"post-50733","1":"product","2":"type-product","3":"status-publish","4":"has-post-thumbnail","6":"product_cat-ups-no-break-energia-videovigilancia","7":"product_tag-cyberpower","8":"product_tag-energia","9":"product_tag-ups-no-break-2","11":"first","12":"instock","13":"sale","14":"shipping-taxable","15":"purchasable","16":"product-type-simple"},"_links":{"self":[{"href":"https:\/\/soydeaqui.ddns.net\/pachuca\/index.php\/wp-json\/wp\/v2\/product\/50733","targetHints":{"allow":["GET"]}}],"collection":[{"href":"https:\/\/soydeaqui.ddns.net\/pachuca\/index.php\/wp-json\/wp\/v2\/product"}],"about":[{"href":"https:\/\/soydeaqui.ddns.net\/pachuca\/index.php\/wp-json\/wp\/v2\/types\/product"}],"replies":[{"embeddable":true,"href":"https:\/\/soydeaqui.ddns.net\/pachuca\/index.php\/wp-json\/wp\/v2\/comments?post=50733"}],"wp:featuredmedia":[{"embeddable":true,"href":"https:\/\/soydeaqui.ddns.net\/pachuca\/index.php\/wp-json\/wp\/v2\/media\/50732"}],"wp:attachment":[{"href":"https:\/\/soydeaqui.ddns.net\/pachuca\/index.php\/wp-json\/wp\/v2\/media?parent=50733"}],"wp:term":[{"taxonomy":"product_brand","embeddable":true,"href":"https:\/\/soydeaqui.ddns.net\/pachuca\/index.php\/wp-json\/wp\/v2\/product_brand?post=50733"},{"taxonomy":"product_cat","embeddable":true,"href":"https:\/\/soydeaqui.ddns.net\/pachuca\/index.php\/wp-json\/wp\/v2\/product_cat?post=50733"},{"taxonomy":"product_tag","embeddable":true,"href":"https:\/\/soydeaqui.ddns.net\/pachuca\/index.php\/wp-json\/wp\/v2\/product_tag?post=50733"}],"curies":[{"name":"wp","href":"https:\/\/api.w.org\/{rel}","templated":true}]}}