{"id":50728,"date":"2026-03-18T22:46:16","date_gmt":"2026-03-18T22:46:16","guid":{"rendered":"https:\/\/soydeaqui.ddns.net\/pachuca\/index.php\/producto\/pdu-ats-fuente-redundante-auto-transferible-medible-para-distribucion-de-energia-2-entradas-120-vca-nema5-15p-con-10-salidas-nema-5-15r-horizontal-19in-1ur\/"},"modified":"2026-03-18T22:46:23","modified_gmt":"2026-03-18T22:46:23","slug":"pdu-ats-fuente-redundante-auto-transferible-medible-para-distribucion-de-energia-2-entradas-120-vca-nema5-15p-con-10-salidas-nema-5-15r-horizontal-19in-1ur","status":"publish","type":"product","link":"https:\/\/soydeaqui.ddns.net\/pachuca\/index.php\/producto\/pdu-ats-fuente-redundante-auto-transferible-medible-para-distribucion-de-energia-2-entradas-120-vca-nema5-15p-con-10-salidas-nema-5-15r-horizontal-19in-1ur\/","title":{"rendered":"PDU ATS (Fuente Redundante Auto-transferible) Medible, Para Distribuci\u00f3n de Energ\u00eda, 2 Entradas 120 Vca NEMA5-15P, Con 10 Salidas NEMA 5-15R, Horizontal 19in, 1UR"},"content":{"rendered":"<div style='width: 100%; max-width: 1200px; margin: 0 auto; font-family: sans-serif; line-height: 1.6; color: inherit; background-color: transparent;'>\n<div style='display: flex; flex-wrap: wrap; gap: 30px; margin-bottom: 30px;'>\n<div style='flex: 1 1 300px; min-width: 280px;'>\n<h3 style='font-size: 22px; border-bottom: 2px solid currentColor; padding-bottom: 5px; margin-top: 0; color: inherit; opacity: 0.8;'>Descripci\u00f3n general<\/h3>\n<p style='margin-bottom: 15px;'><img style='width: 100%; height: auto; border: 1px solid rgba(150&comma;150&comma;150&comma;0.3); border-radius: 8px;' src='https:\/\/ftp3.syscom.mx\/usuarios\/fotos\/logotipos\/cyberpower.png' alt=''><\/p>\n<p style='margin-bottom: 15px;'>CyberPower PDU15M10AT proporciona salida desde una unidad UPS&comma; generador o red el\u00e9ctrica para habilitar m\u00faltiples dispositivos conectados en entornos de TI. Los cables de alimentaci\u00f3n duales se pueden conectar a fuentes de energ\u00eda separadas para proporcionar redundancia a los equipos conectados con un s\u00f3lo cable. Si la fuente de energ\u00eda seleccionada excede el umbral establecido o falla&comma; el ATS cambiar\u00e1 autom\u00e1ticamente a la otra fuente de alimentaci\u00f3n para garantizar un funcionamiento continuo.<\/p>\n<p style='margin-bottom: 15px;'>La unidad viene con una panel de lectura multifunci\u00f3n que muestra signos vitales en tiempo real&comma; incluido el nivel de corriente&comma; nivel de voltaje de entrada&comma; los niveles de consumo de energ\u00eda en amperes y watts&comma; y la direcci\u00f3n IP de la interfaz de red para una f\u00e1cil instalaci\u00f3n.<\/p>\n<p style='margin-bottom: 15px;'>El producto incluye una ranura para tarjeta SNMP \/ HTTP para agregar una tarjeta de administraci\u00f3n remota opcional. Con la tarjeta SNMP adicional y una direcci\u00f3n IP en la interfaz de red&comma; los usuarios podr\u00e1n tener acceso a la supervisi\u00f3n en tiempo real de la PDU ATS.<\/p>\n<\/p><\/div>\n<\/p><\/div>\n<div style='display: flex; flex-wrap: wrap; gap: 20px; margin-bottom: 30px;'>\n<div style='flex: 1 1 250px; border: 1px solid rgba(150&comma; 150&comma; 150&comma; 0.4); border-radius: 8px; overflow: hidden; display: flex; flex-direction: column;'>\n<div style='padding: 15px; border-bottom: 1px solid rgba(150&comma; 150&comma; 150&comma; 0.2); font-weight: bold; font-size: 18px; color: inherit;'>Especificaciones t\u00e9cnicas<\/div>\n<div style='padding: 15px; color: inherit;'>\n<ul style='padding-left: 20px; margin: 0; font-size: 14px; list-style-type: disc;'>\n<li style='margin-bottom: 5px;'>Voltaje de nominal: 100-120 Vca<\/li>\n<li style='margin-bottom: 5px;'>Frecuencia de entrada: 50Hz\/60Hz<\/li>\n<li style='margin-bottom: 5px;'>Voltaje de salida: 100-120 Vca<\/li>\n<li style='margin-bottom: 5px;'>Corriente de entrada m\u00e1xima: 15A (Reducido a 12A)<\/li>\n<li style='margin-bottom: 5px;'>Tipos de enchufes: (2) NEMA 5-15P<img style='width: 40px; height: auto; border: 1px solid rgba(150&comma;150&comma;150&comma;0.3); border-radius: 8px; vertical-align: middle;' src='https:\/\/www.cyberpower.com\/mx\/es\/File\/GetImageByDocId\/GeneralAttribute-235' alt=''><\/li>\n<li style='margin-bottom: 5px;'>Longitud del cable (m): 3.05<\/li>\n<li style='margin-bottom: 5px;'>Tiempo de transferencia t\u00edpico (ms): 8 ~ 12<\/li>\n<li style='margin-bottom: 5px;'>Tipo de Tomas: NEMA 5-15R<img style='width: 40px; height: auto; border: 1px solid rgba(150&comma;150&comma;150&comma;0.3); border-radius: 8px; vertical-align: middle;' src='https:\/\/www.cyberpower.com\/mx\/es\/File\/GetImageByDocId\/GeneralAttribute-238' alt=''><\/li>\n<li style='margin-bottom: 5px;'>Cantidad de tomas: 10<\/li>\n<li style='margin-bottom: 5px;'>Carcasa met\u00e1lica de grado industrial<\/li>\n<li style='margin-bottom: 5px;'>Ranura para tarjeta de monitoreo SNMP\/HTTP opcional (RMCARD205) <strong style='color: inherit;'>No incluida<\/strong><\/li>\n<li style='margin-bottom: 5px;'>Dimensiones: 433 x 44 x 236 mm (Ancho x Alto x Profundidad)<\/li>\n<li style='margin-bottom: 5px;'>Unidades de Rack: 1<\/li>\n<li style='margin-bottom: 5px;'>Temperatura en funcionamiento: 0 a 45 \u00baC<\/li>\n<li style='margin-bottom: 5px;'>Temperatura en almacenamiento: -15 a 55 \u00baC<\/li>\n<li style='margin-bottom: 5px;'>Humedad relativa de funcionamiento: 0 a 95%<\/li>\n<li style='margin-bottom: 5px;'>Humedad relativa en almacenamiento: 0 a 95%<\/li>\n<li style='margin-bottom: 5px;'>Certificaciones: FCC Clase A&comma; UL60950<\/li>\n<li style='margin-bottom: 5px;'>Garant\u00eda: 3 a\u00f1os<\/li>\n<\/ul><\/div>\n<\/p><\/div>\n<\/p><\/div>\n<\/p><\/div>\n","protected":false},"excerpt":{"rendered":"<p>PDU ATS (Fuente Redundante Auto-transferible) Medible, Para Distribuci\u00f3n de Energ\u00eda, 2 Entradas 120 Vca NEMA5-15P, Con 10 Salidas NEMA 5-15R, Horizontal 19in, 1UR<\/p>\n","protected":false},"featured_media":50727,"comment_status":"open","ping_status":"closed","template":"","meta":[],"product_brand":[],"product_cat":[604],"product_tag":[606,677,605],"class_list":{"0":"post-50728","1":"product","2":"type-product","3":"status-publish","4":"has-post-thumbnail","6":"product_cat-accesorios-para-racks-y-gabinetes","7":"product_tag-accesorios-para-racks-y-gabinetes","8":"product_tag-cyberpower","9":"product_tag-racks-y-gabinetes","11":"first","12":"outofstock","13":"sale","14":"shipping-taxable","15":"purchasable","16":"product-type-simple"},"_links":{"self":[{"href":"https:\/\/soydeaqui.ddns.net\/pachuca\/index.php\/wp-json\/wp\/v2\/product\/50728","targetHints":{"allow":["GET"]}}],"collection":[{"href":"https:\/\/soydeaqui.ddns.net\/pachuca\/index.php\/wp-json\/wp\/v2\/product"}],"about":[{"href":"https:\/\/soydeaqui.ddns.net\/pachuca\/index.php\/wp-json\/wp\/v2\/types\/product"}],"replies":[{"embeddable":true,"href":"https:\/\/soydeaqui.ddns.net\/pachuca\/index.php\/wp-json\/wp\/v2\/comments?post=50728"}],"wp:featuredmedia":[{"embeddable":true,"href":"https:\/\/soydeaqui.ddns.net\/pachuca\/index.php\/wp-json\/wp\/v2\/media\/50727"}],"wp:attachment":[{"href":"https:\/\/soydeaqui.ddns.net\/pachuca\/index.php\/wp-json\/wp\/v2\/media?parent=50728"}],"wp:term":[{"taxonomy":"product_brand","embeddable":true,"href":"https:\/\/soydeaqui.ddns.net\/pachuca\/index.php\/wp-json\/wp\/v2\/product_brand?post=50728"},{"taxonomy":"product_cat","embeddable":true,"href":"https:\/\/soydeaqui.ddns.net\/pachuca\/index.php\/wp-json\/wp\/v2\/product_cat?post=50728"},{"taxonomy":"product_tag","embeddable":true,"href":"https:\/\/soydeaqui.ddns.net\/pachuca\/index.php\/wp-json\/wp\/v2\/product_tag?post=50728"}],"curies":[{"name":"wp","href":"https:\/\/api.w.org\/{rel}","templated":true}]}}