{"id":50726,"date":"2026-03-18T22:46:13","date_gmt":"2026-03-18T22:46:13","guid":{"rendered":"https:\/\/soydeaqui.ddns.net\/pachuca\/index.php\/producto\/armella-de-acero-con-rosca-de-1-4-para-carga-maxima-de-295-kg\/"},"modified":"2026-03-18T22:46:14","modified_gmt":"2026-03-18T22:46:14","slug":"armella-de-acero-con-rosca-de-1-4-para-carga-maxima-de-295-kg","status":"publish","type":"product","link":"https:\/\/soydeaqui.ddns.net\/pachuca\/index.php\/producto\/armella-de-acero-con-rosca-de-1-4-para-carga-maxima-de-295-kg\/","title":{"rendered":"Armella de Acero con Rosca de 1\/4&#8243; para Carga M\u00e1xima de 295 Kg."},"content":{"rendered":"<div style='width: 100%; max-width: 1200px; margin: 0 auto; font-family: sans-serif; line-height: 1.6; color: inherit; background-color: transparent;'>\n<div style='display: flex; flex-wrap: wrap; gap: 30px; margin-bottom: 30px;'>\n<div style='flex: 1 1 300px; min-width: 280px;'>\n<h3 style='font-size: 22px; border-bottom: 2px solid currentColor; padding-bottom: 5px; margin-top: 0; color: inherit; opacity: 0.8;'>Descripci\u00f3n<\/h3>\n<p style='font-size: 15px; margin: 0 0 15px; color: inherit;'> Armella de acero es ideal para sostener objetos colgantes o sujeci\u00f3n de tirantes de m\u00e1stiles livianos. Se recomienda instalar con taquete met\u00e1lico (00336428) para mejor fijaci\u00f3n. Se puede utilizar en concreto o madera cual sea la elecci\u00f3n del cliente. <\/p>\n<\/p><\/div>\n<\/p><\/div>\n<div style='display: flex; flex-wrap: wrap; gap: 20px; margin-bottom: 30px;'>\n<div style='flex: 1 1 250px; border: 1px solid rgba(150&comma; 150&comma; 150&comma; 0.4); border-radius: 8px; overflow: hidden; display: flex; flex-direction: column;'>\n<div style='padding: 15px; border-bottom: 1px solid rgba(150&comma; 150&comma; 150&comma; 0.2); font-weight: bold; font-size: 18px; color: inherit;'>Especificaciones T\u00e9cnicas<\/div>\n<div style='padding: 15px; color: inherit;'>\n<ul style='padding-left: 20px; margin: 0; font-size: 14px; list-style-type: disc;'>\n<li style='margin-bottom: 5px;'><strong>Largo total:<\/strong> 2-3\/8&#8242;<\/li>\n<li style='margin-bottom: 5px;'><strong>Di\u00e1metro interior:<\/strong> 7\/8&#8242;<\/li>\n<li style='margin-bottom: 5px;'><strong>Di\u00e1metro exterior:<\/strong> 1-1\/8&#8242;<\/li>\n<li style='margin-bottom: 5px;'><strong>Rosca:<\/strong> 1\/4&#8242;<\/li>\n<li style='margin-bottom: 5px;'><strong>Carga m\u00e1xima:<\/strong> 295 kg<\/li>\n<li style='margin-bottom: 5px;'><strong>Peso:<\/strong> 25 gr<\/li>\n<\/ul><\/div>\n<\/p><\/div>\n<div style='flex: 1 1 250px; border: 1px solid rgba(150&comma; 150&comma; 150&comma; 0.4); border-radius: 8px; overflow: hidden; display: flex; flex-direction: column;'>\n<div style='padding: 15px; border-bottom: 1px solid rgba(150&comma; 150&comma; 150&comma; 0.2); font-weight: bold; font-size: 18px; color: inherit;'>Caracter\u00edsticas<\/div>\n<div style='padding: 15px; color: inherit;'>\n<ul style='padding-left: 20px; margin: 0; font-size: 14px; list-style-type: disc;'>\n<li style='margin-bottom: 5px;'>Carga m\u00e1xima de 295 kg para m\u00e1xima seguridad<\/li>\n<li style='margin-bottom: 5px;'>Compatible con concreto y madera<\/li>\n<li style='margin-bottom: 5px;'>Di\u00e1metro interior de 7\/8&#8242; para versatilidad<\/li>\n<li style='margin-bottom: 5px;'>Rosca de 1\/4&#8242; para f\u00e1cil instalaci\u00f3n<\/li>\n<li style='margin-bottom: 5px;'>Peso ligero de 25 gr para f\u00e1cil manejo<\/li>\n<\/ul><\/div>\n<\/p><\/div>\n<\/p><\/div>\n<div style='display: flex; flex-wrap: wrap; gap: 30px; margin-bottom: 30px;'>\n<div style='flex: 1 1 300px; min-width: 280px;'>\n<h3 style='font-size: 22px; border-bottom: 2px solid currentColor; padding-bottom: 5px; margin-top: 0; color: inherit; opacity: 0.8;'>Aplicaciones<\/h3>\n<ul style='padding-left: 20px; font-size: 15px; color: inherit;'>\n<li style='margin-bottom: 5px;'>Sost\u00e9n de objetos colgantes<\/li>\n<li style='margin-bottom: 5px;'>Sujeci\u00f3n de tirantes de m\u00e1stiles livianos<\/li>\n<li style='margin-bottom: 5px;'>Instalaci\u00f3n en concreto o madera<\/li>\n<\/ul><\/div>\n<\/p><\/div>\n<div style='display: flex; flex-wrap: wrap; gap: 30px; margin-bottom: 30px;'>\n<div style='flex: 1 1 300px; min-width: 280px;'>\n<h3 style='font-size: 22px; border-bottom: 2px solid currentColor; padding-bottom: 5px; margin-top: 0; color: inherit; opacity: 0.8;'>Recomendaci\u00f3n de Instalaci\u00f3n<\/h3>\n<p style='font-size: 15px; margin: 0 0 15px; color: inherit;'> Se recomienda instalar con taquete met\u00e1lico (00336428) para mejor fijaci\u00f3n. <\/p>\n<\/p><\/div>\n<\/p><\/div>\n<div style='display: flex; flex-wrap: wrap; gap: 30px; margin-bottom: 30px;'>\n<div style='flex: 1 1 300px; min-width: 280px;'>\n<h3 style='font-size: 22px; border-bottom: 2px solid currentColor; padding-bottom: 5px; margin-top: 0; color: inherit; opacity: 0.8;'>Contenido del Paquete<\/h3>\n<p style='font-size: 15px; margin: 0 0 15px; color: inherit;'> Armella de acero con roca de 1\/4&#8242;<br \/> Manual de instrucciones (no incluye taquete met\u00e1lico) <\/p>\n<\/p><\/div>\n<\/p><\/div>\n<div style='display: flex; flex-wrap: wrap; gap: 30px; margin-bottom: 30px;'>\n<div style='flex: 1 1 300px; min-width: 280px;'>\n<h3 style='font-size: 22px; border-bottom: 2px solid currentColor; padding-bottom: 5px; margin-top: 0; color: inherit; opacity: 0.8;'>Imagen del Producto<\/h3>\n<p> <img style='width: 100%; height: auto; border: 1px solid rgba(150&comma;150&comma;150&comma;0.3); border-radius: 8px;' src='https:\/\/ftp3.syscom.mx\/usuarios\/fotos\/SH5068\/151647-sh5068_tabla.jpg' alt='Tabla de especificaciones de armella de acero'> <\/div>\n<\/p><\/div>\n<hr style='border: 0; border-top: 1px solid rgba(150&comma; 150&comma; 150&comma; 0.3); margin: 30px 0;'> <\/div>\n","protected":false},"excerpt":{"rendered":"<p>Armella de Acero con Rosca de 1\/4&#8243; para Carga M\u00e1xima de 295 Kg.<\/p>\n","protected":false},"featured_media":50725,"comment_status":"open","ping_status":"closed","template":"","meta":[],"product_brand":[],"product_cat":[589],"product_tag":[590,63,246],"class_list":{"0":"post-50726","1":"product","2":"type-product","3":"status-publish","4":"has-post-thumbnail","6":"product_cat-accesorios-para-torres-arriostradas","7":"product_tag-accesorios-para-torres-arriostradas","8":"product_tag-syscom","9":"product_tag-torres-y-mastiles","11":"first","12":"outofstock","13":"sale","14":"shipping-taxable","15":"purchasable","16":"product-type-simple"},"_links":{"self":[{"href":"https:\/\/soydeaqui.ddns.net\/pachuca\/index.php\/wp-json\/wp\/v2\/product\/50726","targetHints":{"allow":["GET"]}}],"collection":[{"href":"https:\/\/soydeaqui.ddns.net\/pachuca\/index.php\/wp-json\/wp\/v2\/product"}],"about":[{"href":"https:\/\/soydeaqui.ddns.net\/pachuca\/index.php\/wp-json\/wp\/v2\/types\/product"}],"replies":[{"embeddable":true,"href":"https:\/\/soydeaqui.ddns.net\/pachuca\/index.php\/wp-json\/wp\/v2\/comments?post=50726"}],"wp:featuredmedia":[{"embeddable":true,"href":"https:\/\/soydeaqui.ddns.net\/pachuca\/index.php\/wp-json\/wp\/v2\/media\/50725"}],"wp:attachment":[{"href":"https:\/\/soydeaqui.ddns.net\/pachuca\/index.php\/wp-json\/wp\/v2\/media?parent=50726"}],"wp:term":[{"taxonomy":"product_brand","embeddable":true,"href":"https:\/\/soydeaqui.ddns.net\/pachuca\/index.php\/wp-json\/wp\/v2\/product_brand?post=50726"},{"taxonomy":"product_cat","embeddable":true,"href":"https:\/\/soydeaqui.ddns.net\/pachuca\/index.php\/wp-json\/wp\/v2\/product_cat?post=50726"},{"taxonomy":"product_tag","embeddable":true,"href":"https:\/\/soydeaqui.ddns.net\/pachuca\/index.php\/wp-json\/wp\/v2\/product_tag?post=50726"}],"curies":[{"name":"wp","href":"https:\/\/api.w.org\/{rel}","templated":true}]}}