{"id":50724,"date":"2026-03-18T22:46:10","date_gmt":"2026-03-18T22:46:10","guid":{"rendered":"https:\/\/soydeaqui.ddns.net\/pachuca\/index.php\/producto\/medidor-multifuncional-de-parametros-electricos-con-pantalla-2\/"},"modified":"2026-03-18T22:46:11","modified_gmt":"2026-03-18T22:46:11","slug":"medidor-multifuncional-de-parametros-electricos-con-pantalla-2","status":"publish","type":"product","link":"https:\/\/soydeaqui.ddns.net\/pachuca\/index.php\/producto\/medidor-multifuncional-de-parametros-electricos-con-pantalla-2\/","title":{"rendered":"Medidor Multifuncional de Par\u00e1metros El\u00e9ctricos con Pantalla."},"content":{"rendered":"<div style='width: 100%; max-width: 1200px; margin: 0 auto; font-family: sans-serif; line-height: 1.6; color: inherit; background-color: transparent;'> <!-- Descripci\u00f3n principal --> <\/p>\n<div style='margin-bottom: 30px;'>\n<p style='font-size: 14px; margin-bottom: 30px; color: inherit;'>Total View es un medidor multifuncional de par\u00e1metros el\u00e9ctricos que permite visualizar y monitorear los valores instant\u00e1neos y caracter\u00edsticas de mayor utilidad de su sistema de distribuci\u00f3n el\u00e9ctrica&comma; por ejemplo:<\/p>\n<ul style='padding-left: 20px; font-size: 14px; color: inherit;'>\n<li style='margin-bottom: 5px;'>Consumo el\u00e9ctrico<\/li>\n<li style='margin-bottom: 5px;'>Factor de potencia<\/li>\n<li style='margin-bottom: 5px;'>Distorsi\u00f3n arm\u00f3nica (THD)<\/li>\n<li style='margin-bottom: 5px;'>Tensi\u00f3n y corriente eficaz (True RMS)<\/li>\n<li style='margin-bottom: 5px;'>Potencia activa&comma; reactiva y aparente<\/li>\n<li style='margin-bottom: 5px;'>Pr\u00e1cticamente todos los par\u00e1metros el\u00e9ctricos<\/li>\n<\/ul><\/div>\n<p> <!-- Secci\u00f3n de aplicaciones --> <\/p>\n<div style='margin-bottom: 30px;'>\n<h3 style='font-size: 16px; border-bottom: 2px solid currentColor; padding-bottom: 5px; margin-top: 0; margin-bottom: 15px; color: inherit; opacity: 0.8;'>APLICACIONES<\/h3>\n<ul style='padding-left: 20px; font-size: 14px; color: inherit;'>\n<li style='margin-bottom: 5px;'>Medici\u00f3n en tableros de distribuci\u00f3n&comma; transformadores&comma; generadores&comma; bancos de capacitores&comma; motores&comma; etc\u00e9tera<\/li>\n<li style='margin-bottom: 5px;'>Medici\u00f3n en sistemas industriales&comma; comerciales y dom\u00e9sticos<\/li>\n<li style='margin-bottom: 5px;'>An\u00e1lisis de calidad de energ\u00eda<\/li>\n<li style='margin-bottom: 5px;'>Adquisici\u00f3n de datos para an\u00e1lisis y optimizaci\u00f3n de consumo el\u00e9ctrico<\/li>\n<li style='margin-bottom: 5px;'>Medici\u00f3n en cualquier sistema o equipo el\u00e9ctrico<\/li>\n<\/ul><\/div>\n<p> <!-- Notas adicionales --> <\/p>\n<div style='margin-bottom: 30px;'>\n<p style='font-size: 14px; color: inherit; margin-bottom: 15px;'>Compatible con Software de monitoreo TOTAL MONITOR.<\/p>\n<p style='font-size: 14px; color: inherit; margin-bottom: 15px;'>Nota: Requiere accesorios adicionales para su funcionamiento.<\/p>\n<\/p><\/div>\n<p> <!-- Imagen --> <\/p>\n<div style='margin-bottom: 30px;'> <img style='width: 100%; height: auto; border: 1px solid rgba(150&comma;150&comma;150&comma;0.3); border-radius: 8px;' src='data:image\/png;base64&comma;iVBORw0KGgoAAAANSUhEUgAAAI8AAAAuCAYAAAARI0rYAAAHRElEQVR4Ae2au48cRRCHnQDh3T9gRIgESBucxCNFIHckFgRkFgSEwAlSZEhJuIgQGREiJGTSy3CCRIpJHJGdbGHez0Hfnn+rcm11dc\/e3nC+6Zbmera7q6un6pvqmpm7MPTSLbChBS5sKHcuxP7+7tvhlw\/fHX585fnh9t5i+OeHW2vX9cfhF8Ptxx4f7r720vDbZwfhmDWhmTTMEh6gAQagsAcQ\/fXN4epYgrO3uG8M439+743h37t3ZoJI+TJnCc+vH3+wBgSFqOUcyOZeOjwu+rSAw5gOzzCcOXiOjo6Gr65fD4\/vb9488c1OXrPMcTaERnD1rSuA5+Dgo+G5Z5\/Z6vHptWup09F56eUXht3d3eGhhx+pHo9evLhc3\/5bby4hSyc3neQ6JMYCwNZ3Lj29zGXa0uwR5UaSA8Ja7qP8inmioxbBkEdPJEsfpaYjko3aNJ8xWXq6FnlanDd2DDBGBee3ApPpfP3KlWj6pWNl+J\/efjWEBiPWHMjkv3\/5yQBgAmdV7y0G5kYP0cgX5l+NjaJd4SlP82Ty9FGyManutx7NJ921+j+B58aNr4ennnyiGmEyYHxfdKE4s2i8vcXA09TYUku2gcyWFsdmTsvkJZeNKV6\/A4dxms+uPzufHB7A2Ua0qcFDNCkabm+xDPWRYXjv4+WIODY6\/Xn4+dqYlcze4r6trNWxQBmVTF7Ozsas1hXA4vs0X7SOqG1SeEh4TwMcQCLJtqVo0AQcXgJ6g\/I7MioRJhpLmwWhuI7AmRZQXUsmr3VlY0prjNo1n3TX6jV4Xr58eavbCbAoYSb38RGj9JttjbWQF+kgqS7N4eGJjENbtlWV8qJSIhlFKXRYJ4xyrItaOC+Tl55sTMkOUTvXM6aswVMSBoCSo9VekqUd52pcVgNIyyM529\/7V68un9KihDlyLHBkJTKojSJeliet6OnNRpCxjhUQ0pXJa2w2hmviGlhT7ZDO1roZnhbnZ0qBIoOGvnf297MpRvfxBGSBKEUQJsawdizn5Dq14rc6f\/fWHOt18tsCm8m3wmNhrl3PmP7J4KnlOsC17WKjAiBlBYd5R7YYfRl9TP7io1vmfK\/P\/pbuTL4VHm4CxpYOD3xmJ9s3CTxsMbWow5hSoY\/Ilx1enjfJ1hk1A\/kohaFxIEf0td2u1cr6aMU8dh3N5\/fyn0yePko2plUfEXRsmQSe2pa3s7NTXHdLriUwlZgzGU63hvPvX6xCHz2sHOdZks08Pr+yc5\/EsUSxTH6b8Nit0q4\/Oz8T8JTeQLNwnrQER61mLCV6G6xtIDLG8l8vzNZj4ZGDIjm1+S0PGenLnG\/1bHKutW1DxwMLD\/lQqYyFx0ccOUXOjPT4yCEZ6izJ1lweHsnTnzmWPrvlSa617vDc+xDqcxY5Ziw85CcY1R9Z3kKkAgAO5OS86FuV1mVrIpfXp8TZzqd5VdMHnDaxV19LjTwl09EyD2NqW7O9Xp1Psm3x3qa25ZSetniXU5NVv7YtXdwm9coRwQu7E80XbItyfva2OnO+5FdrDnQgD8i6OaJ6E3CwxSTwoKj2qA4AgBIV2gGDg3\/HECy+Fjwaa+vS3FafTZxbnz74\/yOrR+dK3jPHyvmsIf2IW4BC8pkO4Mm2bHv9Y88ng6f1swfJM4bHKb6wtWVf43EcpfRCkqe+rChx9o\/bmQw6PcT2RsgcK+czP+COzX8kn+loiTyKRmMj0GTwtGxd3glEK2DKoo2VETxAwicLD1r2VIcDlTi33qkA7iMqOliHPrFkjpXzBefY\/EfymY5s24v6xgA0GTwYqHSXWgBOci545AxqnGnn1HZix+hcb2L1u1YDqJ070p85Vs63esbkP5LPdESAZG1EodYyKTwsqnX7sk5pPY+c519QEikUFayR9EY6eyqz4\/nXWbsu5o222syxcr6dl\/PW\/EfymY4MlKjvTMODcUhefbi3jtj0PIIHfR5YtjMPEAlyq+E8OKyXtqhkj pXzvRz5D1Ewcq5tk3ymw45vOW+1AWveWuQBhjEF5+HUbUEEENGdz5r89oKz0Wu3MBzWUgA0gruUjGeO1bugSO8y\/yk8ZQkCyWc6NLa1PhV4cAxOIIeIjtJdHxnGt+FEzV2DiX7080SFTpxWgkZ6soSbuUqOlzw1kSWbhxshKkCAc\/2B42vAkrwyzsvy28qXdERyWZudM7oW39Ycebzgg\/TbP3VFkQMoBSSg6N0SbTWgmQ\/451ZmAQ+RqQWgCKqWtlLUOe8wzQIenMgLxpbI0gKLHcO2N9cyG3hOA6AsSZ8DULOCZ5sAzR0cbDk7eLYBUAfnOK7OEh4uPXrRZ3OZ0jl5U+3VwLFpz\/\/f2cKzCUCAU\/qntfOPyvoVzhqeMQB1cDo86xZo2MI6OKHZ5pkwR6Yo5UAdnMhax22z37asaTxAHRxrnfXzDo+zCR9p9eG1P1U547ifHR5nkP6z3QIdnnZb9ZHOAh0eZ5D+s90CHZ52W\/WRzgL\/Ab9P0XpTn2emAAAAAElFTkSuQmCC' alt=''><\/div>\n<\/p><\/div>\n","protected":false},"excerpt":{"rendered":"<p>Medidor Multifuncional de Par\u00e1metros El\u00e9ctricos con Pantalla.<\/p>\n","protected":false},"featured_media":50723,"comment_status":"open","ping_status":"closed","template":"","meta":[],"product_brand":[],"product_cat":[1090],"product_tag":[1091,1088,635],"class_list":{"0":"post-50724","1":"product","2":"type-product","3":"status-publish","4":"has-post-thumbnail","6":"product_cat-accesorios-para-tierra-fisica","7":"product_tag-accesorios-para-tierra-fisica","8":"product_tag-calidad-de-la-energia","9":"product_tag-total-ground","11":"first","12":"outofstock","13":"sale","14":"shipping-taxable","15":"purchasable","16":"product-type-simple"},"_links":{"self":[{"href":"https:\/\/soydeaqui.ddns.net\/pachuca\/index.php\/wp-json\/wp\/v2\/product\/50724","targetHints":{"allow":["GET"]}}],"collection":[{"href":"https:\/\/soydeaqui.ddns.net\/pachuca\/index.php\/wp-json\/wp\/v2\/product"}],"about":[{"href":"https:\/\/soydeaqui.ddns.net\/pachuca\/index.php\/wp-json\/wp\/v2\/types\/product"}],"replies":[{"embeddable":true,"href":"https:\/\/soydeaqui.ddns.net\/pachuca\/index.php\/wp-json\/wp\/v2\/comments?post=50724"}],"wp:featuredmedia":[{"embeddable":true,"href":"https:\/\/soydeaqui.ddns.net\/pachuca\/index.php\/wp-json\/wp\/v2\/media\/50723"}],"wp:attachment":[{"href":"https:\/\/soydeaqui.ddns.net\/pachuca\/index.php\/wp-json\/wp\/v2\/media?parent=50724"}],"wp:term":[{"taxonomy":"product_brand","embeddable":true,"href":"https:\/\/soydeaqui.ddns.net\/pachuca\/index.php\/wp-json\/wp\/v2\/product_brand?post=50724"},{"taxonomy":"product_cat","embeddable":true,"href":"https:\/\/soydeaqui.ddns.net\/pachuca\/index.php\/wp-json\/wp\/v2\/product_cat?post=50724"},{"taxonomy":"product_tag","embeddable":true,"href":"https:\/\/soydeaqui.ddns.net\/pachuca\/index.php\/wp-json\/wp\/v2\/product_tag?post=50724"}],"curies":[{"name":"wp","href":"https:\/\/api.w.org\/{rel}","templated":true}]}}