{"id":50706,"date":"2026-03-18T22:45:40","date_gmt":"2026-03-18T22:45:40","guid":{"rendered":"https:\/\/soydeaqui.ddns.net\/pachuca\/index.php\/producto\/12-o-24-vcc-4-a-fuente-de-alimentacion-1-salida-capacidad-de-respaldo-requieren-baterias\/"},"modified":"2026-03-18T22:45:46","modified_gmt":"2026-03-18T22:45:46","slug":"12-o-24-vcc-4-a-fuente-de-alimentacion-1-salida-capacidad-de-respaldo-requieren-baterias","status":"publish","type":"product","link":"https:\/\/soydeaqui.ddns.net\/pachuca\/index.php\/producto\/12-o-24-vcc-4-a-fuente-de-alimentacion-1-salida-capacidad-de-respaldo-requieren-baterias\/","title":{"rendered":"12 o 24 Vcc @ 4 A \/ fuente de alimentaci\u00f3n \/ 1 salida \/ capacidad de respaldo \/ requieren bater\u00edas."},"content":{"rendered":"<div style='width: 100%; max-width: 1200px; margin: 0 auto; font-family: sans-serif; line-height: 1.6; color: inherit; background-color: transparent;'> <!-- Secci\u00f3n de listados --> <\/p>\n<div style='display: flex; flex-wrap: wrap; gap: 30px; margin-bottom: 30px;'>\n<div style='flex: 1 1 300px; min-width: 280px;'>\n<h3 style='font-size: 22px; border-bottom: 2px solid currentColor; padding-bottom: 5px; margin-top: 0; color: inherit; opacity: 0.8;'>Listados de agencias<\/h3>\n<ul style='padding-left: 20px; font-size: 15px; color: inherit;'>\n<li style='margin-bottom: 5px;'>Conformidad Europea CE<\/li>\n<\/ul><\/div>\n<p> <!-- Secci\u00f3n de entrada --> <\/p>\n<div style='flex: 1 1 300px; min-width: 280px;'>\n<h3 style='font-size: 22px; border-bottom: 2px solid currentColor; padding-bottom: 5px; margin-top: 0; color: inherit; opacity: 0.8;'>Entrada<\/h3>\n<ul style='padding-left: 20px; font-size: 15px; color: inherit;'>\n<li style='margin-bottom: 5px;'>Entrada 115VAC&comma; 50 \/ 60Hz&comma; 0.95A o 230VAC&comma; 50 \/ 60Hz&comma; 0.5A<\/li>\n<\/ul><\/div>\n<p> <!-- Secci\u00f3n de salida --> <\/p>\n<div style='flex: 1 1 300px; min-width: 280px;'>\n<h3 style='font-size: 22px; border-bottom: 2px solid currentColor; padding-bottom: 5px; margin-top: 0; color: inherit; opacity: 0.8;'>Salida<\/h3>\n<ul style='padding-left: 20px; font-size: 15px; color: inherit;'>\n<li style='margin-bottom: 5px;'>Salida seleccionable de 12VDC o 24VDC<\/li>\n<li style='margin-bottom: 5px;'>Corriente de suministro de 4A<\/li>\n<li style='margin-bottom: 5px;'>Salidas filtradas y electr\u00f3nicamente reguladas<\/li>\n<li style='margin-bottom: 5px;'>Protecci\u00f3n contra cortocircuitos y sobrecargas t\u00e9rmicas<\/li>\n<\/ul><\/div>\n<p> <!-- Secci\u00f3n de bater\u00eda de reserva --> <\/p>\n<div style='flex: 1 1 300px; min-width: 280px;'>\n<h3 style='font-size: 22px; border-bottom: 2px solid currentColor; padding-bottom: 5px; margin-top: 0; color: inherit; opacity: 0.8;'>Bater\u00eda de reserva<\/h3>\n<ul style='padding-left: 20px; font-size: 15px; color: inherit;'>\n<li style='margin-bottom: 5px;'>Cargador incorporado para bater\u00edas selladas de \u00e1cido plomo o gel<\/li>\n<li style='margin-bottom: 5px;'>Corriente de carga m\u00e1xima 0&comma;5A<\/li>\n<li style='margin-bottom: 5px;'>Ca\u00edda de tensi\u00f3n cero al conmutar a la bater\u00eda de respaldo<\/li>\n<li style='margin-bottom: 5px;'>Con capacidad de bater\u00edas de respaldo<\/li>\n<li style='margin-bottom: 5px;'>No se incluyen bater\u00edas<\/li>\n<li style='margin-bottom: 5px;'>Bater\u00edas sugeridas: PL4.512 \/ PL712 \/ PL912<\/li>\n<\/ul><\/div>\n<p> <!-- Secci\u00f3n de caracter\u00edsticas --> <\/p>\n<div style='flex: 1 1 300px; min-width: 280px;'>\n<h3 style='font-size: 22px; border-bottom: 2px solid currentColor; padding-bottom: 5px; margin-top: 0; color: inherit; opacity: 0.8;'>Caracter\u00edsticas<\/h3>\n<ul style='padding-left: 20px; font-size: 15px; color: inherit;'>\n<li style='margin-bottom: 5px;'>Interruptor de encendido \/ apagado<\/li>\n<\/ul><\/div>\n<\/p><\/div>\n<\/p><\/div>\n","protected":false},"excerpt":{"rendered":"<p>12 o 24 Vcc @ 4 A \/ fuente de alimentaci\u00f3n \/ 1 salida \/ capacidad de respaldo \/ requieren bater\u00edas.<\/p>\n","protected":false},"featured_media":50705,"comment_status":"open","ping_status":"closed","template":"","meta":[],"product_brand":[],"product_cat":[404],"product_tag":[495,142,405],"class_list":{"0":"post-50706","1":"product","2":"type-product","3":"status-publish","4":"has-post-thumbnail","6":"product_cat-fuentes-de-poder","7":"product_tag-altronix","8":"product_tag-energia","9":"product_tag-fuentes-de-poder","11":"first","12":"instock","13":"sale","14":"shipping-taxable","15":"purchasable","16":"product-type-simple"},"_links":{"self":[{"href":"https:\/\/soydeaqui.ddns.net\/pachuca\/index.php\/wp-json\/wp\/v2\/product\/50706","targetHints":{"allow":["GET"]}}],"collection":[{"href":"https:\/\/soydeaqui.ddns.net\/pachuca\/index.php\/wp-json\/wp\/v2\/product"}],"about":[{"href":"https:\/\/soydeaqui.ddns.net\/pachuca\/index.php\/wp-json\/wp\/v2\/types\/product"}],"replies":[{"embeddable":true,"href":"https:\/\/soydeaqui.ddns.net\/pachuca\/index.php\/wp-json\/wp\/v2\/comments?post=50706"}],"wp:featuredmedia":[{"embeddable":true,"href":"https:\/\/soydeaqui.ddns.net\/pachuca\/index.php\/wp-json\/wp\/v2\/media\/50705"}],"wp:attachment":[{"href":"https:\/\/soydeaqui.ddns.net\/pachuca\/index.php\/wp-json\/wp\/v2\/media?parent=50706"}],"wp:term":[{"taxonomy":"product_brand","embeddable":true,"href":"https:\/\/soydeaqui.ddns.net\/pachuca\/index.php\/wp-json\/wp\/v2\/product_brand?post=50706"},{"taxonomy":"product_cat","embeddable":true,"href":"https:\/\/soydeaqui.ddns.net\/pachuca\/index.php\/wp-json\/wp\/v2\/product_cat?post=50706"},{"taxonomy":"product_tag","embeddable":true,"href":"https:\/\/soydeaqui.ddns.net\/pachuca\/index.php\/wp-json\/wp\/v2\/product_tag?post=50706"}],"curies":[{"name":"wp","href":"https:\/\/api.w.org\/{rel}","templated":true}]}}