{"id":50639,"date":"2026-03-18T22:43:42","date_gmt":"2026-03-18T22:43:42","guid":{"rendered":"https:\/\/soydeaqui.ddns.net\/pachuca\/index.php\/producto\/controlador-de-carga-solar-ecoboost-mppt-40a-con-pantalla\/"},"modified":"2026-03-18T22:43:43","modified_gmt":"2026-03-18T22:43:43","slug":"controlador-de-carga-solar-ecoboost-mppt-40a-con-pantalla","status":"publish","type":"product","link":"https:\/\/soydeaqui.ddns.net\/pachuca\/index.php\/producto\/controlador-de-carga-solar-ecoboost-mppt-40a-con-pantalla\/","title":{"rendered":"Controlador de Carga Solar EcoBoost MPPT 40A con Pantalla."},"content":{"rendered":"<div style='width: 100%; max-width: 1200px; margin: 0 auto; font-family: sans-serif; line-height: 1.6; color: inherit; background-color: transparent;'>\n<div style='display: flex; flex-wrap: wrap; gap: 30px; margin-bottom: 30px;'>\n<div style='flex: 1 1 300px; min-width: 280px;'>\n<h3 style='font-size: 22px; border-bottom: 2px solid currentColor; padding-bottom: 5px; margin-top: 0; color: inherit; opacity: 0.8;'>Descripci\u00f3n<\/h3>\n<p style='font-size: 15px; color: inherit; margin-top: 0; margin-bottom: 15px;'>El EcoBoost es un controlador de carga solar Maximum Power Point Tracking (MPPT) dentro de la serie Morningstar Essential \u2122 que proporciona funciones esenciales de regulaci\u00f3n de la bater\u00eda fuera de la red. Este controlador fue desarrollado para aplicaciones de consumidores residenciales y de ocio donde se desea un controlador MPPT para proporcionar alimentaci\u00f3n y adaptaciones adicionales para m\u00f3dulos que no son compatibles con otros tipos de controladores. Las versiones con y sin medidor de este producto est\u00e1n disponibles con capacidades de carga de 20&comma; 30 y 40 amperios para sistemas de bater\u00edas de 12 y 24 voltios. Este controlador no se vende en los Estados Unidos o Canad\u00e1.<\/p>\n<\/p><\/div>\n<\/p><\/div>\n<div style='display: flex; flex-wrap: wrap; gap: 20px; margin-bottom: 30px;'>\n<div style='flex: 1 1 250px; border: 1px solid rgba(150&comma; 150&comma; 150&comma; 0.4); border-radius: 8px; overflow: hidden; display: flex; flex-direction: column;'>\n<div style='padding: 15px; border-bottom: 1px solid rgba(150&comma; 150&comma; 150&comma; 0.2); font-weight: bold; font-size: 18px; color: inherit;'>Caracter\u00edsticas<\/div>\n<div style='padding: 15px; color: inherit;'>\n<ul style='padding-left: 20px; margin: 0; font-size: 14px; list-style-type: disc;'>\n<li style='margin-bottom: 5px;'>Carga USB: Dos puertos USB con 3 A de capacidad de carga compartida para la carga de los dispositivos m\u00f3viles actuales<\/li>\n<li style='margin-bottom: 5px;'>Autodiagn\u00f3stico: Supervisi\u00f3n y notificaci\u00f3n continuas de todo tipo de errores a trav\u00e9s de los LED de estado o la pantalla opcional<\/li>\n<li style='margin-bottom: 5px;'>Control de iluminaci\u00f3n: Utiliza el panel FV para encenderse o apagarse al anochecer y al amanecer<\/li>\n<li style='margin-bottom: 5px;'>Controlador de carga: Conecta las cargas de CC directamente al controlador<\/li>\n<li style='margin-bottom: 5px;'>Desconexi\u00f3n programable de la carga para proteger las bater\u00edas<\/li>\n<li style='margin-bottom: 5px;'>Flexibilidad del panel FV: Activa 2 m\u00f3dulos en serie para cargar un sistema de bater\u00eda de 12 o 24 V<\/li>\n<\/ul><\/div>\n<\/p><\/div>\n<\/p><\/div>\n<div style='position: relative; padding-bottom: 56.25%; height: 0; overflow: hidden; margin-bottom: 30px;'>   <\/div>\n<\/p><\/div>\n","protected":false},"excerpt":{"rendered":"<p>Controlador de Carga Solar EcoBoost MPPT 40A con Pantalla.<\/p>\n","protected":false},"featured_media":50638,"comment_status":"open","ping_status":"closed","template":"","meta":[],"product_brand":[],"product_cat":[1117],"product_tag":[1118,964,1119],"class_list":{"0":"post-50639","1":"product","2":"type-product","3":"status-publish","4":"has-post-thumbnail","6":"product_cat-controladores-de-carga-mppt","7":"product_tag-controladores-de-carga-mppt","8":"product_tag-energia-solar","9":"product_tag-morningstar","11":"first","12":"instock","13":"sale","14":"shipping-taxable","15":"purchasable","16":"product-type-simple"},"_links":{"self":[{"href":"https:\/\/soydeaqui.ddns.net\/pachuca\/index.php\/wp-json\/wp\/v2\/product\/50639","targetHints":{"allow":["GET"]}}],"collection":[{"href":"https:\/\/soydeaqui.ddns.net\/pachuca\/index.php\/wp-json\/wp\/v2\/product"}],"about":[{"href":"https:\/\/soydeaqui.ddns.net\/pachuca\/index.php\/wp-json\/wp\/v2\/types\/product"}],"replies":[{"embeddable":true,"href":"https:\/\/soydeaqui.ddns.net\/pachuca\/index.php\/wp-json\/wp\/v2\/comments?post=50639"}],"wp:featuredmedia":[{"embeddable":true,"href":"https:\/\/soydeaqui.ddns.net\/pachuca\/index.php\/wp-json\/wp\/v2\/media\/50638"}],"wp:attachment":[{"href":"https:\/\/soydeaqui.ddns.net\/pachuca\/index.php\/wp-json\/wp\/v2\/media?parent=50639"}],"wp:term":[{"taxonomy":"product_brand","embeddable":true,"href":"https:\/\/soydeaqui.ddns.net\/pachuca\/index.php\/wp-json\/wp\/v2\/product_brand?post=50639"},{"taxonomy":"product_cat","embeddable":true,"href":"https:\/\/soydeaqui.ddns.net\/pachuca\/index.php\/wp-json\/wp\/v2\/product_cat?post=50639"},{"taxonomy":"product_tag","embeddable":true,"href":"https:\/\/soydeaqui.ddns.net\/pachuca\/index.php\/wp-json\/wp\/v2\/product_tag?post=50639"}],"curies":[{"name":"wp","href":"https:\/\/api.w.org\/{rel}","templated":true}]}}