{"id":50633,"date":"2026-03-18T22:43:31","date_gmt":"2026-03-18T22:43:31","guid":{"rendered":"https:\/\/soydeaqui.ddns.net\/pachuca\/index.php\/producto\/conector-mecanico-de-aluminio-de-un-orificio-y-un-barril-para-cable-de-14-a-2-awg-1-pieza\/"},"modified":"2026-03-18T22:43:40","modified_gmt":"2026-03-18T22:43:40","slug":"conector-mecanico-de-aluminio-de-un-orificio-y-un-barril-para-cable-de-14-a-2-awg-1-pieza","status":"publish","type":"product","link":"https:\/\/soydeaqui.ddns.net\/pachuca\/index.php\/producto\/conector-mecanico-de-aluminio-de-un-orificio-y-un-barril-para-cable-de-14-a-2-awg-1-pieza\/","title":{"rendered":"Conector Mec\u00e1nico de Aluminio, de Un Orificio y Un Barril, para Cable de 14 a 2 AWG. 1 Pieza"},"content":{"rendered":"<div style='width: 100%; max-width: 1200px; margin: 0 auto; font-family: sans-serif; line-height: 1.6; color: inherit; background-color: transparent;'>\n<div style='display: flex; flex-wrap: wrap; gap: 30px; margin-bottom: 30px;'>\n<div style='flex: 1 1 300px; min-width: 280px;'> <img style='width: 100%; height: auto; border: 1px solid rgba(150&comma;150&comma;150&comma;0.3); border-radius: 8px;' src='https:\/\/ftp3.syscom.mx\/usuarios\/fotos\/LAMA214QY\/154119-217843-panduit-logo-tm-negro-fondo_trans30-01_(002)_(1).png' alt=''> <\/div>\n<\/p><\/div>\n<div style='display: flex; flex-wrap: wrap; gap: 30px; margin-bottom: 30px;'>\n<div style='flex: 1 1 300px; min-width: 280px;'>\n<h3 style='font-size: 22px; border-bottom: 2px solid currentColor; padding-bottom: 5px; margin-top: 0; color: inherit; opacity: 0.8;'>Descripci\u00f3n<\/h3>\n<p style='font-size: 15px; color: inherit;'>Conector mec\u00e1nico de aluminio esta\u00f1ado LAMA2-14-QY&comma; un orificio&comma; un tambor&comma; fabricado con aleaci\u00f3n de aluminio extruido que aporta rendimiento el\u00e9ctrico y mec\u00e1nico de alta calidad para ofrecer amplia capacidad de toma de rango de cable y as\u00ed minimizar requisitos de inventario. El tornillo prisionero de acero chapado o aluminio brinda contacto el\u00e9ctrico duradero entre conductor y conector. Incluido en el Listado UL&comma; certificado por CSA hasta 600 V y con calificaci\u00f3n de temperatura de UL de 90\u00b0C.<\/p>\n<\/p><\/div>\n<\/p><\/div>\n<div style='display: flex; flex-wrap: wrap; gap: 30px; margin-bottom: 30px;'>\n<div style='flex: 1 1 300px; min-width: 280px;'> <img style='width: 100%; height: auto; border: 1px solid rgba(150&comma;150&comma;150&comma;0.3); border-radius: 8px;' src='https:\/\/ftp3.syscom.mx\/usuarios\/fotos\/LAMA214QY\/154119-captura_de_pantalla_2023-05-30_a_la(s)_15.14.37.png' alt=''> <\/div>\n<\/p><\/div>\n<\/p><\/div>\n","protected":false},"excerpt":{"rendered":"<p>Conector Mec\u00e1nico de Aluminio, de Un Orificio y Un Barril, para Cable de 14 a 2 AWG. 1 Pieza<\/p>\n","protected":false},"featured_media":50632,"comment_status":"open","ping_status":"closed","template":"","meta":[],"product_brand":[],"product_cat":[633],"product_tag":[634,445,605],"class_list":{"0":"post-50633","1":"product","2":"type-product","3":"status-publish","4":"has-post-thumbnail","6":"product_cat-accesorios-para-rack-gabinetes","7":"product_tag-accesorios-para-rack-gabinetes","8":"product_tag-panduit","9":"product_tag-racks-y-gabinetes","11":"first","12":"outofstock","13":"sale","14":"shipping-taxable","15":"purchasable","16":"product-type-simple"},"_links":{"self":[{"href":"https:\/\/soydeaqui.ddns.net\/pachuca\/index.php\/wp-json\/wp\/v2\/product\/50633","targetHints":{"allow":["GET"]}}],"collection":[{"href":"https:\/\/soydeaqui.ddns.net\/pachuca\/index.php\/wp-json\/wp\/v2\/product"}],"about":[{"href":"https:\/\/soydeaqui.ddns.net\/pachuca\/index.php\/wp-json\/wp\/v2\/types\/product"}],"replies":[{"embeddable":true,"href":"https:\/\/soydeaqui.ddns.net\/pachuca\/index.php\/wp-json\/wp\/v2\/comments?post=50633"}],"wp:featuredmedia":[{"embeddable":true,"href":"https:\/\/soydeaqui.ddns.net\/pachuca\/index.php\/wp-json\/wp\/v2\/media\/50632"}],"wp:attachment":[{"href":"https:\/\/soydeaqui.ddns.net\/pachuca\/index.php\/wp-json\/wp\/v2\/media?parent=50633"}],"wp:term":[{"taxonomy":"product_brand","embeddable":true,"href":"https:\/\/soydeaqui.ddns.net\/pachuca\/index.php\/wp-json\/wp\/v2\/product_brand?post=50633"},{"taxonomy":"product_cat","embeddable":true,"href":"https:\/\/soydeaqui.ddns.net\/pachuca\/index.php\/wp-json\/wp\/v2\/product_cat?post=50633"},{"taxonomy":"product_tag","embeddable":true,"href":"https:\/\/soydeaqui.ddns.net\/pachuca\/index.php\/wp-json\/wp\/v2\/product_tag?post=50633"}],"curies":[{"name":"wp","href":"https:\/\/api.w.org\/{rel}","templated":true}]}}