{"id":50582,"date":"2026-03-18T22:41:57","date_gmt":"2026-03-18T22:41:57","guid":{"rendered":"https:\/\/soydeaqui.ddns.net\/pachuca\/index.php\/producto\/molde-de-grafito-vertical-union-lineal-horizontal-de-cable-1-0-awg-a-cable-1-0-awg\/"},"modified":"2026-03-18T22:41:58","modified_gmt":"2026-03-18T22:41:58","slug":"molde-de-grafito-vertical-union-lineal-horizontal-de-cable-1-0-awg-a-cable-1-0-awg","status":"publish","type":"product","link":"https:\/\/soydeaqui.ddns.net\/pachuca\/index.php\/producto\/molde-de-grafito-vertical-union-lineal-horizontal-de-cable-1-0-awg-a-cable-1-0-awg\/","title":{"rendered":"Molde de Grafito Vertical Uni\u00f3n L\u00edneal Horizontal de Cable 1\/0 AWG  a Cable 1\/0 AWG."},"content":{"rendered":"<div style='width: 100%; max-width: 1200px; margin: 0 auto; font-family: sans-serif; line-height: 1.6; color: inherit; background-color: transparent;'>\n<div style='display: flex; flex-wrap: wrap; gap: 30px; margin-bottom: 30px;'>\n<div style='flex: 1 1 300px; min-width: 280px;'> <img style='width: 100%; height: auto; border: 1px solid rgba(150&comma;150&comma;150&comma;0.3); border-radius: 8px;' src='https:\/\/ftp3.syscom.mx\/usuarios\/fotos\/AT5360\/95182-ap_imagen.jpg' alt=''> <\/div>\n<div style='flex: 1 1 300px; min-width: 280px;'>\n<p style='text-align: justify; font-size: 15px; color: inherit;'> <span style='color: #f29d12;'><strong>La soldadura exot\u00e9rmica Apliweld\u00ae<\/strong><\/span> es un proceso que consigue la uni\u00f3n molecular de dos o m\u00e1s conductores met\u00e1licos mediante una reacci\u00f3n qu\u00edmica. Esta uni\u00f3n molecular mejora las propiedades mec\u00e1nicas&comma; el\u00e9ctricas y relativas a la corrosi\u00f3n respecto a cualquier uni\u00f3n mec\u00e1nica. La soldadura exot\u00e9rmica Apliweld\u00ae es el mejor modo de realizar conexiones permanentes&comma; fiables y de alta conductividad en cualquier instalaci\u00f3n que requiera toma de tierra. <\/p>\n<\/p><\/div>\n<\/p><\/div>\n<div style='display: flex; flex-wrap: wrap; gap: 20px; margin-bottom: 30px;'>\n<div style='flex: 1 1 250px; border: 1px solid rgba(150&comma; 150&comma; 150&comma; 0.4); border-radius: 8px; overflow: hidden; display: flex; flex-direction: column;'>\n<div style='padding: 15px; border-bottom: 1px solid rgba(150&comma; 150&comma; 150&comma; 0.2); font-weight: bold; font-size: 18px; color: inherit;'>Especificaciones<\/div>\n<div style='padding: 15px; color: inherit;'>\n<ul style='padding-left: 20px; margin: 0; font-size: 14px; list-style-type: disc;'>\n<li style='margin-bottom: 5px;'><strong>Tipo de tableta:<\/strong> Tabletas de compuesto para soldadura exot\u00e9rmica <a style='color: #f29d12; text-decoration: none;' href='https:\/\/www.syscom.mx\/producto\/AT-020-N-APLICACIONES-TECNOLOGICAS-95723.html'>AT-020N<\/a><\/li>\n<li style='margin-bottom: 5px;'><strong>Cantidad de tabletas:<\/strong> 1<\/li>\n<li style='margin-bottom: 5px;'><strong>Accesorios necesarios:<\/strong> Pinza para moldes espec\u00edficos modelo S <a style='color: #f29d12; text-decoration: none;' href='https:\/\/www.syscom.mx\/producto\/AT-049-N-APLICACIONES-TECNOLOGICAS-95720.html'>AT-049N<\/a><\/li>\n<li style='margin-bottom: 5px;'><strong>Tipo de uni\u00f3n:<\/strong> Lineal horizontal<\/li>\n<li style='margin-bottom: 5px;'><strong>Cable 1:<\/strong> Calibre 1\/0 AWG<\/li>\n<li style='margin-bottom: 5px;'><strong>Cable 2:<\/strong> Calibre 1\/0 AWG<\/li>\n<\/ul><\/div>\n<\/p><\/div>\n<\/p><\/div>\n<div style='margin: 30px 0;'>\n<div style='position: relative; padding-bottom: 56.25%; height: 0; overflow: hidden;'>   <\/div>\n<\/p><\/div>\n<hr style='border: 0; border-top: 1px solid rgba(150&comma; 150&comma; 150&comma; 0.3); margin: 30px 0;'> <\/div>\n","protected":false},"excerpt":{"rendered":"<p>Molde de Grafito Vertical Uni\u00f3n L\u00edneal Horizontal de Cable 1\/0 AWG  a Cable 1\/0 AWG.<\/p>\n","protected":false},"featured_media":50581,"comment_status":"open","ping_status":"closed","template":"","meta":[],"product_brand":[],"product_cat":[1090],"product_tag":[1091,1239,1088],"class_list":{"0":"post-50582","1":"product","2":"type-product","3":"status-publish","4":"has-post-thumbnail","6":"product_cat-accesorios-para-tierra-fisica","7":"product_tag-accesorios-para-tierra-fisica","8":"product_tag-aplicaciones-tecnologicas","9":"product_tag-calidad-de-la-energia","11":"first","12":"outofstock","13":"sale","14":"shipping-taxable","15":"purchasable","16":"product-type-simple"},"_links":{"self":[{"href":"https:\/\/soydeaqui.ddns.net\/pachuca\/index.php\/wp-json\/wp\/v2\/product\/50582","targetHints":{"allow":["GET"]}}],"collection":[{"href":"https:\/\/soydeaqui.ddns.net\/pachuca\/index.php\/wp-json\/wp\/v2\/product"}],"about":[{"href":"https:\/\/soydeaqui.ddns.net\/pachuca\/index.php\/wp-json\/wp\/v2\/types\/product"}],"replies":[{"embeddable":true,"href":"https:\/\/soydeaqui.ddns.net\/pachuca\/index.php\/wp-json\/wp\/v2\/comments?post=50582"}],"wp:featuredmedia":[{"embeddable":true,"href":"https:\/\/soydeaqui.ddns.net\/pachuca\/index.php\/wp-json\/wp\/v2\/media\/50581"}],"wp:attachment":[{"href":"https:\/\/soydeaqui.ddns.net\/pachuca\/index.php\/wp-json\/wp\/v2\/media?parent=50582"}],"wp:term":[{"taxonomy":"product_brand","embeddable":true,"href":"https:\/\/soydeaqui.ddns.net\/pachuca\/index.php\/wp-json\/wp\/v2\/product_brand?post=50582"},{"taxonomy":"product_cat","embeddable":true,"href":"https:\/\/soydeaqui.ddns.net\/pachuca\/index.php\/wp-json\/wp\/v2\/product_cat?post=50582"},{"taxonomy":"product_tag","embeddable":true,"href":"https:\/\/soydeaqui.ddns.net\/pachuca\/index.php\/wp-json\/wp\/v2\/product_tag?post=50582"}],"curies":[{"name":"wp","href":"https:\/\/api.w.org\/{rel}","templated":true}]}}