{"id":50577,"date":"2026-03-18T22:41:48","date_gmt":"2026-03-18T22:41:48","guid":{"rendered":"https:\/\/soydeaqui.ddns.net\/pachuca\/index.php\/producto\/supresor-de-trasientes-clase-b-para-aplicaciones-residenciales-1-fase-3-hilos-120-vca\/"},"modified":"2026-03-18T22:41:54","modified_gmt":"2026-03-18T22:41:54","slug":"supresor-de-trasientes-clase-b-para-aplicaciones-residenciales-1-fase-3-hilos-120-vca","status":"publish","type":"product","link":"https:\/\/soydeaqui.ddns.net\/pachuca\/index.php\/producto\/supresor-de-trasientes-clase-b-para-aplicaciones-residenciales-1-fase-3-hilos-120-vca\/","title":{"rendered":"Supresor de Trasientes Clase B para Aplicaciones Residenciales, 1 Fase, 3 Hilos, 120 Vca."},"content":{"rendered":"<div style='width: 100%; max-width: 1200px; margin: 0 auto; font-family: sans-serif; line-height: 1.6; color: inherit; background-color: transparent;'>\n<div style='width: 100%; max-width: 1200px; margin: 0 auto;'> <img style='width: 100%; height: auto; border: 1px solid rgba(150&comma;150&comma;150&comma;0.3); border-radius: 8px;' src='data:image\/png;base64&comma;iVBORw0KGgoAAAANSUhEUgAAAXwAAABUCAIAAAAODRtyAAAgAElEQVR4Ae1dC1xUxRqf5Q0CKgSCYPgAXyCJRioqpUiCytXwCaJmaWih3gw0r4Y\/vL4i34\/KsgTNoFBSoBQBRQRRUeQhCAuoLIIQCLK7ssyyznHmLNP49uzZAyKJzvnx0+\/MfPPN9\/3P7P\/MmZkzB9DkIAgQBAgCHYgAIXw==' alt=''> <\/div>\n<div style='width: 100%; max-width: 1200px; margin: 30px auto;'>\n<p style='margin: 0; color: inherit; font-family: sans-serif; font-size: 14px; line-height: 1.6; text-align: justify;'> <span style='font-family: helvetica&comma; arial&comma; sans-serif; font-size: 12px;'><span style='font-weight: bold;'>SUPRECTOR SOHOF1 <\/span><span>es un <\/span><span style='font-weight: bold;'>supresor Clase B<\/span><span> con la tecnolog\u00eda de un supresor robusto para uso industrial&comma; pero con un dise\u00f1o est\u00e9tico y m\u00e1s adecuado para residencias y peque\u00f1as oficinas.<\/span> <\/p>\n<\/p><\/div>\n<div style='display: flex; flex-wrap: wrap; gap: 20px; margin-top: 30px;'>\n<div style='flex: 1 1 300px; min-width: 250px; border: 1px solid rgba(150&comma; 150&comma; 150&comma; 0.4); border-radius: 8px; overflow: hidden;'>\n<div style='padding: 15px; border-bottom: 1px solid rgba(150&comma; 150&comma; 150&comma; 0.2); font-weight: bold; font-size: 18px; color: inherit; background-color: transparent;'>Especificaciones<\/div>\n<div style='padding: 15px; color: inherit;'>\n<ul style='padding-left: 20px; margin: 0; font-size: 14px; list-style-type: disc;'>\n<li style='margin-bottom: 5px;'><span style='color: inherit; font-size: 14px; font-family: helvetica&comma; arial&comma; sans-serif; font-size: 12px;'>Voltaje de operaci\u00f3n: 127 Vca @ 60 Hz.<\/span><\/li>\n<li style='margin-bottom: 5px;'><span style='color: inherit; font-size: 14px; font-family: helvetica&comma; arial&comma; sans-serif; font-size: 12px;'>Consumo de operaci\u00f3n: 1 Watt. <\/span><\/li>\n<li style='margin-bottom: 5px;'><span style='color: inherit; font-size: 14px; font-family: helvetica&comma; arial&comma; sans-serif; font-size: 12px;'>Gabinete: IP64<\/span><\/li>\n<li style='margin-bottom: 5px;'><span style='color: inherit; font-size: 14px; font-family: helvetica&comma; arial&comma; sans-serif; font-size: 12px;'>Protecci\u00f3n M\u00e1xima: 50 kA \u00f3 300 Joules<\/span><\/li>\n<li style='margin-bottom: 5px;'><span style='color: inherit; font-size: 14px; font-family: helvetica&comma; arial&comma; sans-serif; font-size: 12px;'>Dimensiones: 145 X 120 X 60 mm<\/span><\/li>\n<\/ul><\/div>\n<\/p><\/div>\n<div style='flex: 1 1 300px; min-width: 250px; border: 1px solid rgba(150&comma; 150&comma; 150&comma; 0.4); border-radius: 8px; overflow: hidden;'>\n<div style='padding: 15px; border-bottom: 1px solid rgba(150&comma; 150&comma; 150&comma; 0.2); font-weight: bold; font-size: 18px; color: inherit; background-color: transparent;'>Aplicaciones<\/div>\n<div style='padding: 15px; color: inherit;'>\n<ul style='padding-left: 20px; margin: 0; font-size: 14px; list-style-type: disc;'>\n<li style='margin-bottom: 5px;'><span style='color: inherit; font-size: 14px; font-family: helvetica&comma; arial&comma; sans-serif; font-size: 12px;'>Ideal para peque\u00f1as oficinas&comma; residencias o departamentos. <\/span><\/li>\n<li style='margin-bottom: 5px;'><span style='color: inherit; font-size: 14px; font-family: helvetica&comma; arial&comma; sans-serif; font-size: 12px;'>Protecci\u00f3n para equipos electr\u00f3nicos o dispositivos delicados. <\/span><\/li>\n<li style='margin-bottom: 5px;'><span style='color: inherit; font-size: 14px; font-family: helvetica&comma; arial&comma; sans-serif; font-size: 12px;'>Dise\u00f1o est\u00e9tico para su instalaci\u00f3n en interiores.<\/span><\/li>\n<\/ul><\/div>\n<\/p><\/div>\n<div style='flex: 1 1 300px; min-width: 250px; border: 1px solid rgba(150&comma; 150&comma; 150&comma; 0.4); border-radius: 8px; overflow: hidden;'>\n<div style='padding: 15px; border-bottom: 1px solid rgba(150&comma; 150&comma; 150&comma; 0.2); font-weight: bold; font-size: 18px; color: inherit; background-color: transparent;'>Caracter\u00edsticas<\/div>\n<div style='padding: 15px; color: inherit;'>\n<ul style='padding-left: 20px; margin: 0; font-size: 14px; list-style-type: disc;'>\n<li style='margin-bottom: 5px;'><span style='color: inherit; font-size: 14px; font-family: helvetica&comma; arial&comma; sans-serif; font-size: 12px;'>LED indicador de estado de protecci\u00f3n activo en tiempo real. <\/span><\/li>\n<li style='margin-bottom: 5px;'><span style='color: inherit; font-size: 14px; font-family: helvetica&comma; arial&comma; sans-serif; font-size: 12px;'>Cuatro puntos de sujeci\u00f3n para una instalaci\u00f3n m\u00e1s c\u00f3moda y sencilla. <\/span><\/li>\n<li style='margin-bottom: 5px;'><span style='color: inherit; font-size: 14px; font-family: helvetica&comma; arial&comma; sans-serif; font-size: 12px;'>Dos modos de protecci\u00f3n activa L-N&comma; N-G.<\/span><\/li>\n<\/ul><\/div>\n<\/p><\/div>\n<\/p><\/div>\n<div style='width: 100%; max-width: 1200px; margin: 30px auto;'> <img style='width: 100%; height: auto; border: 1px solid rgba(150&comma;150&comma;150&comma;0.3); border-radius: 8px;' src='data:image\/png;base64&comma;iVBORw0KGgoAAAANSUhEUgAAAXwAAABUCAIAAAAODRtyAAAgAElEQVR4Ae1dC1xUxRqf5Q0CKgSCYPgAXyCJRioqpUiCytXwCaJmaWih3gw0r4Y\/vL4i34\/KsgTNoFBSoBQBRQRRUeQhCAuoLIIQCLK7ssyyznHmLNP49uzZAyKJzvnx0+\/MfPPN9\/3P7P\/MmZkzB9DkIAgQBAgCHYgAIXw==' alt=''> <\/div>\n<\/p><\/div>\n","protected":false},"excerpt":{"rendered":"<p>Supresor de Trasientes Clase B para Aplicaciones Residenciales, 1 Fase, 3 Hilos, 120 Vca.<\/p>\n","protected":false},"featured_media":50576,"comment_status":"open","ping_status":"closed","template":"","meta":[],"product_brand":[],"product_cat":[1244],"product_tag":[1088,1245,635],"class_list":{"0":"post-50577","1":"product","2":"type-product","3":"status-publish","4":"has-post-thumbnail","6":"product_cat-supresor-de-picos-vca","7":"product_tag-calidad-de-la-energia","8":"product_tag-supresor-de-picos-vca","9":"product_tag-total-ground","11":"first","12":"instock","13":"sale","14":"shipping-taxable","15":"purchasable","16":"product-type-simple"},"_links":{"self":[{"href":"https:\/\/soydeaqui.ddns.net\/pachuca\/index.php\/wp-json\/wp\/v2\/product\/50577","targetHints":{"allow":["GET"]}}],"collection":[{"href":"https:\/\/soydeaqui.ddns.net\/pachuca\/index.php\/wp-json\/wp\/v2\/product"}],"about":[{"href":"https:\/\/soydeaqui.ddns.net\/pachuca\/index.php\/wp-json\/wp\/v2\/types\/product"}],"replies":[{"embeddable":true,"href":"https:\/\/soydeaqui.ddns.net\/pachuca\/index.php\/wp-json\/wp\/v2\/comments?post=50577"}],"wp:featuredmedia":[{"embeddable":true,"href":"https:\/\/soydeaqui.ddns.net\/pachuca\/index.php\/wp-json\/wp\/v2\/media\/50576"}],"wp:attachment":[{"href":"https:\/\/soydeaqui.ddns.net\/pachuca\/index.php\/wp-json\/wp\/v2\/media?parent=50577"}],"wp:term":[{"taxonomy":"product_brand","embeddable":true,"href":"https:\/\/soydeaqui.ddns.net\/pachuca\/index.php\/wp-json\/wp\/v2\/product_brand?post=50577"},{"taxonomy":"product_cat","embeddable":true,"href":"https:\/\/soydeaqui.ddns.net\/pachuca\/index.php\/wp-json\/wp\/v2\/product_cat?post=50577"},{"taxonomy":"product_tag","embeddable":true,"href":"https:\/\/soydeaqui.ddns.net\/pachuca\/index.php\/wp-json\/wp\/v2\/product_tag?post=50577"}],"curies":[{"name":"wp","href":"https:\/\/api.w.org\/{rel}","templated":true}]}}