{"id":50528,"date":"2026-03-18T22:40:23","date_gmt":"2026-03-18T22:40:23","guid":{"rendered":"https:\/\/soydeaqui.ddns.net\/pachuca\/index.php\/producto\/cincho-de-nylon-6-6-de-bloqueo-203-mm-largo-x-2-5mm-ancho-color-negro-exterior-resistente-a-rayos-uv-paquete-de-1000pz\/"},"modified":"2026-03-18T22:40:28","modified_gmt":"2026-03-18T22:40:28","slug":"cincho-de-nylon-6-6-de-bloqueo-203-mm-largo-x-2-5mm-ancho-color-negro-exterior-resistente-a-rayos-uv-paquete-de-1000pz","status":"publish","type":"product","link":"https:\/\/soydeaqui.ddns.net\/pachuca\/index.php\/producto\/cincho-de-nylon-6-6-de-bloqueo-203-mm-largo-x-2-5mm-ancho-color-negro-exterior-resistente-a-rayos-uv-paquete-de-1000pz\/","title":{"rendered":"Cincho de Nylon 6.6 de Bloqueo, 203 mm largo x 2.5mm ancho, Color Negro, Exterior Resistente a Rayos UV, Paquete de 1000pz"},"content":{"rendered":"<div style='width: 100%; max-width: 1200px; margin: 0 auto; font-family: sans-serif; line-height: 1.6; color: inherit; background-color: transparent;'> <!-- Descripci\u00f3n general --> <\/p>\n<div style='margin-bottom: 30px;'>\n<h3 style='font-size: 22px; border-bottom: 2px solid currentColor; padding-bottom: 5px; margin-top: 0; color: inherit; opacity: 0.8;'>Descripci\u00f3n General<\/h3>\n<p style='font-size: 15px; color: inherit; margin-bottom: 15px;'>Los cinchos de bloqueo Panduit PLT2M-M0 est\u00e1n dise\u00f1ados para satisfacer las necesidades de las aplicaciones generales&comma; al tiempo que ofrecen un rendimiento y una fiabilidad constantes. Con una punta curva para permitir una f\u00e1cil extracci\u00f3n de superficies planas y una instalaci\u00f3n inicial m\u00e1s r\u00e1pida. Secci\u00f3n transversal est\u00e1ndar&comma; 8.0 in (203 mm) de longitud. Para uso en interiores \/ exteriores&comma; fabricados de nailon 6.6 resistente a la intemperie&comma; son de color negro y vienen en paquetes de 1000pz.<\/p>\n<\/p><\/div>\n<p> <!-- Especificaciones t\u00e9cnicas --> <\/p>\n<div style='display: flex; flex-wrap: wrap; gap: 30px; margin-bottom: 30px;'>\n<div style='flex: 1 1 300px; min-width: 280px;'>\n<h3 style='font-size: 22px; border-bottom: 2px solid currentColor; padding-bottom: 5px; margin-top: 0; color: inherit; opacity: 0.8;'>Especificaciones T\u00e9cnicas<\/h3>\n<ul style='padding-left: 20px; font-size: 15px; color: inherit;'>\n<li style='margin-bottom: 5px;'><strong>Material:<\/strong> Nylon 6.6<\/li>\n<li style='margin-bottom: 5px;'><strong>Color:<\/strong> Negro<\/li>\n<li style='margin-bottom: 5px;'><strong>Longitud:<\/strong> 203 mm<\/li>\n<li style='margin-bottom: 5px;'><strong>Ancho:<\/strong> 2.5 mm<\/li>\n<li style='margin-bottom: 5px;'><strong>Ambiente:<\/strong> Exterior (Resistente a Rayos UV)<\/li>\n<li style='margin-bottom: 5px;'><strong>Tensi\u00f3n M\u00e1xima:<\/strong> 80N<\/li>\n<li style='margin-bottom: 5px;'><strong>Rango de Temperatura de Uso:<\/strong> -60\u00baC a 85\u00baC<\/li>\n<\/ul><\/div>\n<p> <!-- Caracter\u00edsticas principales --> <\/p>\n<div style='flex: 1 1 300px; min-width: 280px;'>\n<h3 style='font-size: 22px; border-bottom: 2px solid currentColor; padding-bottom: 5px; margin-top: 0; color: inherit; opacity: 0.8;'>Caracter\u00edsticas Principales<\/h3>\n<ul style='padding-left: 20px; font-size: 15px; color: inherit;'>\n<li style='margin-bottom: 5px;'>Nailon 6.6 resistente a intemperie para uso exterior<\/li>\n<li style='margin-bottom: 5px;'>Longitud de 203 mm y ancho de 2.5 mm<\/li>\n<li style='margin-bottom: 5px;'>Tensi\u00f3n m\u00e1xima de 80N para aplicaciones seguras<\/li>\n<li style='margin-bottom: 5px;'>Rango de temperatura de -60C a 85C<\/li>\n<li style='margin-bottom: 5px;'>Cumplimiento en UL 62275 y RoHS<\/li>\n<\/ul><\/div>\n<\/p><\/div>\n<p> <!-- Especificaciones adicionales --> <\/p>\n<div style='display: flex; flex-wrap: wrap; gap: 20px; margin-bottom: 30px;'>\n<div style='flex: 1 1 250px; border: 1px solid rgba(150&comma; 150&comma; 150&comma; 0.4); border-radius: 8px; overflow: hidden; display: flex; flex-direction: column;'>\n<div style='padding: 15px; border-bottom: 1px solid rgba(150&comma; 150&comma; 150&comma; 0.2); font-weight: bold; font-size: 18px; color: inherit;'>Especificaciones Mec\u00e1nicas<\/div>\n<div style='padding: 15px; color: inherit;'>\n<ul style='padding-left: 20px; margin: 0; font-size: 14px; list-style-type: disc;'>\n<li style='margin-bottom: 5px;'><strong>Tensi\u00f3n M\u00e1xima:<\/strong> 80N<\/li>\n<li style='margin-bottom: 5px;'><strong>Resistencia a la Tracci\u00f3n:<\/strong> 80N<\/li>\n<li style='margin-bottom: 5px;'><strong>Rango de Temperatura:<\/strong> -60\u00baC a 85\u00baC<\/li>\n<\/ul><\/div>\n<\/p><\/div>\n<div style='flex: 1 1 250px; border: 1px solid rgba(150&comma; 150&comma; 150&comma; 0.4); border-radius: 8px; overflow: hidden; display: flex; flex-direction: column;'>\n<div style='padding: 15px; border-bottom: 1px solid rgba(150&comma; 150&comma; 150&comma; 0.2); font-weight: bold; font-size: 18px; color: inherit;'>Especificaciones de Dise\u00f1o<\/div>\n<div style='padding: 15px; color: inherit;'>\n<ul style='padding-left: 20px; margin: 0; font-size: 14px; list-style-type: disc;'>\n<li style='margin-bottom: 5px;'><strong>Tipo de Punta:<\/strong> Curva<\/li>\n<li style='margin-bottom: 5px;'><strong>Secci\u00f3n Transversal:<\/strong> Est\u00e1ndar<\/li>\n<li style='margin-bottom: 5px;'><strong>Paquete:<\/strong> 1000 piezas<\/li>\n<\/ul><\/div>\n<\/p><\/div>\n<div style='flex: 1 1 250px; border: 1px solid rgba(150&comma; 150&comma; 150&comma; 0.4); border-radius: 8px; overflow: hidden; display: flex; flex-direction: column;'>\n<div style='padding: 15px; border-bottom: 1px solid rgba(150&comma; 150&comma; 150&comma; 0.2); font-weight: bold; font-size: 18px; color: inherit;'>Conformidad y Certificaciones<\/div>\n<div style='padding: 15px; color: inherit;'>\n<ul style='padding-left: 20px; margin: 0; font-size: 14px; list-style-type: disc;'>\n<li style='margin-bottom: 5px;'>UL 62275 (Tipo 2&comma; 21)<\/li>\n<li style='margin-bottom: 5px;'>RoHS<\/li>\n<li style='margin-bottom: 5px;'>Resistente a Rayos UV<\/li>\n<\/ul><\/div>\n<\/p><\/div>\n<\/p><\/div>\n<p> <!-- Separador --> <\/p>\n<hr style='border: 0; border-top: 1px solid rgba(150&comma; 150&comma; 150&comma; 0.3); margin: 30px 0;'> <!-- Dimensiones --> <\/p>\n<div style='margin-bottom: 30px;'>\n<h3 style='font-size: 22px; border-bottom: 2px solid currentColor; padding-bottom: 5px; margin-top: 0; color: inherit; opacity: 0.8;'>Dimensiones<\/h3>\n<p style='font-size: 15px; color: inherit; margin-bottom: 15px;'>Especificaciones dimensionales para el modelo PLT2M:<\/p>\n<ul style='padding-left: 20px; font-size: 15px; color: inherit;'>\n<li style='margin-bottom: 5px;'><strong>Longitud:<\/strong> 8.0 in (203 mm)<\/li>\n<li style='margin-bottom: 5px;'><strong>Ancho:<\/strong> 0.098 in (2.5 mm)<\/li>\n<li style='margin-bottom: 5px;'><strong>Di\u00e1metro M\u00ednimo del Haz:<\/strong> 0.06 in (1.6 mm)<\/li>\n<li style='margin-bottom: 5px;'><strong>Di\u00e1metro M\u00e1ximo del Haz:<\/strong> 2.00 in (51 mm)<\/li>\n<li style='margin-bottom: 5px;'><strong>Espesor de la Tira:<\/strong> 0.043 in (1.1 mm)<\/li>\n<li style='margin-bottom: 5px;'><strong>Ancho de la Cabeza:<\/strong> 0.169 in (4.3 mm)<\/li>\n<li style='margin-bottom: 5px;'><strong>Altura de la Cabeza:<\/strong> 0.154 in (3.9 mm)<\/li>\n<li style='margin-bottom: 5px;'><strong>Profundidad de la Ranura:<\/strong> 0.180 in (4.6 mm)<\/li>\n<li style='margin-bottom: 5px;'><strong>Ancho de la Ranura:<\/strong> 0.240 in (6.1 mm)<\/li>\n<li style='margin-bottom: 5px;'><strong>Peso:<\/strong> 0.20 lbs\/100 piezas (91 g\/100 piezas)<\/li>\n<\/ul><\/div>\n<p> <!-- Separador --> <\/p>\n<hr style='border: 0; border-top: 1px solid rgba(150&comma; 150&comma; 150&comma; 0.3); margin: 30px 0;'> <!-- Aplicaciones --> <\/p>\n<div style='margin-bottom: 30px;'>\n<h3 style='font-size: 22px; border-bottom: 2px solid currentColor; padding-bottom: 5px; margin-top: 0; color: inherit; opacity: 0.8;'>Aplicaciones<\/h3>\n<p style='font-size: 15px; color: inherit; margin-bottom: 15px;'>Los cinchos de nylon Panduit PLT2M-M0 son adecuados para una amplia gama de aplicaciones que requieren una sujeci\u00f3n segura y duradera:<\/p>\n<ul style='padding-left: 20px; font-size: 15px; color: inherit;'>\n<li style='margin-bottom: 5px;'>Organizaci\u00f3n de cables en entornos industriales<\/li>\n<li style='margin-bottom: 5px;'>Instalaciones el\u00e9ctricas en exteriores<\/li>\n<li style='margin-bottom: 5px;'>Sistemas de distribuci\u00f3n de cables en telecomunicaciones<\/li>\n<li style='margin-bottom: 5px;'>Montaje de equipos en exteriores con requisitos de resistencia UV<\/li>\n<li style='margin-bottom: 5px;'>Ajuste de haces de cables en ambientes con temperaturas extremas<\/li>\n<\/ul><\/div>\n<\/p><\/div>\n","protected":false},"excerpt":{"rendered":"<p>Cincho de Nylon 6.6 de Bloqueo, 203 mm largo x 2.5mm ancho, Color Negro, Exterior Resistente a Rayos UV, Paquete de 1000pz<\/p>\n","protected":false},"featured_media":50527,"comment_status":"open","ping_status":"closed","template":"","meta":[],"product_brand":[],"product_cat":[574],"product_tag":[572,575,445],"class_list":{"0":"post-50528","1":"product","2":"type-product","3":"status-publish","4":"has-post-thumbnail","6":"product_cat-fijacion","7":"product_tag-canalizacion","8":"product_tag-fijacion","9":"product_tag-panduit","11":"first","12":"instock","13":"sale","14":"shipping-taxable","15":"purchasable","16":"product-type-simple"},"_links":{"self":[{"href":"https:\/\/soydeaqui.ddns.net\/pachuca\/index.php\/wp-json\/wp\/v2\/product\/50528","targetHints":{"allow":["GET"]}}],"collection":[{"href":"https:\/\/soydeaqui.ddns.net\/pachuca\/index.php\/wp-json\/wp\/v2\/product"}],"about":[{"href":"https:\/\/soydeaqui.ddns.net\/pachuca\/index.php\/wp-json\/wp\/v2\/types\/product"}],"replies":[{"embeddable":true,"href":"https:\/\/soydeaqui.ddns.net\/pachuca\/index.php\/wp-json\/wp\/v2\/comments?post=50528"}],"wp:featuredmedia":[{"embeddable":true,"href":"https:\/\/soydeaqui.ddns.net\/pachuca\/index.php\/wp-json\/wp\/v2\/media\/50527"}],"wp:attachment":[{"href":"https:\/\/soydeaqui.ddns.net\/pachuca\/index.php\/wp-json\/wp\/v2\/media?parent=50528"}],"wp:term":[{"taxonomy":"product_brand","embeddable":true,"href":"https:\/\/soydeaqui.ddns.net\/pachuca\/index.php\/wp-json\/wp\/v2\/product_brand?post=50528"},{"taxonomy":"product_cat","embeddable":true,"href":"https:\/\/soydeaqui.ddns.net\/pachuca\/index.php\/wp-json\/wp\/v2\/product_cat?post=50528"},{"taxonomy":"product_tag","embeddable":true,"href":"https:\/\/soydeaqui.ddns.net\/pachuca\/index.php\/wp-json\/wp\/v2\/product_tag?post=50528"}],"curies":[{"name":"wp","href":"https:\/\/api.w.org\/{rel}","templated":true}]}}