{"id":50508,"date":"2026-03-18T22:39:51","date_gmt":"2026-03-18T22:39:51","guid":{"rendered":"https:\/\/soydeaqui.ddns.net\/pachuca\/index.php\/producto\/kit-pararrayo-linkedpro-con-accesorios-de-instalacion-en-torre-de-hasta-3-m-de-altura\/"},"modified":"2026-03-18T22:39:52","modified_gmt":"2026-03-18T22:39:52","slug":"kit-pararrayo-linkedpro-con-accesorios-de-instalacion-en-torre-de-hasta-3-m-de-altura","status":"publish","type":"product","link":"https:\/\/soydeaqui.ddns.net\/pachuca\/index.php\/producto\/kit-pararrayo-linkedpro-con-accesorios-de-instalacion-en-torre-de-hasta-3-m-de-altura\/","title":{"rendered":"Kit Pararrayo  LINKEDPRO con Accesorios de Instalaci\u00f3n en Torre de Hasta 3 m de Altura."},"content":{"rendered":"<div style='width: 100%; max-width: 1200px; margin: 0 auto; font-family: sans-serif; line-height: 1.6; color: inherit; background-color: transparent;'> <img style='width: 100%; height: auto; border: 1px solid rgba(150&comma;150&comma;150&comma;0.3); border-radius: 8px;' src='https:\/\/ftp3.syscom.mx\/usuarios\/fotos\/AT5315KIT\/183255-logo-lpg.png' alt='Logo LinkedPro'> <\/p>\n<p style='margin-top: 20px; margin-bottom: 20px;'>El cambio clim\u00e1tico es uno de los mayores causantes del aumento de la actividad de tormentas y la ca\u00edda de rayos&comma; y por lo tanto de la aparici\u00f3n de tantos accidentes en instalaciones no protegidas contra descargas atmosf\u00e9ricas.<\/p>\n<h3 style='font-size: 22px; border-bottom: 2px solid currentColor; padding-bottom: 5px; margin-top: 30px; margin-bottom: 15px; color: inherit; opacity: 0.8;'>Descripci\u00f3n<\/h3>\n<div style='display: flex; flex-wrap: wrap; gap: 20px; margin-bottom: 30px;'>\n<div style='flex: 1 1 300px; min-width: 280px;'>\n<div style='border-left: 5px solid #0091ff; border-radius: 8px; padding: 15px; box-shadow: 0 2px 10px rgba(216&comma;216&comma;216&comma;0.3); background-color: rgba(216&comma;216&comma;216&comma;0.1);'> <strong style='color: inherit;'>ELECTRODO:<\/strong> <\/p>\n<p style='margin-top: 10px;'>Fabricado en cobre con tratamiento electrol\u00edtico para obtener mayor conductividad&comma; baja resistencia y durabilidad en terrenos agresivos. Por su dise\u00f1o en forma delta obtiene mayor \u00e1rea de contacto con el terreno y as\u00ed poder disipar de manera eficiente corrientes par\u00e1sitas. Filtro equipotencial el cual posee la propiedad de amortiguar bajas frecuencias&comma; minimizar ruidos&comma; impedir paso de corrientes de retorno y unir equipotencialmente los electrodos naturales&comma; as\u00ed como prefabricados en sitio. Compuesto reactivador de terreno el cual se compone de minerales conductivos para bajar la resistividad de terreno y mejorar el funcionamiento del sistema de puesta a tierra.<\/p>\n<\/p><\/div>\n<\/p><\/div>\n<div style='flex: 1 1 300px; min-width: 280px;'>\n<div style='border-left: 5px solid #0091ff; border-radius: 8px; padding: 15px; box-shadow: 0 2px 10px rgba(216&comma;216&comma;216&comma;0.3); background-color: rgba(216&comma;216&comma;216&comma;0.1);'> <strong style='color: inherit;'>PARARRAYOS:<\/strong> <\/p>\n<p style='margin-top: 10px;'>Fabricada en aluminio. Brinda protecci\u00f3n VS impactos directos de rayos a superficies o estructuras. Proporciona un punto seguro de impacto&comma; ya que la bobina excitadora toroidal y el anillo equipotencial&comma; crean un efecto de ionizaci\u00f3n (corona) el cual ofrecer\u00e1 un punto atractivo para el impacto de la descarga atmosf\u00e9rica. Esta punta conectada al conductor de bajada proporcionar\u00e1 una trayectoria segura al electrodo de puesta a tierra del SEPTE para drenar la corriente del rayo. Cuenta con un radio aproximado de cobertura de 72 grados.<\/p>\n<\/p><\/div>\n<\/p><\/div>\n<\/p><\/div>\n<h3 style='font-size: 22px; border-bottom: 2px solid currentColor; padding-bottom: 5px; margin-top: 30px; margin-bottom: 15px; color: inherit; opacity: 0.8;'>Aplicaciones<\/h3>\n<p>El sistema de puesta a tierra es la parte primordial de cualquier instalaci\u00f3n el\u00e9ctrica&comma; y tiene como <span style='color: #3598db;'>objetivo<\/span>:<\/p>\n<ul style='padding-left: 20px; font-size: 14px; color: inherit;'>\n<li style='margin-bottom: 8px;'>Proporcionar seguridad a las personas.<\/li>\n<li style='margin-bottom: 8px;'>Proteger la infraestructura&comma; equipos el\u00e9ctricos y electr\u00f3nicos.<\/li>\n<li style='margin-bottom: 8px;'>Proteger instalaciones.<\/li>\n<li style='margin-bottom: 8px;'>Garantizar la operaci\u00f3n de las protecciones.<\/li>\n<li style='margin-bottom: 8px;'>Estabilizar el voltaje.<\/li>\n<li style='margin-bottom: 8px;'>Disipar la corriente del rayo.<\/li>\n<li style='margin-bottom: 8px;'>Limitar las sobretensiones transitorias. (Picos de Voltaje).<\/li>\n<li style='margin-bottom: 8px;'>Drenar cargas est\u00e1ticas que presentan las masas met\u00e1licas respecto a tierra.<\/li>\n<\/ul>\n<h3 style='font-size: 22px; border-bottom: 2px solid currentColor; padding-bottom: 5px; margin-top: 30px; margin-bottom: 15px; color: inherit; opacity: 0.8;'>Estandares<\/h3>\n<p>Cumple con los est\u00e1ndares de telecomunicaciones&comma; as\u00ed como las normas oficiales mexicanas.<\/p>\n<ul style='padding-left: 20px; font-size: 14px; color: inherit;'>\n<li style='margin-bottom: 8px;'><em>EIA\/TIA J-STD-607-A y BICSI<\/em><\/li>\n<li style='margin-bottom: 8px;'><em>NOM-022-STPS-2012<\/em><\/li>\n<li style='margin-bottom: 8px;'><em>NOM-022-STPS-2015<\/em><\/li>\n<li style='margin-bottom: 8px;'><em>NMX-J-549-ANCE-2005<\/em><\/li>\n<\/ul>\n<h3 style='font-size: 22px; border-bottom: 2px solid currentColor; padding-bottom: 5px; margin-top: 30px; margin-bottom: 15px; color: inherit; opacity: 0.8;'>Incluye los siguientes componentes<\/h3>\n<div style='display: flex; flex-wrap: wrap; gap: 20px; margin-bottom: 30px;'>\n<div style='flex: 1 1 400px; min-width: 300px;'>\n<div style='border: 1px solid rgba(150&comma;150&comma;150&comma;0.4); border-radius: 8px; overflow: hidden; margin-bottom: 20px;'>\n<div style='padding: 15px; border-bottom: 1px solid rgba(150&comma;150&comma;150&comma;0.2); font-weight: bold; font-size: 16px; background-color: rgba(44&comma; 169&comma; 255&comma; 0.05); color: inherit;'>SISTEMA DE PROTECCI\u00d3N ATMOSF\u00c9RICA (PARARRAYOS)<\/div>\n<div style='padding: 15px; color: inherit;'>\n<table style='width: 100%; border-collapse: collapse;'>\n<thead>\n<tr style='background-color: rgba(44&comma; 169&comma; 255&comma; 0.05);'>\n<th style='padding: 10px; border-bottom: 1px solid rgba(150&comma;150&comma;150&comma;0.3); text-align: center;'>Cant<\/th>\n<th style='padding: 10px; border-bottom: 1px solid rgba(150&comma;150&comma;150&comma;0.3); text-align: center;'>U<\/th>\n<th style='padding: 10px; border-bottom: 1px solid rgba(150&comma;150&comma;150&comma;0.3); text-align: center;'>Modelo<\/th>\n<th style='padding: 10px; border-bottom: 1px solid rgba(150&comma;150&comma;150&comma;0.3); text-align: left;'>Descripci\u00f3n<\/th>\n<\/tr>\n<\/thead>\n<tbody>\n<tr>\n<td style='padding: 10px; border-bottom: 1px solid rgba(150&comma;150&comma;150&comma;0.2); text-align: center;'>1<\/td>\n<td style='padding: 10px; border-bottom: 1px solid rgba(150&comma;150&comma;150&comma;0.2); text-align: center;'>Pza.<\/td>\n<td style='padding: 10px; border-bottom: 1px solid rgba(150&comma;150&comma;150&comma;0.2); text-align: center;'><a href='https:\/\/www.syscom.mx\/producto\/LP-DIPOLO-ALU-LINKEDPRO-187621.html' target='_blank' rel='noopener' style='color: #007bff; text-decoration: none;'>LP-DIPOLO-ALU<\/a><\/td>\n<td style='padding: 10px; border-bottom: 1px solid rgba(150&comma;150&comma;150&comma;0.2);'>Punta Pararrayo Tipo Dipolo Corona en Aluminio<\/td>\n<\/tr>\n<tr>\n<td style='padding: 10px; border-bottom: 1px solid rgba(150&comma;150&comma;150&comma;0.2); text-align: center;'>1<\/td>\n<td style='padding: 10px; border-bottom: 1px solid rgba(150&comma;150&comma;150&comma;0.2); text-align: center;'>Pza.<\/td>\n<td style='padding: 10px; border-bottom: 1px solid rgba(150&comma;150&comma;150&comma;0.2); text-align: center;'><a href='https:\/\/www.syscom.mx\/producto\/LP-GROUND-30A-LINKEDPRO-172180.html' target='_blank' rel='noopener' style='color: #007bff; text-decoration: none;'>LP-GROUND-30A<\/a><\/td>\n<td style='padding: 10px; border-bottom: 1px solid rgba(150&comma;150&comma;150&comma;0.2);'>Electrodo para Corriente M\u00e1xima de 30 Amp. con Compuesto Mejorador de Terreno<\/td>\n<\/tr>\n<tr>\n<td style='padding: 10px; border-bottom: 1px solid rgba(150&comma;150&comma;150&comma;0.2); text-align: center;'>3<\/td>\n<td style='padding: 10px; border-bottom: 1px solid rgba(150&comma;150&comma;150&comma;0.2); text-align: center;'>Pza.<\/td>\n<td style='padding: 10px; border-bottom: 1px solid rgba(150&comma;150&comma;150&comma;0.2); text-align: center;'><a href='https:\/\/www.syscom.mx\/producto\/LP-CB-20-LINKEDPRO-176313.html' target='_blank' rel='noopener' style='color: #007bff; text-decoration: none;'>LP-CB-20<\/a><\/td>\n<td style='padding: 10px; border-bottom: 1px solid rgba(150&comma;150&comma;150&comma;0.2);'>Conector Mec\u00e1nico Tipo Zapata para Bornes de 1\/2&#8242; a Cable de Cal. 4 a 2\/0 AWG.<\/td>\n<\/tr>\n<tr>\n<td style='padding: 10px; border-bottom: 1px solid rgba(150&comma;150&comma;150&comma;0.2); text-align: center;'>2<\/td>\n<td style='padding: 10px; border-bottom: 1px solid rgba(150&comma;150&comma;150&comma;0.2); text-align: center;'>Pza.<\/td>\n<td style='padding: 10px; border-bottom: 1px solid rgba(150&comma;150&comma;150&comma;0.2); text-align: center;'><a href='https:\/\/www.syscom.mx\/producto\/LP-CV-20-LINKEDPRO-176316.html' target='_blank' rel='noopener' style='color: #007bff; text-decoration: none;'>LP-CV-20<\/a><\/td>\n<td style='padding: 10px; border-bottom: 1px solid rgba(150&comma;150&comma;150&comma;0.2);'>Conector Tipo Perro para Varilla 5\/8&#8242; a Cable Calibre 4 a 2\/0 AWG<\/td>\n<\/tr>\n<tr>\n<td style='padding: 10px; border-bottom: 1px solid rgba(150&comma;150&comma;150&comma;0.2); text-align: center;'>1<\/td>\n<td style='padding: 10px; border-bottom: 1px solid rgba(150&comma;150&comma;150&comma;0.2); text-align: center;'>Pza.<\/td>\n<td style='padding: 10px; border-bottom: 1px solid rgba(150&comma;150&comma;150&comma;0.2); text-align: center;'><a href='https:\/\/www.syscom.mx\/producto\/LP-REGISTRO-7-LINKEDPRO-176311.html' target='_blank' rel='noopener' style='color: #007bff; text-decoration: none;'>LP-REGISTRO-7<\/a><\/td>\n<td style='padding: 10px; border-bottom: 1px solid rgba(150&comma;150&comma;150&comma;0.2);'>Registro de 7 in para Acceso a Pruebas y Revisi\u00f3n de Electrodo<\/td>\n<\/tr>\n<tr>\n<td style='padding: 10px; border-bottom: 1px solid rgba(150&comma;150&comma;150&comma;0.2); text-align: center;'>1<\/td>\n<td style='padding: 10px; border-bottom: 1px solid rgba(150&comma;150&comma;150&comma;0.2); text-align: center;'>Pza.<\/td>\n<td style='padding: 10px; border-bottom: 1px solid rgba(150&comma;150&comma;150&comma;0.2); text-align: center;'><a href='https:\/\/www.syscom.mx\/producto\/LP-ANTI-CORROSIVO-LINKEDPRO-176236.html' target='_blank' rel='noopener' style='color: #007bff; text-decoration: none;'>LP-ANTICORROSIVO<\/a><\/td>\n<td style='padding: 10px; border-bottom: 1px solid rgba(150&comma;150&comma;150&comma;0.2);'>Spray de Protecci\u00f3n Anticorrosiva y Diel\u00e9ctrica<\/td>\n<\/tr>\n<tr>\n<td style='padding: 10px; border-bottom: 1px solid rgba(150&comma;150&comma;150&comma;0.2); text-align: center;'>2<\/td>\n<td style='padding: 10px; border-bottom: 1px solid rgba(150&comma;150&comma;150&comma;0.2); text-align: center;'>Pza.<\/td>\n<td style='padding: 10px; border-bottom: 1px solid rgba(150&comma;150&comma;150&comma;0.2); text-align: center;'><a href='https:\/\/www.syscom.mx\/producto\/LP-AISLADOR-UNI-LINKEDPRO-192076.html' target='_blank' rel='noopener' style='color: #007bff; text-decoration: none;'>LP-AISLADOR-UNI<\/a><\/td>\n<td style='padding: 10px; border-bottom: 1px solid rgba(150&comma;150&comma;150&comma;0.2);'>Aislador Bajada de Pararrayos en Torre.<\/td>\n<\/tr>\n<tr>\n<td style='padding: 10px; border-bottom: 1px solid rgba(150&comma;150&comma;150&comma;0.2); text-align: center;'>8<\/td>\n<td style='padding: 10px; border-bottom: 1px solid rgba(150&comma;150&comma;150&comma;0.2); text-align: center;'>m<\/td>\n<td style='padding: 10px; border-bottom: 1px solid rgba(150&comma;150&comma;150&comma;0.2); text-align: center;'><a href='https:\/\/www.syscom.mx\/producto\/SLY-343-BLK-INDIANA-176874.html' target='_blank' rel='noopener' style='color: #007bff; text-decoration: none;'>SLY343-BLK<\/a><\/td>\n<td style='padding: 10px; border-bottom: 1px solid rgba(150&comma;150&comma;150&comma;0.2);'>Cable de Cobre Recubierto THW-LS Calibre 1\/0 AWG 19 Hilos Color Negro<\/td>\n<\/tr>\n<\/tbody>\n<\/table><\/div>\n<\/p><\/div>\n<\/p><\/div>\n<div style='flex: 1 1 400px; min-width: 300px;'>\n<div style='border: 1px solid rgba(150&comma;150&comma;150&comma;0.4); border-radius: 8px; overflow: hidden; margin-bottom: 20px;'>\n<div style='padding: 15px; border-bottom: 1px solid rgba(150&comma;150&comma;150&comma;0.2); font-weight: bold; font-size: 16px; background-color: rgba(44&comma; 169&comma; 255&comma; 0.05); color: inherit;'>SISTEMA DE TIERRAS F\u00cdSICAS PARA ATERRIZAJE DE EQUIPO Y ESTRUCTURAS<\/div>\n<div style='padding: 15px; color: inherit;'>\n<table style='width: 100%; border-collapse: collapse;'>\n<thead>\n<tr style='background-color: rgba(44&comma; 169&comma; 255&comma; 0.05);'>\n<th style='padding: 10px; border-bottom: 1px solid rgba(150&comma;150&comma;150&comma;0.3); text-align: center;'>Cant<\/th>\n<th style='padding: 10px; border-bottom: 1px solid rgba(150&comma;150&comma;150&comma;0.3); text-align: center;'>U<\/th>\n<th style='padding: 10px; border-bottom: 1px solid rgba(150&comma;150&comma;150&comma;0.3); text-align: center;'>Modelo<\/th>\n<th style='padding: 10px; border-bottom: 1px solid rgba(150&comma;150&comma;150&comma;0.3); text-align: left;'>Descripci\u00f3n<\/th>\n<\/tr>\n<\/thead>\n<tbody>\n<tr>\n<td style='padding: 10px; border-bottom: 1px solid rgba(150&comma;150&comma;150&comma;0.2); text-align: center;'>1<\/td>\n<td style='padding: 10px; border-bottom: 1px solid rgba(150&comma;150&comma;150&comma;0.2); text-align: center;'>Pza.<\/td>\n<td style='padding: 10px; border-bottom: 1px solid rgba(150&comma;150&comma;150&comma;0.2); text-align: center;'><a href='https:\/\/www.syscom.mx\/producto\/LP-GROUND-30A-LINKEDPRO-172180.html' target='_blank' rel='noopener' style='color: #007bff; text-decoration: none;'>LP-GROUND-30A<\/a><\/td>\n<td style='padding: 10px; border-bottom: 1px solid rgba(150&comma;150&comma;150&comma;0.2);'>Electrodo para Corriente M\u00e1xima de 30 Amp. con Compuesto Mejorador de Terreno<\/td>\n<\/tr>\n<tr>\n<td style='padding: 10px; border-bottom: 1px solid rgba(150&comma;150&comma;150&comma;0.2); text-align: center;'>5<\/td>\n<td style='padding: 10px; border-bottom: 1px solid rgba(150&comma;150&comma;150&comma;0.2); text-align: center;'>Pza.<\/td>\n<td style='padding: 10px; border-bottom: 1px solid rgba(150&comma;150&comma;150&comma;0.2); text-align: center;'><a href='https:\/\/www.syscom.mx\/producto\/LP-CB-20-LINKEDPRO-176313.html' target='_blank' rel='noopener' style='color: #007bff; text-decoration: none;'>LP-CB-20<\/a><\/td>\n<td style='padding: 10px; border-bottom: 1px solid rgba(150&comma;150&comma;150&comma;0.2);'>Conector Mec\u00e1nico Tipo Zapata para Bornes de 1\/2&#8242; a Cable de Cal. 4 a 2\/0 AWG.<\/td>\n<\/tr>\n<tr>\n<td style='padding: 10px; border-bottom: 1px solid rgba(150&comma;150&comma;150&comma;0.2); text-align: center;'>2<\/td>\n<td style='padding: 10px; border-bottom: 1px solid rgba(150&comma;150&comma;150&comma;0.2); text-align: center;'>Pza.<\/td>\n<td style='padding: 10px; border-bottom: 1px solid rgba(150&comma;150&comma;150&comma;0.2); text-align: center;'><a href='https:\/\/www.syscom.mx\/producto\/LP-CV-20-LINKEDPRO-176316.html' target='_blank' rel='noopener' style='color: #007bff; text-decoration: none;'>LP-CV-20<\/a><\/td>\n<td style='padding: 10px; border-bottom: 1px solid rgba(150&comma;150&comma;150&comma;0.2);'>Conector Tipo Perro para Varilla 5\/8&#8242; a Cable Calibre 4 a 2\/0 AWG<\/td>\n<\/tr>\n<tr>\n<td style='padding: 10px; border-bottom: 1px solid rgba(150&comma;150&comma;150&comma;0.2); text-align: center;'>1<\/td>\n<td style='padding: 10px; border-bottom: 1px solid rgba(150&comma;150&comma;150&comma;0.2); text-align: center;'>Pza.<\/td>\n<td style='padding: 10px; border-bottom: 1px solid rgba(150&comma;150&comma;150&comma;0.2); text-align: center;'><a href='https:\/\/www.syscom.mx\/producto\/LP-REGISTRO-7-LINKEDPRO-176311.html' target='_blank' rel='noopener' style='color: #007bff; text-decoration: none;'>LP-REGISTRO-7<\/a><\/td>\n<td style='padding: 10px; border-bottom: 1px solid rgba(150&comma;150&comma;150&comma;0.2);'>Registro de 7 in para Acceso a Pruebas y Revisi\u00f3n de Electrodo<\/td>\n<\/tr>\n<tr>\n<td style='padding: 10px; border-bottom: 1px solid rgba(150&comma;150&comma;150&comma;0.2); text-align: center;'>1<\/td>\n<td style='padding: 10px; border-bottom: 1px solid rgba(150&comma;150&comma;150&comma;0.2); text-align: center;'>Pza.<\/td>\n<td style='padding: 10px; border-bottom: 1px solid rgba(150&comma;150&comma;150&comma;0.2); text-align: center;'><a href='https:\/\/www.syscom.mx\/producto\/LP-CTZ-114-LINKEDPRO-190994.html' target='_blank' rel='noopener' style='color: #007bff; text-decoration: none;'>LP-CTZ-114<\/a><\/td>\n<td style='padding: 10px; border-bottom: 1px solid rgba(150&comma;150&comma;150&comma;0.2);'>Conector para Tubo de hasta 1 1\/4&#8242; a cable Cal. 4 AWG. Ideal para Aterrizaje de Torres TZ<\/td>\n<\/tr>\n<tr>\n<td style='padding: 10px; border-bottom: 1px solid rgba(150&comma;150&comma;150&comma;0.2); text-align: center;'>1<\/td>\n<td style='padding: 10px; border-bottom: 1px solid rgba(150&comma;150&comma;150&comma;0.2); text-align: center;'>Pza.<\/td>\n<td style='padding: 10px; border-bottom: 1px solid rgba(150&comma;150&comma;150&comma;0.2); text-align: center;'><a href='https:\/\/www.syscom.mx\/producto\/LP-BU-TZ-LINKEDPRO-192062.html' target='_blank' rel='noopener' style='color: #007bff; text-decoration: none;'>LP-BU-TZ<\/a><\/td>\n<td style='padding: 10px; border-bottom: 1px solid rgba(150&comma;150&comma;150&comma;0.2);'>Barra de Uni\u00f3n Instalaci\u00f3n en Torre<\/td>\n<\/tr>\n<tr>\n<td style='padding: 10px; text-align: center;'>5<\/td>\n<td style='padding: 10px; text-align: center;'>m<\/td>\n<td style='padding: 10px; text-align: center;'><a href='https:\/\/www.syscom.mx\/producto\/SLY-287-GRN-INDIANA-176933.html' target='_blank' rel='noopener' style='color: #007bff; text-decoration: none;'>SLY287-GRN<\/a><\/td>\n<td style='padding: 10px;'>Cable de Cobre Recubierto THW-LS Calibre 4 AWG 19 Hilos Color Verde<\/td>\n<\/tr>\n<\/tbody>\n<\/table><\/div>\n<\/p><\/div>\n<\/p><\/div>\n<\/p><\/div>\n<h3 style='font-size: 22px; border-bottom: 2px solid currentColor; padding-bottom: 5px; margin-top: 30px; margin-bottom: 15px; color: inherit; opacity: 0.8;'>Curso b\u00e1sico para selecci\u00f3n e implementaci\u00f3n de sistemas de protecci\u00f3n<\/h3>\n<div style='display: flex; flex-wrap: wrap; gap: 20px; margin-bottom: 30px;'>\n<div style='flex: 1 1 450px; min-width: 300px;'>\n<div style='position: relative; padding-bottom: 56.25%; height: 0; overflow: hidden; margin-bottom: 30px;'>   <\/div>\n<\/p><\/div>\n<div style='flex: 1 1 450px; min-width: 300px;'>\n<div style='position: relative; padding-bottom: 56.25%; height: 0; overflow: hidden; margin-bottom: 30px;'>   <\/div>\n<\/p><\/div>\n<\/p><\/div>\n<\/p><\/div>\n","protected":false},"excerpt":{"rendered":"<p>Kit Pararrayo  LINKEDPRO con Accesorios de Instalaci\u00f3n en Torre de Hasta 3 m de Altura.<\/p>\n","protected":false},"featured_media":50507,"comment_status":"open","ping_status":"closed","template":"","meta":[],"product_brand":[],"product_cat":[1131],"product_tag":[1088,435,1132],"class_list":{"0":"post-50508","1":"product","2":"type-product","3":"status-publish","4":"has-post-thumbnail","6":"product_cat-tierras-fisicas","7":"product_tag-calidad-de-la-energia","8":"product_tag-linkedpro-by-epcom","9":"product_tag-tierras-fisicas","11":"first","12":"outofstock","13":"sale","14":"shipping-taxable","15":"purchasable","16":"product-type-simple"},"_links":{"self":[{"href":"https:\/\/soydeaqui.ddns.net\/pachuca\/index.php\/wp-json\/wp\/v2\/product\/50508","targetHints":{"allow":["GET"]}}],"collection":[{"href":"https:\/\/soydeaqui.ddns.net\/pachuca\/index.php\/wp-json\/wp\/v2\/product"}],"about":[{"href":"https:\/\/soydeaqui.ddns.net\/pachuca\/index.php\/wp-json\/wp\/v2\/types\/product"}],"replies":[{"embeddable":true,"href":"https:\/\/soydeaqui.ddns.net\/pachuca\/index.php\/wp-json\/wp\/v2\/comments?post=50508"}],"wp:featuredmedia":[{"embeddable":true,"href":"https:\/\/soydeaqui.ddns.net\/pachuca\/index.php\/wp-json\/wp\/v2\/media\/50507"}],"wp:attachment":[{"href":"https:\/\/soydeaqui.ddns.net\/pachuca\/index.php\/wp-json\/wp\/v2\/media?parent=50508"}],"wp:term":[{"taxonomy":"product_brand","embeddable":true,"href":"https:\/\/soydeaqui.ddns.net\/pachuca\/index.php\/wp-json\/wp\/v2\/product_brand?post=50508"},{"taxonomy":"product_cat","embeddable":true,"href":"https:\/\/soydeaqui.ddns.net\/pachuca\/index.php\/wp-json\/wp\/v2\/product_cat?post=50508"},{"taxonomy":"product_tag","embeddable":true,"href":"https:\/\/soydeaqui.ddns.net\/pachuca\/index.php\/wp-json\/wp\/v2\/product_tag?post=50508"}],"curies":[{"name":"wp","href":"https:\/\/api.w.org\/{rel}","templated":true}]}}