{"id":50500,"date":"2026-03-18T22:39:36","date_gmt":"2026-03-18T22:39:36","guid":{"rendered":"https:\/\/soydeaqui.ddns.net\/pachuca\/index.php\/producto\/montaje-para-panel-solar-riel-3-de-2200mm-para-modulos-con-espesor-de-40mm-velocidad-de-viento-max-151km-h\/"},"modified":"2026-03-18T22:39:39","modified_gmt":"2026-03-18T22:39:39","slug":"montaje-para-panel-solar-riel-3-de-2200mm-para-modulos-con-espesor-de-40mm-velocidad-de-viento-max-151km-h","status":"publish","type":"product","link":"https:\/\/soydeaqui.ddns.net\/pachuca\/index.php\/producto\/montaje-para-panel-solar-riel-3-de-2200mm-para-modulos-con-espesor-de-40mm-velocidad-de-viento-max-151km-h\/","title":{"rendered":"Montaje para Panel Solar, Riel &#8220;3&#8221; de 2200mm para M\u00f3dulos con Espesor de 40mm, Velocidad de Viento M\u00e1x. 151km\/h"},"content":{"rendered":"<div style='width: 100%; max-width: 1200px; margin: 0 auto; font-family: sans-serif; line-height: 1.6; color: inherit; background-color: transparent;'> <!-- Imagen garant\u00eda --> <\/p>\n<div style='display: flex; justify-content: center; margin: 30px 0;'> <img style='width: 100%; max-width: 963px; height: auto; border: 1px solid rgba(150&comma;150&comma;150&comma;0.3); border-radius: 8px;' src='https:\/\/ftp3.syscom.mx\/usuarios\/anavarro\/SUNFORSON\/garantia25.png' alt='Garant\u00eda 25 a\u00f1os'> <\/div>\n<p> <!-- T\u00edtulo principal --> <\/p>\n<div style='margin: 30px 0;'>\n<h1 style='font-size: 28px; text-align: center; color: inherit; opacity: 0.9;'>Montajes de aluminio anodizado&comma; alta resistencia al viento y a la corrosi\u00f3n con 2.<\/h1>\n<\/p><\/div>\n<p> <!-- Beneficios --> <\/p>\n<div style='margin: 30px 0;'>\n<h2 style='font-size: 18px; color: inherit; opacity: 0.8; margin-bottom: 15px;'>Beneficios de utilizar montajes de Aluminio Anodizado EPCOM POWER LINE:<\/h2>\n<ul style='padding-left: 20px; font-size: 15px; color: inherit;'>\n<li style='margin-bottom: 10px;'>Mitigue la corrosi\u00f3n por efecto del &#8216;Par Galv\u00e1nico&#8217;&comma; garantice sus instalaciones contra la corrosi\u00f3n prematura.<\/li>\n<li style='margin-bottom: 10px;'>Resistencia al viento de hasta 150 km\/h&comma; ideales para zonas con fuertes vientos.<\/li>\n<li style='margin-bottom: 10px;'>F\u00e1cil instalaci\u00f3n y adaptabilidad a sus necesidades debido a la gran variedad de accesorios disponibles.<\/li>\n<li style='margin-bottom: 10px;'>\u00a12 contra defectos de fabricaci\u00f3n!<\/li>\n<li style='margin-bottom: 10px;'>Sistema de aterrizaje &#8216;Ground Clip&#8217; integrado (no incluye electrodo ni cable para aterrizaje).<\/li>\n<\/ul><\/div>\n<p> <!-- Imagen sistema de aterrizaje --> <\/p>\n<div style='display: flex; justify-content: center; margin: 30px 0;'> <img style='width: 100%; max-width: 600px; height: auto; border: 1px solid rgba(150&comma;150&comma;150&comma;0.3); border-radius: 8px;' src='https:\/\/ftp3.syscom.mx\/usuarios\/anavarro\/SUNFORSON\/Ground%20system.png' alt='Sistema de aterrizaje'> <\/div>\n<p> <!-- Caracter\u00edsticas --> <\/p>\n<div style='margin: 30px 0;'>\n<h3 style='font-size: 20px; color: inherit; opacity: 0.8; margin-bottom: 15px;'>Caracter\u00edsticas:<\/h3>\n<ul style='padding-left: 20px; font-size: 15px; color: inherit;'>\n<li style='margin-bottom: 5px;'>Para arreglo de 2&#215;4 modulos fotovoltaicos de 40mm de espesor<\/li>\n<li style='margin-bottom: 5px;'>Inclinaci\u00f3n: 25\u00b0<\/li>\n<li style='margin-bottom: 5px;'>Peso: 59 kg<\/li>\n<li style='margin-bottom: 5px;'>Velocidad del viento m\u00e1x.: 151 km\/h<\/li>\n<\/ul><\/div>\n<p> <!-- Consideraciones especiales --> <\/p>\n<div style='margin: 30px 0;'>\n<h3 style='font-size: 20px; color: inherit; opacity: 0.8; margin-bottom: 15px;'>Consideraciones especiales:<\/h3>\n<p style='margin-bottom: 15px;'>Para la instalaci\u00f3n de 4 m\u00f3dulos el ancho de cada m\u00f3dulo debe ser menor a 1026 mm.<\/p>\n<p style='margin-bottom: 15px;'>Sujetadores finales seg\u00fan altura del marco del m\u00f3dulo:<\/p>\n<ul style='padding-left: 20px; font-size: 15px; color: inherit;'>\n<li style='margin-bottom: 10px;'>Marco de 30 mm: <a style='color: inherit; text-decoration: underline;' href='https:\/\/www.syscom.mx\/producto\/EPL-ECG2-30R-EPCOM-POWERLINE-163313.html'>EPL-ECG2-30R<\/a><\/li>\n<li style='margin-bottom: 10px;'>Marco de 35 mm: <a style='color: inherit; text-decoration: underline;' href='https:\/\/www.syscom.mx\/producto\/EPL-ECG2-35R-EPCOM-POWERLINE-163094.html'>EPL-ECG2-35R<\/a><\/li>\n<\/ul><\/div>\n<p> <!-- Notas importantes --> <\/p>\n<div style='margin: 30px 0;'>\n<p style='margin-bottom: 15px;'>*Se sugiere revisar compatibilidad con el departamento de ingenier\u00eda.<\/p>\n<p style='margin-bottom: 15px;'>M\u00f3dulos compatibles:<\/p>\n<ul style='padding-left: 20px; font-size: 15px; color: inherit;'>\n<li style='margin-bottom: 10px;'><a style='color: inherit; text-decoration: underline;' href='https:\/\/www.syscom.mx\/producto\/EPL330-24-EPCOM-165067.html'>EPL-330-24<\/a><\/li>\n<li style='margin-bottom: 10px;'><a style='color: inherit; text-decoration: underline;' href='https:\/\/www.syscom.mx\/producto\/EPL450M144-EPCOM-POWERLINE-196961.html'>EPL-450M-144<\/a><\/li>\n<li style='margin-bottom: 10px;'><a style='color: inherit; text-decoration: underline;' href='https:\/\/www.syscom.mx\/producto\/EGE450W144M(M6)-ECO-GREEN-ENERGY-190699.html'>EGE450W144M(M6)<\/a><\/li>\n<li style='margin-bottom: 10px;'><a style='color: inherit; text-decoration: underline;' href='https:\/\/www.syscom.mx\/producto\/ETM672BH450WW-WB-ETSOLAR-194441.html'>ETM672BH450WW\/WB<\/a><\/li>\n<\/ul><\/div>\n<p> <!-- Tabla de contenido del kit --> <\/p>\n<div style='margin: 30px 0;'>\n<h3 style='font-size: 20px; color: inherit; opacity: 0.8; margin-bottom: 15px;'>Contenido del Kit:<\/h3>\n<div style='overflow-x: auto;'>\n<table style='width: 100%; border-collapse: collapse; color: inherit;'>\n<thead style='background-color: rgba(150&comma;150&comma;150&comma;0.1);'>\n<tr>\n<th style='border: 1px solid rgba(150&comma;150&comma;150&comma;0.3); padding: 10px; text-align: left; font-weight: bold;'>Cantidad<\/th>\n<th style='border: 1px solid rgba(150&comma;150&comma;150&comma;0.3); padding: 10px; text-align: left; font-weight: bold;'>C\u00f3digo<\/th>\n<th style='border: 1px solid rgba(150&comma;150&comma;150&comma;0.3); padding: 10px; text-align: left; font-weight: bold;'>Descripci\u00f3n<\/th>\n<\/tr>\n<\/thead>\n<tbody> <!-- Grupo de tubos y soportes para montaje --> <\/p>\n<tr>\n<td style='border: 1px solid rgba(150&comma;150&comma;150&comma;0.3); padding: 8px;' colspan='3'><strong>LEGS-GM01-2X4 &#8211; Grupo de tubos y soportes para montaje EPL-GM01-2X4V2<\/strong><\/td>\n<\/tr>\n<tr>\n<td style='border: 1px solid rgba(150&comma;150&comma;150&comma;0.3); padding: 8px;'>4<\/td>\n<td style='border: 1px solid rgba(150&comma;150&comma;150&comma;0.3); padding: 8px;'>EPL-SL1-A2990<\/td>\n<td style='border: 1px solid rgba(150&comma;150&comma;150&comma;0.3); padding: 8px;'>Tubo principal 2990 mm<\/td>\n<\/tr>\n<tr>\n<td style='border: 1px solid rgba(150&comma;150&comma;150&comma;0.3); padding: 8px;'>4<\/td>\n<td style='border: 1px solid rgba(150&comma;150&comma;150&comma;0.3); padding: 8px;'>EPL-SL1-A1210<\/td>\n<td style='border: 1px solid rgba(150&comma;150&comma;150&comma;0.3); padding: 8px;'>Tubo de Soporte 1210 mm<\/td>\n<\/tr>\n<tr>\n<td style='border: 1px solid rgba(150&comma;150&comma;150&comma;0.3); padding: 8px;'>4<\/td>\n<td style='border: 1px solid rgba(150&comma;150&comma;150&comma;0.3); padding: 8px;'>EPL-SL1-A400<\/td>\n<td style='border: 1px solid rgba(150&comma;150&comma;150&comma;0.3); padding: 8px;'>Poste frontal 400 mm<\/td>\n<\/tr>\n<tr>\n<td style='border: 1px solid rgba(150&comma;150&comma;150&comma;0.3); padding: 8px;'>4<\/td>\n<td style='border: 1px solid rgba(150&comma;150&comma;150&comma;0.3); padding: 8px;'>EPL-SL1-A1275<\/td>\n<td style='border: 1px solid rgba(150&comma;150&comma;150&comma;0.3); padding: 8px;'>Poste trasero 1275mm<\/td>\n<\/tr>\n<p> <!-- Grupo de partes para montaje --> <\/p>\n<tr>\n<td style='border: 1px solid rgba(150&comma;150&comma;150&comma;0.3); padding: 8px;' colspan='3'><strong>BOX-GM01-2X4 &#8211; Grupo de partes para montaje EPL-GM01-2X4V2<\/strong><\/td>\n<\/tr>\n<tr>\n<td style='border: 1px solid rgba(150&comma;150&comma;150&comma;0.3); padding: 8px;'>4<\/td>\n<td style='border: 1px solid rgba(150&comma;150&comma;150&comma;0.3); padding: 8px;'>EPL-FF2-A120<\/td>\n<td style='border: 1px solid rgba(150&comma;150&comma;150&comma;0.3); padding: 8px;'>Fijador de soporte A120<\/td>\n<\/tr>\n<tr>\n<td style='border: 1px solid rgba(150&comma;150&comma;150&comma;0.3); padding: 8px;'>12<\/td>\n<td style='border: 1px solid rgba(150&comma;150&comma;150&comma;0.3); padding: 8px;'>EPL-FF-U45<\/td>\n<td style='border: 1px solid rgba(150&comma;150&comma;150&comma;0.3); padding: 8px;'>Conector U<\/td>\n<\/tr>\n<tr>\n<td style='border: 1px solid rgba(150&comma;150&comma;150&comma;0.3); padding: 8px;'>4<\/td>\n<td style='border: 1px solid rgba(150&comma;150&comma;150&comma;0.3); padding: 8px;'>EPL-FF-A40<\/td>\n<td style='border: 1px solid rgba(150&comma;150&comma;150&comma;0.3); padding: 8px;'>Fijador de soporte A40<\/td>\n<\/tr>\n<tr>\n<td style='border: 1px solid rgba(150&comma;150&comma;150&comma;0.3); padding: 8px;'>32<\/td>\n<td style='border: 1px solid rgba(150&comma;150&comma;150&comma;0.3); padding: 8px;'>EPL-BOLTS-65<\/td>\n<td style='border: 1px solid rgba(150&comma;150&comma;150&comma;0.3); padding: 8px;'>(EPL-DIN912) Tornillo M8X65<\/td>\n<\/tr>\n<tr>\n<td style='border: 1px solid rgba(150&comma;150&comma;150&comma;0.3); padding: 8px;'>12<\/td>\n<td style='border: 1px solid rgba(150&comma;150&comma;150&comma;0.3); padding: 8px;'>EPL-BOLTS-55<\/td>\n<td style='border: 1px solid rgba(150&comma;150&comma;150&comma;0.3); padding: 8px;'>(EPL-DIN912) Tornillo M8X55<\/td>\n<\/tr>\n<tr>\n<td style='border: 1px solid rgba(150&comma;150&comma;150&comma;0.3); padding: 8px;'>16<\/td>\n<td style='border: 1px solid rgba(150&comma;150&comma;150&comma;0.3); padding: 8px;'>EPL-LFG2-03<\/td>\n<td style='border: 1px solid rgba(150&comma;150&comma;150&comma;0.3); padding: 8px;'>Soporte L<\/td>\n<\/tr>\n<tr>\n<td style='border: 1px solid rgba(150&comma;150&comma;150&comma;0.3); padding: 8px;'>4<\/td>\n<td style='border: 1px solid rgba(150&comma;150&comma;150&comma;0.3); padding: 8px;'>EPL-SCG2-01<\/td>\n<td style='border: 1px solid rgba(150&comma;150&comma;150&comma;0.3); padding: 8px;'>Conector para empalme<\/td>\n<\/tr>\n<tr>\n<td style='border: 1px solid rgba(150&comma;150&comma;150&comma;0.3); padding: 8px;'>8<\/td>\n<td style='border: 1px solid rgba(150&comma;150&comma;150&comma;0.3); padding: 8px;'>EPL-ECG2-40<\/td>\n<td style='border: 1px solid rgba(150&comma;150&comma;150&comma;0.3); padding: 8px;'>Sujetador final (40mm)<\/td>\n<\/tr>\n<tr>\n<td style='border: 1px solid rgba(150&comma;150&comma;150&comma;0.3); padding: 8px;'>12<\/td>\n<td style='border: 1px solid rgba(150&comma;150&comma;150&comma;0.3); padding: 8px;'>EPL-MCG2-40<\/td>\n<td style='border: 1px solid rgba(150&comma;150&comma;150&comma;0.3); padding: 8px;'>Sujetador Intermedio (40mm)<\/td>\n<\/tr>\n<tr>\n<td style='border: 1px solid rgba(150&comma;150&comma;150&comma;0.3); padding: 8px;'>24<\/td>\n<td style='border: 1px solid rgba(150&comma;150&comma;150&comma;0.3); padding: 8px;'>EPL-ES-10<\/td>\n<td style='border: 1px solid rgba(150&comma;150&comma;150&comma;0.3); padding: 8px;'>Tornillo expansor M10<\/td>\n<\/tr>\n<tr>\n<td style='border: 1px solid rgba(150&comma;150&comma;150&comma;0.3); padding: 8px;'>4<\/td>\n<td style='border: 1px solid rgba(150&comma;150&comma;150&comma;0.3); padding: 8px;'>EPL-ELG2-01<\/td>\n<td style='border: 1px solid rgba(150&comma;150&comma;150&comma;0.3); padding: 8px;'>Conector para conexi\u00f3n a tierra<\/td>\n<\/tr>\n<tr>\n<td style='border: 1px solid rgba(150&comma;150&comma;150&comma;0.3); padding: 8px;'>12<\/td>\n<td style='border: 1px solid rgba(150&comma;150&comma;150&comma;0.3); padding: 8px;'>EPL-GC-01<\/td>\n<td style='border: 1px solid rgba(150&comma;150&comma;150&comma;0.3); padding: 8px;'>(EPL-GC2-01) Clip para conexi\u00f3n a tierra<\/td>\n<\/tr>\n<tr>\n<td style='border: 1px solid rgba(150&comma;150&comma;150&comma;0.3); padding: 8px;'>8<\/td>\n<td style='border: 1px solid rgba(150&comma;150&comma;150&comma;0.3); padding: 8px;'>EPL-SR3-2200<\/td>\n<td style='border: 1px solid rgba(150&comma;150&comma;150&comma;0.3); padding: 8px;'>Riel 3 (2200 mm)<\/td>\n<\/tr>\n<\/tbody>\n<\/table><\/div>\n<\/p><\/div>\n<p> <!-- Nota final --> <\/p>\n<div style='margin: 30px 0;'>\n<p style='margin-bottom: 15px;'>Nota: este montaje no incluye los modulos fotovoltaicos<\/p>\n<\/p><\/div>\n<p> <!-- Logo --> <\/p>\n<div style='display: flex; justify-content: center; margin: 30px 0;'> <img style='width: 100%; max-width: 400px; height: auto; border: 1px solid rgba(150&comma;150&comma;150&comma;0.3); border-radius: 8px;' src='https:\/\/ftp3.syscom.mx\/usuarios\/anavarro\/Epcom.png' alt='Logo EPCOM'> <\/div>\n<\/p><\/div>\n","protected":false},"excerpt":{"rendered":"<p>Montaje para Panel Solar, Riel &#8220;3&#8221; de 2200mm para M\u00f3dulos con Espesor de 40mm, Velocidad de Viento M\u00e1x. 151km\/h<\/p>\n","protected":false},"featured_media":50499,"comment_status":"open","ping_status":"closed","template":"","meta":[],"product_brand":[],"product_cat":[963],"product_tag":[964,454,965],"class_list":{"0":"post-50500","1":"product","2":"type-product","3":"status-publish","4":"has-post-thumbnail","6":"product_cat-montajes-completos-para-modulos","7":"product_tag-energia-solar","8":"product_tag-epcom-powerline","9":"product_tag-montajes-completos-para-modulos","11":"first","12":"outofstock","13":"sale","14":"shipping-taxable","15":"purchasable","16":"product-type-simple"},"_links":{"self":[{"href":"https:\/\/soydeaqui.ddns.net\/pachuca\/index.php\/wp-json\/wp\/v2\/product\/50500","targetHints":{"allow":["GET"]}}],"collection":[{"href":"https:\/\/soydeaqui.ddns.net\/pachuca\/index.php\/wp-json\/wp\/v2\/product"}],"about":[{"href":"https:\/\/soydeaqui.ddns.net\/pachuca\/index.php\/wp-json\/wp\/v2\/types\/product"}],"replies":[{"embeddable":true,"href":"https:\/\/soydeaqui.ddns.net\/pachuca\/index.php\/wp-json\/wp\/v2\/comments?post=50500"}],"wp:featuredmedia":[{"embeddable":true,"href":"https:\/\/soydeaqui.ddns.net\/pachuca\/index.php\/wp-json\/wp\/v2\/media\/50499"}],"wp:attachment":[{"href":"https:\/\/soydeaqui.ddns.net\/pachuca\/index.php\/wp-json\/wp\/v2\/media?parent=50500"}],"wp:term":[{"taxonomy":"product_brand","embeddable":true,"href":"https:\/\/soydeaqui.ddns.net\/pachuca\/index.php\/wp-json\/wp\/v2\/product_brand?post=50500"},{"taxonomy":"product_cat","embeddable":true,"href":"https:\/\/soydeaqui.ddns.net\/pachuca\/index.php\/wp-json\/wp\/v2\/product_cat?post=50500"},{"taxonomy":"product_tag","embeddable":true,"href":"https:\/\/soydeaqui.ddns.net\/pachuca\/index.php\/wp-json\/wp\/v2\/product_tag?post=50500"}],"curies":[{"name":"wp","href":"https:\/\/api.w.org\/{rel}","templated":true}]}}