{"id":50495,"date":"2026-03-18T22:39:28","date_gmt":"2026-03-18T22:39:28","guid":{"rendered":"https:\/\/soydeaqui.ddns.net\/pachuca\/index.php\/producto\/tomacorriente-horizontal-pdu-de-6-contactos-nema-5-15r-2-usb-para-instalacion-en-rack-de-19-1ur-125-vca-15-a-the0040091001001\/"},"modified":"2026-03-18T22:39:34","modified_gmt":"2026-03-18T22:39:34","slug":"tomacorriente-horizontal-pdu-de-6-contactos-nema-5-15r-2-usb-para-instalacion-en-rack-de-19-1ur-125-vca-15-a-the0040091001001","status":"publish","type":"product","link":"https:\/\/soydeaqui.ddns.net\/pachuca\/index.php\/producto\/tomacorriente-horizontal-pdu-de-6-contactos-nema-5-15r-2-usb-para-instalacion-en-rack-de-19-1ur-125-vca-15-a-the0040091001001\/","title":{"rendered":"Tomacorriente Horizontal (PDU) de 6 contactos (NEMA 5-15R) + 2 USB para instalaci\u00f3n en Rack de 19&#8243;, 1UR, 125 Vca\/ 15 A (THE0040091001001)"},"content":{"rendered":"<div style='width: 100%; max-width: 1200px; margin: 0 auto; font-family: sans-serif; line-height: 1.6; color: inherit; background-color: transparent;'> <!-- Imagen superior --> <\/p>\n<div style='margin-bottom: 30px;'> <img style='width: 100%; height: auto; border: 1px solid rgba(150&comma;150&comma;150&comma;0.3); border-radius: 8px;' src='https:\/\/ftp3.syscom.mx\/usuarios\/fotos\/THTCM6CUSB\/195240-thorsmanarriba.jpg' alt=''> <\/div>\n<p> <!-- Secci\u00f3n de caracter\u00edsticas --> <\/p>\n<div style='display: flex; flex-wrap: wrap; gap: 30px; margin-bottom: 30px;'>\n<div style='flex: 1 1 300px; min-width: 280px;'>\n<h3 style='font-size: 22px; border-bottom: 2px solid currentColor; padding-bottom: 5px; margin-top: 0; color: inherit; opacity: 0.8;'>Caracter\u00edsticas<\/h3>\n<ul style='padding-left: 20px; font-size: 15px; color: inherit;'>\n<li style='margin-bottom: 5px;'>Barra horizontal de 6 contactos de 19&#8242; + 2 USB<\/li>\n<li style='margin-bottom: 5px;'>Alimentaci\u00f3n el\u00e9ctrica para equipo de telecomunicaciones y c\u00f3mputo.<\/li>\n<li style='margin-bottom: 5px;'><strong>Color:<\/strong> Negro<\/li>\n<li style='margin-bottom: 5px;'><strong>Peso de barra:<\/strong> 0.883 Kg<\/li>\n<li style='margin-bottom: 5px;'><strong>Tensi\u00f3n nominal:<\/strong> 125V<\/li>\n<li style='margin-bottom: 5px;'><strong>Potencia Real:<\/strong> 15 A 1875 W<\/li>\n<li style='margin-bottom: 5px;'><strong>Carga de puertos USB:<\/strong> 5V 2.1 A<\/li>\n<li style='margin-bottom: 5px;'><strong>Altura:<\/strong> 1UR<\/li>\n<li style='margin-bottom: 5px;'><strong>Ancho:<\/strong> 19&#8242;<\/li>\n<li style='margin-bottom: 5px;'><strong>Longitud del cable:<\/strong> 1.80 m<\/li>\n<\/ul><\/div>\n<\/p><\/div>\n<p> <!-- Secci\u00f3n de presentaci\u00f3n comercial --> <\/p>\n<div style='display: flex; flex-wrap: wrap; gap: 30px; margin-bottom: 30px;'>\n<div style='flex: 1 1 300px; min-width: 280px;'>\n<h3 style='font-size: 22px; border-bottom: 2px solid currentColor; padding-bottom: 5px; margin-top: 0; color: inherit; opacity: 0.8;'>Presentaci\u00f3n comercial<\/h3>\n<ul style='padding-left: 20px; font-size: 15px; color: inherit;'>\n<li style='margin-bottom: 5px;'>Caja con 1 barra&comma; 4 tornillos M6&comma; 4 tuercas M6<\/li>\n<\/ul><\/div>\n<\/p><\/div>\n<p> <!-- Secci\u00f3n de certificaciones --> <\/p>\n<div style='display: flex; flex-wrap: wrap; gap: 30px; margin-bottom: 30px;'>\n<div style='flex: 1 1 300px; min-width: 280px;'>\n<h3 style='font-size: 22px; border-bottom: 2px solid currentColor; padding-bottom: 5px; margin-top: 0; color: inherit; opacity: 0.8;'>Certificaciones \/ Normas \/ Pruebas<\/h3>\n<ul style='padding-left: 20px; font-size: 15px; color: inherit;'>\n<li style='margin-bottom: 5px;'>Normas aplicables: NOM-003-SCFI-2014<\/li>\n<li style='margin-bottom: 5px;'>M\u00e9todo de prueba: NMX-J-195-ANCE-2018<\/li>\n<\/ul><\/div>\n<\/p><\/div>\n<p> <!-- Imagen inferior --> <\/p>\n<div style='margin-bottom: 30px;'> <img style='width: 100%; height: auto; border: 1px solid rgba(150&comma;150&comma;150&comma;0.3); border-radius: 8px;' src='https:\/\/ftp3.syscom.mx\/usuarios\/fotos\/THTCM6CUSB\/195240-thorsmanabajo.png' alt=''> <\/div>\n<\/p><\/div>\n","protected":false},"excerpt":{"rendered":"<p>Tomacorriente Horizontal (PDU) de 6 contactos (NEMA 5-15R) + 2 USB para instalaci\u00f3n en Rack de 19&#8243;, 1UR, 125 Vca\/ 15 A (THE0040091001001)<\/p>\n","protected":false},"featured_media":50494,"comment_status":"open","ping_status":"closed","template":"","meta":[],"product_brand":[],"product_cat":[633],"product_tag":[634,605,583],"class_list":{"0":"post-50495","1":"product","2":"type-product","3":"status-publish","4":"has-post-thumbnail","6":"product_cat-accesorios-para-rack-gabinetes","7":"product_tag-accesorios-para-rack-gabinetes","8":"product_tag-racks-y-gabinetes","9":"product_tag-thorsman","11":"first","12":"instock","13":"sale","14":"shipping-taxable","15":"purchasable","16":"product-type-simple"},"_links":{"self":[{"href":"https:\/\/soydeaqui.ddns.net\/pachuca\/index.php\/wp-json\/wp\/v2\/product\/50495","targetHints":{"allow":["GET"]}}],"collection":[{"href":"https:\/\/soydeaqui.ddns.net\/pachuca\/index.php\/wp-json\/wp\/v2\/product"}],"about":[{"href":"https:\/\/soydeaqui.ddns.net\/pachuca\/index.php\/wp-json\/wp\/v2\/types\/product"}],"replies":[{"embeddable":true,"href":"https:\/\/soydeaqui.ddns.net\/pachuca\/index.php\/wp-json\/wp\/v2\/comments?post=50495"}],"wp:featuredmedia":[{"embeddable":true,"href":"https:\/\/soydeaqui.ddns.net\/pachuca\/index.php\/wp-json\/wp\/v2\/media\/50494"}],"wp:attachment":[{"href":"https:\/\/soydeaqui.ddns.net\/pachuca\/index.php\/wp-json\/wp\/v2\/media?parent=50495"}],"wp:term":[{"taxonomy":"product_brand","embeddable":true,"href":"https:\/\/soydeaqui.ddns.net\/pachuca\/index.php\/wp-json\/wp\/v2\/product_brand?post=50495"},{"taxonomy":"product_cat","embeddable":true,"href":"https:\/\/soydeaqui.ddns.net\/pachuca\/index.php\/wp-json\/wp\/v2\/product_cat?post=50495"},{"taxonomy":"product_tag","embeddable":true,"href":"https:\/\/soydeaqui.ddns.net\/pachuca\/index.php\/wp-json\/wp\/v2\/product_tag?post=50495"}],"curies":[{"name":"wp","href":"https:\/\/api.w.org\/{rel}","templated":true}]}}