{"id":50486,"date":"2026-03-18T22:39:10","date_gmt":"2026-03-18T22:39:10","guid":{"rendered":"https:\/\/soydeaqui.ddns.net\/pachuca\/index.php\/producto\/inversor-para-interconexion-a-cfe-de-60-kw-con-salida-de-480-vca-modulo-wifi-incluido\/"},"modified":"2026-03-18T22:39:16","modified_gmt":"2026-03-18T22:39:16","slug":"inversor-para-interconexion-a-cfe-de-60-kw-con-salida-de-480-vca-modulo-wifi-incluido","status":"publish","type":"product","link":"https:\/\/soydeaqui.ddns.net\/pachuca\/index.php\/producto\/inversor-para-interconexion-a-cfe-de-60-kw-con-salida-de-480-vca-modulo-wifi-incluido\/","title":{"rendered":"Inversor para Interconexi\u00f3n a CFE de 60 kW con Salida de 480 Vca, M\u00f3dulo Wifi Incluido"},"content":{"rendered":"<div style='width: 100%; max-width: 1200px; margin: 0 auto; font-family: sans-serif; line-height: 1.6; color: inherit; background-color: transparent;'>\n<div style='width: 100%; margin-bottom: 30px;'>\n<h2 style='font-size: 24px; margin-top: 0; margin-bottom: 15px; color: inherit; opacity: 0.9;'>Inversor Solar Growatt MAC 60KTL3-XMV<\/h2>\n<p style='font-size: 14px; margin-bottom: 20px; text-align: justify;'>El Growatt MAC60KTL3XMV es un inversor solar de alto rendimiento dise\u00f1ado para maximizar la eficiencia en la conversi\u00f3n de energ\u00eda fotovoltaica a energ\u00eda el\u00e9ctrica utilizable. Con una combinaci\u00f3n de tecnolog\u00edas avanzadas y dise\u00f1o amigable&comma; se establece como la elecci\u00f3n ideal para sistemas fotovoltaicos de negocios.<\/p>\n<\/p><\/div>\n<div style='display: flex; flex-wrap: wrap; gap: 30px; margin-bottom: 30px;'>\n<div style='flex: 1 1 300px; min-width: 280px;'>\n<h3 style='font-size: 20px; border-bottom: 2px solid currentColor; padding-bottom: 5px; margin-top: 0; color: inherit; opacity: 0.8;'>Caracter\u00edsticas Fotovoltaicas Principales<\/h3>\n<ul style='padding-left: 20px; font-size: 14px; color: inherit;'>\n<li style='margin-bottom: 5px;'><strong>M\u00e1xima potencia FV recomendada:<\/strong> 90&comma;000W (Permite conectar una extensa gama de paneles fotovoltaicos)<\/li>\n<li style='margin-bottom: 5px;'><strong>N\u00famero de MPPTs:<\/strong> 3<\/li>\n<li style='margin-bottom: 5px;'><strong>Cadenas por MPPT:<\/strong> 3\/4 + 4 + 4<\/li>\n<li style='margin-bottom: 5px;'><strong>M\u00e1xima corriente en corto circuito por MPPT:<\/strong> 52A (permite conectar m\u00faltiples m\u00f3dulos en serie para alcanzar el m\u00e1ximo rendimiento del sistema)<\/li>\n<li style='margin-bottom: 5px;'><strong>Rango de voltaje de MPPT:<\/strong> 250V-650V (Brinda flexibilidad en la elecci\u00f3n de m\u00f3dulos fotovoltaicos)<\/li>\n<\/ul><\/div>\n<div style='flex: 1 1 300px; min-width: 280px;'>\n<h3 style='font-size: 20px; border-bottom: 2px solid currentColor; padding-bottom: 5px; margin-top: 0; color: inherit; opacity: 0.8;'>Caracter\u00edsticas de Salida (CA)<\/h3>\n<ul style='padding-left: 20px; font-size: 14px; color: inherit;'>\n<li style='margin-bottom: 5px;'><strong>Potencia nominal CA:<\/strong> 60&comma;000W (Proporciona suficiente energ\u00eda para cubrir las necesidades de hogares y PYMEs)<\/li>\n<li style='margin-bottom: 5px;'><strong>Voltaje nominal:<\/strong> 480Vca (L &#8211; L) Trifasico<\/li>\n<li style='margin-bottom: 5px;'><strong>Corriente m\u00e1xima de salida:<\/strong> 80.2A (Asegura una transferencia efectiva de energ\u00eda a la red el\u00e9ctrica)<\/li>\n<li style='margin-bottom: 5px;'><strong>Rango de Frecuencia de red CA:<\/strong> 50Hz\/60Hz<\/li>\n<\/ul><\/div>\n<div style='flex: 1 1 300px; min-width: 280px;'>\n<h3 style='font-size: 20px; border-bottom: 2px solid currentColor; padding-bottom: 5px; margin-top: 0; color: inherit; opacity: 0.8;'>Caracter\u00edsticas Generales<\/h3>\n<ul style='padding-left: 20px; font-size: 14px; color: inherit;'>\n<li style='margin-bottom: 5px;'><strong>Dimensiones:<\/strong> 680 mm x 508 mm x 281 mm<\/li>\n<li style='margin-bottom: 5px;'><strong>Peso:<\/strong> 52kg<\/li>\n<li style='margin-bottom: 5px;'><strong>Grado de protecci\u00f3n:<\/strong> IP65 (Protegido contra polvo y agua)<\/li>\n<li style='margin-bottom: 5px;'><strong>Rango de temperatura:<\/strong> -25\u00b0C &#8211; 60\u00b0C (Rendimiento asegurado ante diversas condiciones clim\u00e1ticas)<\/li>\n<li style='margin-bottom: 5px;'><strong>Comunicaci\u00f3n WIFI para su monitorizaci\u00f3n remota<\/strong><\/li>\n<\/ul><\/div>\n<\/p><\/div>\n<div style='width: 100%; text-align: center; margin-bottom: 30px;'>\n<p style='font-size: 14px; margin: 0; color: inherit;'>M\u00e1xima eficiencia hasta 97.8%&comma; 3 MPPT&comma; dise\u00f1o compacto&comma; amplio rango de voltaje de trabajo.<\/p>\n<\/p><\/div>\n<div style='width: 100%; margin-bottom: 30px;'> <img style='width: 100%; height: auto; border: 1px solid rgba(150&comma;150&comma;150&comma;0.3); border-radius: 8px;' src='https:\/\/ftp3.syscom.mx\/usuarios\/mtopete\/Energia%20Solar\/Growatt\/MAC50-70KTL3X%20datasheet.jpg' alt=''> <\/div>\n<div style='width: 100%; margin-bottom: 30px;'>\n<h3 style='font-size: 20px; margin-top: 0; margin-bottom: 15px; color: inherit; opacity: 0.8;'>\u00bfC\u00f3mo Funciona?<\/h3>\n<p style='font-size: 14px; margin-bottom: 15px; text-align: justify;'>Los sistemas de interconexi\u00f3n convierten&comma; mediante un inversor&comma; la energ\u00eda en corriente directa generada por los paneles solares en energ\u00eda en corriente alterna en total sincron\u00eda en voltaje y frecuencia tal y como lo entrega CFE.<\/p>\n<p style='font-size: 14px; margin-bottom: 15px; text-align: justify;'>La energ\u00eda generada es enviada a la vivienda para su consumo y el excedente se regresa a la red el\u00e9ctrica. De esta forma no solo bajamos nuestro consumo&comma; sino que existe un retorno de energ\u00eda dando ahorros de hasta un 95% en el pago del recibo de electricidad.<\/p>\n<\/p><\/div>\n<div style='width: 100%; margin-bottom: 30px;'>\n<h3 style='font-size: 20px; margin-top: 0; margin-bottom: 15px; color: inherit; opacity: 0.8;'>Aplicaci\u00f3n<\/h3>\n<p style='font-size: 14px; margin-bottom: 15px; text-align: justify;'>Soluci\u00f3n ideal de sistema solar para viviendas privadas&comma; cuando los m\u00f3dulos est\u00e1n situados en diferentes lados del techo&comma; en instalaciones monof\u00e1sicas y en combinaci\u00f3n trif\u00e1sica.<\/p>\n<p> <img style='width: 100%; height: auto; border: 1px solid rgba(150&comma;150&comma;150&comma;0.3); border-radius: 8px; margin-bottom: 15px;' src='https:\/\/ftp3.syscom.mx\/usuarios\/ftp\/single_page\/vp-epcompowerline\/casa.jpg' alt=''> <\/p>\n<ul style='padding-left: 20px; font-size: 14px; color: inherit;'>\n<li style='margin-bottom: 5px;'><strong>Amigable con el Usuario:<\/strong> Dise\u00f1o compacto&comma; f\u00e1cil instalaci\u00f3n y transporte.<\/li>\n<li style='margin-bottom: 5px;'><strong>Alto Rendimiento:<\/strong> M\u00e1xima eficiencia hasta 97.8%&comma; doble MPPT para diferentes alineaciones. Amplio voltaje de trabajo para un mayor tiempo de producci\u00f3n.<\/li>\n<li style='margin-bottom: 5px;'><strong>Seguro y Confiable:<\/strong> Protecci\u00f3n m\u00faltiple y amplia detecci\u00f3n de errores&comma; grado de protecci\u00f3n NEMA 4X&comma; enfriamiento natural.<\/li>\n<\/ul><\/div>\n<div style='width: 100%; margin-bottom: 30px;'>\n<h3 style='font-size: 20px; margin-top: 0; margin-bottom: 15px; color: inherit; opacity: 0.8;'>Monitoreo desde P\u00e1gina Web<\/h3>\n<div style='display: flex; flex-wrap: wrap; gap: 15px; justify-content: center; margin-bottom: 15px;'> <a href='http:\/\/server.growatt.com\/login\/toViewExamlePlant' style='text-decoration: none;'> <img style='width: 100%; max-width: 400px; height: auto; border: 1px solid rgba(150&comma;150&comma;150&comma;0.3); border-radius: 8px;' src='https:\/\/ftp3.syscom.mx\/usuarios\/mtopete\/Energia%20Solar\/Growatt\/monitoreo%20Growatt.png' alt=''> <\/a> <a href='http:\/\/server.growatt.com\/indexbC\/getInvPage' style='text-decoration: none;'> <img style='width: 100%; max-width: 400px; height: auto; border: 1px solid rgba(150&comma;150&comma;150&comma;0.3); border-radius: 8px;' src='https:\/\/ftp3.syscom.mx\/usuarios\/mtopete\/Energia%20Solar\/Growatt\/monitoreo%20Growatt%20planta.png' alt=''> <\/a> <a href='http:\/\/server.growatt.com\/login\/toViewExamlePlant' style='text-decoration: none;'> <img style='width: 100%; max-width: 400px; height: auto; border: 1px solid rgba(150&comma;150&comma;150&comma;0.3); border-radius: 8px;' src='https:\/\/ftp3.syscom.mx\/usuarios\/mtopete\/Energia%20Solar\/Growatt\/plantas%20monitoreo.PNG' alt=''> <\/a> <\/div>\n<p style='text-align: center; margin-bottom: 30px;'><a href='http:\/\/server.growatt.com\/login\/toViewExamlePlant' style='color: inherit; text-decoration: underline; font-weight: bold;'>De Click en la Imagen Para Acceder a las Plantas Demo<\/a><\/p>\n<div style='position: relative; padding-bottom: 56.25%; height: 0; overflow: hidden; margin-bottom: 30px;'>   <\/div>\n<\/p><\/div>\n<div style='width: 100%; margin-bottom: 30px;'>\n<h3 style='font-size: 20px; margin-top: 0; margin-bottom: 15px; color: inherit; opacity: 0.8;'>Caracter\u00edsticas Espec\u00edficas<\/h3>\n<p> <img style='width: 100%; height: auto; border: 1px solid rgba(150&comma;150&comma;150&comma;0.3); border-radius: 8px; margin-bottom: 15px;' src='https:\/\/ftp3.syscom.mx\/usuarios\/mtopete\/Energia%20Solar\/Growatt\/MAC50-70KTL3X%20datasheet.jpg' alt=''> <\/div>\n<div style='width: 100%; margin-bottom: 30px;'>\n<h3 style='font-size: 20px; margin-top: 0; margin-bottom: 15px; color: inherit; opacity: 0.8;'>\u00bfPor qu\u00e9 utilizar inversores Growatt?<\/h3>\n<ul style='padding-left: 20px; font-size: 14px; color: inherit;'>\n<li style='margin-bottom: 5px;'><strong>M\u00e1xima eficiencia de conversi\u00f3n:<\/strong> Hasta un 99.5%<\/li>\n<li style='margin-bottom: 5px;'><strong>Ahorros:<\/strong> Hasta un 98% en el pago de recibo de luz<\/li>\n<li style='margin-bottom: 5px;'><strong>Tecnolog\u00eda MPPT:<\/strong> Aproveche al m\u00e1ximo la potencia del sol<\/li>\n<li style='margin-bottom: 5px;'><strong>Amplio rango de Vcc de entrada<\/strong><\/li>\n<li style='margin-bottom: 5px;'><strong>F\u00e1cil configuraci\u00f3n:<\/strong> Para el dise\u00f1ador<\/li>\n<li style='margin-bottom: 5px;'><strong>No mezclar potencias de paneles:<\/strong> En las cadenas<\/li>\n<li style='margin-bottom: 5px;'><strong>Certificaci\u00f3n:<\/strong> IEE1547 y UL1741 para contratos de interconexi\u00f3n con CFE<\/li>\n<li style='margin-bottom: 5px;'><strong>Recomendaci\u00f3n:<\/strong> Utilice los protectores de picos <a href='https:\/\/www.syscom.mx\/producto\/SP-50-240S-P-LEA-INTERNATIONAL-172180.html' style='color: inherit; text-decoration: underline;'>SP50-240SP<\/a>&comma; para alargar la vida de su inversor.<\/li>\n<\/ul><\/div>\n<div style='width: 100%; margin-bottom: 30px;'>\n<h3 style='font-size: 20px; margin-top: 0; margin-bottom: 15px; color: inherit; opacity: 0.8;'>Beneficios<\/h3>\n<div style='display: flex; flex-wrap: wrap; gap: 15px; justify-content: center;'>\n<div style='flex: 1 1 200px; min-width: 150px; text-align: center;'> <img style='width: 80px; height: auto; margin-bottom: 10px;' src='https:\/\/ftp3.syscom.mx\/usuarios\/ftp\/single_page\/epcom_powerline\/limpia.png' alt=''> <\/p>\n<p style='margin: 0;'>Energ\u00eda Limpia<\/p>\n<\/p><\/div>\n<div style='flex: 1 1 200px; min-width: 150px; text-align: center;'> <img style='width: 80px; height: auto; margin-bottom: 10px;' src='https:\/\/ftp3.syscom.mx\/usuarios\/ftp\/single_page\/epcom_powerline\/ahorro.png' alt=''> <\/p>\n<p style='margin: 0;'>Ahorro de Energ\u00eda<\/p>\n<\/p><\/div>\n<div style='flex: 1 1 200px; min-width: 150px; text-align: center;'> <img style='width: 80px; height: auto; margin-bottom: 10px;' src='https:\/\/ftp3.syscom.mx\/usuarios\/ftp\/single_page\/epcom_powerline\/ciudad.png' alt=''> <\/p>\n<p style='margin: 0;'>Cuidado del Medio Ambiente<\/p>\n<\/p><\/div>\n<div style='flex: 1 1 200px; min-width: 150px; text-align: center;'> <img style='width: 80px; height: auto; margin-bottom: 10px;' src='https:\/\/ftp3.syscom.mx\/usuarios\/ftp\/single_page\/epcom_powerline\/conexion.png' alt=''> <\/p>\n<p style='margin: 0;'>Conexi\u00f3n sencilla<\/p>\n<\/p><\/div>\n<\/p><\/div>\n<\/p><\/div>\n<div style='width: 100%; margin-bottom: 30px;'>\n<h3 style='font-size: 20px; margin-top: 0; margin-bottom: 15px; color: inherit; opacity: 0.8;'>Diagramas de Conexi\u00f3n<\/h3>\n<div style='display: flex; flex-wrap: wrap; gap: 30px; justify-content: center; margin-bottom: 30px;'>\n<div style='flex: 1 1 400px; min-width: 300px;'>\n<h4 style='font-size: 18px; margin-top: 0; margin-bottom: 10px; color: inherit; opacity: 0.8; text-align: center;'>Diagrama de Conexi\u00f3n para Soluci\u00f3n con Inversores de Cadena<\/h4>\n<p> <img style='width: 100%; height: auto; border: 1px solid rgba(150&comma;150&comma;150&comma;0.3); border-radius: 8px;' src='https:\/\/ftp3.syscom.mx\/usuarios\/ftp\/single_page\/epcom_powerline\/DIAG-2.png' alt=''> <\/div>\n<div style='flex: 1 1 400px; min-width: 300px;'>\n<h4 style='font-size: 18px; margin-top: 0; margin-bottom: 10px; color: inherit; opacity: 0.8; text-align: center;'>Diagrama de Conexi\u00f3n para Soluci\u00f3n con Microinversores<\/h4>\n<p> <img style='width: 100%; height: auto; border: 1px solid rgba(150&comma;150&comma;150&comma;0.3); border-radius: 8px;' src='https:\/\/ftp3.syscom.mx\/usuarios\/ftp\/single_page\/epcom_powerline\/diagrama-1.png' alt=''> <\/div>\n<\/p><\/div>\n<\/p><\/div>\n<div style='width: 100%; margin-bottom: 30px;'>\n<h3 style='font-size: 20px; margin-top: 0; margin-bottom: 15px; color: inherit; opacity: 0.8;'>Revisi\u00f3n del Consumo Bimestral<\/h3>\n<p style='font-size: 14px; margin-bottom: 15px; text-align: center;'>Revise en el consumo bimestral de su recibo de luz y tabule lo siguiente con nuestros KITS&comma; para saber que kit necesita.<\/p>\n<p> <img style='width: 100%; height: auto; border: 1px solid rgba(150&comma;150&comma;150&comma;0.3); border-radius: 8px;' src='https:\/\/ftp3.syscom.mx\/usuarios\/ftp\/single_page\/epcom_powerline\/recibo.png' alt=''> <\/div>\n<div style='width: 100%; margin-bottom: 30px;'>\n<h3 style='font-size: 20px; margin-top: 0; margin-bottom: 15px; color: inherit; opacity: 0.8;'>Notas<\/h3>\n<ul style='padding-left: 20px; font-size: 14px; color: inherit;'>\n<li style='margin-bottom: 5px;'>Los equipos de interconexi\u00f3n a la red el\u00e9ctrica no pueden operar con generadores di\u00e9sel o a gasolina.<\/li>\n<li style='margin-bottom: 5px;'>Los inversores requieren sincronizarse para entregar voltaje&comma; de lo contrario el equipo no entregar\u00e1 voltaje. Si se miden las terminales con los paneles conectados el voltaje medido debe ser 0V.<\/li>\n<li style='margin-bottom: 5px;'>El diagn\u00f3stico de este modelo se debe realizar en sitio instalado y con el monitoreo habilitado para realizar los ajustes necesarios o validar garant\u00edas.<\/li>\n<li style='margin-bottom: 5px;'>Se recomienda utilizar sistemas de tierra f\u00edsica (<a href='https:\/\/www.syscom.mx\/principal\/searchcont?route=LP-GROUND-30A-LINKEDPRO-172180&#038;autodetect=lpground30a' style='color: inherit; text-decoration: underline;'>LP-GROUND-30A<\/a>)&comma; colocar supresores de picos (<a href='https:\/\/www.syscom.mx\/principal\/searchcont?route=LA302R-DELTA-167343&#038;autodetect=la302' style='color: inherit; text-decoration: underline;'>LA302R<\/a>) y verificar voltajes de operaci\u00f3n.<\/li>\n<li style='margin-bottom: 5px;'>Consultar con el departamento de ingenier\u00eda en energ\u00eda solar.<\/li>\n<\/ul><\/div>\n<div style='width: 100%; margin-bottom: 30px; text-align: center;'>\n<p style='font-size: 18px; margin: 0; font-weight: bold; color: inherit;'>Garant\u00eda de 10 a\u00f1os contra defectos de fabricaci\u00f3n<\/p>\n<\/p><\/div>\n<\/p><\/div>\n","protected":false},"excerpt":{"rendered":"<p>Inversor para Interconexi\u00f3n a CFE de 60 kW con Salida de 480 Vca, M\u00f3dulo Wifi Incluido<\/p>\n","protected":false},"featured_media":50485,"comment_status":"open","ping_status":"closed","template":"","meta":[],"product_brand":[],"product_cat":[1092],"product_tag":[964,1157,1093],"class_list":{"0":"post-50486","1":"product","2":"type-product","3":"status-publish","4":"has-post-thumbnail","6":"product_cat-inversores-interconexion-on-grid","7":"product_tag-energia-solar","8":"product_tag-growatt","9":"product_tag-inversores-interconexion-on-grid","11":"first","12":"outofstock","13":"sale","14":"shipping-taxable","15":"purchasable","16":"product-type-simple"},"_links":{"self":[{"href":"https:\/\/soydeaqui.ddns.net\/pachuca\/index.php\/wp-json\/wp\/v2\/product\/50486","targetHints":{"allow":["GET"]}}],"collection":[{"href":"https:\/\/soydeaqui.ddns.net\/pachuca\/index.php\/wp-json\/wp\/v2\/product"}],"about":[{"href":"https:\/\/soydeaqui.ddns.net\/pachuca\/index.php\/wp-json\/wp\/v2\/types\/product"}],"replies":[{"embeddable":true,"href":"https:\/\/soydeaqui.ddns.net\/pachuca\/index.php\/wp-json\/wp\/v2\/comments?post=50486"}],"wp:featuredmedia":[{"embeddable":true,"href":"https:\/\/soydeaqui.ddns.net\/pachuca\/index.php\/wp-json\/wp\/v2\/media\/50485"}],"wp:attachment":[{"href":"https:\/\/soydeaqui.ddns.net\/pachuca\/index.php\/wp-json\/wp\/v2\/media?parent=50486"}],"wp:term":[{"taxonomy":"product_brand","embeddable":true,"href":"https:\/\/soydeaqui.ddns.net\/pachuca\/index.php\/wp-json\/wp\/v2\/product_brand?post=50486"},{"taxonomy":"product_cat","embeddable":true,"href":"https:\/\/soydeaqui.ddns.net\/pachuca\/index.php\/wp-json\/wp\/v2\/product_cat?post=50486"},{"taxonomy":"product_tag","embeddable":true,"href":"https:\/\/soydeaqui.ddns.net\/pachuca\/index.php\/wp-json\/wp\/v2\/product_tag?post=50486"}],"curies":[{"name":"wp","href":"https:\/\/api.w.org\/{rel}","templated":true}]}}