{"id":50484,"date":"2026-03-18T22:39:08","date_gmt":"2026-03-18T22:39:08","guid":{"rendered":"https:\/\/soydeaqui.ddns.net\/pachuca\/index.php\/producto\/kit-solar-witek-de-28-w-con-5-puertos-poe-802-3-af-y-poe-pasivo-24-v-para-alimentar-camaras-ip-y-un-enlace-punto-a-punto-en-24-vcc-2\/"},"modified":"2026-03-18T22:39:09","modified_gmt":"2026-03-18T22:39:09","slug":"kit-solar-witek-de-28-w-con-5-puertos-poe-802-3-af-y-poe-pasivo-24-v-para-alimentar-camaras-ip-y-un-enlace-punto-a-punto-en-24-vcc-2","status":"publish","type":"product","link":"https:\/\/soydeaqui.ddns.net\/pachuca\/index.php\/producto\/kit-solar-witek-de-28-w-con-5-puertos-poe-802-3-af-y-poe-pasivo-24-v-para-alimentar-camaras-ip-y-un-enlace-punto-a-punto-en-24-vcc-2\/","title":{"rendered":"Kit Solar Witek de 28 W con 5 Puertos PoE 802.3 af y PoE Pasivo 24 V para alimentar Camaras IP y un Enlace Punto a Punto en 24 Vcc"},"content":{"rendered":"<div style='width: 100%; max-width: 1200px; margin: 0 auto; font-family: sans-serif; line-height: 1.6; color: inherit; background-color: transparent;'> <!-- Secci\u00f3n de caracter\u00edsticas --> <\/p>\n<div style='margin-bottom: 30px;'>\n<h3 style='font-size: 22px; border-bottom: 2px solid currentColor; padding-bottom: 5px; margin-top: 0; color: inherit; opacity: 0.8;'>Caracter\u00edsticas:<\/h3>\n<ul style='padding-left: 20px; font-size: 15px; color: inherit;'>\n<li style='margin-bottom: 5px;'>Switch solar con 5 puertos PoE<\/li>\n<li style='margin-bottom: 5px;'>Arreglo Fotovoltaico de 250 W para configurar en 24 Vdc<\/li>\n<li style='margin-bottom: 5px;'>Arreglo de Bater\u00edas para configurar en 24 Vdc<\/li>\n<li style='margin-bottom: 5px;'>La suma m\u00e1xima de watts de los equipos que alimenta es de 35 W<\/li>\n<\/ul><\/div>\n<p> <!-- Secci\u00f3n de compatibilidad --> <\/p>\n<div style='margin-bottom: 30px;'>\n<h3 style='font-size: 22px; border-bottom: 2px solid currentColor; padding-bottom: 5px; color: inherit; opacity: 0.8;'>Con que equipos funciona KIT<\/h3>\n<p style='font-size: 15px; color: inherit; margin-top: 15px; margin-bottom: 10px;'>Los equipos que alimente con este KIT deben tener protocolos de alimentaci\u00f3n Pasivo u 802.3 af\/at<\/p>\n<p style='font-size: 15px; color: inherit; margin-top: 10px; margin-bottom: 10px;'>Busque en la ficha t\u00e9cnica de los equipos que desea alimentar el consumo en watts m\u00e1ximo&comma; la suma de todos los consumos de los equipos que quiera conectar no debe ser mayor a 28 Watts<\/p>\n<p style='font-size: 15px; color: inherit; margin-top: 10px; margin-bottom: 0;'>El KIT puede alimentar por ejemplo 1 LBEM523 que consume 4 Watts ahora se pueden seleccionar varias c\u00e1maras que no excedan los 24 Watts faltantes del KIT<\/p>\n<\/p><\/div>\n<p> <!-- Secci\u00f3n de componentes --> <\/p>\n<div style='margin-bottom: 30px;'>\n<h3 style='font-size: 22px; border-bottom: 2px solid currentColor; padding-bottom: 5px; color: inherit; opacity: 0.8;'>Lista de componentes incluidos en el kit<\/h3>\n<ul style='padding-left: 20px; font-size: 15px; color: inherit; margin-top: 15px;'>\n<li style='margin-bottom: 5px;'>2 x PRO12512 &#8211; M\u00f3dulo fotovoltaico de 125 W&comma; 12 Vcc<\/li>\n<li style='margin-bottom: 5px;'>1 x WI-PS306GF-UPS-15A &#8211; Controlador Solar 24Vcc&comma; 15A<\/li>\n<li style='margin-bottom: 5px;'>2 x PL110D12 &#8211; Acumulador ciclo profundo VRLA 12 Vcc&comma; 100 Ah<\/li>\n<li style='margin-bottom: 5px;'>1 x SS-PBL-V5 &#8211; Montaje para poste\/torre para paneles solares<\/li>\n<li style='margin-bottom: 5px;'>1 x EIPCB040703W3S &#8211; Gabinete met\u00e1lico&comma; l\u00e1mina galvanizada para bater\u00edas&comma; no incluye instalaci\u00f3n en poste<\/li>\n<li style='margin-bottom: 5px;'>1 x LS2024EU &#8211; Controlador de 20 amperes para bater\u00edas<\/li>\n<\/ul>\n<p style='font-size: 15px; color: inherit; margin-top: 15px; margin-bottom: 0;'>No incluye el EI-PCB-40M montaje de gabinete para poste.<\/p>\n<\/p><\/div>\n<p> <!-- Separador --> <\/p>\n<hr style='border: 0; border-top: 1px solid rgba(150&comma; 150&comma; 150&comma; 0.3); margin: 30px 0;'> <!-- Secci\u00f3n de diagrama de instalaci\u00f3n --> <\/p>\n<div style='margin-bottom: 30px;'>\n<h3 style='font-size: 22px; border-bottom: 2px solid currentColor; padding-bottom: 5px; color: inherit; opacity: 0.8;'>Diagrama de instalaci\u00f3n<\/h3>\n<p style='margin-top: 15px;'> <img style='width: 100%; height: auto; border: 1px solid rgba(150&comma;150&comma;150&comma;0.3); border-radius: 8px;' src='https:\/\/ftp3.syscom.mx\/usuarios\/mchaparro\/ANDRES\/WI5POE28%20POSTECaptura%20de%20Pantalla%202021-04-21%20a%20la%28s%29%2010.47.47.png' alt=''> <\/p>\n<\/p><\/div>\n<p> <!-- Secci\u00f3n de recomendaciones de cableado --> <\/p>\n<div style='margin-bottom: 30px;'>\n<h3 style='font-size: 22px; border-bottom: 2px solid currentColor; padding-bottom: 5px; color: inherit; opacity: 0.8;'>Recomendaciones de cableado<\/h3>\n<p style='font-size: 15px; color: inherit; margin-top: 15px; margin-bottom: 10px;'>Respetar el uso de las siguientes distancias con una variaci\u00f3n del 10% para el \u00f3ptimo uso del cableado<\/p>\n<\/p><\/div>\n<\/p><\/div>\n","protected":false},"excerpt":{"rendered":"<p>Kit Solar Witek de 28 W con 5 Puertos PoE 802.3 af y PoE Pasivo 24 V para alimentar Camaras IP y un Enlace Punto a Punto en 24 Vcc<\/p>\n","protected":false},"featured_media":50483,"comment_status":"open","ping_status":"closed","template":"","meta":[],"product_brand":[],"product_cat":[1196],"product_tag":[964,454,1197],"class_list":{"0":"post-50484","1":"product","2":"type-product","3":"status-publish","4":"has-post-thumbnail","6":"product_cat-kit-solar-sistema-aislado","7":"product_tag-energia-solar","8":"product_tag-epcom-powerline","9":"product_tag-kit-solar-sistema-aislado","11":"first","12":"outofstock","13":"sale","14":"shipping-taxable","15":"purchasable","16":"product-type-simple"},"_links":{"self":[{"href":"https:\/\/soydeaqui.ddns.net\/pachuca\/index.php\/wp-json\/wp\/v2\/product\/50484","targetHints":{"allow":["GET"]}}],"collection":[{"href":"https:\/\/soydeaqui.ddns.net\/pachuca\/index.php\/wp-json\/wp\/v2\/product"}],"about":[{"href":"https:\/\/soydeaqui.ddns.net\/pachuca\/index.php\/wp-json\/wp\/v2\/types\/product"}],"replies":[{"embeddable":true,"href":"https:\/\/soydeaqui.ddns.net\/pachuca\/index.php\/wp-json\/wp\/v2\/comments?post=50484"}],"wp:featuredmedia":[{"embeddable":true,"href":"https:\/\/soydeaqui.ddns.net\/pachuca\/index.php\/wp-json\/wp\/v2\/media\/50483"}],"wp:attachment":[{"href":"https:\/\/soydeaqui.ddns.net\/pachuca\/index.php\/wp-json\/wp\/v2\/media?parent=50484"}],"wp:term":[{"taxonomy":"product_brand","embeddable":true,"href":"https:\/\/soydeaqui.ddns.net\/pachuca\/index.php\/wp-json\/wp\/v2\/product_brand?post=50484"},{"taxonomy":"product_cat","embeddable":true,"href":"https:\/\/soydeaqui.ddns.net\/pachuca\/index.php\/wp-json\/wp\/v2\/product_cat?post=50484"},{"taxonomy":"product_tag","embeddable":true,"href":"https:\/\/soydeaqui.ddns.net\/pachuca\/index.php\/wp-json\/wp\/v2\/product_tag?post=50484"}],"curies":[{"name":"wp","href":"https:\/\/api.w.org\/{rel}","templated":true}]}}