{"id":50461,"date":"2026-03-18T22:38:30","date_gmt":"2026-03-18T22:38:30","guid":{"rendered":"https:\/\/soydeaqui.ddns.net\/pachuca\/index.php\/producto\/kit-de-pararrayo-con-punta-en-aluminio-con-diametro-de-proteccion-de-160-metros\/"},"modified":"2026-03-18T22:38:30","modified_gmt":"2026-03-18T22:38:30","slug":"kit-de-pararrayo-con-punta-en-aluminio-con-diametro-de-proteccion-de-160-metros","status":"publish","type":"product","link":"https:\/\/soydeaqui.ddns.net\/pachuca\/index.php\/producto\/kit-de-pararrayo-con-punta-en-aluminio-con-diametro-de-proteccion-de-160-metros\/","title":{"rendered":"Kit de Pararrayo con Punta en Aluminio con Di\u00e1metro de Protecci\u00f3n de 160 metros."},"content":{"rendered":"<div style='width: 100%; max-width: 1200px; margin: 0 auto; font-family: sans-serif; line-height: 1.6; color: inherit; background-color: transparent;'> <!-- Imagen principal --> <\/p>\n<div style='margin: 20px 0;'> <img style='width: 100%; height: auto; border: 1px solid rgba(150&comma;150&comma;150&comma;0.3); border-radius: 8px;' src='https:\/\/ftp3.syscom.mx\/usuarios\/fotos\/KDALU\/76017-total_ground.jpg' alt=''> <\/div>\n<p> <!-- Descripci\u00f3n principal --> <\/p>\n<div style='margin: 30px 0; font-size: 15px; color: inherit;'>\n<p>El sistema de pararrayos <strong>KDA-01<\/strong> es un sistema de protecci\u00f3n contra tormentas el\u00e9ctricas (SPTE). Sirve para interceptar&comma; conducir y disipar la corriente del rayo y de elementos internos mediante uniones&comma; blindaje y puesta a tierra. El objetivo de un SPTE es reducir el riesgo de da\u00f1o tanto para las personas y otros seres vivos&comma; as\u00ed como estructuras&comma; edificios y su contenido.<\/p>\n<p style='color: #c0392b; font-weight: bold; margin: 20px 0;'>Ofrece 160 m de di\u00e1metro de protecci\u00f3n.<\/p>\n<\/p><\/div>\n<p> <!-- Componentes incluidos --> <\/p>\n<div style='margin: 30px 0;'>\n<h3 style='font-size: 20px; border-bottom: 2px solid currentColor; padding-bottom: 5px; margin-top: 0; color: inherit; opacity: 0.8;'>Componentes incluidos<\/h3>\n<div style='display: flex; flex-wrap: wrap; gap: 15px; margin-top: 15px;'>\n<div style='flex: 1 1 300px; min-width: 250px; border: 1px solid rgba(150&comma;150&comma;150&comma;0.4); border-radius: 8px; padding: 15px;'>\n<h4 style='margin-top: 0; font-size: 16px; color: inherit;'><strong>KDA01PUNTA<\/strong><\/h4>\n<p style='margin: 0; font-size: 14px; color: inherit;'>Punta pararayos de acero Aluminio KDA01 para protecci\u00f3n de 80 m de radio (sin venta individual).<\/p>\n<\/p><\/div>\n<div style='flex: 1 1 300px; min-width: 250px; border: 1px solid rgba(150&comma;150&comma;150&comma;0.4); border-radius: 8px; padding: 15px;'>\n<h4 style='margin-top: 0; font-size: 16px; color: inherit;'><strong>M\u00c1STIL<\/strong><\/h4>\n<p style='margin: 0; font-size: 14px; color: inherit;'>M\u00e1stil de 1.2 m de longitud y 2&#8242; de di\u00e1metro.<\/p>\n<\/p><\/div>\n<div style='flex: 1 1 300px; min-width: 250px; border: 1px solid rgba(150&comma;150&comma;150&comma;0.4); border-radius: 8px; padding: 15px;'>\n<h4 style='margin-top: 0; font-size: 16px; color: inherit;'><strong>TG100K<\/strong><\/h4>\n<p style='margin: 0; font-size: 14px; color: inherit;'>Electrodo de 100 A.<\/p>\n<p style='margin: 5px 0; font-size: 14px; color: inherit;'>Saco de 11 Kg de mejorador de suelo (<a href='https:\/\/www.syscom.mx\/producto\/H2O-HM-TOTAL-GROUND-75920.html' target='_blank' rel='noopener' style='color: #2880b9; text-decoration: underline;'>H2OHM<\/a>).<\/p>\n<p style='margin: 0; font-size: 14px; color: inherit;'>Acoplador <a href='https:\/\/www.syscom.mx\/producto\/TG-C01-TOTAL-GROUND-75944.html' target='_blank' rel='noopener' style='color: #3598db; text-decoration: underline;'>TGC01<\/a><\/p>\n<\/p><\/div>\n<\/p><\/div>\n<\/p><\/div>\n<p> <!-- Accesorios complementarios --> <\/p>\n<div style='margin: 30px 0;'>\n<h3 style='font-size: 20px; border-bottom: 2px solid currentColor; padding-bottom: 5px; margin-top: 0; color: inherit; opacity: 0.8;'>Accesorios complementarios (No incluido)<\/h3>\n<div style='display: flex; flex-wrap: wrap; gap: 15px; margin-top: 15px;'>\n<div style='flex: 1 1 300px; min-width: 250px; border: 1px solid rgba(150&comma;150&comma;150&comma;0.4); border-radius: 8px; padding: 15px;'>\n<h4 style='margin-top: 0; font-size: 16px; color: inherit;'><a href='https:\/\/www.syscom.mx\/producto\/S-610-TOTAL-GROUND-75929.html' target='_blank' rel='noopener' style='color: #2880b9; text-decoration: underline;'>S610<\/a><\/h4>\n<p style='margin: 0; font-size: 14px; color: inherit;'>Registro para electrodo.<\/p>\n<\/p><\/div>\n<div style='flex: 1 1 300px; min-width: 250px; border: 1px solid rgba(150&comma;150&comma;150&comma;0.4); border-radius: 8px; padding: 15px;'>\n<h4 style='margin-top: 0; font-size: 16px; color: inherit;'><a href='https:\/\/www.syscom.mx\/producto\/ANTIOX-TOTAL-GROUND-75931.html' target='_blank' rel='noopener' style='color: #2880b9; text-decoration: underline;'>ANTIOX<\/a><\/h4>\n<p style='margin: 0; font-size: 14px; color: inherit;'>Spray protector para conectores.<\/p>\n<\/p><\/div>\n<div style='flex: 1 1 300px; min-width: 250px; border: 1px solid rgba(150&comma;150&comma;150&comma;0.4); border-radius: 8px; padding: 15px;'>\n<h4 style='margin-top: 0; font-size: 16px; color: inherit;'><a href='https:\/\/www.syscom.mx\/producto\/TG-CR11-TOTAL-GROUND-76026.html' target='_blank' rel='noopener' style='color: #2880b9; text-decoration: underline;'>TGCR11<\/a><\/h4>\n<p style='margin: 0; font-size: 14px; color: inherit;'>Conector de Bronce.<\/p>\n<\/p><\/div>\n<div style='flex: 1 1 300px; min-width: 250px; border: 1px solid rgba(150&comma;150&comma;150&comma;0.4); border-radius: 8px; padding: 15px;'>\n<h4 style='margin-top: 0; font-size: 16px; color: inherit;'><a href='https:\/\/www.syscom.mx\/producto\/TG-AB18-TOTAL-GROUND-76028.html' target='_blank' rel='noopener' style='color: #2880b9; text-decoration: underline;'>TGAB18<\/a><\/h4>\n<p style='margin: 0; font-size: 14px; color: inherit;'>Conector de varilla.<\/p>\n<\/p><\/div>\n<div style='flex: 1 1 300px; min-width: 250px; border: 1px solid rgba(150&comma;150&comma;150&comma;0.4); border-radius: 8px; padding: 15px;'>\n<h4 style='margin-top: 0; font-size: 16px; color: inherit;'><a href='https:\/\/www.syscom.mx\/producto\/SLY-346-BLK-INDIANA-176872.html' target='_blank' rel='noopener' style='color: #2880b9; text-decoration: underline;'>SLY346BLK<\/a><\/h4>\n<p style='margin: 0; font-size: 14px; color: inherit;'>Cable de Cobre Recubierto THW-LS Calibre 2\/0 AWG.<\/p>\n<\/p><\/div>\n<div style='flex: 1 1 300px; min-width: 250px; border: 1px solid rgba(150&comma;150&comma;150&comma;0.4); border-radius: 8px; padding: 15px;'>\n<h4 style='margin-top: 0; font-size: 16px; color: inherit;'> <a href='https:\/\/www.syscom.mx\/producto\/SMM-K4-SYSCOM-TOWERS-88255.html' target='_blank' rel='noopener' style='color: #2880b9; text-decoration: underline;'>SMMK4<\/a> <span style='color: inherit; margin: 0 5px;'>o<\/span> <a href='https:\/\/www.syscom.mx\/producto\/SMM-K4E-SYSCOM-TOWERS-189540.html' target='_blank' rel='noopener' style='color: #2880b9; text-decoration: underline;'>SMMK4E<\/a> <\/h4>\n<p style='margin: 0; font-size: 14px; color: inherit;'>Herraje Adaptador de M\u00e1stil para Di\u00e1metros desde 3\/4&#8242; hasta 2-1\/4.<\/p>\n<\/p><\/div>\n<div style='flex: 1 1 300px; min-width: 250px; border: 1px solid rgba(150&comma;150&comma;150&comma;0.4); border-radius: 8px; padding: 15px;'>\n<h4 style='margin-top: 0; font-size: 16px; color: inherit;'><a href='https:\/\/www.syscom.mx\/producto\/TG-CDA-TOTAL-GROUND-76233.html' target='_blank' rel='noopener' style='color: #2880b9; text-decoration: underline;'>TGCDA<\/a><\/h4>\n<p style='margin: 0; font-size: 14px; color: inherit;'>Contador de Descargas Atmosf\u00e9ricas.<\/p>\n<\/p><\/div>\n<div style='flex: 1 1 300px; min-width: 250px; border: 1px solid rgba(150&comma;150&comma;150&comma;0.4); border-radius: 8px; padding: 15px;'>\n<h4 style='margin-top: 0; font-size: 16px; color: inherit;'> <a href='https:\/\/www.syscom.mx\/producto\/TG-AC-TOTAL-GROUND-76016.html' target='_blank' rel='noopener' style='color: #2880b9; text-decoration: underline;'>TGAC<\/a> <span style='color: inherit; margin: 0 5px;'>o<\/span> <a href='https:\/\/www.syscom.mx\/producto\/TG-AC-114-TOTAL-GROUND-85849.html' target='_blank' rel='noopener' style='color: #2880b9; text-decoration: underline;'>TGAC114<\/a> <\/h4>\n<p style='margin: 0; font-size: 14px; color: inherit;'>Aislador para cable de bajada.<\/p>\n<\/p><\/div>\n<div style='flex: 1 1 300px; min-width: 250px; border: 1px solid rgba(150&comma;150&comma;150&comma;0.4); border-radius: 8px; padding: 15px;'>\n<h4 style='margin-top: 0; font-size: 16px; color: inherit;'><a href='https:\/\/www.syscom.mx\/producto\/SLMBA8G-SYSCOM-TOWERS-186386.html' target='_blank' rel='noopener' style='color: #2880b9; text-decoration: underline;'>SLMBA8G<\/a><\/h4>\n<p style='margin: 0; font-size: 14px; color: inherit;'>Base para M\u00e1stil con Ajuste de \u00c1ngulo. Di\u00e1metros de Mastil: 1&#8242; a 2&#8242;<\/p>\n<\/p><\/div>\n<div style='flex: 1 1 300px; min-width: 250px; border: 1px solid rgba(150&comma;150&comma;150&comma;0.4); border-radius: 8px; padding: 15px;'>\n<h4 style='margin-top: 0; font-size: 16px; color: inherit;'> <a href='https:\/\/www.syscom.mx\/producto\/SM-ALU3-SYSCOM-TOWERS-142062.html' target='_blank' rel='noopener' style='color: #2880b9; text-decoration: underline;'>SM-ALU-3<\/a> <br \/> <a href='https:\/\/www.syscom.mx\/producto\/SM-ALU2-SYSCOM-TOWERS-142216.html' target='_blank' rel='noopener' style='color: #2880b9; text-decoration: underline;'>SM-ALU-2<\/a> <br \/> <a href='https:\/\/www.syscom.mx\/producto\/SM-ALU-6-SYSCOM-TOWERS-162922.html' target='_blank' rel='noopener' style='color: #2880b9; text-decoration: underline;'>SM-ALU-6<\/a> <\/h4>\n<p style='margin: 0; font-size: 14px; color: inherit;'>M\u00e1stil de Aluminio Natural 2&#8242; de Di\u00e1metro&comma; Calibre 18. Altura: 2&comma; 3 o 6 m.<\/p>\n<\/p><\/div>\n<\/p><\/div>\n<\/p><\/div>\n<p> <!-- Descripci\u00f3n t\u00e9cnica --> <\/p>\n<div style='margin: 30px 0; font-size: 15px; color: inherit;'>\n<h3 style='font-size: 20px; border-bottom: 2px solid currentColor; padding-bottom: 5px; margin-top: 0; color: inherit; opacity: 0.8;'>Descripci\u00f3n de Punta KDA01<\/h3>\n<p>Punta captadora de rayos y conductora de corriente dise\u00f1ada en acero Inoxidable de alta conductividad la que forma parte de un sistema de protecci\u00f3n externo contra tormentas el\u00e9ctricas (SEPTE)&comma; para reducir el riesgo de da\u00f1o que puede provocar un rayo.<\/p>\n<p>Busca reducir la incidencia de ca\u00edda hasta un 95% debido a su funcionamiento magnetoactivo.<\/p>\n<p>Se recomienda tomar en cuenta la <strong>Norma NMX-J-549-ANCE-2005<\/strong> que sugiere que un sistema de protecci\u00f3n contra tormentas el\u00e9ctricas (SPTE) debe contar con un sistema interno de protecci\u00f3n contra tormentas el\u00e9ctricas (SIPTE) y otro externo de protecci\u00f3n contra tormentas el\u00e9ctricas (SEPTE).<\/p>\n<p>La punta <strong>KDA-01<\/strong> forma parte de la protecci\u00f3n externa&comma; mientras que la parte interna corresponde a los supresores de picos transitorios (SSTT) marca Suprector de TOTAL GROUND.<\/p>\n<\/p><\/div>\n<p> <!-- Imagen detallada --> <\/p>\n<div style='margin: 20px 0;'> <img style='width: 100%; height: auto; border: 1px solid rgba(150&comma;150&comma;150&comma;0.3); border-radius: 8px;' src='https:\/\/ftp3.syscom.mx\/usuarios\/fotos\/KDALU\/76017-kdadetalles.jpg' alt=''> <\/div>\n<p> <!-- V\u00eddeos de formaci\u00f3n --> <\/p>\n<div style='margin: 30px 0;'>\n<h3 style='font-size: 20px; border-bottom: 2px solid currentColor; padding-bottom: 5px; margin-top: 0; color: inherit; opacity: 0.8;'>Cursos y webinars<\/h3>\n<p style='margin: 20px 0; text-align: center; font-size: 16px; color: #2880b9;'> <a href='https:\/\/www.youtube.com\/watch?v=Vw8lGg4-fQk' target='_blank' rel='noopener' style='color: #2880b9; text-decoration: underline; font-weight: bold; display: block; margin-bottom: 15px;'>Curso b\u00e1sico para selecci\u00f3n e implementaci\u00f3n de sistemas de protecci\u00f3n<\/a> <strong style='color: #c0392b;'>WEBINAR 1:<\/strong> B\u00c1SICO DE TIERRAS F\u00cdSICAS Y PARARRAYOS (INICIA EN EL MIN.14) <\/p>\n<p> <!-- Video 1 --> <\/p>\n<div style='position: relative; padding-bottom: 56.25%; height: 0; overflow: hidden; margin-bottom: 30px;'>   <\/div>\n<p style='margin: 20px 0; text-align: center; font-size: 16px; color: #2880b9;'> <strong style='color: #c0392b;'>WEBINAR 2:<\/strong> INSTALACI\u00d3N DE TIERRAS F\u00cdSICAS Y PARARRAYOS <\/p>\n<p> <!-- Video 2 --> <\/p>\n<div style='position: relative; padding-bottom: 56.25%; height: 0; overflow: hidden; margin-bottom: 30px;'>   <\/div>\n<p style='margin: 20px 0; text-align: center; font-size: 16px; color: #2880b9;'> <strong style='color: #c0392b;'>WEBINAR 3:<\/strong> SISTEMAS DE PARARRAYO TOTAL GROUND <\/p>\n<p> <!-- Video 3 --> <\/p>\n<div style='position: relative; padding-bottom: 56.25%; height: 0; overflow: hidden; margin-bottom: 30px;'>   <\/div>\n<\/p><\/div>\n<p> <!-- Separador final --> <\/p>\n<hr style='border: 0; border-top: 1px solid rgba(150&comma; 150&comma; 150&comma; 0.3); margin: 30px 0;'> <\/div>\n","protected":false},"excerpt":{"rendered":"<p>Kit de Pararrayo con Punta en Aluminio con Di\u00e1metro de Protecci\u00f3n de 160 metros.<\/p>\n","protected":false},"featured_media":50460,"comment_status":"open","ping_status":"closed","template":"","meta":[],"product_brand":[],"product_cat":[1161],"product_tag":[1088,1162,635],"class_list":{"0":"post-50461","1":"product","2":"type-product","3":"status-publish","4":"has-post-thumbnail","6":"product_cat-pararrayos","7":"product_tag-calidad-de-la-energia","8":"product_tag-pararrayos","9":"product_tag-total-ground","11":"first","12":"instock","13":"sale","14":"shipping-taxable","15":"purchasable","16":"product-type-simple"},"_links":{"self":[{"href":"https:\/\/soydeaqui.ddns.net\/pachuca\/index.php\/wp-json\/wp\/v2\/product\/50461","targetHints":{"allow":["GET"]}}],"collection":[{"href":"https:\/\/soydeaqui.ddns.net\/pachuca\/index.php\/wp-json\/wp\/v2\/product"}],"about":[{"href":"https:\/\/soydeaqui.ddns.net\/pachuca\/index.php\/wp-json\/wp\/v2\/types\/product"}],"replies":[{"embeddable":true,"href":"https:\/\/soydeaqui.ddns.net\/pachuca\/index.php\/wp-json\/wp\/v2\/comments?post=50461"}],"wp:featuredmedia":[{"embeddable":true,"href":"https:\/\/soydeaqui.ddns.net\/pachuca\/index.php\/wp-json\/wp\/v2\/media\/50460"}],"wp:attachment":[{"href":"https:\/\/soydeaqui.ddns.net\/pachuca\/index.php\/wp-json\/wp\/v2\/media?parent=50461"}],"wp:term":[{"taxonomy":"product_brand","embeddable":true,"href":"https:\/\/soydeaqui.ddns.net\/pachuca\/index.php\/wp-json\/wp\/v2\/product_brand?post=50461"},{"taxonomy":"product_cat","embeddable":true,"href":"https:\/\/soydeaqui.ddns.net\/pachuca\/index.php\/wp-json\/wp\/v2\/product_cat?post=50461"},{"taxonomy":"product_tag","embeddable":true,"href":"https:\/\/soydeaqui.ddns.net\/pachuca\/index.php\/wp-json\/wp\/v2\/product_tag?post=50461"}],"curies":[{"name":"wp","href":"https:\/\/api.w.org\/{rel}","templated":true}]}}