{"id":5044,"date":"2026-03-18T06:26:22","date_gmt":"2026-03-18T06:26:22","guid":{"rendered":"https:\/\/soydeaqui.ddns.net\/pachuca\/index.php\/producto\/dimmer-3-hilos-unico-polo-150w-cfl-led-o-600-inc-hal\/"},"modified":"2026-03-18T06:26:22","modified_gmt":"2026-03-18T06:26:22","slug":"dimmer-3-hilos-unico-polo-150w-cfl-led-o-600-inc-hal","status":"publish","type":"product","link":"https:\/\/soydeaqui.ddns.net\/pachuca\/index.php\/producto\/dimmer-3-hilos-unico-polo-150w-cfl-led-o-600-inc-hal\/","title":{"rendered":"Dimmer 3 hilos\/unico polo, 150W CFL\/LED o 600 inc\/hal"},"content":{"rendered":"<div style='width: 100%; max-width: 1200px; margin: 0 auto; font-family: sans-serif; line-height: 1.6; color: inherit; background-color: transparent;'> <!-- Secci\u00f3n de caracter\u00edsticas principales --> <\/p>\n<div style='display: flex; flex-wrap: wrap; gap: 30px; margin-bottom: 30px;'>\n<div style='flex: 1 1 300px; min-width: 280px;'>\n<h3 style='font-size: 22px; border-bottom: 2px solid currentColor; padding-bottom: 5px; margin-top: 0; color: inherit; opacity: 0.8;'>Caracter\u00edsticas Generales<\/h3>\n<ul style='padding-left: 20px; font-size: 15px; color: inherit;'>\n<li style='margin-bottom: 5px;'>Dimmer de 3 hilos\/unipolar<\/li>\n<li style='margin-bottom: 5px;'>Tecnolog\u00eda avanzada de atenuaci\u00f3n para compatibilidad con bombillas de alta eficiencia<\/li>\n<li style='margin-bottom: 5px;'>Incluye interruptor frontal para acceso seguro al reemplazo de bombillas (FASS)<\/li>\n<li style='margin-bottom: 5px;'>Memoria ante fallos de energ\u00eda<\/li>\n<li style='margin-bottom: 5px;'>Rocker con funci\u00f3n de subir\/bajar<\/li>\n<li style='margin-bottom: 5px;'>Ajuste de nivel bajo para acomodar una amplia gama de bombillas<\/li>\n<li style='margin-bottom: 5px;'>No requiere neutro para aplicaciones de actualizaci\u00f3n<\/li>\n<li style='margin-bottom: 5px;'>El interruptor t\u00e1ctil devuelve la carga al nivel anterior<\/li>\n<li style='margin-bottom: 5px;'>Conforme a NEMA SSL-7A<\/li>\n<\/ul><\/div>\n<p> <!-- Especificaciones t\u00e9cnicas --> <\/p>\n<div style='flex: 1 1 300px; min-width: 280px;'>\n<h3 style='font-size: 22px; border-bottom: 2px solid currentColor; padding-bottom: 5px; margin-top: 0; color: inherit; opacity: 0.8;'>Especificaciones T\u00e9cnicas<\/h3>\n<ul style='padding-left: 20px; font-size: 15px; color: inherit;'>\n<li style='margin-bottom: 5px;'><strong>Voltaje:<\/strong> 120 V~ 60 Hz<\/li>\n<li style='margin-bottom: 5px;'><strong>Carga M\u00e1xima:<\/strong> 150W CFL\/LED o 600W Incandescente\/Halogeno<\/li>\n<li style='margin-bottom: 5px;'><strong>Carga M\u00ednima:<\/strong> 40W Incandescente\/Halogeno<\/li>\n<li style='margin-bottom: 5px;'><strong>Temperatura de operaci\u00f3n:<\/strong> 32\u00b0F (0\u00b0C) a 104\u00b0F (40\u00b0C)<\/li>\n<li style='margin-bottom: 5px;'><strong>Dimensiones:<\/strong> 2 1\/4&#8242; x 3 1\/8&#8242; (57mm x 79mm)<\/li>\n<li style='margin-bottom: 5px;'><strong>Acabados disponibles:<\/strong> Blanco&comma; Marfil&comma; Almendra&comma; Claro de Almendra&comma; Gris&comma; Marr\u00f3n&comma; Negro&comma; Merlot&comma; Ciruela&comma; Turquesa&comma; Claro Marino&comma; Nieve&comma; Terracota&comma; Mocha Stone&comma; Oro&comma; Piedra&comma; Caliza&comma; entre otros<\/li>\n<\/ul><\/div>\n<\/p><\/div>\n<p> <!-- Secci\u00f3n de compatibilidad --> <\/p>\n<div style='display: flex; flex-wrap: wrap; gap: 30px; margin-bottom: 30px;'>\n<div style='flex: 1 1 300px; min-width: 280px;'>\n<h3 style='font-size: 22px; border-bottom: 2px solid currentColor; padding-bottom: 5px; margin-top: 0; color: inherit; opacity: 0.8;'>Compatibilidad<\/h3>\n<ul style='padding-left: 20px; font-size: 15px; color: inherit;'>\n<li style='margin-bottom: 5px;'>\u2022 Bombillas fluorescentes compactas (CFL) regulables con balasto integrado<\/li>\n<li style='margin-bottom: 5px;'>\u2022 Bombillas LED regulables con controlador integrado<\/li>\n<li style='margin-bottom: 5px;'>\u2022 Hal\u00f3genas<\/li>\n<li style='margin-bottom: 5px;'>\u2022 Incandescentes<\/li>\n<\/ul>\n<p style='font-size: 14px; color: inherit; margin-top: 15px;'>Nota: Cuando se utilizan CFL o LEDs&comma; solo se deben usar bombillas marcadas o clasificadas como regulables. Para obtener una lista completa de CFL y LEDs aprobados&comma; visite el sitio web del fabricante.<\/p>\n<\/p><\/div>\n<p> <!-- Aplicaciones --> <\/p>\n<div style='flex: 1 1 300px; min-width: 280px;'>\n<h3 style='font-size: 22px; border-bottom: 2px solid currentColor; padding-bottom: 5px; margin-top: 0; color: inherit; opacity: 0.8;'>Aplicaciones<\/h3>\n<ul style='padding-left: 20px; font-size: 15px; color: inherit;'>\n<li style='margin-bottom: 5px;'>\u2022 Instalaci\u00f3n en pared con placa de dise\u00f1o est\u00e1ndar<\/li>\n<li style='margin-bottom: 5px;'>\u2022 Configuraci\u00f3n unipolar<\/li>\n<li style='margin-bottom: 5px;'>\u2022 Configuraci\u00f3n multi-ubicaci\u00f3n (usando MA-R)<\/li>\n<li style='margin-bottom: 5px;'>\u2022 Configuraci\u00f3n de 3 v\u00edas mec\u00e1nica (requiere un paso adicional de cableado y programaci\u00f3n)<\/li>\n<li style='margin-bottom: 5px;'>\u2022 Configuraci\u00f3n de 4 v\u00edas con dimmer de acompa\u00f1amiento MA-R<\/li>\n<\/ul><\/div>\n<\/p><\/div>\n<p> <!-- Secci\u00f3n de especificaciones el\u00e9ctricas --> <\/p>\n<div style='display: flex; flex-wrap: wrap; gap: 30px; margin-bottom: 30px;'>\n<div style='flex: 1 1 300px; min-width: 280px;'>\n<h3 style='font-size: 22px; border-bottom: 2px solid currentColor; padding-bottom: 5px; margin-top: 0; color: inherit; opacity: 0.8;'>Especificaciones El\u00e9ctricas<\/h3>\n<ul style='padding-left: 20px; font-size: 15px; color: inherit;'>\n<li style='margin-bottom: 5px;'>\u2022 Certificado UL para requisitos de seguridad en EE.UU. y Canad\u00e1 (UL 1472 \/ CSA C22.2 184.1)<\/li>\n<li style='margin-bottom: 5px;'>\u2022 Certificaci\u00f3n NOM<\/li>\n<li style='margin-bottom: 5px;'>\u2022 Pruebas de descarga electrost\u00e1tica<\/li>\n<li style='margin-bottom: 5px;'>\u2022 Compatibilidad con m\u00faltiples tipos de bombillas en configuraciones de multigang<\/li>\n<\/ul><\/div>\n<p> <!-- Tabla de multigang --> <\/p>\n<div style='flex: 1 1 300px; min-width: 280px;'>\n<h3 style='font-size: 22px; border-bottom: 2px solid currentColor; padding-bottom: 5px; margin-top: 0; color: inherit; opacity: 0.8;'>Multigang y Tipos Mixtos<\/h3>\n<p style='font-size: 14px; color: inherit; margin-top: 10px; margin-bottom: 10px;'>Carga m\u00e1xima permitida seg\u00fan configuraci\u00f3n:<\/p>\n<ul style='padding-left: 20px; font-size: 14px; color: inherit;'>\n<li style='margin-bottom: 5px;'><strong>0W + 600W:<\/strong> 500W (sin lados removidos)&comma; 400W (1 lado removido)&comma; 300W (2 lados removidos)<\/li>\n<li style='margin-bottom: 5px;'><strong>1-25W + 500W:<\/strong> 400W (sin lados removidos)&comma; 300W (1 lado removido)&comma; 200W (2 lados removidos)<\/li>\n<li style='margin-bottom: 5px;'><strong>26-50W + 400W:<\/strong> 300W (sin lados removidos)&comma; 200W (1 lado removido)&comma; 100W (2 lados removidos)<\/li>\n<li style='margin-bottom: 5px;'><strong>51-75W + 300W:<\/strong> 200W (sin lados removidos)&comma; 100W (1 lado removido)&comma; 50W (2 lados removidos)<\/li>\n<li style='margin-bottom: 5px;'><strong>76-100W + 200W:<\/strong> 100W (sin lados removidos)&comma; 50W (1 lado removido)&comma; 0W (2 lados removidos)<\/li>\n<li style='margin-bottom: 5px;'><strong>101-125W + 100W:<\/strong> 50W (sin lados removidos)&comma; 0W (1 lado removido)&comma; 0W (2 lados removidos)<\/li>\n<li style='margin-bottom: 5px;'><strong>126-150W + 0W:<\/strong> 0W (sin lados removidos)&comma; 0W (1 lado removido)&comma; 0W (2 lados removidos)<\/li>\n<\/ul><\/div>\n<\/p><\/div>\n<p> <!-- Secci\u00f3n de operaci\u00f3n --> <\/p>\n<div style='margin-bottom: 30px;'>\n<h3 style='font-size: 22px; border-bottom: 2px solid currentColor; padding-bottom: 5px; margin-top: 0; color: inherit; opacity: 0.8;'>Operaci\u00f3n<\/h3>\n<div style='display: flex; flex-wrap: wrap; gap: 20px;'>\n<div style='flex: 1 1 250px; border: 1px solid rgba(150&comma; 150&comma; 150&comma; 0.4); border-radius: 8px; overflow: hidden; display: flex; flex-direction: column;'>\n<div style='padding: 15px; border-bottom: 1px solid rgba(150&comma; 150&comma; 150&comma; 0.2); font-weight: bold; font-size: 18px; color: inherit;'>Rocker<\/div>\n<div style='padding: 15px; color: inherit;'>\n<ul style='padding-left: 20px; margin: 0; font-size: 14px; list-style-type: disc;'>\n<li style='margin-bottom: 5px;'>Presionar el rockers para ajustar el nivel de luz<\/li>\n<\/ul><\/div>\n<\/p><\/div>\n<div style='flex: 1 1 250px; border: 1px solid rgba(150&comma; 150&comma; 150&comma; 0.4); border-radius: 8px; overflow: hidden; display: flex; flex-direction: column;'>\n<div style='padding: 15px; border-bottom: 1px solid rgba(150&comma; 150&comma; 150&comma; 0.2); font-weight: bold; font-size: 18px; color: inherit;'>Interruptor T\u00e1ctil<\/div>\n<div style='padding: 15px; color: inherit;'>\n<ul style='padding-left: 20px; margin: 0; font-size: 14px; list-style-type: disc;'>\n<li style='margin-bottom: 5px;'>Toque para encender al nivel favorito<\/li>\n<li style='margin-bottom: 5px;'>Toque para apagar<\/li>\n<li style='margin-bottom: 5px;'>Doble toque para encendido completo<\/li>\n<li style='margin-bottom: 5px;'>Presione&comma; mantenga y suelte para atenuaci\u00f3n gradual hasta apagado<\/li>\n<\/ul><\/div>\n<\/p><\/div>\n<\/p><\/div>\n<\/p><\/div>\n<p> <!-- Separador --> <\/p>\n<hr style='border: 0; border-top: 1px solid rgba(150&comma; 150&comma; 150&comma; 0.3); margin: 30px 0;'> <!-- Secci\u00f3n de diagramas de cableado --> <\/p>\n<div style='margin-bottom: 30px;'>\n<h3 style='font-size: 22px; border-bottom: 2px solid currentColor; padding-bottom: 5px; margin-top: 0; color: inherit; opacity: 0.8;'>Diagramas de Cableado<\/h3>\n<div style='display: flex; flex-wrap: wrap; gap: 20px; margin-top: 15px;'>\n<div style='flex: 1 1 300px; min-width: 280px;'>\n<h4 style='font-size: 18px; margin-top: 0; color: inherit; opacity: 0.8;'>Cableado Unipolar<\/h4>\n<ul style='padding-left: 20px; font-size: 14px; color: inherit;'>\n<li style='margin-bottom: 5px;'>\u2022 Dimmer puede instalarse en el lado de l\u00ednea o de carga del circuito<\/li>\n<li style='margin-bottom: 5px;'>\u2022 Conexi\u00f3n de alivio de tierra (verde) requerida<\/li>\n<\/ul><\/div>\n<div style='flex: 1 1 300px; min-width: 280px;'>\n<h4 style='font-size: 18px; margin-top: 0; color: inherit; opacity: 0.8;'>Cableado de 3 v\u00edas<\/h4>\n<ul style='padding-left: 20px; font-size: 14px; color: inherit;'>\n<li style='margin-bottom: 5px;'>\u2022 Requiere interruptor mec\u00e1nico de 3 v\u00edas<\/li>\n<li style='margin-bottom: 5px;'>\u2022 Se requiere un paso adicional de cableado y programaci\u00f3n<\/li>\n<li style='margin-bottom: 5px;'>\u2022 No apto para aplicaciones de 4 v\u00edas<\/li>\n<\/ul><\/div>\n<div style='flex: 1 1 300px; min-width: 280px;'>\n<h4 style='font-size: 18px; margin-top: 0; color: inherit; opacity: 0.8;'>Cableado de 4 v\u00edas<\/h4>\n<ul style='padding-left: 20px; font-size: 14px; color: inherit;'>\n<li style='margin-bottom: 5px;'>\u2022 Utiliza dimmer de acompa\u00f1amiento MA-R<\/li>\n<li style='margin-bottom: 5px;'>\u2022 El dimmer puede instalarse en el lado de l\u00ednea&comma; lado de carga o en el medio del circuito<\/li>\n<\/ul><\/div>\n<\/p><\/div>\n<\/p><\/div>\n<p> <!-- Separador --> <\/p>\n<hr style='border: 0; border-top: 1px solid rgba(150&comma; 150&comma; 150&comma; 0.3); margin: 30px 0;'> <!-- Secci\u00f3n de garant\u00eda y cumplimiento --> <\/p>\n<div style='display: flex; flex-wrap: wrap; gap: 30px;'>\n<div style='flex: 1 1 300px; min-width: 280px;'>\n<h3 style='font-size: 22px; border-bottom: 2px solid currentColor; padding-bottom: 5px; margin-top: 0; color: inherit; opacity: 0.8;'>Cumplimiento Regulatorio<\/h3>\n<ul style='padding-left: 20px; font-size: 15px; color: inherit;'>\n<li style='margin-bottom: 5px;'>\u2022 UL Listed para EE.UU. y Canad\u00e1<\/li>\n<li style='margin-bottom: 5px;'>\u2022 Certificaci\u00f3n NOM<\/li>\n<li style='margin-bottom: 5px;'>\u2022 Conforme a NEMA SSL-7A<\/li>\n<\/ul><\/div>\n<div style='flex: 1 1 300px; min-width: 280px;'>\n<h3 style='font-size: 22px; border-bottom: 2px solid currentColor; padding-bottom: 5px; margin-top: 0; color: inherit; opacity: 0.8;'>Garant\u00eda<\/h3>\n<ul style='padding-left: 20px; font-size: 15px; color: inherit;'>\n<li style='margin-bottom: 5px;'>\u2022 1 a\u00f1o de garant\u00eda limitada<\/li>\n<li style='margin-bottom: 5px;'>\u2022 Para informaci\u00f3n adicional visite el sitio web del fabricante<\/li>\n<\/ul><\/div>\n<\/p><\/div>\n<\/p><\/div>\n","protected":false},"excerpt":{"rendered":"<p>Dimmer 3 hilos\/unico polo, 150W CFL\/LED o 600 inc\/hal<\/p>\n","protected":false},"featured_media":5043,"comment_status":"open","ping_status":"closed","template":"","meta":[],"product_brand":[],"product_cat":[34],"product_tag":[30,35,36],"class_list":{"0":"post-5044","1":"product","2":"type-product","3":"status-publish","4":"has-post-thumbnail","6":"product_cat-lutron","7":"product_tag-automatizacion-casa-inteligente","8":"product_tag-lutron","9":"product_tag-lutron-electronics","11":"first","12":"outofstock","13":"sale","14":"shipping-taxable","15":"purchasable","16":"product-type-simple"},"_links":{"self":[{"href":"https:\/\/soydeaqui.ddns.net\/pachuca\/index.php\/wp-json\/wp\/v2\/product\/5044","targetHints":{"allow":["GET"]}}],"collection":[{"href":"https:\/\/soydeaqui.ddns.net\/pachuca\/index.php\/wp-json\/wp\/v2\/product"}],"about":[{"href":"https:\/\/soydeaqui.ddns.net\/pachuca\/index.php\/wp-json\/wp\/v2\/types\/product"}],"replies":[{"embeddable":true,"href":"https:\/\/soydeaqui.ddns.net\/pachuca\/index.php\/wp-json\/wp\/v2\/comments?post=5044"}],"wp:featuredmedia":[{"embeddable":true,"href":"https:\/\/soydeaqui.ddns.net\/pachuca\/index.php\/wp-json\/wp\/v2\/media\/5043"}],"wp:attachment":[{"href":"https:\/\/soydeaqui.ddns.net\/pachuca\/index.php\/wp-json\/wp\/v2\/media?parent=5044"}],"wp:term":[{"taxonomy":"product_brand","embeddable":true,"href":"https:\/\/soydeaqui.ddns.net\/pachuca\/index.php\/wp-json\/wp\/v2\/product_brand?post=5044"},{"taxonomy":"product_cat","embeddable":true,"href":"https:\/\/soydeaqui.ddns.net\/pachuca\/index.php\/wp-json\/wp\/v2\/product_cat?post=5044"},{"taxonomy":"product_tag","embeddable":true,"href":"https:\/\/soydeaqui.ddns.net\/pachuca\/index.php\/wp-json\/wp\/v2\/product_tag?post=5044"}],"curies":[{"name":"wp","href":"https:\/\/api.w.org\/{rel}","templated":true}]}}