{"id":50438,"date":"2026-03-18T22:37:49","date_gmt":"2026-03-18T22:37:49","guid":{"rendered":"https:\/\/soydeaqui.ddns.net\/pachuca\/index.php\/producto\/congelador-solar-espacioso-de-250l-12-24v-capacidad-extra-eficiencia-energetica-y-autonomo\/"},"modified":"2026-03-18T22:37:56","modified_gmt":"2026-03-18T22:37:56","slug":"congelador-solar-espacioso-de-250l-12-24v-capacidad-extra-eficiencia-energetica-y-autonomo","status":"publish","type":"product","link":"https:\/\/soydeaqui.ddns.net\/pachuca\/index.php\/producto\/congelador-solar-espacioso-de-250l-12-24v-capacidad-extra-eficiencia-energetica-y-autonomo\/","title":{"rendered":"Congelador Solar Espacioso de 250L &#8211; 12\/24V, Capacidad Extra, Eficiencia Energ\u00e9tica y Aut\u00f3nomo."},"content":{"rendered":"<div style='width: 100%; max-width: 1200px; margin: 0 auto; font-family: sans-serif; line-height: 1.6; color: inherit; background-color: transparent;'> <!-- Imagen principal --> <\/p>\n<div style='width: 100%; margin-bottom: 30px;'> <img style='width: 100%; height: auto; border: 1px solid rgba(150&comma;150&comma;150&comma;0.3); border-radius: 8px;' src='https:\/\/ftp3.syscom.mx\/usuarios\/ftp\/single_page\/refri_epcom_EPLFZ250\/refri_1.jpg' alt='Congelador Solar EPCOM EPLFZ250'> <\/div>\n<p> <!-- Descripci\u00f3n general --> <\/p>\n<div style='width: 100%; margin-bottom: 30px;'>\n<div style='font-size: 16px; color: inherit; opacity: 0.9; text-align: center; padding: 15px; background-color: rgba(0&comma;0&comma;0&comma;0.03); border-radius: 8px;'> Este congelador solar de 250L ofrece una capacidad extra para aplicaciones aisladas de la red el\u00e9ctrica. Funciona a 12 o 24 Vcc&comma; eliminando la necesidad de un inversor y reduciendo costos y posibles fallos en el sistema. Disfruta de la eficiencia energ\u00e9tica&comma; espacio adicional y compatibilidad con distintos sistemas de voltaje. <\/div>\n<\/p><\/div>\n<p> <!-- Especificaciones t\u00e9cnicas --> <\/p>\n<div style='display: flex; flex-wrap: wrap; gap: 30px; margin-bottom: 30px;'>\n<div style='flex: 1 1 300px; min-width: 280px;'>\n<h3 style='font-size: 22px; border-bottom: 2px solid currentColor; padding-bottom: 5px; margin-top: 0; color: inherit; opacity: 0.8;'>Especificaciones t\u00e9cnicas:<\/h3>\n<ul style='padding-left: 20px; font-size: 15px; color: inherit;'>\n<li style='margin-bottom: 5px;'>Voltaje de entrada: 12\/24 Vcc<\/li>\n<li style='margin-bottom: 5px;'>Capacidad (total): 250 L (3.7 ft\u00b3)<\/li>\n<li style='margin-bottom: 5px;'>Consumo: 150 W<\/li>\n<li style='margin-bottom: 5px;'>Rango de temperatura (congelador): -15 a -25\u00b0C<\/li>\n<li style='margin-bottom: 5px;'>Refrigerante: R134a<\/li>\n<li style='margin-bottom: 5px;'>Dimensiones: 1050 x 625 x 885 mm<\/li>\n<li style='margin-bottom: 5px;'>Peso: 38 kg<\/li>\n<\/ul><\/div>\n<p> <!-- Imagen secundaria --> <\/p>\n<div style='flex: 1 1 300px; min-width: 280px;'> <img style='width: 100%; height: auto; border: 1px solid rgba(150&comma;150&comma;150&comma;0.3); border-radius: 8px;' src='https:\/\/ftp3.syscom.mx\/usuarios\/ftp\/single_page\/refri_epcom_EPLFZ250\/re3.jpg' alt='Detalles del congelador'> <\/div>\n<\/p><\/div>\n<p> <!-- Diagramas de conexi\u00f3n --> <\/p>\n<div style='display: flex; flex-wrap: wrap; gap: 30px; margin-bottom: 30px;'>\n<div style='flex: 1 1 400px; min-width: 300px;'>\n<h3 style='font-size: 20px; border-bottom: 2px solid currentColor; padding-bottom: 5px; margin-top: 0; color: inherit; opacity: 0.8;'>Diagrama de conexi\u00f3n en 12 Vcc<\/h3>\n<p> <img style='width: 100%; height: auto; border: 1px solid rgba(150&comma;150&comma;150&comma;0.3); border-radius: 8px;' src='https:\/\/ftp3.syscom.mx\/usuarios\/ftp\/single_page\/refri_epcom_EPLFZ250\/dia_1.jpg' alt='Diagrama 12V'> <\/div>\n<div style='flex: 1 1 400px; min-width: 300px;'>\n<h3 style='font-size: 20px; border-bottom: 2px solid currentColor; padding-bottom: 5px; margin-top: 0; color: inherit; opacity: 0.8;'>Diagrama de conexi\u00f3n en 24 Vcc<\/h3>\n<p> <img style='width: 100%; height: auto; border: 1px solid rgba(150&comma;150&comma;150&comma;0.3); border-radius: 8px;' src='https:\/\/ftp3.syscom.mx\/usuarios\/ftp\/single_page\/refri_epcom_EPLFZ250\/dia_2.jpg' alt='Diagrama 24V'> <\/div>\n<\/p><\/div>\n<p> <!-- Notas importantes --> <\/p>\n<div style='width: 100%; margin-bottom: 30px;'>\n<div style='padding: 15px; border-left: 3px solid rgba(0&comma;0&comma;0&comma;0.2); background-color: rgba(0&comma;0&comma;0&comma;0.02); color: inherit;'>\n<p style='margin: 0; font-size: 14px;'>* Los diagramas son representativos&comma; para definir la capacidad del arreglo FV y la capacidad del banco de bater\u00edas es necesario realizar un dimensionamiento adecuado a cada zona&comma; para m\u00e1s informaci\u00f3n favor de comunicarse con el departamento de ingenier\u00eda.<\/p>\n<\/p><\/div>\n<\/p><\/div>\n<p> <!-- Nota de soporte --> <\/p>\n<div style='width: 100%; margin-bottom: 30px;'>\n<div style='padding: 10px; background-color: rgba(0&comma;0&comma;0&comma;0.02); color: inherit;'>\n<p style='margin: 0; font-size: 14px; text-align: center;'>* Se sugiere aclarar dudas con el departamento de ingenier\u00eda.<\/p>\n<\/p><\/div>\n<\/p><\/div>\n<\/p><\/div>\n","protected":false},"excerpt":{"rendered":"<p>Congelador Solar Espacioso de 250L &#8211; 12\/24V, Capacidad Extra, Eficiencia Energ\u00e9tica y Aut\u00f3nomo.<\/p>\n","protected":false},"featured_media":50437,"comment_status":"open","ping_status":"closed","template":"","meta":[],"product_brand":[],"product_cat":[1155],"product_tag":[1156,1144,454],"class_list":{"0":"post-50438","1":"product","2":"type-product","3":"status-publish","4":"has-post-thumbnail","6":"product_cat-boilers-refrigeradores-congeladores","7":"product_tag-boilers-refrigeradores-congeladores","8":"product_tag-climatizacion-refrigeracion","9":"product_tag-epcom-powerline","11":"first","12":"outofstock","13":"sale","14":"shipping-taxable","15":"purchasable","16":"product-type-simple"},"_links":{"self":[{"href":"https:\/\/soydeaqui.ddns.net\/pachuca\/index.php\/wp-json\/wp\/v2\/product\/50438","targetHints":{"allow":["GET"]}}],"collection":[{"href":"https:\/\/soydeaqui.ddns.net\/pachuca\/index.php\/wp-json\/wp\/v2\/product"}],"about":[{"href":"https:\/\/soydeaqui.ddns.net\/pachuca\/index.php\/wp-json\/wp\/v2\/types\/product"}],"replies":[{"embeddable":true,"href":"https:\/\/soydeaqui.ddns.net\/pachuca\/index.php\/wp-json\/wp\/v2\/comments?post=50438"}],"wp:featuredmedia":[{"embeddable":true,"href":"https:\/\/soydeaqui.ddns.net\/pachuca\/index.php\/wp-json\/wp\/v2\/media\/50437"}],"wp:attachment":[{"href":"https:\/\/soydeaqui.ddns.net\/pachuca\/index.php\/wp-json\/wp\/v2\/media?parent=50438"}],"wp:term":[{"taxonomy":"product_brand","embeddable":true,"href":"https:\/\/soydeaqui.ddns.net\/pachuca\/index.php\/wp-json\/wp\/v2\/product_brand?post=50438"},{"taxonomy":"product_cat","embeddable":true,"href":"https:\/\/soydeaqui.ddns.net\/pachuca\/index.php\/wp-json\/wp\/v2\/product_cat?post=50438"},{"taxonomy":"product_tag","embeddable":true,"href":"https:\/\/soydeaqui.ddns.net\/pachuca\/index.php\/wp-json\/wp\/v2\/product_tag?post=50438"}],"curies":[{"name":"wp","href":"https:\/\/api.w.org\/{rel}","templated":true}]}}