{"id":504,"date":"2026-03-18T05:40:16","date_gmt":"2026-03-18T05:40:16","guid":{"rendered":"https:\/\/soydeaqui.ddns.net\/pachuca\/index.php\/producto\/ax-pro-kit-de-alarma-ax-pro-incluye-1-hub-con-bateria-de-respaldo-1-ano-de-servicio-de-datos-600mb-wi-fi-3g-4g-compatible-con-hik-connect-p2p\/"},"modified":"2026-03-18T05:40:16","modified_gmt":"2026-03-18T05:40:16","slug":"ax-pro-kit-de-alarma-ax-pro-incluye-1-hub-con-bateria-de-respaldo-1-ano-de-servicio-de-datos-600mb-wi-fi-3g-4g-compatible-con-hik-connect-p2p","status":"publish","type":"product","link":"https:\/\/soydeaqui.ddns.net\/pachuca\/index.php\/producto\/ax-pro-kit-de-alarma-ax-pro-incluye-1-hub-con-bateria-de-respaldo-1-ano-de-servicio-de-datos-600mb-wi-fi-3g-4g-compatible-con-hik-connect-p2p\/","title":{"rendered":"(AX PRO) KIT de Alarma AX PRO \/ Incluye: 1 Hub con bater\u00eda de respaldo \/ 1 a\u00f1o de Servicio de Datos 600MB \/ Wi-Fi \/ 3G\/4G \/ Compatible con Hik-Connect P2P"},"content":{"rendered":"<div style='width: 100%; max-width: 1200px; margin: 0 auto; font-family: sans-serif; line-height: 1.6; color: inherit; background-color: transparent;'> <!-- Logo --> <\/p>\n<div style='text-align: center; margin: 30px 0;'> <img style='width: 45%; height: auto; border: 1px solid rgba(150&comma;150&comma;150&comma;0.3); border-radius: 8px;' src='https:\/\/ftp3.syscom.mx\/usuarios\/jsosa\/HIKVISION\/imagenes\/logo\/hikvision%20see%20far.png' alt='Logo Hikvision'> <\/div>\n<p> <!-- Video AX PRO --> <\/p>\n<div style='margin-bottom: 30px;'>\n<div style='position: relative; padding-bottom: 56.25%; height: 0; overflow: hidden; margin-bottom: 30px;'>   <\/div>\n<\/p><\/div>\n<p> <!-- Consideraciones --> <\/p>\n<div style='margin-bottom: 30px;'>\n<div style='border: 1px solid rgba(150&comma;150&comma;150&comma;0.3); border-radius: 8px; padding: 20px; background-color: rgba(255&comma;255&comma;255&comma;0.05);'>\n<h3 style='font-size: 18px; color: #ff0000; margin-top: 0;'>Consideraciones:<\/h3>\n<p style='margin: 15px 0 0 0; color: inherit;'>Las distancias de comunicaci\u00f3n entre los sensores y el panel pueden variar en cada instalaci\u00f3n por cuestiones como: ruido ambiental&comma; materiales y grosor de los muros&comma; ruido digital&comma; etc.<\/p>\n<\/p><\/div>\n<\/p><\/div>\n<p> <!-- Videos adicionales --> <\/p>\n<div style='display: flex; flex-wrap: wrap; gap: 20px; margin: 30px 0;'>\n<div style='flex: 1 1 300px; min-width: 280px;'>\n<div style='position: relative; padding-bottom: 56.25%; height: 0; overflow: hidden; margin-bottom: 15px;'>   <\/div>\n<p style='text-align: center; font-weight: bold; color: inherit;'>Configuraci\u00f3n de la alarma AX PRO de Hikvision<\/p>\n<\/p><\/div>\n<div style='flex: 1 1 300px; min-width: 280px;'>\n<div style='position: relative; padding-bottom: 56.25%; height: 0; overflow: hidden; margin-bottom: 15px;'>   <\/div>\n<p style='text-align: center; font-weight: bold; color: inherit;'>Bienvenido al futuro con AX PRO Hikvision<\/p>\n<\/p><\/div>\n<div style='flex: 1 1 300px; min-width: 280px;'>\n<div style='position: relative; padding-bottom: 56.25%; height: 0; overflow: hidden; margin-bottom: 15px;'>   <\/div>\n<p style='text-align: center; font-weight: bold; color: inherit;'>Sistema Robusto contra Intrusiones AX PRO<\/p>\n<\/p><\/div>\n<\/p><\/div>\n<p> <!-- Informaci\u00f3n del kit --> <\/p>\n<div style='margin: 30px 0; text-align: center;'>\n<h1 style='font-size: 24px; color: inherit;'>AXPRO-KIT-GSM-1Y<\/h1>\n<h3 style='font-size: 20px; color: inherit;'>KIT Alarma Hikvision&comma; Incluye:<\/h3>\n<p style='margin: 10px 0; color: inherit;'> 1 x <a href='https:\/\/www.syscom.mx\/producto\/DS-PWA48-M-WB-HIKVISION-196110.html' target='_blank' rel='noopener' style='color: #0000ee; text-decoration: underline;'>DS-PWA48-M-WB<\/a> <\/p>\n<p style='margin: 10px 0; color: inherit;'> 1 x <a href='https:\/\/www.syscom.mx\/producto\/SIM600MB1Y-Syscom-223359.html' target='_blank' rel='noopener' style='color: #0000ee; text-decoration: underline;'>SIM600MB1Y<\/a> <\/p>\n<\/p><\/div>\n<p> <!-- Productos del kit --> <\/p>\n<div style='display: flex; flex-wrap: wrap; gap: 20px; margin: 30px 0;'> <!-- DS-PWA48-M-WB --> <\/p>\n<div style='flex: 1 1 400px; min-width: 300px;'>\n<div style='border: 1px solid rgba(150&comma;150&comma;150&comma;0.3); border-radius: 8px; overflow: hidden; margin-bottom: 20px;'> <a href='https:\/\/www.syscom.mx\/producto\/DS-PWA48-M-WB-HIKVISION-196110.html' target='_blank' rel='noopener'> <img style='width: 100%; height: auto; border: none;' src='https:\/\/ftp3.syscom.mx\/usuarios\/fotos\/BancoFotografiasSyscom\/HIKVISION\/DSPWA48EWB\/DSPWA48EWB-p.PNG' alt='DS-PWA48-M-WB'> <\/a> <\/p>\n<div style='padding: 15px;'>\n<h2 style='font-size: 18px; margin: 0 0 10px 0; color: inherit;'> <a href='https:\/\/www.syscom.mx\/producto\/DS-PWA48-M-WB-HIKVISION-196110.html' target='_blank' rel='noopener' style='color: inherit; text-decoration: none;'>DS-PWA48-M-WB<\/a> <\/h2>\n<ul style='padding-left: 20px; font-size: 14px; color: inherit;'>\n<li style='margin-bottom: 5px;'>Soporta conexi\u00f3n LAN \/ Wi-Fi (2.4 GHz)&comma; Incluye bater\u00eda de respaldo<\/li>\n<li style='margin-bottom: 5px;'>48 Zonas o Salidas de Alarma<\/li>\n<li style='margin-bottom: 5px;'>Soporta 4 Sirenas<\/li>\n<li style='margin-bottom: 5px;'>Soporta 8 Lectores o Teclados<\/li>\n<li style='margin-bottom: 5px;'>Soporta 16 Controles<\/li>\n<li style='margin-bottom: 5px;'>Soporta 2 Repetidores<\/li>\n<\/ul><\/div>\n<\/p><\/div>\n<\/p><\/div>\n<p> <!-- SIM600MB1Y --> <\/p>\n<div style='flex: 1 1 400px; min-width: 300px;'>\n<div style='border: 1px solid rgba(150&comma;150&comma;150&comma;0.3); border-radius: 8px; overflow: hidden; margin-bottom: 20px;'> <a href='https:\/\/www.syscom.mx\/producto\/SIM600MB1Y-Syscom-223359.html' target='_blank' rel='noopener'> <img style='width: 100%; height: auto; border: none;' src='https:\/\/ftp3.syscom.mx\/usuarios\/fotos\/BancoFotografiasSyscom\/SYSCOM\/SIM600MB1Y\/SIM600MB1Y-p.PNG' alt='SIM600MB1Y'> <\/a> <\/p>\n<div style='padding: 15px;'>\n<h2 style='font-size: 18px; margin: 0 0 10px 0; color: inherit;'> <a href='https:\/\/www.syscom.mx\/producto\/SIM600MB1Y-Syscom-223359.html' target='_blank' rel='noopener' style='color: inherit; text-decoration: none;'>SIM600MB1Y<\/a> <\/h2>\n<ul style='padding-left: 20px; font-size: 14px; color: inherit;'>\n<li style='margin-bottom: 5px;'>600MB de datos a 1 a\u00f1o<\/li>\n<li style='margin-bottom: 5px;'>Promedio 50MB mensuales<\/li>\n<li style='margin-bottom: 5px;'>En caso de agotar los 600MB se puede adquirir otro paquete<\/li>\n<li style='margin-bottom: 5px;'>Al transcurrir 1 a\u00f1o el remanente de datos se pierde y hay que adquirir otro paquete adicional<\/li>\n<li style='margin-bottom: 5px;'>Este servicio utiliza la red Telcel para la conectividad&comma; por lo tanto se tiene cobertura en gran parte del territorio mexicano e incluso tiene roaming en USA y Canada<\/li>\n<li style='margin-bottom: 5px;'>Nota: Syscom no se hace responsable por caidas en el servicio debido a agentes externos.<\/li>\n<\/ul><\/div>\n<\/p><\/div>\n<\/p><\/div>\n<\/p><\/div>\n<p> <!-- Diagrama Familia AX PRO --> <\/p>\n<div style='margin: 30px 0;'>\n<h2 style='font-size: 20px; text-align: center; margin-bottom: 15px; color: inherit;'>Linea de Productos AX PRO<\/h2>\n<p> <a href='https:\/\/www.syscom.mx\/principal\/listadoproductosazul\/intrusion-hikvision-paneles-de-alarma-y-accesorios-ax-pro-series-66286.html?ordenar=Precio_de_Menor_a_Mayor&#038;pag=1' target='_blank' rel='noopener'> <img style='width: 100%; height: auto; border: 1px solid rgba(150&comma;150&comma;150&comma;0.3); border-radius: 8px;' src='https:\/\/ftp3.syscom.mx\/usuarios\/jsosa\/HIKVISION\/alarmas\/AXPPRO\/banner\/AX%20PRO%20disgramas-hikvision.jpg' alt='Linea de Productos AX PRO'> <\/a> <\/div>\n<p> <!-- Serie AX PRO --> <\/p>\n<div style='display: flex; flex-wrap: wrap; gap: 30px; margin: 30px 0;'>\n<div style='flex: 1 1 300px; min-width: 280px;'> <img style='width: 100%; height: auto; border: 1px solid rgba(150&comma;150&comma;150&comma;0.3); border-radius: 8px;' src='https:\/\/ftp3.syscom.mx\/usuarios\/jsosa\/HIKVISION\/alarmas\/AXPPRO\/Serie%20AXPRO.png' alt='Serie AX PRO'> <\/div>\n<div style='flex: 1 1 300px; min-width: 280px;'>\n<h2 style='font-size: 20px; margin-top: 0; color: inherit;'>Serie AX PRO<\/h2>\n<p style='margin: 10px 0; color: inherit;'>\u00bfNecesita proteger su hogar&comma; oficina o tienda?<\/p>\n<p style='margin: 10px 0; color: inherit;'>\u00bfCansado de tantos cables y mucho tiempo de instalaci\u00f3n?<\/p>\n<p style='margin: 10px 0; color: inherit;'>\u00a1Utilice una soluci\u00f3n de alarma inal\u00e1mbrica profesional!<\/p>\n<p style='margin: 10px 0; color: inherit;'>Conozca todos los dispositivos que pueden integrar en la Serie AX PRO dando clic <a href='https:\/\/www.syscom.mx\/principal\/listadoproductosazul\/intrusion-hikvision-paneles-de-alarma-y-accesorios-ax-pro-series-66286.html?ordenar=Precio_de_Menor_a_Mayor&#038;pag=1' target='_blank' rel='noopener' style='color: #0000ee; text-decoration: underline;'>aqu\u00ed<\/a>.<\/p>\n<\/p><\/div>\n<\/p><\/div>\n<p> <!-- Videos adicionales --> <\/p>\n<div style='display: flex; flex-wrap: wrap; gap: 20px; margin: 30px 0;'>\n<div style='flex: 1 1 300px; min-width: 280px;'>\n<div style='position: relative; padding-bottom: 56.25%; height: 0; overflow: hidden; margin-bottom: 15px;'>   <\/div>\n<p style='text-align: center; font-weight: bold; color: inherit;'>Alta del panel AX PRO en Hik-Connect<\/p>\n<\/p><\/div>\n<div style='flex: 1 1 300px; min-width: 280px;'>\n<div style='position: relative; padding-bottom: 56.25%; height: 0; overflow: hidden; margin-bottom: 15px;'>   <\/div>\n<p style='text-align: center; font-weight: bold; color: inherit;'>Reset del panel AX PRO por medio de bot\u00f3n<\/p>\n<\/p><\/div>\n<\/p><\/div>\n<p> <!-- Videos de verificaci\u00f3n --> <\/p>\n<div style='display: flex; flex-wrap: wrap; gap: 20px; margin: 30px 0;'>\n<div style='flex: 1 1 300px; min-width: 280px;'>\n<div style='position: relative; padding-bottom: 56.25%; height: 0; overflow: hidden; margin-bottom: 15px;'>   <\/div>\n<p style='text-align: center; font-weight: bold; color: inherit;'>Video Verificaci\u00f3n con PIR con C\u00e1mara<\/p>\n<\/p><\/div>\n<div style='flex: 1 1 300px; min-width: 280px;'>\n<div style='position: relative; padding-bottom: 56.25%; height: 0; overflow: hidden; margin-bottom: 15px;'>   <\/div>\n<p style='text-align: center; font-weight: bold; color: inherit;'>Vinculo de Sensor Magn\u00e9tico con C\u00e1mara IP<\/p>\n<\/p><\/div>\n<\/p><\/div>\n<p> <!-- Diagrama de aplicaci\u00f3n --> <\/p>\n<div style='margin: 30px 0;'>\n<h2 style='font-size: 20px; text-align: center; margin-bottom: 15px; color: inherit;'>DIAGRAMA DE APLICACI\u00d3N<\/h2>\n<p> <img style='width: 100%; height: auto; border: 1px solid rgba(150&comma;150&comma;150&comma;0.3); border-radius: 8px;' src='https:\/\/ftp3.syscom.mx\/usuarios\/jsosa\/HIKVISION\/alarmas\/AXPPRO\/banner\/diagrama%20AX%20Pro.png' alt='Diagrama de Aplicaci\u00f3n'> <\/div>\n<p> <!-- Novedades de la serie AX-PRO --> <\/p>\n<h2 style='font-size: 20px; text-align: center; margin: 30px 0 15px 0; color: inherit;'>NOVEDADES DE LA SERIE AX-PRO<\/h2>\n<p> <!-- Repetidor --> <\/p>\n<div style='margin: 20px 0;'>\n<div style='border: 1px solid rgba(150&comma;150&comma;150&comma;0.3); border-radius: 8px; overflow: hidden;'>\n<div style='padding: 15px; background-color: rgba(255&comma;0&comma;0&comma;0.1); border-bottom: 1px solid rgba(150&comma;150&comma;150&comma;0.3);'>\n<h3 style='margin: 0; font-size: 18px; color: inherit;'>Repetidor<\/h3>\n<\/p><\/div>\n<div style='padding: 15px;'>\n<div style='display: flex; flex-wrap: wrap; gap: 20px;'>\n<div style='flex: 1 1 200px; min-width: 180px;'> <a href='https:\/\/www.syscom.mx\/producto\/DS-PR1-WB-HIKVISION-191817.html' target='_blank' rel='noopener'> <img style='width: 100%; height: auto; border: 1px solid rgba(150&comma;150&comma;150&comma;0.3); border-radius: 8px;' src='https:\/\/ftp3.syscom.mx\/usuarios\/fotos\/BancoFotografiasSyscom\/HIKVISION\/DSPR1WB\/DSPR1WB-p.PNG' alt='Repetidor DS-PR1-WB'> <\/a> <\/div>\n<div style='flex: 1 1 200px; min-width: 180px;'>\n<h3 style='margin: 0 0 10px 0; font-size: 18px; color: inherit;'> REPETIDOR DE SE\u00d1AL <a href='https:\/\/www.syscom.mx\/producto\/DS-PR1-WB-HIKVISION-191817.html' target='_blank' rel='noopener' style='color: inherit; text-decoration: none;'>DS-PR1-WB<\/a> <\/h3>\n<p style='margin: 10px 0; color: inherit;'><strong style='color: inherit;'>Aumenta la cobertura de tus dispositivos<\/strong><\/p>\n<p style='margin: 10px 0; color: inherit;'>Extiende la se\u00f1al de los dispositivos de la serie AXPRO&comma; recibe mensajes de alarma&comma; estado y control de los dispositivos y repite estos mensajes al panel de control<\/p>\n<ul style='padding-left: 20px; font-size: 14px; color: inherit;'>\n<li style='margin-bottom: 5px;'>\u2713 Comunicaci\u00f3n inal\u00e1mbrica bidireccional de 433 MHz estable y segura.<\/li>\n<li style='margin-bottom: 5px;'>\u2713 Indicador LED&comma; muestra los diferentes estatus del dispositivo con f\u00e1cil comprensi\u00f3n.<\/li>\n<li style='margin-bottom: 5px;'>\u2713 Hasta 35 horas de respaldo de bater\u00eda despu\u00e9s de la p\u00e9rdida energ\u00eda principal.<\/li>\n<li style='margin-bottom: 5px;'>\u2713 Encuentra y conecta detectores autom\u00e1ticamente&comma; emparejamiento autom\u00e1tico inteligente.<\/li>\n<li style='margin-bottom: 5px;'>\u2713 F\u00e1cil instalaci\u00f3n debido a nuevo dise\u00f1o.<\/li>\n<\/ul><\/div>\n<\/p><\/div>\n<\/p><\/div>\n<\/p><\/div>\n<\/p><\/div>\n<p> <!-- PIR CAM --> <\/p>\n<div style='margin: 20px 0;'>\n<div style='border: 1px solid rgba(150&comma;150&comma;150&comma;0.3); border-radius: 8px; overflow: hidden;'>\n<div style='padding: 15px; background-color: rgba(255&comma;0&comma;0&comma;0.1); border-bottom: 1px solid rgba(150&comma;150&comma;150&comma;0.3);'>\n<h3 style='margin: 0; font-size: 18px; color: inherit;'>PIR CAM<\/h3>\n<\/p><\/div>\n<div style='padding: 15px;'>\n<div style='display: flex; flex-wrap: wrap; gap: 20px;'>\n<div style='flex: 1 1 200px; min-width: 180px;'> <a href='https:\/\/www.syscom.mx\/producto\/DS-PDPC12P-EG2-WB-HIKVISION-189862.html' target='_blank' rel='noopener'> <img style='width: 100%; height: auto; border: 1px solid rgba(150&comma;150&comma;150&comma;0.3); border-radius: 8px;' src='https:\/\/ftp3.syscom.mx\/usuarios\/fotos\/BancoFotografiasSyscom\/HIKVISION\/DSPDPC12PEG2WB\/DSPDPC12PEG2WB-p.PNG' alt='Detector PIR CAM'> <\/a> <\/div>\n<div style='flex: 1 1 200px; min-width: 180px;'>\n<h3 style='margin: 0 0 10px 0; font-size: 18px; color: inherit;'> DETECTOR PIR CON CAMARA INALAMBRICO <a href='https:\/\/www.syscom.mx\/producto\/DS-PDPC12P-EG2-WB-HIKVISION-189862.html' target='_blank' rel='noopener' style='color: inherit; text-decoration: none;'>DS-PDPC12P-EG2-WB<\/a> <\/h3>\n<p style='margin: 10px 0; color: inherit;'>Detector inal\u00e1mbrico bidireccional totalmente supervisado con c\u00e1mara incorporada de alta calidad que puede proporcionar una soluci\u00f3n ideal para la verificaci\u00f3n de video.<\/p>\n<ul style='padding-left: 20px; font-size: 14px; color: inherit;'>\n<li style='margin-bottom: 5px;'>\u2713 Rango de detecci\u00f3n: 12 m.<\/li>\n<li style='margin-bottom: 5px;'>\u2713 Angulo de detecci\u00f3n: 85.9\u00b0.<\/li>\n<li style='margin-bottom: 5px;'>\u2713 Inmunidad contra mascotas: 30Kg.<\/li>\n<li style='margin-bottom: 5px;'>\u2713 Resoluci\u00f3n m\u00e1xima de la c\u00e1mara: 640 x 480.<\/li>\n<li style='margin-bottom: 5px;'>\u2713 Voltaje de Operaci\u00f3n: 3 x CR123A (Incluida).<\/li>\n<li style='margin-bottom: 5px;'>\u2713 Tiempo \u00fatil de la bater\u00eda: 6 a\u00f1os<\/li>\n<li style='margin-bottom: 5px;'>\u2713 Tamper antisabotaje.<\/li>\n<\/ul><\/div>\n<\/p><\/div>\n<\/p><\/div>\n<\/p><\/div>\n<\/p><\/div>\n<p> <!-- Accesorios para automatizar --> <\/p>\n<h3 style='font-size: 18px; margin: 30px 0 15px 0; color: inherit;'>ACCESORIOS PARA AUTOMATIZAR<\/h3>\n<div style='display: flex; flex-wrap: wrap; gap: 20px; margin: 20px 0;'> <!-- DS-PM1-O1H-WB --> <\/p>\n<div style='flex: 1 1 400px; min-width: 300px;'>\n<div style='border: 1px solid rgba(150&comma;150&comma;150&comma;0.3); border-radius: 8px; overflow: hidden; margin-bottom: 20px;'> <a href='https:\/\/www.syscom.mx\/producto\/DS-PM1-O1H-WB-HIKVISION-191822.html' target='_blank' rel='noopener'> <img style='width: 100%; height: auto; border: none;' src='https:\/\/ftp3.syscom.mx\/usuarios\/fotos\/BancoFotografiasSyscom\/HIKVISION\/DSPM1O1HWB\/DSPM1O1HWB-p.PNG' alt='DS-PM1-O1H-WB'> <\/a> <\/p>\n<div style='padding: 15px;'>\n<h3 style='font-size: 18px; margin: 0 0 10px 0; color: inherit;'> <a href='https:\/\/www.syscom.mx\/producto\/DS-PM1-O1H-WB-HIKVISION-191822.html' target='_blank' rel='noopener' style='color: inherit; text-decoration: none;'>DS-PM1-O1H-WB<\/a> <\/h3>\n<h4 style='font-size: 14px; margin: 5px 0; color: inherit;'>100 VCA a 240 VCA<\/h4>\n<ul style='padding-left: 20px; font-size: 14px; color: inherit;'>\n<li style='margin-bottom: 5px;'>\u2713 Comunicaci\u00f3n inal\u00e1mbrica bidireccional de 433 MHz \/ Cifrado AES-128.<\/li>\n<li style='margin-bottom: 5px;'>\u2713 Pantalla LED&comma; muestra el estado del dispositivo: encendido \/ apagado.<\/li>\n<li style='margin-bottom: 5px;'>\u2713 Dise\u00f1o de caja peque\u00f1a&comma; que se puede esconder f\u00e1cilmente.<\/li>\n<li style='margin-bottom: 5px;'>\u2713 Operaci\u00f3n de automatizaci\u00f3n&comma; bot\u00f3n de encendido\/apagado desde: aplicaci\u00f3n \/ control \/ teclado<\/li>\n<li style='margin-bottom: 5px;'>\u2713 Configuraci\u00f3n de escenarios por diferentes eventos.<\/li>\n<li style='margin-bottom: 5px;'>\u2713 1 Salida de relevador: NO\/NC (100 a 240 VAC \/ Max. 13 A)<\/li>\n<li style='margin-bottom: 5px;'>\u2713 Voltaje de Operaci\u00f3n: 100 VCA a 240 VCA.<\/li>\n<li style='margin-bottom: 5px;'>\u2713 Temperatura de operaci\u00f3n: -10\u00b0 a 55\u00b0C.<\/li>\n<\/ul><\/div>\n<\/p><\/div>\n<\/p><\/div>\n<p> <!-- DS-PM1-O1L-WB --> <\/p>\n<div style='flex: 1 1 400px; min-width: 300px;'>\n<div style='border: 1px solid rgba(150&comma;150&comma;150&comma;0.3); border-radius: 8px; overflow: hidden; margin-bottom: 20px;'> <a href='https:\/\/www.syscom.mx\/producto\/DS-PM1-O1L-WB-HIKVISION-191819.html' target='_blank' rel='noopener'> <img style='width: 100%; height: auto; border: none;' src='https:\/\/ftp3.syscom.mx\/usuarios\/fotos\/BancoFotografiasSyscom\/HIKVISION\/DSPM1O1LWB\/DSPM1O1LWB-p.PNG' alt='DS-PM1-O1L-WB'> <\/a> <\/p>\n<div style='padding: 15px;'>\n<h3 style='font-size: 18px; margin: 0 0 10px 0; color: inherit;'> <a href='https:\/\/www.syscom.mx\/producto\/DS-PM1-O1L-WB-HIKVISION-191819.html' target='_blank' rel='noopener' style='color: inherit; text-decoration: none;'>DS-PM1-O1L-WB<\/a> <\/h3>\n<h4 style='font-size: 14px; margin: 5px 0; color: inherit;'>7VCD a 24 VCD<\/h4>\n<ul style='padding-left: 20px; font-size: 14px; color: inherit;'>\n<li style='margin-bottom: 5px;'>\u2713 Comunicaci\u00f3n inal\u00e1mbrica bidireccional de 433 MHz \/ Cifrado AES-128.<\/li>\n<li style='margin-bottom: 5px;'>\u2713 Pantalla LED&comma; muestra el estado del dispositivo: encendido \/ apagado.<\/li>\n<li style='margin-bottom: 5px;'>\u2713 Dise\u00f1o de caja peque\u00f1a&comma; que se puede esconder f\u00e1cilmente.<\/li>\n<li style='margin-bottom: 5px;'>\u2713 Operaci\u00f3n de automatizaci\u00f3n&comma; bot\u00f3n de encendido\/apagado desde: aplicaci\u00f3n \/ control \/ teclado<\/li>\n<li style='margin-bottom: 5px;'>\u2713 Configuraci\u00f3n de escenarios por diferentes eventos<\/li>\n<li style='margin-bottom: 5px;'>\u2713 Usando la entrada de alarma&comma; se puede utilizar como entrada de zona para el panel.<\/li>\n<li style='margin-bottom: 5px;'>\u2713 1 Salida de relevador: NO\/NC (0 a 36Vcc \/ Max. 5 A).<\/li>\n<li style='margin-bottom: 5px;'>\u2713 1 Entrada de alarma: NO\/NC.<\/li>\n<li style='margin-bottom: 5px;'>\u2713 Voltaje de Operaci\u00f3n: 7Vcc a 24 Vcc.<\/li>\n<li style='margin-bottom: 5px;'>\u2713 Temperatura de operaci\u00f3n: -10\u00b0 a 55\u00b0C.<\/li>\n<\/ul><\/div>\n<\/p><\/div>\n<\/p><\/div>\n<\/p><\/div>\n<p> <!-- Recursos Hikvision --> <\/p>\n<h2 style='font-size: 20px; text-align: center; margin: 30px 0 15px 0; color: inherit;'>Recursos<\/h2>\n<div style='display: flex; flex-wrap: wrap; gap: 20px; margin: 20px 0;'>\n<div style='flex: 1 1 300px; min-width: 280px;'> <a href='https:\/\/www.hikvision.com\/es-la\/support\/download\/software\/ivms4200-series\/?q=serie%20ivms4200&#038;position=1' target='_blank' rel='noopener'> <img style='width: 100%; height: auto; border: 1px solid rgba(150&comma;150&comma;150&comma;0.3); border-radius: 8px;' src='https:\/\/ftp3.syscom.mx\/usuarios\/gmagos\/HIK\/IP\/IPC\/Imagenes%20pagina\/Descargas%20IVMS4200.jpg' alt='IVMS4200'> <\/a> <\/div>\n<div style='flex: 1 1 300px; min-width: 280px;'> <a href='https:\/\/appstore.hikvision.com\/' target='_blank' rel='noopener'> <img style='width: 100%; height: auto; border: 1px solid rgba(150&comma;150&comma;150&comma;0.3); border-radius: 8px;' src='https:\/\/ftp3.syscom.mx\/usuarios\/gmagos\/HIK\/IP\/IPC\/Imagenes%20pagina\/Descargas%20de%20app.jpg' alt='App Store Hikvision'> <\/a> <\/div>\n<div style='flex: 1 1 300px; min-width: 280px;'> <a href='https:\/\/ftp3.syscom.mx\/usuarios\/jsosa\/HIKVISION\/alarmas\/AXPPRO\/DSPWA48MWB\/DS-PWA48-M-WB.pdf' target='_blank' rel='noopener'> <img style='width: 100%; height: auto; border: 1px solid rgba(150&comma;150&comma;150&comma;0.3); border-radius: 8px;' src='https:\/\/ftp3.syscom.mx\/usuarios\/gmagos\/HIK\/IP\/IPC\/Imagenes%20pagina\/Descarga%20de%20PDF.jpg' alt='Manual PDF'> <\/a> <\/div>\n<\/p><\/div>\n<p> <!-- Banner final --> <\/p>\n<div style='margin: 30px 0;'> <a href='https:\/\/www.syscom.mx\/principal\/promociones\/serie_ax_pro_alarmas_hikvision-5416.html?ordenar=Relevancia&#038;pag=1' target='_blank' rel='noopener'> <img style='width: 100%; height: auto; border: 1px solid rgba(150&comma;150&comma;150&comma;0.3); border-radius: 8px;' src='https:\/\/ftp3.syscom.mx\/usuarios\/jsosa\/HIKVISION\/alarmas\/AXPPRO\/banner\/HIKVISION-AXPRO-SERIES.jpg' alt='Serie AX PRO'> <\/a> <\/div>\n<\/p><\/div>\n","protected":false},"excerpt":{"rendered":"<p>(AX PRO) KIT de Alarma AX PRO \/ Incluye: 1 Hub con bater\u00eda de respaldo \/ 1 a\u00f1o de Servicio de Datos 600MB \/ Wi-Fi \/ 3G\/4G \/ Compatible con Hik-Connect P2P<\/p>\n","protected":false},"featured_media":503,"comment_status":"open","ping_status":"closed","template":"","meta":[],"product_brand":[],"product_cat":[204],"product_tag":[205,54,69],"class_list":{"0":"post-504","1":"product","2":"type-product","3":"status-publish","4":"has-post-thumbnail","6":"product_cat-ax-pro-kits","7":"product_tag-ax-pro-kits","8":"product_tag-hikvision","9":"product_tag-paneles-de-alarma-y-accesorios-hikvision","11":"first","12":"outofstock","13":"sale","14":"shipping-taxable","15":"purchasable","16":"product-type-simple"},"_links":{"self":[{"href":"https:\/\/soydeaqui.ddns.net\/pachuca\/index.php\/wp-json\/wp\/v2\/product\/504","targetHints":{"allow":["GET"]}}],"collection":[{"href":"https:\/\/soydeaqui.ddns.net\/pachuca\/index.php\/wp-json\/wp\/v2\/product"}],"about":[{"href":"https:\/\/soydeaqui.ddns.net\/pachuca\/index.php\/wp-json\/wp\/v2\/types\/product"}],"replies":[{"embeddable":true,"href":"https:\/\/soydeaqui.ddns.net\/pachuca\/index.php\/wp-json\/wp\/v2\/comments?post=504"}],"wp:featuredmedia":[{"embeddable":true,"href":"https:\/\/soydeaqui.ddns.net\/pachuca\/index.php\/wp-json\/wp\/v2\/media\/503"}],"wp:attachment":[{"href":"https:\/\/soydeaqui.ddns.net\/pachuca\/index.php\/wp-json\/wp\/v2\/media?parent=504"}],"wp:term":[{"taxonomy":"product_brand","embeddable":true,"href":"https:\/\/soydeaqui.ddns.net\/pachuca\/index.php\/wp-json\/wp\/v2\/product_brand?post=504"},{"taxonomy":"product_cat","embeddable":true,"href":"https:\/\/soydeaqui.ddns.net\/pachuca\/index.php\/wp-json\/wp\/v2\/product_cat?post=504"},{"taxonomy":"product_tag","embeddable":true,"href":"https:\/\/soydeaqui.ddns.net\/pachuca\/index.php\/wp-json\/wp\/v2\/product_tag?post=504"}],"curies":[{"name":"wp","href":"https:\/\/api.w.org\/{rel}","templated":true}]}}