{"id":50365,"date":"2026-03-18T22:35:45","date_gmt":"2026-03-18T22:35:45","guid":{"rendered":"https:\/\/soydeaqui.ddns.net\/pachuca\/index.php\/producto\/cable-de-cobre-desnudo-semiduro-7-hilos-cal-6-awg-rollo-de-100-m\/"},"modified":"2026-03-18T22:35:47","modified_gmt":"2026-03-18T22:35:47","slug":"cable-de-cobre-desnudo-semiduro-7-hilos-cal-6-awg-rollo-de-100-m","status":"publish","type":"product","link":"https:\/\/soydeaqui.ddns.net\/pachuca\/index.php\/producto\/cable-de-cobre-desnudo-semiduro-7-hilos-cal-6-awg-rollo-de-100-m\/","title":{"rendered":"Cable de Cobre Desnudo Semiduro 7 Hilos, Cal. 6 AWG, Rollo de 100 m."},"content":{"rendered":"<div style='width: 100%; max-width: 1200px; margin: 0 auto; font-family: sans-serif; line-height: 1.6; color: inherit; background-color: transparent;'> <!-- Imagen principal --> <\/p>\n<div style='width: 100%; margin: 20px 0;'> <img style='width: 100%; max-width: 300px; height: auto; border: 1px solid rgba(150&comma;150&comma;150&comma;0.3); border-radius: 8px;' src='https:\/\/ftp3.syscom.mx\/usuarios\/fotos\/A081\/100M\/187948-viakon.png' alt=''> <\/div>\n<p> <!-- Secci\u00f3n de especificaciones --> <\/p>\n<div style='margin-bottom: 30px;'>\n<h3 style='font-size: 22px; border-bottom: 2px solid currentColor; padding-bottom: 5px; margin-top: 0; color: inherit; opacity: 0.8;'>Especificaciones<\/h3>\n<ul style='padding-left: 20px; font-size: 15px; color: inherit;'>\n<li style='margin-bottom: 5px;'>NOM-063-SCFI Productos el\u00e9ctricos conductores &#8211; Requisitos de seguridad.<\/li>\n<li style='margin-bottom: 5px;'>NMX-J-012-ANCE Cables de cobre con cableado conc\u00e9ntrico para usos el\u00e9ctricos.<\/li>\n<li style='margin-bottom: 5px;'>ASTM B-8 Standard Specification For Concentric-Lay-Stranded Copper Conductors&comma; Hard&comma; Mediumhard or Soft.<\/li>\n<\/ul><\/div>\n<p> <!-- Secci\u00f3n de aplicaciones --> <\/p>\n<div style='margin-bottom: 30px;'>\n<h3 style='font-size: 22px; border-bottom: 2px solid currentColor; padding-bottom: 5px; margin-top: 0; color: inherit; opacity: 0.8;'>Principales Aplicaciones<\/h3>\n<ul style='padding-left: 20px; font-size: 15px; color: inherit;'>\n<li style='margin-bottom: 5px;'>Los cables de cobre en funci\u00f3n de su temple y construcci\u00f3n&comma; se usan sobre aisladores en l\u00edneas a\u00e9reas de distribuci\u00f3n el\u00e9ctrica.<\/li>\n<li style='margin-bottom: 5px;'>En conexiones de neutros y puestas a tierra de equipos y sistemas el\u00e9ctricos.<\/li>\n<li style='margin-bottom: 5px;'>Como conductores principales de conductores el\u00e9ctricos aislados.<\/li>\n<\/ul><\/div>\n<p> <!-- Secci\u00f3n de caracter\u00edsticas --> <\/p>\n<div style='margin-bottom: 30px;'>\n<h3 style='font-size: 22px; border-bottom: 2px solid currentColor; padding-bottom: 5px; margin-top: 0; color: inherit; opacity: 0.8;'>Caracter\u00edsticas<\/h3>\n<ul style='padding-left: 20px; font-size: 15px; color: inherit;'>\n<li style='margin-bottom: 5px;'>Formado por alambres de cobre electrol\u00edtico de alta pureza con un contenido m\u00ednimo de 99&comma;9% de cobre.<\/li>\n<li style='margin-bottom: 5px;'>Los cables se fabrican en construcci\u00f3n conc\u00e9ntrica.<\/li>\n<li style='margin-bottom: 5px;'>Se elaboran en calibres de 0&comma;519 1 a 506&comma;7 mm\u00b2 (20 AWG a 1 000 kcmil).<\/li>\n<li style='margin-bottom: 5px;'>Temple duro&comma; semiduro o suave dependiendo de las aplicaciones.<\/li>\n<li style='margin-bottom: 5px;'>Estos productos se ofrecen en empaques de carrete.<\/li>\n<\/ul><\/div>\n<p> <!-- Secci\u00f3n de ventajas --> <\/p>\n<div style='margin-bottom: 30px;'>\n<h3 style='font-size: 22px; border-bottom: 2px solid currentColor; padding-bottom: 5px; margin-top: 0; color: inherit; opacity: 0.8;'>Ventajas<\/h3>\n<ul style='padding-left: 20px; font-size: 15px; color: inherit;'>\n<li style='margin-bottom: 5px;'>Por su alta conductividad el\u00e9ctrica el cobre es el metal ideal para las instalaciones el\u00e9ctricas.<\/li>\n<li style='margin-bottom: 5px;'>Los conductores de cobre son resistentes a la corrosi\u00f3n.<\/li>\n<li style='margin-bottom: 5px;'>Ofrecen una gran resistencia mec\u00e1nica.<\/li>\n<li style='margin-bottom: 5px;'>Mayor flexibilidad que el alambre por su construcci\u00f3n.<\/li>\n<\/ul><\/div>\n<p> <!-- Imagen secundaria --> <\/p>\n<div style='width: 100%; margin: 20px 0;'> <img style='width: 100%; max-width: 630px; height: auto; border: 1px solid rgba(150&comma;150&comma;150&comma;0.3); border-radius: 8px;' src='https:\/\/ftp3.syscom.mx\/usuarios\/fotos\/A081\/100M\/187948-a081.1.png' alt=''> <\/div>\n<\/p><\/div>\n","protected":false},"excerpt":{"rendered":"<p>Cable de Cobre Desnudo Semiduro 7 Hilos, Cal. 6 AWG, Rollo de 100 m.<\/p>\n","protected":false},"featured_media":50364,"comment_status":"open","ping_status":"closed","template":"","meta":[],"product_brand":[],"product_cat":[1122],"product_tag":[1066,1123,242],"class_list":{"0":"post-50365","1":"product","2":"type-product","3":"status-publish","4":"has-post-thumbnail","6":"product_cat-cableado-electrico","7":"product_tag-area-electrica","8":"product_tag-cableado-electrico","9":"product_tag-viakon","11":"first","12":"outofstock","13":"sale","14":"shipping-taxable","15":"purchasable","16":"product-type-simple"},"_links":{"self":[{"href":"https:\/\/soydeaqui.ddns.net\/pachuca\/index.php\/wp-json\/wp\/v2\/product\/50365","targetHints":{"allow":["GET"]}}],"collection":[{"href":"https:\/\/soydeaqui.ddns.net\/pachuca\/index.php\/wp-json\/wp\/v2\/product"}],"about":[{"href":"https:\/\/soydeaqui.ddns.net\/pachuca\/index.php\/wp-json\/wp\/v2\/types\/product"}],"replies":[{"embeddable":true,"href":"https:\/\/soydeaqui.ddns.net\/pachuca\/index.php\/wp-json\/wp\/v2\/comments?post=50365"}],"wp:featuredmedia":[{"embeddable":true,"href":"https:\/\/soydeaqui.ddns.net\/pachuca\/index.php\/wp-json\/wp\/v2\/media\/50364"}],"wp:attachment":[{"href":"https:\/\/soydeaqui.ddns.net\/pachuca\/index.php\/wp-json\/wp\/v2\/media?parent=50365"}],"wp:term":[{"taxonomy":"product_brand","embeddable":true,"href":"https:\/\/soydeaqui.ddns.net\/pachuca\/index.php\/wp-json\/wp\/v2\/product_brand?post=50365"},{"taxonomy":"product_cat","embeddable":true,"href":"https:\/\/soydeaqui.ddns.net\/pachuca\/index.php\/wp-json\/wp\/v2\/product_cat?post=50365"},{"taxonomy":"product_tag","embeddable":true,"href":"https:\/\/soydeaqui.ddns.net\/pachuca\/index.php\/wp-json\/wp\/v2\/product_tag?post=50365"}],"curies":[{"name":"wp","href":"https:\/\/api.w.org\/{rel}","templated":true}]}}