{"id":50348,"date":"2026-03-18T22:35:17","date_gmt":"2026-03-18T22:35:17","guid":{"rendered":"https:\/\/soydeaqui.ddns.net\/pachuca\/index.php\/producto\/maletin-plastico-impermeable-ip-67-de-ultra-resistencia-19-05-x-12-70-x-8-26-cm\/"},"modified":"2026-03-18T22:35:27","modified_gmt":"2026-03-18T22:35:27","slug":"maletin-plastico-impermeable-ip-67-de-ultra-resistencia-19-05-x-12-70-x-8-26-cm","status":"publish","type":"product","link":"https:\/\/soydeaqui.ddns.net\/pachuca\/index.php\/producto\/maletin-plastico-impermeable-ip-67-de-ultra-resistencia-19-05-x-12-70-x-8-26-cm\/","title":{"rendered":"Malet\u00edn Pl\u00e1stico Impermeable IP-67 de Ultra Resistencia (19.05 x 12.70 x 8.26 cm)"},"content":{"rendered":"<div style='width: 100%; max-width: 1200px; margin: 0 auto; font-family: sans-serif; line-height: 1.6; color: inherit;'> <!-- Logo --> <\/p>\n<div style='margin-bottom: 20px;'> <img style='width: 180px; height: 69px; border: 1px solid rgba(150&comma;150&comma;150&comma;0.3); border-radius: 8px;' src='https:\/\/ftp3.syscom.mx\/usuarios\/fotos\/3I07053BC\/189398-skb_logo.png' alt='Logo SKB'> <\/div>\n<p> <!-- Descripci\u00f3n principal --> <\/p>\n<div style='margin-bottom: 30px;'>\n<p style='font-weight: bold; margin-bottom: 15px;'>El malet\u00edn SKB est\u00e1 fabricado en resina de copol\u00edmero de polipropileno de ultra resistencia&comma; herm\u00e9tico al agua y polvo (MIL-STD 810G)<\/p>\n<\/p><\/div>\n<p> <!-- Caracter\u00edsticas --> <\/p>\n<div style='margin-bottom: 30px;'>\n<h3 style='font-size: 20px; border-bottom: 2px solid currentColor; padding-bottom: 5px; margin-top: 0; color: inherit; opacity: 0.8;'>Caracter\u00edsticas<\/h3>\n<ul style='padding-left: 20px; font-size: 15px; color: inherit; list-style-type: disc;'>\n<li style='margin-bottom: 5px;'>Dise\u00f1o resistente al agua y al polvo (MIL-STD 810G)<\/li>\n<li style='margin-bottom: 5px;'>Bisagra moldeada para mayor protecci\u00f3n<\/li>\n<li style='margin-bottom: 5px;'>Sistema de cierre de liberaci\u00f3n de gatillo<\/li>\n<li style='margin-bottom: 5px;'>Mango de agarre acolchado sobremoldeado de goma a presi\u00f3n<\/li>\n<li style='margin-bottom: 15px;'>V\u00e1lvula de compensaci\u00f3n de presi\u00f3n ambiental (MIL-STD 810G)<\/li>\n<li style='margin-bottom: 15px;'>Resistente a rayos UV&comma; solventes&comma; corrosi\u00f3n&comma; hongos y da\u00f1os por impacto (MIL-STD 810G)<\/li>\n<\/ul><\/div>\n<p> <!-- Especificaciones --> <\/p>\n<div style='margin-bottom: 30px;'>\n<h3 style='font-size: 20px; border-bottom: 2px solid currentColor; padding-bottom: 5px; margin-top: 0; color: inherit; opacity: 0.8;'>Especificaciones<\/h3>\n<p> <!-- Grid de especificaciones --> <\/p>\n<div style='display: grid; grid-template-columns: repeat(auto-fit&comma; minmax(250px&comma; 1fr)); gap: 15px; margin-top: 20px;'>\n<div style='border: 1px solid rgba(150&comma;150&comma;150&comma;0.4); border-radius: 8px; padding: 15px;'>\n<h4 style='font-size: 16px; font-weight: bold; margin-top: 0; color: inherit;'>Dimensiones interiores<\/h4>\n<ul style='padding-left: 15px; font-size: 14px; color: inherit; list-style-type: disc;'>\n<li style='margin-bottom: 5px;'><strong>Longitud:<\/strong> 19&comma;05 cm (7&comma;5 pulgadas)<\/li>\n<li style='margin-bottom: 5px;'><strong>Ancho:<\/strong> 12&comma;70 cm (5 pulgadas)<\/li>\n<li style='margin-bottom: 5px;'><strong>Profundidad:<\/strong> 6&comma;99 cm (2&comma;75 pulgadas)<\/li>\n<\/ul><\/div>\n<div style='border: 1px solid rgba(150&comma;150&comma;150&comma;0.4); border-radius: 8px; padding: 15px;'>\n<h4 style='font-size: 16px; font-weight: bold; margin-top: 0; color: inherit;'>Dimensiones exteriores<\/h4>\n<ul style='padding-left: 15px; font-size: 14px; color: inherit; list-style-type: disc;'>\n<li style='margin-bottom: 5px;'><strong>Longitud:<\/strong> 21&comma;27 cm (8.375 pulgadas)<\/li>\n<li style='margin-bottom: 5px;'><strong>Ancho:<\/strong> 17&comma;14 cm (6&comma;75 pulgadas)<\/li>\n<li style='margin-bottom: 5px;'><strong>Altura:<\/strong> 9&comma;53 cm (3&comma;75 pulgadas)<\/li>\n<\/ul><\/div>\n<div style='border: 1px solid rgba(150&comma;150&comma;150&comma;0.4); border-radius: 8px; padding: 15px;'>\n<h4 style='font-size: 16px; font-weight: bold; margin-top: 0; color: inherit;'>Peso<\/h4>\n<ul style='padding-left: 15px; font-size: 14px; color: inherit; list-style-type: disc;'>\n<li style='margin-bottom: 5px;'><strong>Producto:<\/strong> 0&comma;55 kg (1&comma;22 libras)<\/li>\n<li style='margin-bottom: 5px;'><strong>Env\u00edo:<\/strong> 0&comma;67 kg (1&comma;48 libras)<\/li>\n<\/ul><\/div>\n<div style='border: 1px solid rgba(150&comma;150&comma;150&comma;0.4); border-radius: 8px; padding: 15px;'>\n<h4 style='font-size: 16px; font-weight: bold; margin-top: 0; color: inherit;'>Temperatura de operaci\u00f3n<\/h4>\n<ul style='padding-left: 15px; font-size: 14px; color: inherit; list-style-type: disc;'>\n<li style='margin-bottom: 5px;'><strong>M\u00e1xima:<\/strong> 82&comma;22\u00b0C (180\u00b0F)<\/li>\n<li style='margin-bottom: 5px;'><strong>M\u00ednima:<\/strong> -56&comma;11\u00b0C (-69\u00b0F)<\/li>\n<\/ul><\/div>\n<div style='border: 1px solid rgba(150&comma;150&comma;150&comma;0.4); border-radius: 8px; padding: 15px;'>\n<h4 style='font-size: 16px; font-weight: bold; margin-top: 0; color: inherit;'>Dimensiones del empaque<\/h4>\n<ul style='padding-left: 15px; font-size: 14px; color: inherit; list-style-type: disc;'>\n<li style='margin-bottom: 5px;'><strong>Longitud:<\/strong> 22&comma;86 cm (9 pulgadas)<\/li>\n<li style='margin-bottom: 5px;'><strong>Ancho:<\/strong> 17&comma;78 cm (7 pulgadas)<\/li>\n<li style='margin-bottom: 5px;'><strong>Altura:<\/strong> 11&comma;43 cm (4&comma;5 pulgadas)<\/li>\n<\/ul><\/div>\n<\/p><\/div>\n<\/p><\/div>\n<p> <!-- Video --> <\/p>\n<div style='margin-bottom: 30px;'>\n<div style='position: relative; padding-bottom: 56.25%; height: 0; overflow: hidden;'>   <\/div>\n<\/p><\/div>\n<p> <!-- Separador --> <\/p>\n<hr style='border: 0; border-top: 1px solid rgba(150&comma;150&comma;150&comma;0.3); margin: 30px 0;'> <\/div>\n","protected":false},"excerpt":{"rendered":"<p>Malet\u00edn Pl\u00e1stico Impermeable IP-67 de Ultra Resistencia (19.05 x 12.70 x 8.26 cm)<\/p>\n","protected":false},"featured_media":50347,"comment_status":"open","ping_status":"closed","template":"","meta":[],"product_brand":[],"product_cat":[958],"product_tag":[679,605,1339],"class_list":{"0":"post-50348","1":"product","2":"type-product","3":"status-publish","4":"has-post-thumbnail","6":"product_cat-gabinetes-uso-multiple-racks-y-gabinetes-radiocomunicacion","7":"product_tag-gabinetes-uso-multiple","8":"product_tag-racks-y-gabinetes","9":"product_tag-skb","11":"first","12":"instock","13":"sale","14":"shipping-taxable","15":"purchasable","16":"product-type-simple"},"_links":{"self":[{"href":"https:\/\/soydeaqui.ddns.net\/pachuca\/index.php\/wp-json\/wp\/v2\/product\/50348","targetHints":{"allow":["GET"]}}],"collection":[{"href":"https:\/\/soydeaqui.ddns.net\/pachuca\/index.php\/wp-json\/wp\/v2\/product"}],"about":[{"href":"https:\/\/soydeaqui.ddns.net\/pachuca\/index.php\/wp-json\/wp\/v2\/types\/product"}],"replies":[{"embeddable":true,"href":"https:\/\/soydeaqui.ddns.net\/pachuca\/index.php\/wp-json\/wp\/v2\/comments?post=50348"}],"wp:featuredmedia":[{"embeddable":true,"href":"https:\/\/soydeaqui.ddns.net\/pachuca\/index.php\/wp-json\/wp\/v2\/media\/50347"}],"wp:attachment":[{"href":"https:\/\/soydeaqui.ddns.net\/pachuca\/index.php\/wp-json\/wp\/v2\/media?parent=50348"}],"wp:term":[{"taxonomy":"product_brand","embeddable":true,"href":"https:\/\/soydeaqui.ddns.net\/pachuca\/index.php\/wp-json\/wp\/v2\/product_brand?post=50348"},{"taxonomy":"product_cat","embeddable":true,"href":"https:\/\/soydeaqui.ddns.net\/pachuca\/index.php\/wp-json\/wp\/v2\/product_cat?post=50348"},{"taxonomy":"product_tag","embeddable":true,"href":"https:\/\/soydeaqui.ddns.net\/pachuca\/index.php\/wp-json\/wp\/v2\/product_tag?post=50348"}],"curies":[{"name":"wp","href":"https:\/\/api.w.org\/{rel}","templated":true}]}}