{"id":5034,"date":"2026-03-18T06:26:15","date_gmt":"2026-03-18T06:26:15","guid":{"rendered":"https:\/\/soydeaqui.ddns.net\/pachuca\/index.php\/producto\/panel-de-alarma-residencial-comercial-vista-21ip-con-modulo-ip-incluido-para-conexion-a-alarmnet-y-teclado-alfanumerico-con-receptor-inalambrico-6162rf\/"},"modified":"2026-03-18T06:26:15","modified_gmt":"2026-03-18T06:26:15","slug":"panel-de-alarma-residencial-comercial-vista-21ip-con-modulo-ip-incluido-para-conexion-a-alarmnet-y-teclado-alfanumerico-con-receptor-inalambrico-6162rf","status":"publish","type":"product","link":"https:\/\/soydeaqui.ddns.net\/pachuca\/index.php\/producto\/panel-de-alarma-residencial-comercial-vista-21ip-con-modulo-ip-incluido-para-conexion-a-alarmnet-y-teclado-alfanumerico-con-receptor-inalambrico-6162rf\/","title":{"rendered":"Panel de Alarma Residencial\/Comercial VISTA 21IP con M\u00f3dulo IP inclu\u00eddo para conexi\u00f3n a AlarmNet y Teclado Alfanumerico con Receptor Inalambrico 6162RF"},"content":{"rendered":"<div style='width: 100%; max-width: 1200px; margin: 0 auto; font-family: sans-serif; line-height: 1.6; color: inherit; background-color: transparent;'>\n<div style='display: flex; flex-direction: column; gap: 30px;'>\n<div style='display: flex; flex-wrap: wrap; gap: 30px;'>\n<div style='flex: 1 1 300px; min-width: 280px;'>\n<h1 style='font-size: 24px; border-bottom: 2px solid currentColor; padding-bottom: 5px; margin-top: 0; color: inherit; opacity: 0.8;'>Equipo Listo para Honeywell Total Connect (Casa Inteligente) y Monitoreo de Alarma de Alta Seguridad con ALARMNET (IP).<\/h1>\n<\/p><\/div>\n<\/p><\/div>\n<div style='display: flex; flex-wrap: wrap; gap: 30px;'>\n<div style='flex: 1 1 300px; min-width: 280px;'> <img style='width: 100%; height: auto; border: 1px solid rgba(150&comma;150&comma;150&comma;0.3); border-radius: 8px;' src='https:\/\/ftp3.syscom.mx\/usuarios\/ftp\/single_page\/total_connect\/hontc-01.jpg' alt=''> <\/div>\n<div style='flex: 1 1 300px; min-width: 280px;'>\n<h3 style='font-size: 20px; border-bottom: 2px solid currentColor; padding-bottom: 5px; margin-top: 0; color: inherit; opacity: 0.8;'>Extremo Alta Seguridad<\/h3>\n<p style='color: inherit; font-size: 15px;'>ALARMNET segura que su se\u00f1al SIEMPRE LLEGUE. Su informaci\u00f3n es enviada encriptada&comma; servidores en U.S.A. de alta redundancia y respaldo por 4G (M\u00faltiples Carriers).<\/p>\n<\/p><\/div>\n<\/p><\/div>\n<div style='display: flex; flex-wrap: wrap; gap: 30px;'>\n<div style='flex: 1 1 300px; min-width: 280px;'>\n<div style='display: flex; flex-direction: column; gap: 15px;'> <img style='width: 100%; height: auto; border: 1px solid rgba(150&comma;150&comma;150&comma;0.3); border-radius: 8px;' src='https:\/\/ftp3.syscom.mx\/usuarios\/ftp\/single_page\/total_connect\/hontc-02x.jpg' alt=''> <img style='width: 100%; height: auto; border: 1px solid rgba(150&comma;150&comma;150&comma;0.3); border-radius: 8px;' src='https:\/\/ftp3.syscom.mx\/usuarios\/ftp\/single_page\/total_connect\/hontc-02c.jpg' alt=''> <\/div>\n<\/p><\/div>\n<div style='flex: 1 1 300px; min-width: 280px;'>\n<h3 style='font-size: 20px; border-bottom: 2px solid currentColor; padding-bottom: 5px; margin-top: 0; color: inherit; opacity: 0.8;'>Casa Inteligente con Total Connect<\/h3>\n<p style='color: inherit; font-size: 15px;'>Administre su Panel y otros dispositivos (Termostatos&comma; Puertas&comma; Sensores&comma; Iluminaci\u00f3n) con Total Connect&comma; la aplicaci\u00f3n l\u00edder en U.S.A. para casas inteligentes.<\/p>\n<p style='color: inherit; font-size: 15px;'>En esta imagen vemos el estado de la puerta principal&comma; iluminaci\u00f3n en sala \/ comedor&comma; puerta de garage&comma; alertas por sensores y grabaci\u00f3n de c\u00e1maras nube.<\/p>\n<p> <img style='width: 100%; height: auto; border: 1px solid rgba(150&comma;150&comma;150&comma;0.3); border-radius: 8px;' src='https:\/\/ftp3.syscom.mx\/usuarios\/ftp\/single_page\/total_connect\/hontc-03b.jpg' alt=''> <\/div>\n<\/p><\/div>\n<hr style='border: 0; border-top: 1px solid rgba(150&comma; 150&comma; 150&comma; 0.3); margin: 30px 0;'>\n<div style='display: flex; flex-wrap: wrap; gap: 30px;'>\n<div style='flex: 1 1 300px; min-width: 280px;'>\n<h3 style='font-size: 20px; border-bottom: 2px solid currentColor; padding-bottom: 5px; margin-top: 0; color: inherit; opacity: 0.8;'>Grabaci\u00f3n de Video Nube de Alta Seguridad<\/h3>\n<p style='color: inherit; font-size: 15px;'>Acceda a video nube&comma; extremo fluido y alta seguridad en servidores de Honeywell U.S.A. desde su m\u00f3vil o v\u00eda Web.<\/p>\n<p style='color: inherit; font-size: 15px;'>C\u00e1maras compatibles: <a href='producto\/IPCAM-WIC1-HONEYWELL-163872.html' target='_blank' rel='noopener' style='color: inherit; text-decoration: underline;'>IPCAMWIC1<\/a>&comma; <a href='producto\/IPCAM-WIC2-HONEYWELL-162976.html' target='_blank' rel='noopener' style='color: inherit; text-decoration: underline;'>IPCAMWIC2<\/a> y <a href='producto\/IPCAMWOC1-HONEYWELL-163828.html' target='_blank' rel='noopener' style='color: inherit; text-decoration: underline;'>IPCAMWOC1<\/a><\/p>\n<p> <img style='width: 100%; height: auto; border: 1px solid rgba(150&comma;150&comma;150&comma;0.3); border-radius: 8px;' src='https:\/\/ftp3.syscom.mx\/usuarios\/ftp\/single_page\/total_connect\/hontc-04.jpg' alt=''> <\/div>\n<div style='flex: 1 1 300px; min-width: 280px;'>\n<h3 style='font-size: 20px; border-bottom: 2px solid currentColor; padding-bottom: 5px; margin-top: 0; color: inherit; opacity: 0.8;'>Armado Remoto de Alta Seguridad<\/h3>\n<p style='color: inherit; font-size: 15px;'>Controle remotamente particiones de seguridad para su negocio.<\/p>\n<p style='color: inherit; font-size: 15px;'>Maneje seguridad&comma; control de acceso&comma; y administraci\u00f3n de usuarios con particiones Honeywell Total Connect VISTA\u00ae.<\/p>\n<p> <img style='width: 100%; height: auto; border: 1px solid rgba(150&comma;150&comma;150&comma;0.3); border-radius: 8px;' src='https:\/\/ftp3.syscom.mx\/usuarios\/ftp\/single_page\/total_connect\/hontc-05.jpg' alt=''> <\/div>\n<\/p><\/div>\n<hr style='border: 0; border-top: 1px solid rgba(150&comma; 150&comma; 150&comma; 0.3); margin: 30px 0;'>\n<div style='display: flex; flex-wrap: wrap; gap: 30px;'>\n<div style='flex: 1 1 300px; min-width: 280px;'>\n<h3 style='font-size: 20px; border-bottom: 2px solid currentColor; padding-bottom: 5px; margin-top: 0; color: inherit; opacity: 0.8;'>Convierte tu Casa en una Casa Inteligente<\/h3>\n<p style='color: inherit; font-size: 15px;'>Total Connect de Honeywell permite administrar todos los dispositivos con alta seguridad en cualquier dispositivo m\u00f3vil.<\/p>\n<p> <img style='width: 100%; height: auto; border: 1px solid rgba(150&comma;150&comma;150&comma;0.3); border-radius: 8px;' src='https:\/\/ftp3.syscom.mx\/usuarios\/ftp\/single_page\/total_connect\/hontc-06.jpg' alt=''> <\/div>\n<div style='flex: 1 1 300px; min-width: 280px;'>\n<h3 style='font-size: 20px; border-bottom: 2px solid currentColor; padding-bottom: 5px; margin-top: 0; color: inherit; opacity: 0.8;'>Compatible con Google Home y Alexa<\/h3>\n<p style='color: inherit; font-size: 15px;'>&#8216;Alexa&comma; p\u00eddele a Honeywell que encienda las luces&#8217; <br \/>&#8216;Alexa&comma; p\u00eddele a Honeywell que cierre la puerta&#8217; <br \/>&#8216;Alexa&comma; p\u00eddele a Honeywell que arme la casa&#8217;<\/p>\n<p> <img style='width: 100%; height: auto; border: 1px solid rgba(150&comma;150&comma;150&comma;0.3); border-radius: 8px;' src='https:\/\/ftp3.syscom.mx\/usuarios\/ftp\/single_page\/total_connect\/hontc-07.jpg' alt=''> <\/div>\n<\/p><\/div>\n<div style='position: relative; padding-bottom: 56.25%; height: 0; overflow: hidden; margin-bottom: 30px;'>   <\/div>\n<div style='display: flex; flex-wrap: wrap; gap: 30px;'>\n<div style='flex: 1 1 300px; min-width: 280px;'> <a href='https:\/\/drive.google.com\/file\/d\/14O-XtxLv9NWbfPq4gAVaYqBriV4eYVuZ\/view' target='_blank' rel='noopener'> <img style='width: 100%; height: auto; border: 1px solid rgba(150&comma;150&comma;150&comma;0.3); border-radius: 8px;' src='http:\/\/ftp3.syscom.mx\/usuarios\/ftp\/recursos\/honeywell-bnr.jpg' alt=''> <\/a> <\/div>\n<div style='flex: 1 1 300px; min-width: 280px;'> <a href='singlepage\/monitoreo-3g-4g' target='_blank' rel='noopener'> <img style='width: 100%; height: auto; border: 1px solid rgba(150&comma;150&comma;150&comma;0.3); border-radius: 8px;' src='http:\/\/ftp3.syscom.mx\/usuarios\/ftp\/recursos\/monitoreo.png' alt=''> <\/a> <\/div>\n<\/p><\/div>\n<div style='display: flex; flex-direction: column; gap: 20px;'>\n<p style='color: inherit; font-size: 15px;'>El panel Vista21IP se une a Total Connect para darle soluciones <strong style='color: inherit;'>TOTALES<\/strong> en comunicaci\u00f3n digital. El resultado es <strong style='color: inherit;'>un valor agregado incomparable<\/strong>&comma; ya sea en su hogar o negocio haciendo la gran diferencia en seguridad.<\/p>\n<p style='color: inherit; font-size: 15px;'>El usuario puede recibir la informaci\u00f3n por E-Mail&comma; tambi\u00e9n puede armar o desarmar el sistema&comma; hacer una petici\u00f3n de estado de sistema&comma; etc&#8230;<\/p>\n<div style='display: flex; flex-wrap: wrap; gap: 20px;'>\n<div style='flex: 1 1 250px; border: 1px solid rgba(150&comma; 150&comma; 150&comma; 0.4); border-radius: 8px; overflow: hidden; display: flex; flex-direction: column;'>\n<div style='padding: 15px; border-bottom: 1px solid rgba(150&comma; 150&comma; 150&comma; 0.2); font-weight: bold; font-size: 18px; color: inherit;'>Sistema<\/div>\n<div style='padding: 15px; color: inherit;'>\n<ul style='padding-left: 20px; margin: 0; font-size: 14px; list-style-type: disc;'>\n<li style='margin-bottom: 5px;'><strong style='color: inherit;'>Programaci\u00f3n:<\/strong> Por teclado alfanum\u00e9rico o software Downloading&comma; por tel\u00e9fono o IP con compatibilidad de AlarmNet.<\/li>\n<li style='margin-bottom: 5px;'><strong style='color: inherit;'>M\u00e1ximo teclados:<\/strong> 8 teclados. Soporta teclado alfanum\u00e9ricos y teclados gr\u00e1ficos.<\/li>\n<li style='margin-bottom: 5px;'><strong style='color: inherit;'>Particiones:<\/strong> 2 particiones.<\/li>\n<li style='margin-bottom: 5px;'><strong style='color: inherit;'>Memoria de eventos:<\/strong> 100 eventos se puede leer en teclados alfanum\u00e9ricos con hora y fecha o mediante el software COMPASS 2.0.<\/li>\n<li style='margin-bottom: 5px;'><strong style='color: inherit;'>Salida de sirena:<\/strong> 2 A.<\/li>\n<li style='margin-bottom: 5px;'><strong style='color: inherit;'>Salidas programables:<\/strong> 2 salidas de voltaje programables.<\/li>\n<li style='margin-bottom: 5px;'><strong style='color: inherit;'>Detecci\u00f3n:<\/strong> Corte de l\u00ednea telef\u00f3nica.<\/li>\n<li style='margin-bottom: 5px;'><strong style='color: inherit;'>Corriente auxiliar:<\/strong> 600 mA.<\/li>\n<li style='margin-bottom: 5px;'><strong style='color: inherit;'>Entrada de alimentaci\u00f3n:<\/strong> 16 Vca.<\/li>\n<\/ul><\/div>\n<\/p><\/div>\n<div style='flex: 1 1 250px; border: 1px solid rgba(150&comma; 150&comma; 150&comma; 0.4); border-radius: 8px; overflow: hidden; display: flex; flex-direction: column;'>\n<div style='padding: 15px; border-bottom: 1px solid rgba(150&comma; 150&comma; 150&comma; 0.2); font-weight: bold; font-size: 18px; color: inherit;'>Zonas<\/div>\n<div style='padding: 15px; color: inherit;'>\n<ul style='padding-left: 20px; margin: 0; font-size: 14px; list-style-type: disc;'>\n<li style='margin-bottom: 5px;'><strong style='color: inherit;'>Total:<\/strong> 8 zonas programables&comma; configurables con o sin resistencia de fin de l\u00ednea.<\/li>\n<li style='margin-bottom: 5px;'><strong style='color: inherit;'>Zona 1:<\/strong> Soporta detectores de humo de 2 hilos.<\/li>\n<li style='margin-bottom: 5px;'><strong style='color: inherit;'>Duplicaci\u00f3n:<\/strong> Capacidad de duplicaci\u00f3n de zonas.<\/li>\n<li style='margin-bottom: 5px;'><strong style='color: inherit;'>Inal\u00e1mbricas:<\/strong> Soporta 40 zonas inal\u00e1mbricas agregando un receptor de la serie 5800 de HONEYWELL.<\/li>\n<li style='margin-bottom: 5px;'><strong style='color: inherit;'>Tipos de zonas:<\/strong> 24 tipos de zonas configurables.<\/li>\n<li style='margin-bottom: 5px;'><strong style='color: inherit;'>Inal\u00e1mbricas adicionales:<\/strong> 16 zonas inal\u00e1mbricas adicionales para controles.<\/li>\n<li style='margin-bottom: 5px;'><strong style='color: inherit;'>Supervisi\u00f3n:<\/strong> 100 % del sistema.<\/li>\n<\/ul><\/div>\n<\/p><\/div>\n<div style='flex: 1 1 250px; border: 1px solid rgba(150&comma; 150&comma; 150&comma; 0.4); border-radius: 8px; overflow: hidden; display: flex; flex-direction: column;'>\n<div style='padding: 15px; border-bottom: 1px solid rgba(150&comma;150&comma;150&comma;0.2); font-weight: bold; font-size: 18px; color: inherit;'>Usuarios<\/div>\n<div style='padding: 15px; color: inherit;'>\n<ul style='padding-left: 20px; margin: 0; font-size: 14px; list-style-type: disc;'>\n<li style='margin-bottom: 5px;'><strong style='color: inherit;'>C\u00f3digos de usuario:<\/strong> 48 c\u00f3digos de usuario.<\/li>\n<li style='margin-bottom: 5px;'><strong style='color: inherit;'>Niveles de autoridad:<\/strong> 6 niveles de autoridad.<\/li>\n<li style='margin-bottom: 5px;'><strong style='color: inherit;'>Armado r\u00e1pido:<\/strong> Sistema de armado r\u00e1pido.<\/li>\n<li style='margin-bottom: 5px;'><strong style='color: inherit;'>Niveles de armado:<\/strong> 5 niveles de armado Total&comma; Parcial&comma; Parcial Noche&comma; Instant\u00e1neo y Mixto.<\/li>\n<\/ul><\/div>\n<\/p><\/div>\n<div style='flex: 1 1 250px; border: 1px solid rgba(150&comma; 150&comma; 150&comma; 0.4); border-radius: 8px; overflow: hidden; display: flex; flex-direction: column;'>\n<div style='padding: 15px; border-bottom: 1px solid rgba(150&comma;150&comma;150&comma;0.2); font-weight: bold; font-size: 18px; color: inherit;'>Comunicaci\u00f3n<\/div>\n<div style='padding: 15px; color: inherit;'>\n<ul style='padding-left: 20px; margin: 0; font-size: 14px; list-style-type: disc;'>\n<li style='margin-bottom: 5px;'><strong style='color: inherit;'>Doble comunicador:<\/strong> Interconstruido para comunicaci\u00f3n con la central de monitoreo.<\/li>\n<li style='margin-bottom: 5px;'><strong style='color: inherit;'>Compatibilidad:<\/strong> Compatible con centrales de monitoreo telef\u00f3nicas.<\/li>\n<li style='margin-bottom: 5px;'><strong style='color: inherit;'>Central IP:<\/strong> Compatible con la central IP AlarmNet (pregunte a su ejecutivo de ventas para monitoreo IP).<\/li>\n<li style='margin-bottom: 5px;'><strong style='color: inherit;'>Formatos de comunicaci\u00f3n:<\/strong> Soporta los formatos de comunicaci\u00f3n 4+2 y Contac ID.<\/li>\n<\/ul><\/div>\n<\/p><\/div>\n<\/p><\/div>\n<div style='display: flex; flex-wrap: wrap; gap: 20px;'>\n<div style='flex: 1 1 250px; border: 1px solid rgba(150&comma; 150&comma; 150&comma; 0.4); border-radius: 8px; overflow: hidden; display: flex; flex-direction: column;'>\n<div style='padding: 15px; border-bottom: 1px solid rgba(150&comma;150&comma;150&comma;0.2); font-weight: bold; font-size: 18px; color: inherit;'>Compatible con:<\/div>\n<div style='padding: 15px; color: inherit;'>\n<ul style='padding-left: 20px; margin: 0; font-size: 14px; list-style-type: disc;'>\n<li style='margin-bottom: 5px;'><strong style='color: inherit;'>Central Receptora:<\/strong> HONEYWELL 7810IR-ENT.<\/li>\n<\/ul><\/div>\n<\/p><\/div>\n<div style='flex: 1 1 250px; border: 1px solid rgba(150&comma; 150&comma; 150&comma; 0.4); border-radius: 8px; overflow: hidden; display: flex; flex-direction: column;'>\n<div style='padding: 15px; border-bottom: 1px solid rgba(150&comma;150&comma;150&comma;0.2); font-weight: bold; font-size: 18px; color: inherit;'>Panel de Alarma TCP\/IP Total Connect<\/div>\n<div style='padding: 15px; color: inherit;'>\n<ul style='padding-left: 20px; margin: 0; font-size: 14px; list-style-type: disc;'>\n<li style='margin-bottom: 5px;'><strong style='color: inherit;'>Programaci\u00f3n:<\/strong> Por teclado alfanum\u00e9rico o software Downloading por tel\u00e9fono o IP con compatibilidad de AlarmNet.<\/li>\n<li style='margin-bottom: 5px;'><strong style='color: inherit;'>Particiones:<\/strong> 2 particiones.<\/li>\n<li style='margin-bottom: 5px;'><strong style='color: inherit;'>Memoria de eventos:<\/strong> 100 eventos se puede leer en teclados alfanum\u00e9ricos con hora y fecha o mediante el software COMPASS 2.0.<\/li>\n<li style='margin-bottom: 5px;'><strong style='color: inherit;'>Zonas programables:<\/strong> 8 zonas programables&comma; configurables con o sin resistencia de fin de l\u00ednea.<\/li>\n<li style='margin-bottom: 5px;'><strong style='color: inherit;'>Zonas inal\u00e1mbricas:<\/strong> Soporta 40 zonas inal\u00e1mbricas agregando un receptor 5800 de HONEYWELL.<\/li>\n<li style='margin-bottom: 5px;'><strong style='color: inherit;'>C\u00f3digos de usuario:<\/strong> 48 C\u00f3digos de usuario.<\/li>\n<li style='margin-bottom: 5px;'><strong style='color: inherit;'>Compatibilidad:<\/strong> Compatible con centrales de monitoreo telef\u00f3nicas.<\/li>\n<\/ul><\/div>\n<\/p><\/div>\n<\/p><\/div>\n<p style='color: inherit; font-size: 15px;'>La central 7810iRENT de HONEYWELL es una soluci\u00f3n perfecta para las aplicaciones de monitoreo IP.<\/p>\n<p style='color: inherit; font-size: 15px;'>Al adquirir el servicio de AlarmNet360 ALRNTCPIP anual o ALRNIP mensual&comma; en autom\u00e1tico recibe gratis la aplicaci\u00f3n de Total Connect B\u00e1sico para armar&comma; desarmar&comma; recibir notificaciones&comma; checar el estatus de la alarma y poder anular zonas en cada armado si es necesario. La central de monitoreo tambi\u00e9n tendra la ventaja de poder configurar remotamente el panel de alarma por medio del Software Compass de una forma muy segura y minimizando gastos de operaci\u00f3n&comma; el Software Compass tambi\u00e9n tiene la posibilidad de cancelar el servicio de monitoreo de forma remota para clientes morosos.<\/p>\n<p style='color: inherit; font-size: 15px;'><strong style='color: inherit;'>Nota:<\/strong> Para la programaci\u00f3n se recomienda por software Compass al adquirir el servicio de AlarmNet360.<\/p>\n<div style='display: flex; flex-wrap: wrap; gap: 20px;'>\n<div style='flex: 1 1 250px; border: 1px solid rgba(150&comma; 150&comma; 150&comma; 0.4); border-radius: 8px; overflow: hidden; display: flex; flex-direction: column;'>\n<div style='padding: 15px; border-bottom: 1px solid rgba(150&comma;150&comma;150&comma;0.2); font-weight: bold; font-size: 18px; color: inherit;'>Kit incluye<\/div>\n<div style='padding: 15px; color: inherit;'>\n<ul style='padding-left: 20px; margin: 0; font-size: 14px; list-style-type: disc;'>\n<li style='margin-bottom: 5px;'><strong style='color: inherit;'>Panel de alarma:<\/strong> VISTA21IP con modulo IP integrado con teclado alfanum\u00e9rico de palabras fijas modelo 6162RF y gabinete.<\/li>\n<li style='margin-bottom: 5px;'><strong style='color: inherit;'>Transformador:<\/strong> 16.5 VCA \/ 40VA<\/li>\n<\/ul><\/div>\n<\/p><\/div>\n<\/p><\/div>\n<p style='color: inherit; font-size: 15px;'><strong style='color: inherit;'>*.<\/strong><\/p>\n<\/p><\/div>\n<\/p><\/div>\n<\/p><\/div>\n","protected":false},"excerpt":{"rendered":"<p>Panel de Alarma Residencial\/Comercial VISTA 21IP con M\u00f3dulo IP inclu\u00eddo para conexi\u00f3n a AlarmNet y Teclado Alfanumerico con Receptor Inalambrico 6162RF<\/p>\n","protected":false},"featured_media":5033,"comment_status":"open","ping_status":"closed","template":"","meta":[],"product_brand":[],"product_cat":[206],"product_tag":[207,45,180],"class_list":{"0":"post-5034","1":"product","2":"type-product","3":"status-publish","4":"has-post-thumbnail","6":"product_cat-comunicadores","7":"product_tag-comunicadores","8":"product_tag-honeywell-home-resideo","9":"product_tag-total-connect-honeywell","11":"first","12":"outofstock","13":"sale","14":"shipping-taxable","15":"purchasable","16":"product-type-simple"},"_links":{"self":[{"href":"https:\/\/soydeaqui.ddns.net\/pachuca\/index.php\/wp-json\/wp\/v2\/product\/5034","targetHints":{"allow":["GET"]}}],"collection":[{"href":"https:\/\/soydeaqui.ddns.net\/pachuca\/index.php\/wp-json\/wp\/v2\/product"}],"about":[{"href":"https:\/\/soydeaqui.ddns.net\/pachuca\/index.php\/wp-json\/wp\/v2\/types\/product"}],"replies":[{"embeddable":true,"href":"https:\/\/soydeaqui.ddns.net\/pachuca\/index.php\/wp-json\/wp\/v2\/comments?post=5034"}],"wp:featuredmedia":[{"embeddable":true,"href":"https:\/\/soydeaqui.ddns.net\/pachuca\/index.php\/wp-json\/wp\/v2\/media\/5033"}],"wp:attachment":[{"href":"https:\/\/soydeaqui.ddns.net\/pachuca\/index.php\/wp-json\/wp\/v2\/media?parent=5034"}],"wp:term":[{"taxonomy":"product_brand","embeddable":true,"href":"https:\/\/soydeaqui.ddns.net\/pachuca\/index.php\/wp-json\/wp\/v2\/product_brand?post=5034"},{"taxonomy":"product_cat","embeddable":true,"href":"https:\/\/soydeaqui.ddns.net\/pachuca\/index.php\/wp-json\/wp\/v2\/product_cat?post=5034"},{"taxonomy":"product_tag","embeddable":true,"href":"https:\/\/soydeaqui.ddns.net\/pachuca\/index.php\/wp-json\/wp\/v2\/product_tag?post=5034"}],"curies":[{"name":"wp","href":"https:\/\/api.w.org\/{rel}","templated":true}]}}