{"id":50295,"date":"2026-03-18T22:33:41","date_gmt":"2026-03-18T22:33:41","guid":{"rendered":"https:\/\/soydeaqui.ddns.net\/pachuca\/index.php\/producto\/multicontacto-de-abs-con-2-contactos-aterrizados-y-2-puertos-usb\/"},"modified":"2026-03-18T22:33:42","modified_gmt":"2026-03-18T22:33:42","slug":"multicontacto-de-abs-con-2-contactos-aterrizados-y-2-puertos-usb","status":"publish","type":"product","link":"https:\/\/soydeaqui.ddns.net\/pachuca\/index.php\/producto\/multicontacto-de-abs-con-2-contactos-aterrizados-y-2-puertos-usb\/","title":{"rendered":"Multicontacto de ABS con 2 contactos aterrizados  y 2 puertos USB."},"content":{"rendered":"<div style='width: 100%; max-width: 1200px; margin: 0 auto; font-family: sans-serif; line-height: 1.6; color: inherit; background-color: transparent;'>\n<div style='display: flex; flex-wrap: wrap; gap: 30px; margin-bottom: 30px;'>\n<div style='flex: 1 1 300px; min-width: 280px;'>\n<h3 style='font-size: 22px; border-bottom: 2px solid currentColor; padding-bottom: 5px; margin-top: 0; color: inherit; opacity: 0.8;'>CARACTERISTICAS PRINCIPALES<\/h3>\n<ul style='padding-left: 20px; font-size: 15px; color: inherit;'>\n<li style='margin-bottom: 5px;'>Puertos USB para recarga de celulares&comma; tabletas y reproductores de m\u00fasica<\/li>\n<li style='margin-bottom: 5px;'>Corriente 15 AMP<\/li>\n<li style='margin-bottom: 5px;'>Convierte una conexi\u00f3n de pared en dos salidas de corriente alterna adem\u00e1s de dos puertos USB<\/li>\n<li style='margin-bottom: 5px;'>Corriente en el puerto USB 2<\/li>\n<li style='margin-bottom: 5px;'>Ideal para electrodom\u00e9sticos&comma; computadoras&comma; tel\u00e9fonos inal\u00e1mbricos&comma; celulares y herramientas el\u00e9ctricas<\/li>\n<li style='margin-bottom: 5px;'>Energ\u00eda 300 Joules<\/li>\n<li style='margin-bottom: 5px;'>Dimensiones: 11.60 x 9.60 x 2.80<\/li>\n<li style='margin-bottom: 5px;'>Material: ABS<\/li>\n<li style='margin-bottom: 5px;'>Tensi\u00f3n nominal: 127 volts \/ 60 hz<\/li>\n<li style='margin-bottom: 5px;'>2 Entradas<\/li>\n<li style='margin-bottom: 5px;'>2 puertos USB<\/li>\n<\/ul><\/div>\n<\/p><\/div>\n<hr style='border: 0; border-top: 1px solid rgba(150&comma; 150&comma; 150&comma; 0.3); margin: 30px 0;'> <\/div>\n","protected":false},"excerpt":{"rendered":"<p>Multicontacto de ABS con 2 contactos aterrizados  y 2 puertos USB.<\/p>\n","protected":false},"featured_media":50294,"comment_status":"open","ping_status":"closed","template":"","meta":[],"product_brand":[],"product_cat":[1073],"product_tag":[1074,1066,446],"class_list":{"0":"post-50295","1":"product","2":"type-product","3":"status-publish","4":"has-post-thumbnail","6":"product_cat-apagadores-y-clavijas","7":"product_tag-apagadores-y-clavijas","8":"product_tag-area-electrica","9":"product_tag-surtek","11":"first","12":"instock","13":"sale","14":"shipping-taxable","15":"purchasable","16":"product-type-simple"},"_links":{"self":[{"href":"https:\/\/soydeaqui.ddns.net\/pachuca\/index.php\/wp-json\/wp\/v2\/product\/50295","targetHints":{"allow":["GET"]}}],"collection":[{"href":"https:\/\/soydeaqui.ddns.net\/pachuca\/index.php\/wp-json\/wp\/v2\/product"}],"about":[{"href":"https:\/\/soydeaqui.ddns.net\/pachuca\/index.php\/wp-json\/wp\/v2\/types\/product"}],"replies":[{"embeddable":true,"href":"https:\/\/soydeaqui.ddns.net\/pachuca\/index.php\/wp-json\/wp\/v2\/comments?post=50295"}],"wp:featuredmedia":[{"embeddable":true,"href":"https:\/\/soydeaqui.ddns.net\/pachuca\/index.php\/wp-json\/wp\/v2\/media\/50294"}],"wp:attachment":[{"href":"https:\/\/soydeaqui.ddns.net\/pachuca\/index.php\/wp-json\/wp\/v2\/media?parent=50295"}],"wp:term":[{"taxonomy":"product_brand","embeddable":true,"href":"https:\/\/soydeaqui.ddns.net\/pachuca\/index.php\/wp-json\/wp\/v2\/product_brand?post=50295"},{"taxonomy":"product_cat","embeddable":true,"href":"https:\/\/soydeaqui.ddns.net\/pachuca\/index.php\/wp-json\/wp\/v2\/product_cat?post=50295"},{"taxonomy":"product_tag","embeddable":true,"href":"https:\/\/soydeaqui.ddns.net\/pachuca\/index.php\/wp-json\/wp\/v2\/product_tag?post=50295"}],"curies":[{"name":"wp","href":"https:\/\/api.w.org\/{rel}","templated":true}]}}