{"id":50214,"date":"2026-03-18T22:31:24","date_gmt":"2026-03-18T22:31:24","guid":{"rendered":"https:\/\/soydeaqui.ddns.net\/pachuca\/index.php\/producto\/kit-pararrayo-linkedpro-con-accesorios-de-instalacion-en-torre-de-hasta-24-m-de-altura\/"},"modified":"2026-03-18T22:31:26","modified_gmt":"2026-03-18T22:31:26","slug":"kit-pararrayo-linkedpro-con-accesorios-de-instalacion-en-torre-de-hasta-24-m-de-altura","status":"publish","type":"product","link":"https:\/\/soydeaqui.ddns.net\/pachuca\/index.php\/producto\/kit-pararrayo-linkedpro-con-accesorios-de-instalacion-en-torre-de-hasta-24-m-de-altura\/","title":{"rendered":"Kit Pararrayo  LINKEDPRO con Accesorios de Instalaci\u00f3n en Torre de Hasta 24 m de Altura."},"content":{"rendered":"<div style='width: 100%; max-width: 1200px; margin: 0 auto; font-family: sans-serif; line-height: 1.6; color: inherit; background-color: transparent;'> <img style='width: 100%; height: auto; border: 1px solid rgba(150&comma;150&comma;150&comma;0.3); border-radius: 8px;' src='https:\/\/ftp3.syscom.mx\/usuarios\/fotos\/AT5315KIT\/183255-logo-lpg.png' alt=''> <\/p>\n<div style='margin-top: 30px;'>\n<p>El cambio clim\u00e1tico es uno de los mayores causantes del aumento de la actividad de tormentas y la ca\u00edda de rayos&comma; y por lo tanto de la aparici\u00f3n de tantos accidentes en instalaciones no protegidas contra descargas atmosf\u00e9ricas.<\/p>\n<\/p><\/div>\n<div style='display: flex; flex-wrap: wrap; gap: 30px; margin-top: 30px;'>\n<div style='flex: 1 1 300px; min-width: 280px;'>\n<h3 style='font-size: 22px; border-bottom: 2px solid currentColor; padding-bottom: 5px; margin-top: 0; color: inherit; opacity: 0.8;'>Descripci\u00f3n<\/h3>\n<div style='margin-top: 15px; font-size: 15px; color: inherit;'>\n<h4 style='color: #3598db; font-size: 18px; margin-top: 0;'>Electrodo<\/h4>\n<ul style='padding-left: 20px; margin: 15px 0;'>\n<li style='margin-bottom: 5px;'>Fabricado en cobre con tratamiento electrol\u00edtico para obtener mayor conductividad&comma; baja resistencia y durabilidad en terrenos agresivos.<\/li>\n<li style='margin-bottom: 5px;'>Por su dise\u00f1o en forma delta obtiene mayor \u00e1rea de contacto con el terreno y as\u00ed poder disipar de manera eficiente corrientes parasitas.<\/li>\n<li style='margin-bottom: 5px;'>Filtro equipotencial el cual posee la propiedad de amortiguar bajas frecuencias&comma; minimizar ruidos&comma; impedir paso de corrientes de retorno y unir equipotencialmente los electrodos naturales&comma; as\u00ed como prefabricados en sitio.<\/li>\n<li style='margin-bottom: 5px;'>Compuesto reactivador de terreno el cual se compone de minerales conductivos para bajar la resistividad de terreno y mejorar el funcionamiento del sistema de puesta a tierra.<\/li>\n<\/ul>\n<h4 style='color: #3598db; font-size: 18px; margin-top: 25px;'>Pararrayos<\/h4>\n<ul style='padding-left: 20px; margin: 15px 0;'>\n<li style='margin-bottom: 5px;'>Fabricada en aluminio.<\/li>\n<li style='margin-bottom: 5px;'>Brinda protecci\u00f3n VS impactos directos de rayos a superficies o estructuras.<\/li>\n<li style='margin-bottom: 5px;'>Proporciona un punto seguro de impacto&comma; ya que la bobina excitadora toroidal y el anillo equipotencial&comma; crean un efecto de ionizaci\u00f3n (corona) el cual ofrecer\u00e1 un punto atractivo para el impacto de la descarga atmosf\u00e9rica.<\/li>\n<li style='margin-bottom: 5px;'>Esta punta conectada al conductor de bajada proporcionar\u00e1 una trayectoria segura al electrodo de puesta a tierra del SEPTE para drenar la corriente del rayo.<\/li>\n<li style='margin-bottom: 5px;'>Cuenta con un radio aproximado de cobertura de 72 grados.<\/li>\n<\/ul><\/div>\n<\/p><\/div>\n<\/p><\/div>\n<hr style='border: 0; border-top: 1px solid rgba(150&comma; 150&comma; 150&comma; 0.3); margin: 30px 0;'>\n<div style='display: flex; flex-wrap: wrap; gap: 30px;'>\n<div style='flex: 1 1 300px; min-width: 280px;'>\n<h3 style='font-size: 22px; border-bottom: 2px solid currentColor; padding-bottom: 5px; margin-top: 0; color: inherit; opacity: 0.8;'>Aplicaciones<\/h3>\n<div style='margin-top: 15px; font-size: 15px; color: inherit;'>\n<p>El sistema de puesta a tierra es la parte primordial de cualquier instalaci\u00f3n el\u00e9ctrica&comma; y tiene como <span style='color: #3598db;'>objetivo<\/span>:<\/p>\n<ul style='padding-left: 20px; margin: 15px 0;'>\n<li style='margin-bottom: 5px;'>Proporcionar seguridad a las personas.<\/li>\n<li style='margin-bottom: 5px;'>Proteger la infraestructura&comma; equipos el\u00e9ctricos y electr\u00f3nicos.<\/li>\n<li style='margin-bottom: 5px;'>Proteger instalaciones.<\/li>\n<li style='margin-bottom: 5px;'>Garantizar la operaci\u00f3n de las protecciones.<\/li>\n<li style='margin-bottom: 5px;'>Estabilizar el voltaje.<\/li>\n<li style='margin-bottom: 5px;'>Disipar la corriente del rayo.<\/li>\n<li style='margin-bottom: 5px;'>Limitar las sobretensiones transitorias. (Picos de Voltaje).<\/li>\n<li style='margin-bottom: 5px;'>Drenar cargas est\u00e1ticas que presentan las masas met\u00e1licas respecto a tierra.<\/li>\n<\/ul><\/div>\n<\/p><\/div>\n<\/p><\/div>\n<hr style='border: 0; border-top: 1px solid rgba(150&comma; 150&comma; 150&comma; 0.3); margin: 30px 0;'>\n<div style='display: flex; flex-wrap: wrap; gap: 30px;'>\n<div style='flex: 1 1 300px; min-width: 280px;'>\n<h3 style='font-size: 22px; border-bottom: 2px solid currentColor; padding-bottom: 5px; margin-top: 0; color: inherit; opacity: 0.8;'>Estandares<\/h3>\n<div style='margin-top: 15px; font-size: 15px; color: inherit;'>\n<p>Cumple con los est\u00e1ndares de telecomunicaciones&comma; as\u00ed como las normas oficiales mexicanas.<\/p>\n<ul style='padding-left: 20px; margin: 15px 0;'>\n<li style='margin-bottom: 5px;'><em>EIA\/TIA J-STD-607-A y BICSI<\/em><\/li>\n<li style='margin-bottom: 5px;'><em>NOM-022-STPS-2012<\/em><\/li>\n<li style='margin-bottom: 5px;'><em>NOM-022-STPS-2015<\/em><\/li>\n<li style='margin-bottom: 5px;'><em>NMX-J-549-ANCE-2005<\/em><\/li>\n<\/ul><\/div>\n<\/p><\/div>\n<\/p><\/div>\n<hr style='border: 0; border-top: 1px solid rgba(150&comma; 150&comma; 150&comma; 0.3); margin: 30px 0;'>\n<div style='display: flex; flex-wrap: wrap; gap: 30px;'>\n<div style='flex: 1 1 300px; min-width: 280px;'>\n<h3 style='font-size: 22px; border-bottom: 2px solid currentColor; padding-bottom: 5px; margin-top: 0; color: inherit; opacity: 0.8;'>Incluye los siguientes componentes<\/h3>\n<div style='margin-top: 15px; font-size: 15px; color: inherit;'>\n<h4 style='color: #2880b9; font-size: 18px; margin-top: 25px;'>SISTEMA DE PROTECCI\u00d3N ATMOSF\u00c9RICA (PARARRAYOS)<\/h4>\n<div style='overflow-x: auto; margin: 15px 0;'>\n<table style='width: 100%; border-collapse: collapse; color: inherit;'>\n<thead>\n<tr style='background-color: rgba(40&comma; 128&comma; 193&comma; 0.1);'>\n<th style='border: 1px solid rgba(150&comma;150&comma;150&comma;0.3); padding: 10px; text-align: center; color: #3598db; font-weight: bold;'>Cant<\/th>\n<th style='border: 1px solid rgba(150&comma;150&comma;150&comma;0.3); padding: 10px; text-align: center; color: #3598db; font-weight: bold;'>U<\/th>\n<th style='border: 1px solid rgba(150&comma;150&comma;150&comma;0.3); padding: 10px; text-align: center; color: #3598db; font-weight: bold;'>Modelo<\/th>\n<th style='border: 1px solid rgba(150&comma;150&comma;150&comma;0.3); padding: 10px; text-align: center; color: #3598db; font-weight: bold;'>Descripci\u00f3n<\/th>\n<\/tr>\n<\/thead>\n<tbody>\n<tr>\n<td style='border: 1px solid rgba(150&comma;150&comma;150&comma;0.3); padding: 8px; text-align: center;'>1<\/td>\n<td style='border: 1px solid rgba(150&comma;150&comma;150&comma;0.3); padding: 8px; text-align: center;'>Pza.<\/td>\n<td style='border: 1px solid rgba(150&comma;150&comma;150&comma;0.3); padding: 8px; text-align: center;'><a href='https:\/\/www.syscom.mx\/producto\/LP-DIPOLO-ALU-LINKEDPRO-187621.html' target='_blank' rel='noopener' style='color: inherit; text-decoration: underline;'>LP-DIPOLO-ALU<\/a><\/td>\n<td style='border: 1px solid rgba(150&comma;150&comma;150&comma;0.3); padding: 8px;'>Punta Pararrayo Tipo Dipolo Corona en Aluminio<\/td>\n<\/tr>\n<tr>\n<td style='border: 1px solid rgba(150&comma;150&comma;150&comma;0.3); padding: 8px; text-align: center;'>1<\/td>\n<td style='border: 1px solid rgba(150&comma;150&comma;150&comma;0.3); padding: 8px; text-align: center;'>Pza.<\/td>\n<td style='border: 1px solid rgba(150&comma;150&comma;150&comma;0.3); padding: 8px; text-align: center;'><a href='https:\/\/www.syscom.mx\/producto\/LP-GROUND-30A-LINKEDPRO-172180.html' target='_blank' rel='noopener' style='color: inherit; text-decoration: underline;'>LP-GROUND-30A<\/a><\/td>\n<td style='border: 1px solid rgba(150&comma;150&comma;150&comma;0.3); padding: 8px;'>Electrodo para Corriente M\u00e1xima de 30 Amp. con Compuesto Mejorador de Terreno<\/td>\n<\/tr>\n<tr>\n<td style='border: 1px solid rgba(150&comma;150&comma;150&comma;0.3); padding: 8px; text-align: center;'>3<\/td>\n<td style='border: 1px solid rgba(150&comma;150&comma;150&comma;0.3); padding: 8px; text-align: center;'>Pza.<\/td>\n<td style='border: 1px solid rgba(150&comma;150&comma;150&comma;0.3); padding: 8px; text-align: center;'><a href='https:\/\/www.syscom.mx\/producto\/LP-CB-20-LINKEDPRO-176313.html' target='_blank' rel='noopener' style='color: inherit; text-decoration: underline;'>LP-CB-20<\/a><\/td>\n<td style='border: 1px solid rgba(150&comma;150&comma;150&comma;0.3); padding: 8px;'>Conector Mec\u00e1nico Tipo Zapata para Bornes de 1\/2&#8242; a Cable de Cal. 4 a 2\/0 AWG.<\/td>\n<\/tr>\n<tr>\n<td style='border: 1px solid rgba(150&comma;150&comma;150&comma;0.3); padding: 8px; text-align: center;'>2<\/td>\n<td style='border: 1px solid rgba(150&comma;150&comma;150&comma;0.3); padding: 8px; text-align: center;'>Pza.<\/td>\n<td style='border: 1px solid rgba(150&comma;150&comma;150&comma;0.3); padding: 8px; text-align: center;'><a href='https:\/\/www.syscom.mx\/producto\/LP-CV-20-LINKEDPRO-176316.html' target='_blank' rel='noopener' style='color: inherit; text-decoration: underline;'>LP-CV-20<\/a><\/td>\n<td style='border: 1px solid rgba(150&comma;150&comma;150&comma;0.3); padding: 8px;'>Conector Tipo Perro para Varilla 5\/8&#8242; a Cable Calibre 4 a 2\/0 AWG<\/td>\n<\/tr>\n<tr>\n<td style='border: 1px solid rgba(150&comma;150&comma;150&comma;0.3); padding: 8px; text-align: center;'>1<\/td>\n<td style='border: 1px solid rgba(150&comma;150&comma;150&comma;0.3); padding: 8px; text-align: center;'>Pza.<\/td>\n<td style='border: 1px solid rgba(150&comma;150&comma;150&comma;0.3); padding: 8px; text-align: center;'><a href='https:\/\/www.syscom.mx\/producto\/LP-REGISTRO-7-LINKEDPRO-176311.html' target='_blank' rel='noopener' style='color: inherit; text-decoration: underline;'>LP-REGISTRO-7<\/a><\/td>\n<td style='border: 1px solid rgba(150&comma;150&comma;150&comma;0.3); padding: 8px;'>Registro de 7 in para Acceso a Pruebas y Revisi\u00f3n de Electrodo<\/td>\n<\/tr>\n<tr>\n<td style='border: 1px solid rgba(150&comma;150&comma;150&comma;0.3); padding: 8px; text-align: center;'>1<\/td>\n<td style='border: 1px solid rgba(150&comma;150&comma;150&comma;0.3); padding: 8px; text-align: center;'>Pza.<\/td>\n<td style='border: 1px solid rgba(150&comma;150&comma;150&comma;0.3); padding: 8px; text-align: center;'><a href='https:\/\/www.syscom.mx\/producto\/LP-ANTI-CORROSIVO-LINKEDPRO-176236.html' target='_blank' rel='noopener' style='color: inherit; text-decoration: underline;'>LP-ANTICORROSIVO<\/a><\/td>\n<td style='border: 1px solid rgba(150&comma;150&comma;150&comma;0.3); padding: 8px;'>Spray de Protecci\u00f3n Anticorrosiva y Diel\u00e9ctrica<\/td>\n<\/tr>\n<tr>\n<td style='border: 1px solid rgba(150&comma;150&comma;150&comma;0.3); padding: 8px; text-align: center;'>16<\/td>\n<td style='border: 1px solid rgba(150&comma;150&comma;150&comma;0.3); padding: 8px; text-align: center;'>Pza.<\/td>\n<td style='border: 1px solid rgba(150&comma;150&comma;150&comma;0.3); padding: 8px; text-align: center;'><a href='https:\/\/www.syscom.mx\/producto\/LP-AISLADOR-UNI-LINKEDPRO-192076.html' target='_blank' rel='noopener' style='color: inherit; text-decoration: underline;'>LP-AISLADOR-UNI<\/a><\/td>\n<td style='border: 1px solid rgba(150&comma;150&comma;150&comma;0.3); padding: 8px;'>Aislador Bajada de Pararrayos en Torre.<\/td>\n<\/tr>\n<tr>\n<td style='border: 1px solid rgba(150&comma;150&comma;150&comma;0.3); padding: 8px; text-align: center;'>29<\/td>\n<td style='border: 1px solid rgba(150&comma;150&comma;150&comma;0.3); padding: 8px; text-align: center;'>m<\/td>\n<td style='border: 1px solid rgba(150&comma;150&comma;150&comma;0.3); padding: 8px; text-align: center;'><a href='https:\/\/www.syscom.mx\/producto\/SLY-343-BLK-INDIANA-176874.html' target='_blank' rel='noopener' style='color: inherit; text-decoration: underline;'>SLY343-BLK<\/a><\/td>\n<td style='border: 1px solid rgba(150&comma;150&comma;150&comma;0.3); padding: 8px;'>Cable de Cobre Recubierto THW-LS Calibre 1\/0 AWG 19 Hilos Color Negro<\/td>\n<\/tr>\n<\/tbody>\n<\/table><\/div>\n<h4 style='color: #2880b9; font-size: 18px; margin-top: 25px;'>SISTEMA DE TIERRAS F\u00cdSICAS PARA ATERRIZAJE DE EQUIPO Y ESTRUCTURAS<\/h4>\n<div style='overflow-x: auto; margin: 15px 0;'>\n<table style='width: 100%; border-collapse: collapse; color: inherit;'>\n<thead>\n<tr style='background-color: rgba(40&comma; 128&comma; 193&comma; 0.1);'>\n<th style='border: 1px solid rgba(150&comma;150&comma;150&comma;0.3); padding: 10px; text-align: center; color: #3598db; font-weight: bold;'>Cant<\/th>\n<th style='border: 1px solid rgba(150&comma;150&comma;150&comma;0.3); padding: 10px; text-align: center; color: #3598db; font-weight: bold;'>U<\/th>\n<th style='border: 1px solid rgba(150&comma;150&comma;150&comma;0.3); padding: 10px; text-align: center; color: #3598db; font-weight: bold;'>Modelo<\/th>\n<th style='border: 1px solid rgba(150&comma;150&comma;150&comma;0.3); padding: 10px; text-align: center; color: #3598db; font-weight: bold;'>Descripci\u00f3n<\/th>\n<\/tr>\n<\/thead>\n<tbody>\n<tr>\n<td style='border: 1px solid rgba(150&comma;150&comma;150&comma;0.3); padding: 8px; text-align: center;'>1<\/td>\n<td style='border: 1px solid rgba(150&comma;150&comma;150&comma;0.3); padding: 8px; text-align: center;'>Pza.<\/td>\n<td style='border: 1px solid rgba(150&comma;150&comma;150&comma;0.3); padding: 8px; text-align: center;'><a href='https:\/\/www.syscom.mx\/producto\/LP-GROUND-30A-LINKEDPRO-172180.html' target='_blank' rel='noopener' style='color: inherit; text-decoration: underline;'>LP-GROUND-30A<\/a><\/td>\n<td style='border: 1px solid rgba(150&comma;150&comma;150&comma;0.3); padding: 8px;'>Electrodo para Corriente M\u00e1xima de 30 Amp. con Compuesto Mejorador de Terreno<\/td>\n<\/tr>\n<tr>\n<td style='border: 1px solid rgba(150&comma;150&comma;150&comma;0.3); padding: 8px; text-align: center;'>5<\/td>\n<td style='border: 1px solid rgba(150&comma;150&comma;150&comma;0.3); padding: 8px; text-align: center;'>Pza.<\/td>\n<td style='border: 1px solid rgba(150&comma;150&comma;150&comma;0.3); padding: 8px; text-align: center;'><a href='https:\/\/www.syscom.mx\/producto\/LP-CB-20-LINKEDPRO-176313.html' target='_blank' rel='noopener' style='color: inherit; text-decoration: underline;'>LP-CB-20<\/a><\/td>\n<td style='border: 1px solid rgba(150&comma;150&comma;150&comma;0.3); padding: 8px;'>Conector Mec\u00e1nico Tipo Zapata para Bornes de 1\/2&#8242; a Cable de Cal. 4 a 2\/0 AWG.<\/td>\n<\/tr>\n<tr>\n<td style='border: 1px solid rgba(150&comma;150&comma;150&comma;0.3); padding: 8px; text-align: center;'>2<\/td>\n<td style='border: 1px solid rgba(150&comma;150&comma;150&comma;0.3); padding: 8px; text-align: center;'>Pza.<\/td>\n<td style='border: 1px solid rgba(150&comma;150&comma;150&comma;0.3); padding: 8px; text-align: center;'><a href='https:\/\/www.syscom.mx\/producto\/LP-CV-20-LINKEDPRO-176316.html' target='_blank' rel='noopener' style='color: inherit; text-decoration: underline;'>LP-CV-20<\/a><\/td>\n<td style='border: 1px solid rgba(150&comma;150&comma;150&comma;0.3); padding: 8px;'>Conector Tipo Perro para Varilla 5\/8&#8242; a Cable Calibre 4 a 2\/0 AWG<\/td>\n<\/tr>\n<tr>\n<td style='border: 1px solid rgba(150&comma;150&comma;150&comma;0.3); padding: 8px; text-align: center;'>1<\/td>\n<td style='border: 1px solid rgba(150&comma;150&comma;150&comma;0.3); padding: 8px; text-align: center;'>Pza.<\/td>\n<td style='border: 1px solid rgba(150&comma;150&comma;150&comma;0.3); padding: 8px; text-align: center;'><a href='https:\/\/www.syscom.mx\/producto\/LP-REGISTRO-7-LINKEDPRO-176311.html' target='_blank' rel='noopener' style='color: inherit; text-decoration: underline;'>LP-REGISTRO-7<\/a><\/td>\n<td style='border: 1px solid rgba(150&comma;150&comma;150&comma;0.3); padding: 8px;'>Registro de 7 in para Acceso a Pruebas y Revisi\u00f3n de Electrodo<\/td>\n<\/tr>\n<tr>\n<td style='border: 1px solid rgba(150&comma;150&comma;150&comma;0.3); padding: 8px; text-align: center;'>1<\/td>\n<td style='border: 1px solid rgba(150&comma;150&comma;150&comma;0.3); padding: 8px; text-align: center;'>Pza.<\/td>\n<td style='border: 1px solid rgba(150&comma;150&comma;150&comma;0.3); padding: 8px; text-align: center;'><a href='https:\/\/www.syscom.mx\/producto\/LP-CTZ-114-LINKEDPRO-190994.html' target='_blank' rel='noopener' style='color: inherit; text-decoration: underline;'>LP-CTZ-114<\/a><\/td>\n<td style='border: 1px solid rgba(150&comma;150&comma;150&comma;0.3); padding: 8px;'>Conector para Tubo de hasta 1 1\/4&#8242; a cable Cal. 4 AWG. Ideal para Aterrizaje de Torres TZ<\/td>\n<\/tr>\n<tr>\n<td style='border: 1px solid rgba(150&comma;150&comma;150&comma;0.3); padding: 8px; text-align: center;'>1<\/td>\n<td style='border: 1px solid rgba(150&comma;150&comma;150&comma;0.3); padding: 8px; text-align: center;'>Pza.<\/td>\n<td style='border: 1px solid rgba(150&comma;150&comma;150&comma;0.3); padding: 8px; text-align: center;'><a href='https:\/\/www.syscom.mx\/producto\/LP-BU-TZ-LINKEDPRO-192062.html' target='_blank' rel='noopener' style='color: inherit; text-decoration: underline;'>LP-BU-TZ<\/a><\/td>\n<td style='border: 1px solid rgba(150&comma;150&comma;150&comma;0.3); padding: 8px;'>Barra de Uni\u00f3n Instalaci\u00f3n en Torre<\/td>\n<\/tr>\n<tr>\n<td style='border: 1px solid rgba(150&comma;150&comma;150&comma;0.3); padding: 8px; text-align: center;'>5<\/td>\n<td style='border: 1px solid rgba(150&comma;150&comma;150&comma;0.3); padding: 8px; text-align: center;'>m<\/td>\n<td style='border: 1px solid rgba(150&comma;150&comma;150&comma;0.3); padding: 8px; text-align: center;'><a href='https:\/\/www.syscom.mx\/producto\/SLY-287-GRN-INDIANA-176933.html' target='_blank' rel='noopener' style='color: inherit; text-decoration: underline;'>SLY287-GRN<\/a><\/td>\n<td style='border: 1px solid rgba(150&comma;150&comma;150&comma;0.3); padding: 8px;'>Cable de Cobre Recubierto THW-LS Calibre 4 AWG 19 Hilos Color Verde<\/td>\n<\/tr>\n<\/tbody>\n<\/table><\/div>\n<\/p><\/div>\n<\/p><\/div>\n<\/p><\/div>\n<hr style='border: 0; border-top: 1px solid rgba(150&comma; 150&comma; 150&comma; 0.3); margin: 30px 0;'>\n<div style='display: flex; flex-wrap: wrap; gap: 30px;'>\n<div style='flex: 1 1 300px; min-width: 280px;'>\n<div style='text-align: center; margin: 30px 0;'> <a href='https:\/\/www.youtube.com\/watch?v=Vw8lGg4-fQk' target='_blank' rel='noopener' style='color: #2880b9; text-decoration: underline; font-size: 18px; font-weight: bold; display: inline-block; text-align: center;'> Curso b\u00e1sico para selecci\u00f3n e implementaci\u00f3n de sistemas de protecci\u00f3n <\/a> <\/div>\n<\/p><\/div>\n<\/p><\/div>\n<\/p><\/div>\n","protected":false},"excerpt":{"rendered":"<p>Kit Pararrayo  LINKEDPRO con Accesorios de Instalaci\u00f3n en Torre de Hasta 24 m de Altura.<\/p>\n","protected":false},"featured_media":50213,"comment_status":"open","ping_status":"closed","template":"","meta":[],"product_brand":[],"product_cat":[1131],"product_tag":[1088,435,1132],"class_list":{"0":"post-50214","1":"product","2":"type-product","3":"status-publish","4":"has-post-thumbnail","6":"product_cat-tierras-fisicas","7":"product_tag-calidad-de-la-energia","8":"product_tag-linkedpro-by-epcom","9":"product_tag-tierras-fisicas","11":"first","12":"outofstock","13":"sale","14":"shipping-taxable","15":"purchasable","16":"product-type-simple"},"_links":{"self":[{"href":"https:\/\/soydeaqui.ddns.net\/pachuca\/index.php\/wp-json\/wp\/v2\/product\/50214","targetHints":{"allow":["GET"]}}],"collection":[{"href":"https:\/\/soydeaqui.ddns.net\/pachuca\/index.php\/wp-json\/wp\/v2\/product"}],"about":[{"href":"https:\/\/soydeaqui.ddns.net\/pachuca\/index.php\/wp-json\/wp\/v2\/types\/product"}],"replies":[{"embeddable":true,"href":"https:\/\/soydeaqui.ddns.net\/pachuca\/index.php\/wp-json\/wp\/v2\/comments?post=50214"}],"wp:featuredmedia":[{"embeddable":true,"href":"https:\/\/soydeaqui.ddns.net\/pachuca\/index.php\/wp-json\/wp\/v2\/media\/50213"}],"wp:attachment":[{"href":"https:\/\/soydeaqui.ddns.net\/pachuca\/index.php\/wp-json\/wp\/v2\/media?parent=50214"}],"wp:term":[{"taxonomy":"product_brand","embeddable":true,"href":"https:\/\/soydeaqui.ddns.net\/pachuca\/index.php\/wp-json\/wp\/v2\/product_brand?post=50214"},{"taxonomy":"product_cat","embeddable":true,"href":"https:\/\/soydeaqui.ddns.net\/pachuca\/index.php\/wp-json\/wp\/v2\/product_cat?post=50214"},{"taxonomy":"product_tag","embeddable":true,"href":"https:\/\/soydeaqui.ddns.net\/pachuca\/index.php\/wp-json\/wp\/v2\/product_tag?post=50214"}],"curies":[{"name":"wp","href":"https:\/\/api.w.org\/{rel}","templated":true}]}}