{"id":50178,"date":"2026-03-18T22:30:21","date_gmt":"2026-03-18T22:30:21","guid":{"rendered":"https:\/\/soydeaqui.ddns.net\/pachuca\/index.php\/producto\/tubo-conduit-1-1-2-pared-gruesa-38mm-x-3-metros-etiqueta-amarilla-calibre-14-incluye-1-cople\/"},"modified":"2026-03-18T22:30:22","modified_gmt":"2026-03-18T22:30:22","slug":"tubo-conduit-1-1-2-pared-gruesa-38mm-x-3-metros-etiqueta-amarilla-calibre-14-incluye-1-cople","status":"publish","type":"product","link":"https:\/\/soydeaqui.ddns.net\/pachuca\/index.php\/producto\/tubo-conduit-1-1-2-pared-gruesa-38mm-x-3-metros-etiqueta-amarilla-calibre-14-incluye-1-cople\/","title":{"rendered":"Tubo conduit 1 1\/2&#8243; Pared Gruesa (38mm) x 3 metros, etiqueta amarilla, calibre 14 (Incluye 1 cople)."},"content":{"rendered":"<div style='width: 100%; max-width: 1200px; margin: 0 auto; font-family: sans-serif; line-height: 1.6; color: inherit; background-color: transparent;'> <!-- Secci\u00f3n de aplicaciones --> <\/p>\n<div style='margin-bottom: 30px;'>\n<h3 style='font-size: 22px; border-bottom: 2px solid currentColor; padding-bottom: 5px; margin-top: 0; color: inherit; opacity: 0.8;'>Aplicaciones<\/h3>\n<p style='font-size: 14px; color: inherit; margin-top: 15px; margin-bottom: 15px;'>La tuber\u00eda conduit Pared Gruesa&comma; se utiliza para la conducci\u00f3n de cableado el\u00e9ctrico tanto aparente como oculto&comma; y es especialmente recomendado en lugares donde existen vibraciones. Es utilizado en hospitales&comma; industrias&comma; cuartos de c\u00f3mputo y tableros de aislamiento&comma; entre otros.<\/p>\n<\/p><\/div>\n<p> <!-- Secci\u00f3n de caracter\u00edsticas --> <\/p>\n<div style='margin-bottom: 30px;'>\n<h3 style='font-size: 22px; border-bottom: 2px solid currentColor; padding-bottom: 5px; margin-top: 0; color: inherit; opacity: 0.8;'>Caracter\u00edsticas destacadas<\/h3>\n<ul style='padding-left: 20px; margin-top: 15px; margin-bottom: 15px; font-size: 14px; color: inherit;'>\n<li style='margin-bottom: 5px;'>Tipo: Pared Gruesa (Etiqueta Amarilla)&comma; con rosca y 1 cople.<\/li>\n<li style='margin-bottom: 5px;'>Di\u00e1metro: 1-1\/2&#8242; (38 mm)<\/li>\n<li style='margin-bottom: 5px;'>Longitud: 3 m<\/li>\n<li style='margin-bottom: 5px;'>Peso unitario: 6.47 Kg.<\/li>\n<li style='margin-bottom: 5px;'>Calibre: 14<\/li>\n<li style='margin-bottom: 5px;'>Espesor de pared: 1.90 mm<\/li>\n<li style='margin-bottom: 5px;'>Di\u00e1metro externo: 46.40 mm<\/li>\n<li style='margin-bottom: 5px;'>Di\u00e1metro interno: 42.60 mm<\/li>\n<li style='margin-bottom: 5px;'>Incluye 1 cople.<\/li>\n<\/ul><\/div>\n<p> <!-- Secci\u00f3n de notas --> <\/p>\n<div style='margin-bottom: 30px;'>\n<h3 style='font-size: 22px; border-bottom: 2px solid currentColor; padding-bottom: 5px; margin-top: 0; color: inherit; opacity: 0.8;'>Notas<\/h3>\n<ul style='padding-left: 20px; margin-top: 15px; margin-bottom: 15px; font-size: 14px; color: inherit;'>\n<li style='margin-bottom: 5px;'>Equipo recomendado para interior. Instalaciones en exterior deben ser en zonas de nula salinidad&comma; nula corrosi\u00f3n y muy baja humedad relativa (menos del 40%). No recomendado para instalaciones subterr\u00e1neas.<\/li>\n<li style='margin-bottom: 5px;'>Unidad de venta: 1 tubo de 3 metros cada uno.<\/li>\n<\/ul><\/div>\n<\/p><\/div>\n","protected":false},"excerpt":{"rendered":"<p>Tubo conduit 1 1\/2&#8243; Pared Gruesa (38mm) x 3 metros, etiqueta amarilla, calibre 14 (Incluye 1 cople).<\/p>\n","protected":false},"featured_media":50177,"comment_status":"open","ping_status":"closed","template":"","meta":[],"product_brand":[],"product_cat":[655],"product_tag":[572,657,656],"class_list":{"0":"post-50178","1":"product","2":"type-product","3":"status-publish","4":"has-post-thumbnail","6":"product_cat-tuberia-metalica-conduit-accesorios","7":"product_tag-canalizacion","8":"product_tag-jupiter","9":"product_tag-tuberia-metalica-conduit-accesorios","11":"first","12":"instock","13":"sale","14":"shipping-taxable","15":"purchasable","16":"product-type-simple"},"_links":{"self":[{"href":"https:\/\/soydeaqui.ddns.net\/pachuca\/index.php\/wp-json\/wp\/v2\/product\/50178","targetHints":{"allow":["GET"]}}],"collection":[{"href":"https:\/\/soydeaqui.ddns.net\/pachuca\/index.php\/wp-json\/wp\/v2\/product"}],"about":[{"href":"https:\/\/soydeaqui.ddns.net\/pachuca\/index.php\/wp-json\/wp\/v2\/types\/product"}],"replies":[{"embeddable":true,"href":"https:\/\/soydeaqui.ddns.net\/pachuca\/index.php\/wp-json\/wp\/v2\/comments?post=50178"}],"wp:featuredmedia":[{"embeddable":true,"href":"https:\/\/soydeaqui.ddns.net\/pachuca\/index.php\/wp-json\/wp\/v2\/media\/50177"}],"wp:attachment":[{"href":"https:\/\/soydeaqui.ddns.net\/pachuca\/index.php\/wp-json\/wp\/v2\/media?parent=50178"}],"wp:term":[{"taxonomy":"product_brand","embeddable":true,"href":"https:\/\/soydeaqui.ddns.net\/pachuca\/index.php\/wp-json\/wp\/v2\/product_brand?post=50178"},{"taxonomy":"product_cat","embeddable":true,"href":"https:\/\/soydeaqui.ddns.net\/pachuca\/index.php\/wp-json\/wp\/v2\/product_cat?post=50178"},{"taxonomy":"product_tag","embeddable":true,"href":"https:\/\/soydeaqui.ddns.net\/pachuca\/index.php\/wp-json\/wp\/v2\/product_tag?post=50178"}],"curies":[{"name":"wp","href":"https:\/\/api.w.org\/{rel}","templated":true}]}}