{"id":50149,"date":"2026-03-18T22:29:31","date_gmt":"2026-03-18T22:29:31","guid":{"rendered":"https:\/\/soydeaqui.ddns.net\/pachuca\/index.php\/producto\/tubo-conduit-3-4-pared-delgada-19mm-x-3-metros-galvanizado-etiqueta-verde-calibre-19\/"},"modified":"2026-03-18T22:29:32","modified_gmt":"2026-03-18T22:29:32","slug":"tubo-conduit-3-4-pared-delgada-19mm-x-3-metros-galvanizado-etiqueta-verde-calibre-19","status":"publish","type":"product","link":"https:\/\/soydeaqui.ddns.net\/pachuca\/index.php\/producto\/tubo-conduit-3-4-pared-delgada-19mm-x-3-metros-galvanizado-etiqueta-verde-calibre-19\/","title":{"rendered":"Tubo conduit 3\/4&#8243; Pared Delgada (19mm)  x 3 metros, galvanizado etiqueta verde, calibre 19"},"content":{"rendered":"<div style='width: 100%; max-width: 1200px; margin: 0 auto; font-family: sans-serif; line-height: 1.6; color: inherit; background-color: transparent;'> <!-- Secci\u00f3n de aplicaciones --> <\/p>\n<div style='margin-bottom: 30px;'>\n<h2 style='font-size: 20px; border-bottom: 2px solid currentColor; padding-bottom: 5px; margin-top: 0; color: inherit; opacity: 0.8;'>Aplicaciones<\/h2>\n<p style='font-size: 14px; margin-top: 15px; color: inherit;'> La tuber\u00eda conduit Pared Delgada&comma; se utiliza para la conducci\u00f3n de cableado el\u00e9ctrico tanto aparente como oculto sobre plafones o falso piso. Es utilizado en hospitales&comma; industrias&comma; cuartos de c\u00f3mputo y tableros de aislamiento&comma; entre otros. <\/p>\n<\/p><\/div>\n<p> <!-- Secci\u00f3n de caracter\u00edsticas destacadas --> <\/p>\n<div style='margin-bottom: 30px;'>\n<h3 style='font-size: 18px; border-bottom: 2px solid currentColor; padding-bottom: 5px; margin-top: 0; color: inherit; opacity: 0.8;'>Caracter\u00edsticas destacadas<\/h3>\n<ul style='padding-left: 20px; font-size: 14px; color: inherit;'>\n<li style='margin-bottom: 5px;'>Tipo: Pared Delgada (Etiqueta Verde)&comma; sin cople&comma; sin rosca.<\/li>\n<li style='margin-bottom: 5px;'>Di\u00e1metro: 3\/4&#8242; (19 mm)<\/li>\n<li style='margin-bottom: 5px;'>Longitud: 3 m<\/li>\n<li style='margin-bottom: 5px;'>Peso unitario: 1.77 Kg.<\/li>\n<li style='margin-bottom: 5px;'>Calibre: 19<\/li>\n<li style='margin-bottom: 5px;'>Espesor de pared: 1.06 mm<\/li>\n<li style='margin-bottom: 5px;'>Di\u00e1metro externo: 23.5 mm<\/li>\n<li style='margin-bottom: 5px;'>Di\u00e1metro interno: 21.4 mm<\/li>\n<\/ul><\/div>\n<p> <!-- Secci\u00f3n de notas --> <\/p>\n<div style='margin-bottom: 30px;'>\n<h3 style='font-size: 18px; border-bottom: 2px solid currentColor; padding-bottom: 5px; margin-top: 0; color: inherit; opacity: 0.8;'>Notas<\/h3>\n<p style='font-size: 13px; margin-top: 15px; color: inherit;'> Nota1.- Equipo recomendado para interior. Instalaciones en exterior deben ser en zonas de nula salinidad&comma; nula corrosi\u00f3n y muy baja humedad relativa (menos del 40%). No recomendado para instalaciones subterr\u00e1neas. <\/p>\n<p style='font-size: 13px; margin-top: 15px; color: inherit;'> Nota 2.- Se venden sueltos los tubos de 3 metros cada uno. <\/p>\n<\/p><\/div>\n<\/p><\/div>\n","protected":false},"excerpt":{"rendered":"<p>Tubo conduit 3\/4&#8243; Pared Delgada (19mm)  x 3 metros, galvanizado etiqueta verde, calibre 19<\/p>\n","protected":false},"featured_media":50148,"comment_status":"open","ping_status":"closed","template":"","meta":[],"product_brand":[],"product_cat":[655],"product_tag":[572,657,656],"class_list":{"0":"post-50149","1":"product","2":"type-product","3":"status-publish","4":"has-post-thumbnail","6":"product_cat-tuberia-metalica-conduit-accesorios","7":"product_tag-canalizacion","8":"product_tag-jupiter","9":"product_tag-tuberia-metalica-conduit-accesorios","11":"first","12":"instock","13":"sale","14":"shipping-taxable","15":"purchasable","16":"product-type-simple"},"_links":{"self":[{"href":"https:\/\/soydeaqui.ddns.net\/pachuca\/index.php\/wp-json\/wp\/v2\/product\/50149","targetHints":{"allow":["GET"]}}],"collection":[{"href":"https:\/\/soydeaqui.ddns.net\/pachuca\/index.php\/wp-json\/wp\/v2\/product"}],"about":[{"href":"https:\/\/soydeaqui.ddns.net\/pachuca\/index.php\/wp-json\/wp\/v2\/types\/product"}],"replies":[{"embeddable":true,"href":"https:\/\/soydeaqui.ddns.net\/pachuca\/index.php\/wp-json\/wp\/v2\/comments?post=50149"}],"wp:featuredmedia":[{"embeddable":true,"href":"https:\/\/soydeaqui.ddns.net\/pachuca\/index.php\/wp-json\/wp\/v2\/media\/50148"}],"wp:attachment":[{"href":"https:\/\/soydeaqui.ddns.net\/pachuca\/index.php\/wp-json\/wp\/v2\/media?parent=50149"}],"wp:term":[{"taxonomy":"product_brand","embeddable":true,"href":"https:\/\/soydeaqui.ddns.net\/pachuca\/index.php\/wp-json\/wp\/v2\/product_brand?post=50149"},{"taxonomy":"product_cat","embeddable":true,"href":"https:\/\/soydeaqui.ddns.net\/pachuca\/index.php\/wp-json\/wp\/v2\/product_cat?post=50149"},{"taxonomy":"product_tag","embeddable":true,"href":"https:\/\/soydeaqui.ddns.net\/pachuca\/index.php\/wp-json\/wp\/v2\/product_tag?post=50149"}],"curies":[{"name":"wp","href":"https:\/\/api.w.org\/{rel}","templated":true}]}}