{"id":50100,"date":"2026-03-18T22:28:07","date_gmt":"2026-03-18T22:28:07","guid":{"rendered":"https:\/\/soydeaqui.ddns.net\/pachuca\/index.php\/producto\/kit-pararrayo-linkedpro-basico-ideal-para-la-proteccion-de-mastiles-y-postes\/"},"modified":"2026-03-18T22:28:08","modified_gmt":"2026-03-18T22:28:08","slug":"kit-pararrayo-linkedpro-basico-ideal-para-la-proteccion-de-mastiles-y-postes","status":"publish","type":"product","link":"https:\/\/soydeaqui.ddns.net\/pachuca\/index.php\/producto\/kit-pararrayo-linkedpro-basico-ideal-para-la-proteccion-de-mastiles-y-postes\/","title":{"rendered":"Kit pararrayo LinkedPro b\u00e1sico. Ideal para la protecci\u00f3n de m\u00e1stiles y postes."},"content":{"rendered":"<div style='width: 100%; max-width: 1200px; margin: 0 auto; font-family: sans-serif; line-height: 1.6; color: inherit; background-color: transparent;'> <!-- Imagen del producto --> <\/p>\n<div style='text-align: center; margin-bottom: 30px;'> <img style='width: 100%; max-width: 400px; height: auto; border: 1px solid rgba(150&comma;150&comma;150&comma;0.3); border-radius: 8px;' src='https:\/\/ftp3.syscom.mx\/usuarios\/fotos\/AT5315KIT\/183255-logo-lpg.png' alt='Logo LinkedPro'> <\/div>\n<p> <!-- Introducci\u00f3n --> <\/p>\n<div style='margin-bottom: 30px;'>\n<p>El cambio clim\u00e1tico es uno de los mayores causantes del aumento de la actividad de tormentas y la ca\u00edda de rayos&comma; y por lo tanto de la aparici\u00f3n de tantos accidentes en instalaciones no protegidas contra descargas atmosf\u00e9ricas.<\/p>\n<\/p><\/div>\n<p> <!-- Secci\u00f3n de descripci\u00f3n con flex --> <\/p>\n<div style='display: flex; flex-wrap: wrap; gap: 30px; margin-bottom: 30px;'>\n<div style='flex: 1 1 300px; min-width: 280px;'>\n<h3 style='font-size: 22px; border-bottom: 2px solid currentColor; padding-bottom: 5px; margin-top: 0; color: inherit; opacity: 0.8;'>Electrodo<\/h3>\n<ul style='padding-left: 20px; font-size: 15px; color: inherit;'>\n<li style='margin-bottom: 5px;'>Fabricado con hojas de cobre&comma; las cuales buscan tener mayor secci\u00f3n transversal y as\u00ed obtener mejor capacidad de disipaci\u00f3n para las corrientes de falla.<\/li>\n<li style='margin-bottom: 5px;'>Es ideal para zonas en donde sea imposible realizar excavaciones de mayor profundidad.<\/li>\n<\/ul><\/div>\n<div style='flex: 1 1 300px; min-width: 280px;'>\n<h3 style='font-size: 22px; border-bottom: 2px solid currentColor; padding-bottom: 5px; margin-top: 0; color: inherit; opacity: 0.8;'>Pararrayos<\/h3>\n<ul style='padding-left: 20px; font-size: 15px; color: inherit;'>\n<li style='margin-bottom: 5px;'>Fabricado en aluminio<\/li>\n<li style='margin-bottom: 5px;'>Brinda protecci\u00f3n contra impactos directos de rayos a superficies o estructuras<\/li>\n<li style='margin-bottom: 5px;'>Proporciona un punto seguro de impacto&comma; ya que la bobina excitadora toroidal y el anillo equipotencial&comma; crean un efecto de ionizaci\u00f3n (corona) el cual ofrecer\u00e1 un punto atractivo para el impacto de la descarga atmosf\u00e9rica<\/li>\n<li style='margin-bottom: 5px;'>Esta punta conectada al conductor de bajada proporcionar\u00e1 una trayectoria segura al electrodo de puesta a tierra del SEPTE para drenar la corriente del rayo<\/li>\n<li style='margin-bottom: 5px;'>Cuenta con un radio aproximado de cobertura de 72 grados<\/li>\n<\/ul><\/div>\n<\/p><\/div>\n<p> <!-- Aplicaciones --> <\/p>\n<div style='margin-bottom: 30px;'>\n<h3 style='font-size: 22px; border-bottom: 2px solid currentColor; padding-bottom: 5px; margin-top: 0; color: inherit; opacity: 0.8;'>Aplicaciones<\/h3>\n<p>El sistema de puesta a tierra es la parte primordial de cualquier instalaci\u00f3n el\u00e9ctrica&comma; y tiene como <span style='color: #3598db;'>objetivo<\/span>:<\/p>\n<ul style='padding-left: 20px; font-size: 15px; color: inherit;'>\n<li style='margin-bottom: 5px;'>Proporcionar seguridad a las personas<\/li>\n<li style='margin-bottom: 5px;'>Proteger la infraestructura&comma; equipos el\u00e9ctricos y electr\u00f3nicos<\/li>\n<li style='margin-bottom: 5px;'>Proteger instalaciones<\/li>\n<li style='margin-bottom: 5px;'>Garantizar la operaci\u00f3n de las protecciones<\/li>\n<li style='margin-bottom: 5px;'>Estabilizar el voltaje<\/li>\n<li style='margin-bottom: 5px;'>Disipar la corriente del rayo<\/li>\n<li style='margin-bottom: 5px;'>Limitar las sobretensiones transitorias (picos de voltaje)<\/li>\n<li style='margin-bottom: 5px;'>Drenar cargas est\u00e1ticas que presentan las masas met\u00e1licas respecto a tierra<\/li>\n<\/ul><\/div>\n<p> <!-- Estandares --> <\/p>\n<div style='margin-bottom: 30px;'>\n<h3 style='font-size: 22px; border-bottom: 2px solid currentColor; padding-bottom: 5px; margin-top: 0; color: inherit; opacity: 0.8;'>Est\u00e1ndares<\/h3>\n<p>Cumple con los est\u00e1ndares de telecomunicaciones&comma; as\u00ed como las normas oficiales mexicanas:<\/p>\n<ul style='padding-left: 20px; font-size: 15px; color: inherit;'>\n<li style='margin-bottom: 5px;'><em>EIA\/TIA J-STD-607-A y BICSI<\/em><\/li>\n<li style='margin-bottom: 5px;'><em>NOM-022-STPS-2012<\/em><\/li>\n<li style='margin-bottom: 5px;'><em>NOM-022-STPS-2015<\/em><\/li>\n<li style='margin-bottom: 5px;'><em>NMX-J-549-ANCE-2005<\/em><\/li>\n<\/ul><\/div>\n<p> <!-- Componentes --> <\/p>\n<div style='margin-bottom: 30px;'>\n<h3 style='font-size: 22px; border-bottom: 2px solid currentColor; padding-bottom: 5px; margin-top: 0; color: inherit; opacity: 0.8;'>Componentes del kit<\/h3>\n<div style='display: flex; flex-wrap: wrap; gap: 20px; margin-top: 15px;'>\n<div style='flex: 1 1 300px; min-width: 280px; border: 1px solid rgba(150&comma; 150&comma; 150&comma; 0.4); border-radius: 8px; overflow: hidden;'>\n<div style='padding: 15px; border-bottom: 1px solid rgba(150&comma; 150&comma; 150&comma; 0.2); font-weight: bold; font-size: 18px; color: inherit; background-color: rgba(0&comma; 145&comma; 255&comma; 0.05);'>Punta Pararrayo Tipo Dipolo Corona en Aluminio<\/div>\n<div style='padding: 15px; color: inherit;'>\n<p style='margin: 5px 0;'>Modelo: <a href='https:\/\/www.syscom.mx\/producto\/LP-DIPOLO-ALU-LINKEDPRO-187621.html' target='_blank' rel='noopener' style='color: #005cb9; text-decoration: none;'>LP-DIPOLO-ALU<\/a><\/p>\n<p style='margin: 5px 0;'>Cantidad: 1 pieza<\/p>\n<\/p><\/div>\n<\/p><\/div>\n<div style='flex: 1 1 300px; min-width: 280px; border: 1px solid rgba(150&comma; 150&comma; 150&comma; 0.4); border-radius: 8px; overflow: hidden;'>\n<div style='padding: 15px; border-bottom: 1px solid rgba(150&comma; 150&comma; 150&comma; 0.2); font-weight: bold; font-size: 18px; color: inherit; background-color: rgba(0&comma; 145&comma; 255&comma; 0.05);'>Electrodo Convencional LinkedPro Tipo Rehilete Soldado<\/div>\n<div style='padding: 15px; color: inherit;'>\n<p style='margin: 5px 0;'>Modelo: <a href='https:\/\/www.syscom.mx\/producto\/LP-REHILETE-LINKEDPRO-176227.html' target='_blank' rel='noopener' style='color: #005cb9; text-decoration: none;'>LP-REHILETE<\/a><\/p>\n<p style='margin: 5px 0;'>Cantidad: 1 pieza<\/p>\n<\/p><\/div>\n<\/p><\/div>\n<div style='flex: 1 1 300px; min-width: 280px; border: 1px solid rgba(150&comma; 150&comma; 150&comma; 0.4); border-radius: 8px; overflow: hidden;'>\n<div style='padding: 15px; border-bottom: 1px solid rgba(150&comma; 150&comma; 150&comma; 0.2); font-weight: bold; font-size: 18px; color: inherit; background-color: rgba(0&comma; 145&comma; 255&comma; 0.05);'>Compuesto Mejorador de Terreno con Minerales Conductivos&comma; Saco de 12 KG<\/div>\n<div style='padding: 15px; color: inherit;'>\n<p style='margin: 5px 0;'>Modelo: <a href='https:\/\/www.syscom.mx\/producto\/LP-COMPUESTO-LINKEDPRO-176247.html' target='_blank' rel='noopener' style='color: #005cb9; text-decoration: none;'>LP-COMPUESTO<\/a><\/p>\n<p style='margin: 5px 0;'>Cantidad: 1 pieza<\/p>\n<\/p><\/div>\n<\/p><\/div>\n<div style='flex: 1 1 300px; min-width: 280px; border: 1px solid rgba(150&comma; 150&comma; 150&comma; 0.4); border-radius: 8px; overflow: hidden;'>\n<div style='padding: 15px; border-bottom: 1px solid rgba(150&comma; 150&comma; 150&comma; 0.2); font-weight: bold; font-size: 18px; color: inherit; background-color: rgba(0&comma; 145&comma; 255&comma; 0.05);'>Conector Varilla de 3\/4 de Di\u00e1metro a cable Cal. 1\/0 AWG<\/div>\n<div style='padding: 15px; color: inherit;'>\n<p style='margin: 5px 0;'>Modelo: <a href='https:\/\/www.syscom.mx\/producto\/LP-VC-LINKEDPRO-176372.html' target='_blank' rel='noopener' style='color: #005cb9; text-decoration: none;'>LP-VC<\/a><\/p>\n<p style='margin: 5px 0;'>Cantidad: 1 pieza<\/p>\n<\/p><\/div>\n<\/p><\/div>\n<div style='flex: 1 1 300px; min-width: 280px; border: 1px solid rgba(150&comma; 150&comma; 150&comma; 0.4); border-radius: 8px; overflow: hidden;'>\n<div style='padding: 15px; border-bottom: 1px solid rgba(150&comma; 150&comma; 150&comma; 0.2); font-weight: bold; font-size: 18px; color: inherit; background-color: rgba(0&comma; 145&comma; 255&comma; 0.05);'>Registro de 7 in para Acceso a Pruebas y Revisi\u00f3n de Electrodo<\/div>\n<div style='padding: 15px; color: inherit;'>\n<p style='margin: 5px 0;'>Modelo: <a href='https:\/\/www.syscom.mx\/producto\/LP-REGISTRO-7-LINKEDPRO-176311.html' target='_blank' rel='noopener' style='color: #005cb9; text-decoration: none;'>LP-REGISTRO-7<\/a><\/p>\n<p style='margin: 5px 0;'>Cantidad: 1 pieza<\/p>\n<\/p><\/div>\n<\/p><\/div>\n<\/p><\/div>\n<\/p><\/div>\n<p> <!-- Cursos --> <\/p>\n<div style='margin-bottom: 30px;'>\n<h3 style='font-size: 22px; border-bottom: 2px solid currentColor; padding-bottom: 5px; margin-top: 0; color: inherit; opacity: 0.8;'>Curso b\u00e1sico para selecci\u00f3n e implementaci\u00f3n de sistemas de protecci\u00f3n<\/h3>\n<div style='display: flex; flex-wrap: wrap; gap: 30px; justify-content: center; margin-top: 20px;'> <!-- Video 1 --> <\/p>\n<div style='flex: 1 1 560px; min-width: 300px; max-width: 560px;'>\n<div style='position: relative; padding-bottom: 56.25%; height: 0; overflow: hidden;'>   <\/div>\n<\/p><\/div>\n<p> <!-- Video 2 --> <\/p>\n<div style='flex: 1 1 560px; min-width: 300px; max-width: 560px;'>\n<div style='position: relative; padding-bottom: 56.25%; height: 0; overflow: hidden;'>   <\/div>\n<\/p><\/div>\n<\/p><\/div>\n<\/p><\/div>\n<\/p><\/div>\n","protected":false},"excerpt":{"rendered":"<p>Kit pararrayo LinkedPro b\u00e1sico. Ideal para la protecci\u00f3n de m\u00e1stiles y postes.<\/p>\n","protected":false},"featured_media":50099,"comment_status":"open","ping_status":"closed","template":"","meta":[],"product_brand":[],"product_cat":[1161],"product_tag":[1088,435,1162],"class_list":{"0":"post-50100","1":"product","2":"type-product","3":"status-publish","4":"has-post-thumbnail","6":"product_cat-pararrayos","7":"product_tag-calidad-de-la-energia","8":"product_tag-linkedpro-by-epcom","9":"product_tag-pararrayos","11":"first","12":"instock","13":"sale","14":"shipping-taxable","15":"purchasable","16":"product-type-simple"},"_links":{"self":[{"href":"https:\/\/soydeaqui.ddns.net\/pachuca\/index.php\/wp-json\/wp\/v2\/product\/50100","targetHints":{"allow":["GET"]}}],"collection":[{"href":"https:\/\/soydeaqui.ddns.net\/pachuca\/index.php\/wp-json\/wp\/v2\/product"}],"about":[{"href":"https:\/\/soydeaqui.ddns.net\/pachuca\/index.php\/wp-json\/wp\/v2\/types\/product"}],"replies":[{"embeddable":true,"href":"https:\/\/soydeaqui.ddns.net\/pachuca\/index.php\/wp-json\/wp\/v2\/comments?post=50100"}],"wp:featuredmedia":[{"embeddable":true,"href":"https:\/\/soydeaqui.ddns.net\/pachuca\/index.php\/wp-json\/wp\/v2\/media\/50099"}],"wp:attachment":[{"href":"https:\/\/soydeaqui.ddns.net\/pachuca\/index.php\/wp-json\/wp\/v2\/media?parent=50100"}],"wp:term":[{"taxonomy":"product_brand","embeddable":true,"href":"https:\/\/soydeaqui.ddns.net\/pachuca\/index.php\/wp-json\/wp\/v2\/product_brand?post=50100"},{"taxonomy":"product_cat","embeddable":true,"href":"https:\/\/soydeaqui.ddns.net\/pachuca\/index.php\/wp-json\/wp\/v2\/product_cat?post=50100"},{"taxonomy":"product_tag","embeddable":true,"href":"https:\/\/soydeaqui.ddns.net\/pachuca\/index.php\/wp-json\/wp\/v2\/product_tag?post=50100"}],"curies":[{"name":"wp","href":"https:\/\/api.w.org\/{rel}","templated":true}]}}