{"id":50098,"date":"2026-03-18T22:28:05","date_gmt":"2026-03-18T22:28:05","guid":{"rendered":"https:\/\/soydeaqui.ddns.net\/pachuca\/index.php\/producto\/kit-de-puesta-a-tierra-linkedpro-para-proteccion-de-hasta-30-amp\/"},"modified":"2026-03-18T22:28:05","modified_gmt":"2026-03-18T22:28:05","slug":"kit-de-puesta-a-tierra-linkedpro-para-proteccion-de-hasta-30-amp","status":"publish","type":"product","link":"https:\/\/soydeaqui.ddns.net\/pachuca\/index.php\/producto\/kit-de-puesta-a-tierra-linkedpro-para-proteccion-de-hasta-30-amp\/","title":{"rendered":"Kit de puesta a tierra LinkedPro, para protecci\u00f3n de hasta 30 Amp."},"content":{"rendered":"<div style='width: 100%; max-width: 1200px; margin: 0 auto; font-family: sans-serif; line-height: 1.6; color: inherit; background-color: transparent;'> <!-- Imagen principal --> <\/p>\n<div style='text-align: center; margin: 20px 0;'> <img style='width: 100%; max-width: 400px; height: auto; border: 1px solid rgba(150&comma;150&comma;150&comma;0.3); border-radius: 8px;' src='https:\/\/ftp3.syscom.mx\/usuarios\/fotos\/AT5315KIT\/183255-logo-lpg.png' alt='Logo LinkedPro'> <\/div>\n<p> <!-- Descripci\u00f3n principal --> <\/p>\n<div style='margin: 30px 0;'>\n<p style='font-size: 15px; margin: 0 0 15px; color: inherit;'>El <strong style='color: inherit;'>LP-GROUND30A-KIT<\/strong> es un kit de tierra f\u00edsica que incluye lo necesario para realizar una instalaci\u00f3n de tierra fisica&comma; brindando protecci\u00f3n a sus equipos y dispositivos el\u00e9ctricos. Ideal para aplicaciones residenciales&comma; comerciales e industriales.<\/p>\n<\/p><\/div>\n<p> <!-- Secci\u00f3n de caracter\u00edsticas --> <\/p>\n<div style='display: flex; flex-wrap: wrap; gap: 30px; margin: 30px 0;'>\n<div style='flex: 1 1 300px; min-width: 280px;'>\n<h3 style='font-size: 22px; border-bottom: 2px solid currentColor; padding-bottom: 5px; margin-top: 0; color: inherit; opacity: 0.8;'>Descripci\u00f3n<\/h3>\n<ul style='padding-left: 20px; font-size: 15px; color: inherit;'>\n<li style='margin-bottom: 5px;'>Electrodo <strong style='color: inherit;'>LPGROUND30A<\/strong> fabricado en cobre con tratamiento electrol\u00edtico para obtener mayor conductividad&comma; baja resistencia y durabilidad en terrenos agresivos.<\/li>\n<li style='margin-bottom: 5px;'>La Barra de Uni\u00f3n <strong style='color: inherit;'>LPBUSMURO<\/strong> brindar puntos de conexi\u00f3n de las diferentes aplicaciones que se desean proteger.<\/li>\n<li style='margin-bottom: 5px;'>El Spray <strong style='color: inherit;'>LPANTICORROSIVO<\/strong> brinda protecci\u00f3n contra la corrosi\u00f3n a objetos o superficies met\u00e1licas.<\/li>\n<li style='margin-bottom: 5px;'>El Registro <strong style='color: inherit;'>LPREGISTRO7<\/strong> brinda un f\u00e1cil acceso para inspecci\u00f3n y mantenimiento preventivo del electrodo de puesta a tierra.<\/li>\n<\/ul><\/div>\n<div style='flex: 1 1 300px; min-width: 280px;'>\n<h3 style='font-size: 22px; border-bottom: 2px solid currentColor; padding-bottom: 5px; margin-top: 0; color: inherit; opacity: 0.8;'>Aplicaciones<\/h3>\n<ul style='padding-left: 20px; font-size: 15px; color: inherit;'>\n<li style='margin-bottom: 5px;'>Proporcionar seguridad a las personas.<\/li>\n<li style='margin-bottom: 5px;'>Proteger la infraestructura&comma; equipos el\u00e9ctricos y electr\u00f3nicos.<\/li>\n<li style='margin-bottom: 5px;'>Proteger instalaciones.<\/li>\n<li style='margin-bottom: 5px;'>Garantizar la operaci\u00f3n de las protecciones.<\/li>\n<li style='margin-bottom: 5px;'>Estabilizar el voltaje.<\/li>\n<li style='margin-bottom: 5px;'>Disipar la corriente del rayo.<\/li>\n<li style='margin-bottom: 5px;'>Limitar las sobretensiones transitorias. (Picos de Voltaje).<\/li>\n<li style='margin-bottom: 5px;'>Drenar cargas est\u00e1ticas que presentan las masas met\u00e1licas respecto a tierra.<\/li>\n<\/ul><\/div>\n<\/p><\/div>\n<p> <!-- Secci\u00f3n de componentes incluidos --> <\/p>\n<div style='margin: 30px 0;'>\n<h3 style='font-size: 22px; border-bottom: 2px solid currentColor; padding-bottom: 5px; margin-top: 0; color: inherit; opacity: 0.8;'>Incluye los siguientes componentes:<\/h3>\n<div style='border: 1px solid rgba(150&comma; 150&comma; 150&comma; 0.4); border-radius: 8px; overflow: hidden; margin-top: 15px;'>\n<table style='width: 100%; border-collapse: collapse; color: inherit;'>\n<thead style='background-color: #f5f5f5;'>\n<tr style='height: 40px;'>\n<th style='padding: 10px; border-bottom: 1px solid rgba(150&comma;150&comma;150&comma;0.3); text-align: center; color: inherit;'>Cant.<\/th>\n<th style='padding: 10px; border-bottom: 1px solid rgba(150&comma;150&comma;150&comma;0.3); text-align: center; color: inherit;'>Unidad<\/th>\n<th style='padding: 10px; border-bottom: 1px solid rgba(150&comma;150&comma;150&comma;0.3); text-align: center; color: inherit;'>Modelo<\/th>\n<th style='padding: 10px; border-bottom: 1px solid rgba(150&comma;150&comma;150&comma;0.3); text-align: left; color: inherit;'>Descripci\u00f3n<\/th>\n<\/tr>\n<\/thead>\n<tbody style='font-size: 14px;'>\n<tr style='height: 40px;'>\n<td style='padding: 10px; border-bottom: 1px solid rgba(150&comma;150&comma;150&comma;0.2); text-align: center; color: inherit;'>1<\/td>\n<td style='padding: 10px; border-bottom: 1px solid rgba(150&comma;150&comma;150&comma;0.2); text-align: center; color: inherit;'>Pza.<\/td>\n<td style='padding: 10px; border-bottom: 1px solid rgba(150&comma;150&comma;150&comma;0.2); text-align: center; color: inherit;'><a style='color: #2880b9; text-decoration: none;' href='https:\/\/www.syscom.mx\/producto\/LP-GROUND-30A-LINKEDPRO-172180.html' target='_blank' rel='noopener'>LP-GROUND-30A<\/a><\/td>\n<td style='padding: 10px; border-bottom: 1px solid rgba(150&comma;150&comma;150&comma;0.2); text-align: left; color: inherit;'>Electrodo para Corriente M\u00e1xima de 30 Amp. con Compuesto Mejorador de Terreno.<\/td>\n<\/tr>\n<tr style='height: 40px;'>\n<td style='padding: 10px; border-bottom: 1px solid rgba(150&comma;150&comma;150&comma;0.2); text-align: center; color: inherit;'>1<\/td>\n<td style='padding: 10px; border-bottom: 1px solid rgba(150&comma;150&comma;150&comma;0.2); text-align: center; color: inherit;'>Pza.<\/td>\n<td style='padding: 10px; border-bottom: 1px solid rgba(150&comma;150&comma;150&comma;0.2); text-align: center; color: inherit;'><a style='color: #2880b9; text-decoration: none;' href='https:\/\/www.syscom.mx\/producto\/LP-BUS-MURO-LINKEDPRO-176320.html' target='_blank' rel='noopener'>LP-BUS-MURO<\/a><\/td>\n<td style='padding: 10px; border-bottom: 1px solid rgba(150&comma;150&comma;150&comma;0.2); text-align: left; color: inherit;'>Barra de Uni\u00f3n con 1000 A de Capacidad. Incluye Montaje para Muro y Aisladores.<\/td>\n<\/tr>\n<tr style='height: 40px;'>\n<td style='padding: 10px; border-bottom: 1px solid rgba(150&comma;150&comma;150&comma;0.2); text-align: center; color: inherit;'>2<\/td>\n<td style='padding: 10px; border-bottom: 1px solid rgba(150&comma;150&comma;150&comma;0.2); text-align: center; color: inherit;'>Pza.<\/td>\n<td style='padding: 10px; border-bottom: 1px solid rgba(150&comma;150&comma;150&comma;0.2); text-align: center; color: inherit;'><a style='color: #2880b9; text-decoration: none;' href='https:\/\/www.syscom.mx\/producto\/LP-CV-20-LINKEDPRO-176316.html' target='_blank' rel='noopener'>LP-CV-20<\/a><\/td>\n<td style='padding: 10px; border-bottom: 1px solid rgba(150&comma;150&comma;150&comma;0.2); text-align: left; color: inherit;'>Conector Tipo Perro para Varilla 5\/8&#8242; a Cable Calibre 4 a 2\/0 AWG.<\/td>\n<\/tr>\n<tr style='height: 40px;'>\n<td style='padding: 10px; border-bottom: 1px solid rgba(150&comma;150&comma;150&comma;0.2); text-align: center; color: inherit;'>3<\/td>\n<td style='padding: 10px; border-bottom: 1px solid rgba(150&comma;150&comma;150&comma;0.2); text-align: center; color: inherit;'>Pza.<\/td>\n<td style='padding: 10px; border-bottom: 1px solid rgba(150&comma;150&comma;150&comma;0.2); text-align: center; color: inherit;'><a style='color: #2880b9; text-decoration: none;' href='https:\/\/www.syscom.mx\/producto\/LP-CB-20-LINKEDPRO-176313.html' target='_blank' rel='noopener'>LP-CB-20<\/a><\/td>\n<td style='padding: 10px; border-bottom: 1px solid rgba(150&comma;150&comma;150&comma;0.2); text-align: left; color: inherit;'>Conector Mec\u00e1nico Tipo Zapata para Bornes de 1\/2&#8242; a Cable de Cal. 4 a 2\/0 AWG.<\/td>\n<\/tr>\n<tr style='height: 40px;'>\n<td style='padding: 10px; border-bottom: 1px solid rgba(150&comma;150&comma;150&comma;0.2); text-align: center; color: inherit;'>1<\/td>\n<td style='padding: 10px; border-bottom: 1px solid rgba(150&comma;150&comma;150&comma;0.2); text-align: center; color: inherit;'>Pza.<\/td>\n<td style='padding: 10px; border-bottom: 1px solid rgba(150&comma;150&comma;150&comma;0.2); text-align: center; color: inherit;'><a style='color: #2880b9; text-decoration: none;' href='https:\/\/www.syscom.mx\/producto\/LP-REGISTRO-7-LINKEDPRO-176311.html' target='_blank' rel='noopener'>LP-REGISTRO-7<\/a><\/td>\n<td style='padding: 10px; border-bottom: 1px solid rgba(150&comma;150&comma;150&comma;0.2); text-align: left; color: inherit;'>Registro de 7 in para Acceso a Pruebas y Revisi\u00f3n de Electrodo.<\/td>\n<\/tr>\n<tr style='height: 40px;'>\n<td style='padding: 10px; text-align: center; color: inherit;'>1<\/td>\n<td style='padding: 10px; text-align: center; color: inherit;'>Pza.<\/td>\n<td style='padding: 10px; text-align: center; color: inherit;'><a style='color: #2880b9; text-decoration: none;' href='https:\/\/www.syscom.mx\/producto\/LP-ANTI-CORROSIVO-LINKEDPRO-176236.html' target='_blank' rel='noopener'>LP-ANTICORROSIVO<\/a><\/td>\n<td style='padding: 10px; text-align: left; color: inherit;'>Spray de Protecci\u00f3n Anticorrosiva y Diel\u00e9ctrica<\/td>\n<\/tr>\n<\/tbody>\n<\/table><\/div>\n<\/p><\/div>\n<p> <!-- Componentes recomendados --> <\/p>\n<div style='margin: 30px 0;'>\n<h3 style='font-size: 22px; border-bottom: 2px solid currentColor; padding-bottom: 5px; margin-top: 0; color: inherit; opacity: 0.8;'>Componentes Recomendados (No Incluidos):<\/h3>\n<div style='border: 1px solid rgba(150&comma;150&comma;150&comma;0.4); border-radius: 8px; overflow: hidden; margin-top: 15px;'>\n<table style='width: 100%; border-collapse: collapse; color: inherit;'>\n<thead style='background-color: #f5f5f5;'>\n<tr style='height: 40px;'>\n<th style='padding: 10px; border-bottom: 1px solid rgba(150&comma;150&comma;150&comma;0.3); text-align: center; color: inherit;'>Modelo<\/th>\n<th style='padding: 10px; border-bottom: 1px solid rgba(150&comma;150&comma;150&comma;0.3); text-align: center; color: inherit;'>Descripci\u00f3n<\/th>\n<\/tr>\n<\/thead>\n<tbody style='font-size: 14px;'>\n<tr style='height: 40px;'>\n<td style='padding: 10px; border-bottom: 1px solid rgba(150&comma;150&comma;150&comma;0.2); text-align: center; color: inherit;'><a style='color: #2880b9; text-decoration: none;' href='https:\/\/www.syscom.mx\/principal\/searchcont?route=SLY-287-GRN-INDIANA-176933&#038;autodetect=SLY-287-GRN' target='_blank' rel='noopener'>SLY-287-GRN<\/a><\/td>\n<td style='padding: 10px; border-bottom: 1px solid rgba(150&comma;150&comma;150&comma;0.2); text-align: left; color: inherit;'>Cable de Cobre Recubierto THW-LS Calibre 4 AWG 19 Hilos Color Verde<\/td>\n<\/tr>\n<tr style='height: 40px;'>\n<td style='padding: 10px; border-bottom: 1px solid rgba(150&comma;150&comma;150&comma;0.2); text-align: center; color: inherit;'><a style='color: #2880b9; text-decoration: none;' href='https:\/\/www.syscom.mx\/principal\/searchcont?route=SLY-304-GRN-INDIANA-84921&#038;autodetect=SLY-304' target='_blank' rel='noopener'>SLY-304-GRN<\/a><\/td>\n<td style='padding: 10px; border-bottom: 1px solid rgba(150&comma;150&comma;150&comma;0.2); text-align: left; color: inherit;'>Cable 10 awg color verde<\/td>\n<\/tr>\n<tr style='height: 40px;'>\n<td style='padding: 10px; border-bottom: 1px solid rgba(150&comma;150&comma;150&comma;0.2); text-align: center; color: inherit;'><a style='color: #2880b9; text-decoration: none;' href='https:\/\/www.syscom.mx\/principal\/searchcont?route=PNL-1\/0-L-PANDUIT-141936&#038;autodetect=PNL-1\/0-L' target='_blank' rel='noopener'>PNL-1\/0-L<\/a><\/td>\n<td style='padding: 10px; border-bottom: 1px solid rgba(150&comma;150&comma;150&comma;0.2); text-align: left; color: inherit;'>Terminal Cal. 8 a 1\/0 AWG&comma; Orificio para perno de 5\/16&#8242;<\/td>\n<\/tr>\n<tr style='height: 40px;'>\n<td style='padding: 10px; border-bottom: 1px solid rgba(150&comma;150&comma;150&comma;0.2); text-align: center; color: inherit;'><a style='color: #2880b9; text-decoration: none;' href='https:\/\/www.syscom.mx\/principal\/searchcont?route=HUB-TP-10-516-HUBBELL-BURNDY-209724&#038;autodetect=HUB-TP-10-516' target='_blank' rel='noopener'>HUB-TP-10-516<\/a><\/td>\n<td style='padding: 10px; border-bottom: 1px solid rgba(150&comma;150&comma;150&comma;0.2); text-align: left; color: inherit;'>Terminal de Ojillo 5\/16 in (8 mm)\/ Calibre 12-10 AWG<\/td>\n<\/tr>\n<tr style='height: 40px;'>\n<td style='padding: 10px; text-align: center; color: inherit;'><a style='color: #2880b9; text-decoration: none;' href='https:\/\/www.syscom.mx\/principal\/searchcont?route=HUB-T10-14-HUBBELL-BURNDY-207973&#038;autodetect=HUB-T10-14' target='_blank' rel='noopener'>HUB-T10-14<\/a><\/td>\n<td style='padding: 10px; text-align: left; color: inherit;'>Terminal de Ojillo para Tornillo de 1\/4&#8242; (6 mm) y Calibre 12-10 AWG.<\/td>\n<\/tr>\n<\/tbody>\n<\/table><\/div>\n<\/p><\/div>\n<p> <!-- Videos de curso --> <\/p>\n<div style='margin: 30px 0;'>\n<h3 style='font-size: 22px; border-bottom: 2px solid currentColor; padding-bottom: 5px; margin-top: 0; color: inherit; opacity: 0.8;'>Curso b\u00e1sico para selecci\u00f3n e implementaci\u00f3n de sistemas de protecci\u00f3n<\/h3>\n<div style='display: flex; flex-wrap: wrap; gap: 20px; margin-top: 20px;'>\n<div style='flex: 1 1 300px; min-width: 300px;'>\n<div style='position: relative; padding-bottom: 56.25%; height: 0; overflow: hidden;'>   <\/div>\n<\/p><\/div>\n<div style='flex: 1 1 300px; min-width: 300px;'>\n<div style='position: relative; padding-bottom: 56.25%; height: 0; overflow: hidden;'>   <\/div>\n<\/p><\/div>\n<\/p><\/div>\n<\/p><\/div>\n<\/p><\/div>\n","protected":false},"excerpt":{"rendered":"<p>Kit de puesta a tierra LinkedPro, para protecci\u00f3n de hasta 30 Amp.<\/p>\n","protected":false},"featured_media":50097,"comment_status":"open","ping_status":"closed","template":"","meta":[],"product_brand":[],"product_cat":[1131],"product_tag":[1088,435,1132],"class_list":{"0":"post-50098","1":"product","2":"type-product","3":"status-publish","4":"has-post-thumbnail","6":"product_cat-tierras-fisicas","7":"product_tag-calidad-de-la-energia","8":"product_tag-linkedpro-by-epcom","9":"product_tag-tierras-fisicas","11":"first","12":"instock","13":"sale","14":"shipping-taxable","15":"purchasable","16":"product-type-simple"},"_links":{"self":[{"href":"https:\/\/soydeaqui.ddns.net\/pachuca\/index.php\/wp-json\/wp\/v2\/product\/50098","targetHints":{"allow":["GET"]}}],"collection":[{"href":"https:\/\/soydeaqui.ddns.net\/pachuca\/index.php\/wp-json\/wp\/v2\/product"}],"about":[{"href":"https:\/\/soydeaqui.ddns.net\/pachuca\/index.php\/wp-json\/wp\/v2\/types\/product"}],"replies":[{"embeddable":true,"href":"https:\/\/soydeaqui.ddns.net\/pachuca\/index.php\/wp-json\/wp\/v2\/comments?post=50098"}],"wp:featuredmedia":[{"embeddable":true,"href":"https:\/\/soydeaqui.ddns.net\/pachuca\/index.php\/wp-json\/wp\/v2\/media\/50097"}],"wp:attachment":[{"href":"https:\/\/soydeaqui.ddns.net\/pachuca\/index.php\/wp-json\/wp\/v2\/media?parent=50098"}],"wp:term":[{"taxonomy":"product_brand","embeddable":true,"href":"https:\/\/soydeaqui.ddns.net\/pachuca\/index.php\/wp-json\/wp\/v2\/product_brand?post=50098"},{"taxonomy":"product_cat","embeddable":true,"href":"https:\/\/soydeaqui.ddns.net\/pachuca\/index.php\/wp-json\/wp\/v2\/product_cat?post=50098"},{"taxonomy":"product_tag","embeddable":true,"href":"https:\/\/soydeaqui.ddns.net\/pachuca\/index.php\/wp-json\/wp\/v2\/product_tag?post=50098"}],"curies":[{"name":"wp","href":"https:\/\/api.w.org\/{rel}","templated":true}]}}