{"id":50094,"date":"2026-03-18T22:27:59","date_gmt":"2026-03-18T22:27:59","guid":{"rendered":"https:\/\/soydeaqui.ddns.net\/pachuca\/index.php\/producto\/regulador-de-voltaje-de-2000va-1000w-entrada-nema-5-15p-con-8-salidas-nema-5-15r-y-supresion-de-picos-a-245-joules\/"},"modified":"2026-03-18T22:28:03","modified_gmt":"2026-03-18T22:28:03","slug":"regulador-de-voltaje-de-2000va-1000w-entrada-nema-5-15p-con-8-salidas-nema-5-15r-y-supresion-de-picos-a-245-joules","status":"publish","type":"product","link":"https:\/\/soydeaqui.ddns.net\/pachuca\/index.php\/producto\/regulador-de-voltaje-de-2000va-1000w-entrada-nema-5-15p-con-8-salidas-nema-5-15r-y-supresion-de-picos-a-245-joules\/","title":{"rendered":"Regulador De Voltaje de 2000VA\/1000W, Entrada NEMA 5-15P, Con 8 Salidas NEMA 5-15R y Supresi\u00f3n de Picos a 245 Joules"},"content":{"rendered":"<div style='width: 100%; max-width: 1200px; margin: 0 auto; font-family: sans-serif; line-height: 1.6; color: inherit; background-color: transparent;'>\n<div style='display: flex; flex-wrap: wrap; gap: 30px; margin-bottom: 30px;'>\n<div style='flex: 1 1 300px; min-width: 280px;'>\n<h3 style='font-size: 22px; border-bottom: 2px solid currentColor; padding-bottom: 5px; margin-top: 0; color: inherit; opacity: 0.8;'>Descripci\u00f3n<\/h3>\n<p style='margin-top: 0; margin-bottom: 15px; color: inherit;'> <img style='width: 100%; height: auto; border: 1px solid rgba(150&comma;150&comma;150&comma;0.3); border-radius: 8px;' src='https:\/\/ftp3.syscom.mx\/usuarios\/fotos\/logotipos\/cyberpower.png' alt=''> <\/p>\n<p style='margin-top: 0; margin-bottom: 15px; color: inherit;'>Ideal para el hogar y oficina&comma; la serie CL tiene una funci\u00f3n de regulaci\u00f3n autom\u00e1tica de voltaje (AVR) incorporada para ofrecer energ\u00eda AC estabilizada&comma; especialmente adecuada para \u00e1reas con servicios p\u00fablicos inestables o para uso con generadores. Los reguladores tienen tomacorrientes integrados protegidos contra sobretensiones y picos de voltaje&comma; filtro EMI y protecci\u00f3n contra sobrecargas para proteger el equipo conectado. El regulador de voltaje est\u00e1 equipado con un indicador LED para mostrar el estado de la energ\u00eda.<\/p>\n<\/p><\/div>\n<\/p><\/div>\n<div style='display: flex; flex-wrap: wrap; gap: 20px; margin-bottom: 30px;'>\n<div style='flex: 1 1 250px; border: 1px solid rgba(150&comma; 150&comma; 150&comma; 0.4); border-radius: 8px; overflow: hidden; display: flex; flex-direction: column;'>\n<div style='padding: 15px; border-bottom: 1px solid rgba(150&comma; 150&comma; 150&comma; 0.2); font-weight: bold; font-size: 18px; color: inherit;'>Caracter\u00edsticas<\/div>\n<div style='padding: 15px; color: inherit;'>\n<ul style='padding-left: 20px; margin: 0; font-size: 14px; list-style-type: disc;'>\n<li style='margin-bottom: 5px; color: inherit;'>Regulaci\u00f3n autom\u00e1tica de voltaje (AVR)<\/li>\n<li style='margin-bottom: 5px; color: inherit;'>Compatible con generador<\/li>\n<li style='margin-bottom: 5px; color: inherit;'>Protecci\u00f3n de sobrecarga<\/li>\n<li style='margin-bottom: 5px; color: inherit;'>Protecci\u00f3n contra sobretensiones y picos de voltaje<\/li>\n<li style='margin-bottom: 5px; color: inherit;'>Filtraci\u00f3n EMI y RFI<\/li>\n<li style='margin-bottom: 5px; color: inherit;'>Indicador de estado LED<\/li>\n<li style='margin-bottom: 5px; color: inherit;'>Factor de forma compacto<\/li>\n<\/ul><\/div>\n<\/p><\/div>\n<div style='flex: 1 1 250px; border: 1px solid rgba(150&comma; 150&comma; 150&comma; 0.4); border-radius: 8px; overflow: hidden; display: flex; flex-direction: column;'>\n<div style='padding: 15px; border-bottom: 1px solid rgba(150&comma; 150&comma; 150&comma; 0.2); font-weight: bold; font-size: 18px; color: inherit;'>Especificaciones t\u00e9cnicas<\/div>\n<div style='padding: 15px; color: inherit;'>\n<ul style='padding-left: 20px; margin: 0; font-size: 14px; list-style-type: disc;'>\n<li style='margin-bottom: 5px; color: inherit;'><strong>Voltaje de entrada nominal (Vca):<\/strong> 120 \u00b1 10%<\/li>\n<li style='margin-bottom: 5px; color: inherit;'><strong>Rango de voltaje de entrada (Vca):<\/strong> 82 ~ 148<\/li>\n<li style='margin-bottom: 5px; color: inherit;'><strong>Rango de frecuencia de entrada (Hz):<\/strong> 45 ~ 65<\/li>\n<li style='margin-bottom: 5px; color: inherit;'><strong>Corriente nominal de entrada (Amp):<\/strong> 13<\/li>\n<li style='margin-bottom: 5px; color: inherit;'><strong>Tipo de Enchufe de Entrada:<\/strong> NEMA 5-15P<\/li>\n<li style='margin-bottom: 5px; color: inherit;'><img style='width: 40px; height: 40px; border: 1px solid rgba(150&comma;150&comma;150&comma;0.3); border-radius: 4px; vertical-align: middle;' src='https:\/\/www.cyberpower.com\/mx\/es\/File\/GetImageByDocId\/GeneralAttribute-235' alt=''><\/li>\n<li style='margin-bottom: 5px; color: inherit;'><strong>Capacidad:<\/strong> 2000VA\/1000W<\/li>\n<li style='margin-bottom: 5px; color: inherit;'><strong>Regulaci\u00f3n autom\u00e1tica de voltaje (AVR):<\/strong> Impulsor \u00fanico&comma; Reductor \u00fanico<\/li>\n<li style='margin-bottom: 5px; color: inherit;'><strong>Protecci\u00f3n de sobrecarga:<\/strong> Disyuntor<\/li>\n<li style='margin-bottom: 5px; color: inherit;'><strong>Total de Salidas:<\/strong> 8 NEMA 5-15R<\/li>\n<li style='margin-bottom: 5px; color: inherit;'><img style='width: 40px; height: 40px; border: 1px solid rgba(150&comma;150&comma;150&comma;0.3); border-radius: 4px; vertical-align: middle;' src='https:\/\/www.cyberpower.com\/mx\/es\/File\/GetImageByDocId\/GeneralAttribute-238' alt=''><\/li>\n<li style='margin-bottom: 5px; color: inherit;'><strong>Salidas con solo supresi\u00f3n de picos:<\/strong> 4<\/li>\n<li style='margin-bottom: 5px; color: inherit;'><strong>Salidas con regulaci\u00f3n y supresi\u00f3n de picos:<\/strong> 4<\/li>\n<li style='margin-bottom: 5px; color: inherit;'><strong>Supresi\u00f3n de picos (joules):<\/strong> 245<\/li>\n<li style='margin-bottom: 5px; color: inherit;'><strong>Filtro EMI\/RFI:<\/strong> Si<\/li>\n<li style='margin-bottom: 5px; color: inherit;'><strong>Indicadores LED:<\/strong> Normal&comma; AVR&comma; Falla<\/li>\n<li style='margin-bottom: 5px; color: inherit;'><strong>Factor de Forma:<\/strong> Compacto<\/li>\n<li style='margin-bottom: 5px; color: inherit;'><strong>Dimensiones:<\/strong> 205 x 115 x 146 mm (Ancho x Alto x Profundidad)<\/li>\n<li style='margin-bottom: 5px; color: inherit;'><strong>Peso:<\/strong> 3.3 kg.<\/li>\n<li style='margin-bottom: 5px; color: inherit;'><strong>Temperatura de operaci\u00f3n:<\/strong> 0 a 40 \u00b0C<\/li>\n<li style='margin-bottom: 5px; color: inherit;'><strong>RoHS:<\/strong> Si<\/li>\n<\/ul><\/div>\n<\/p><\/div>\n<\/p><\/div>\n<hr style='border: 0; border-top: 1px solid rgba(150&comma; 150&comma; 150&comma; 0.3); margin: 30px 0;'> <\/div>\n","protected":false},"excerpt":{"rendered":"<p>Regulador De Voltaje de 2000VA\/1000W, Entrada NEMA 5-15P, Con 8 Salidas NEMA 5-15R y Supresi\u00f3n de Picos a 245 Joules<\/p>\n","protected":false},"featured_media":50093,"comment_status":"open","ping_status":"closed","template":"","meta":[],"product_brand":[],"product_cat":[1240],"product_tag":[1088,677,1241],"class_list":{"0":"post-50094","1":"product","2":"type-product","3":"status-publish","4":"has-post-thumbnail","6":"product_cat-reguladores","7":"product_tag-calidad-de-la-energia","8":"product_tag-cyberpower","9":"product_tag-reguladores","11":"first","12":"instock","13":"sale","14":"shipping-taxable","15":"purchasable","16":"product-type-simple"},"_links":{"self":[{"href":"https:\/\/soydeaqui.ddns.net\/pachuca\/index.php\/wp-json\/wp\/v2\/product\/50094","targetHints":{"allow":["GET"]}}],"collection":[{"href":"https:\/\/soydeaqui.ddns.net\/pachuca\/index.php\/wp-json\/wp\/v2\/product"}],"about":[{"href":"https:\/\/soydeaqui.ddns.net\/pachuca\/index.php\/wp-json\/wp\/v2\/types\/product"}],"replies":[{"embeddable":true,"href":"https:\/\/soydeaqui.ddns.net\/pachuca\/index.php\/wp-json\/wp\/v2\/comments?post=50094"}],"wp:featuredmedia":[{"embeddable":true,"href":"https:\/\/soydeaqui.ddns.net\/pachuca\/index.php\/wp-json\/wp\/v2\/media\/50093"}],"wp:attachment":[{"href":"https:\/\/soydeaqui.ddns.net\/pachuca\/index.php\/wp-json\/wp\/v2\/media?parent=50094"}],"wp:term":[{"taxonomy":"product_brand","embeddable":true,"href":"https:\/\/soydeaqui.ddns.net\/pachuca\/index.php\/wp-json\/wp\/v2\/product_brand?post=50094"},{"taxonomy":"product_cat","embeddable":true,"href":"https:\/\/soydeaqui.ddns.net\/pachuca\/index.php\/wp-json\/wp\/v2\/product_cat?post=50094"},{"taxonomy":"product_tag","embeddable":true,"href":"https:\/\/soydeaqui.ddns.net\/pachuca\/index.php\/wp-json\/wp\/v2\/product_tag?post=50094"}],"curies":[{"name":"wp","href":"https:\/\/api.w.org\/{rel}","templated":true}]}}