{"id":50082,"date":"2026-03-18T22:27:36","date_gmt":"2026-03-18T22:27:36","guid":{"rendered":"https:\/\/soydeaqui.ddns.net\/pachuca\/index.php\/producto\/cable-electrico-de-uso-rudo-4-hilos-calibre-12-awg-hasta-600-v-rollo-de-100-m\/"},"modified":"2026-03-18T22:27:37","modified_gmt":"2026-03-18T22:27:37","slug":"cable-electrico-de-uso-rudo-4-hilos-calibre-12-awg-hasta-600-v-rollo-de-100-m","status":"publish","type":"product","link":"https:\/\/soydeaqui.ddns.net\/pachuca\/index.php\/producto\/cable-electrico-de-uso-rudo-4-hilos-calibre-12-awg-hasta-600-v-rollo-de-100-m\/","title":{"rendered":"Cable El\u00e9ctrico de Uso Rudo 4 Hilos Calibre 12 AWG, Hasta 600 V. Rollo de 100 m."},"content":{"rendered":"<div style='width: 100%; max-width: 1200px; margin: 0 auto; font-family: sans-serif; line-height: 1.6; color: inherit; background-color: transparent;'>\n<div style='display: flex; flex-wrap: wrap; gap: 30px; margin-bottom: 30px;'>\n<div style='flex: 1 1 300px; min-width: 280px;'>\n<h3 style='font-size: 22px; border-bottom: 2px solid currentColor; padding-bottom: 5px; margin-top: 0; color: inherit; opacity: 0.8;'>Caracter\u00edsticas del producto<\/h3>\n<ul style='padding-left: 20px; font-size: 15px; color: inherit;'>\n<li style='margin-bottom: 5px;'>Calibre: 4 X 12 AWG<\/li>\n<li style='margin-bottom: 5px;'>N\u00famero de hilos: 19<\/li>\n<li style='margin-bottom: 5px;'>\u00c1rea de conductor: 5.26 mm\u00b2<\/li>\n<li style='margin-bottom: 5px;'>Di\u00e1metro de Conductor: 13 mm.<\/li>\n<li style='margin-bottom: 5px;'>Espesor del Aislamiento: 1.52 mm.<\/li>\n<li style='margin-bottom: 5px;'>Di\u00e1metro Exterior: 10.3 mm.<\/li>\n<li style='margin-bottom: 5px;'>Peso por Metro: 0.268 kg.<\/li>\n<li style='margin-bottom: 5px;'>Color de Recubrimiento: Negro.<\/li>\n<li style='margin-bottom: 5px;'>4 conductores: Negro&comma; blanco&comma; rojo y verde.<\/li>\n<li style='margin-bottom: 5px;'>Presentaci\u00f3n: Rollo con 100 m.<\/li>\n<\/ul><\/div>\n<div style='flex: 1 1 300px; min-width: 280px;'>\n<h3 style='font-size: 22px; border-bottom: 2px solid currentColor; padding-bottom: 5px; margin-top: 0; color: inherit; opacity: 0.8;'>Especificaciones t\u00e9cnicas<\/h3>\n<ul style='padding-left: 20px; font-size: 15px; color: inherit;'>\n<li style='margin-bottom: 5px;'>NMX-J-010-ANCE<\/li>\n<li style='margin-bottom: 5px;'>Temperatura de operaci\u00f3n en lugares secos: 90 \u00b0C<\/li>\n<li style='margin-bottom: 5px;'>Temperatura de operaci\u00f3n en lugares mojados: 75 \u00b0C<\/li>\n<li style='margin-bottom: 5px;'><strong>Atributos:<\/strong><\/li>\n<li style='margin-bottom: 5px;'>LS: Resistente a la propagaci\u00f3n del incendio&comma; baja emisi\u00f3n de humos y bajo contenido de gas \u00e1cido<\/li>\n<li style='margin-bottom: 5px;'>FV2 (VW-1): Antiflama<\/li>\n<li style='margin-bottom: 5px;'>Deslizable<\/li>\n<li style='margin-bottom: 5px;'>CT: Aprobado para uso en charolas portacables<\/li>\n<li style='margin-bottom: 5px;'>SR: Resistente a la intemperie y a la luz solar<\/li>\n<\/ul><\/div>\n<div style='flex: 1 1 300px; min-width: 280px;'>\n<h3 style='font-size: 22px; border-bottom: 2px solid currentColor; padding-bottom: 5px; margin-top: 0; color: inherit; opacity: 0.8;'>Productos relacionados<\/h3>\n<ul style='padding-left: 20px; font-size: 15px; color: inherit;'>\n<li style='margin-bottom: 5px;'>2 X 10 AWG: RQ35\/100M<\/li>\n<li style='margin-bottom: 5px;'>2 X 12 AWG: RQ34\/100M<\/li>\n<li style='margin-bottom: 5px;'>2 X 14 AWG: RQ33\/100M<\/li>\n<li style='margin-bottom: 5px;'>2 X 18 AWG: VD63\/100M<\/li>\n<li style='margin-bottom: 5px;'>3 X 10 AWG: RQ39\/100M<\/li>\n<li style='margin-bottom: 5px;'>3 X 12 AWG: RQ38\/100M<\/li>\n<li style='margin-bottom: 5px;'>3 X 14 AWG: RQ37\/100M<\/li>\n<li style='margin-bottom: 5px;'>3 X 16 AWG: RQ36\/100M<\/li>\n<li style='margin-bottom: 5px;'>3 X 18 AWG: VD64\/100M<\/li>\n<li style='margin-bottom: 5px;'>4 X 10 AWG: RQ42\/100M<\/li>\n<li style='margin-bottom: 5px;'>4 X 12 AWG: RQ41\/100M<\/li>\n<li style='margin-bottom: 5px;'>6 X 14 AWG: RQ40\/100M<\/li>\n<li style='margin-bottom: 5px;'>4 X 16 AWG: VD65\/100M<\/li>\n<li style='margin-bottom: 5px;'>4 X 18 AWG: VD66\/100M<\/li>\n<\/ul><\/div>\n<\/p><\/div>\n<div style='display: flex; flex-wrap: wrap; gap: 30px; margin-bottom: 30px;'>\n<div style='flex: 1 1 100%; min-width: 280px;'>\n<h3 style='font-size: 22px; border-bottom: 2px solid currentColor; padding-bottom: 5px; margin-top: 0; color: inherit; opacity: 0.8;'>Aplicaciones<\/h3>\n<p style='font-size: 15px; color: inherit;'>Los conductores THW-LS son de alta seguridad&comma; son fabricados para uso confiable en lugares secos&comma; mojados o en aceite&comma; e instalados en ducto&comma; conduit o en charolas. Sus excelentes propiedades autoextinguibles&comma; lo hacen ideal para ser instalado en construcciones de vivienda y peque\u00f1os comercios.<\/p>\n<\/p><\/div>\n<\/p><\/div>\n<div style='display: flex; flex-wrap: wrap; gap: 30px; margin-bottom: 30px;'>\n<div style='flex: 1 1 100%; min-width: 280px;'>\n<h3 style='font-size: 22px; border-bottom: 2px solid currentColor; padding-bottom: 5px; margin-top: 0; color: inherit; opacity: 0.8;'>Im\u00e1genes del producto<\/h3>\n<div style='display: flex; flex-wrap: wrap; gap: 15px; justify-content: center;'> <img style='width: 100%; max-width: 600px; height: auto; border: 1px solid rgba(150&comma;150&comma;150&comma;0.3); border-radius: 8px;' src='https:\/\/ftp3.syscom.mx\/usuarios\/fotos\/BancoFotografiasSyscom\/INDIANA\/RQ42_100M\/RQ42_100M-p.PNG' alt='Imagen del cable el\u00e9ctrico'> <img style='width: 100%; max-width: 600px; height: auto; border: 1px solid rgba(150&comma;150&comma;150&comma;0.3); border-radius: 8px;' src='https:\/\/ftp3.syscom.mx\/usuarios\/fotos\/RQ41\/100M\/193784-uso_rudo_41.png' alt='Uso del cable el\u00e9ctrico'> <\/div>\n<\/p><\/div>\n<\/p><\/div>\n<\/p><\/div>\n","protected":false},"excerpt":{"rendered":"<p>Cable El\u00e9ctrico de Uso Rudo 4 Hilos Calibre 12 AWG, Hasta 600 V. Rollo de 100 m.<\/p>\n","protected":false},"featured_media":50081,"comment_status":"open","ping_status":"closed","template":"","meta":[],"product_brand":[],"product_cat":[1122],"product_tag":[1066,1123,1124],"class_list":{"0":"post-50082","1":"product","2":"type-product","3":"status-publish","4":"has-post-thumbnail","6":"product_cat-cableado-electrico","7":"product_tag-area-electrica","8":"product_tag-cableado-electrico","9":"product_tag-indiana","11":"first","12":"outofstock","13":"sale","14":"shipping-taxable","15":"purchasable","16":"product-type-simple"},"_links":{"self":[{"href":"https:\/\/soydeaqui.ddns.net\/pachuca\/index.php\/wp-json\/wp\/v2\/product\/50082","targetHints":{"allow":["GET"]}}],"collection":[{"href":"https:\/\/soydeaqui.ddns.net\/pachuca\/index.php\/wp-json\/wp\/v2\/product"}],"about":[{"href":"https:\/\/soydeaqui.ddns.net\/pachuca\/index.php\/wp-json\/wp\/v2\/types\/product"}],"replies":[{"embeddable":true,"href":"https:\/\/soydeaqui.ddns.net\/pachuca\/index.php\/wp-json\/wp\/v2\/comments?post=50082"}],"wp:featuredmedia":[{"embeddable":true,"href":"https:\/\/soydeaqui.ddns.net\/pachuca\/index.php\/wp-json\/wp\/v2\/media\/50081"}],"wp:attachment":[{"href":"https:\/\/soydeaqui.ddns.net\/pachuca\/index.php\/wp-json\/wp\/v2\/media?parent=50082"}],"wp:term":[{"taxonomy":"product_brand","embeddable":true,"href":"https:\/\/soydeaqui.ddns.net\/pachuca\/index.php\/wp-json\/wp\/v2\/product_brand?post=50082"},{"taxonomy":"product_cat","embeddable":true,"href":"https:\/\/soydeaqui.ddns.net\/pachuca\/index.php\/wp-json\/wp\/v2\/product_cat?post=50082"},{"taxonomy":"product_tag","embeddable":true,"href":"https:\/\/soydeaqui.ddns.net\/pachuca\/index.php\/wp-json\/wp\/v2\/product_tag?post=50082"}],"curies":[{"name":"wp","href":"https:\/\/api.w.org\/{rel}","templated":true}]}}